{"id":4876,"date":"2024-04-22T14:31:51","date_gmt":"2024-04-22T12:31:51","guid":{"rendered":"http:\/\/www.univ-dbkm.dz\/PGHRS\/?page_id=4876"},"modified":"2024-05-29T14:14:49","modified_gmt":"2024-05-29T12:14:49","slug":"textes-reglementaires","status":"publish","type":"page","link":"http:\/\/www.univ-dbkm.dz\/PGHRS\/fr\/textes-reglementaires\/","title":{"rendered":"Textes r\u00e9glementaires"},"content":{"rendered":"\t\t<div data-elementor-type=\"wp-page\" data-elementor-id=\"4876\" class=\"elementor elementor-4876\">\n\t\t\t\t<div class=\"elementor-element elementor-element-65efc821 e-flex e-con-boxed wpr-particle-no wpr-jarallax-no wpr-parallax-no wpr-sticky-section-no e-con e-parent\" data-id=\"65efc821\" data-element_type=\"container\" data-settings=\"{&quot;background_background&quot;:&quot;classic&quot;}\">\n\t\t\t\t\t<div class=\"e-con-inner\">\n\t\t\t\t<div class=\"elementor-element elementor-element-38671c8 elementor-widget elementor-widget-heading\" data-id=\"38671c8\" data-element_type=\"widget\" data-widget_type=\"heading.default\">\n\t\t\t\t<div class=\"elementor-widget-container\">\n\t\t\t\t\t<h2 class=\"elementor-heading-title elementor-size-default\">Textes r\u00e9glementaires r\u00e9gissant \u00e0 la Recherche Scientifique <\/h2>\t\t\t\t<\/div>\n\t\t\t\t<\/div>\n\t\t\t\t\t<\/div>\n\t\t\t\t<\/div>\n\t\t<div class=\"elementor-element elementor-element-be7fa26 e-flex e-con-boxed wpr-particle-no wpr-jarallax-no wpr-parallax-no wpr-sticky-section-no e-con e-parent\" data-id=\"be7fa26\" data-element_type=\"container\">\n\t\t\t\t\t<div class=\"e-con-inner\">\n\t\t\t\t<div class=\"elementor-element elementor-element-0f3eb5f elementor-invisible elementor-widget elementor-widget-text-editor\" data-id=\"0f3eb5f\" data-element_type=\"widget\" data-settings=\"{&quot;_animation&quot;:&quot;zoomInUp&quot;}\" data-widget_type=\"text-editor.default\">\n\t\t\t\t<div class=\"elementor-widget-container\">\n\t\t\t\t\t\t\t\t\t<p><strong>1-\u00a0<a href=\"https:\/\/vspgrsh.univ-guelma.dz\/sites\/vspgrsh.univ-guelma.dz\/files\/Arrete-n-442-du-22-avril-2021_0.pdf\">Arr\u00eat\u00e9 n\u00b0442 du 22 Avril 2021 Fixant la liste des revues scientifiques de cat\u00e9gorie C<\/a><\/strong><\/p><p><strong>2-\u00a0<a href=\"https:\/\/vspgrsh.univ-guelma.dz\/sites\/vspgrsh.univ-guelma.dz\/files\/Procedures-pour-beneficier-des-prestations-offertes-par-les-services-communs.pdf\">Proc\u00e9dures pour b\u00e9n\u00e9ficier des prestations offertes par les services communs n\u00b0 02 du 03 Janvier 2021<\/a><\/strong><\/p><p><strong>3-\u00a0<a href=\"https:\/\/vspgrsh.univ-guelma.dz\/sites\/vspgrsh.univ-guelma.dz\/files\/Arrete-N-1082-du-27-12-2020.pdf\">Arr\u00eat\u00e9 n\u00b0 1082 du 27 D\u00e9cembre 2020 Fixant les r\u00e8gles relatives \u00e0 la pr\u00e9vention et la lutte contre le plagiat<\/a><\/strong><\/p><p><strong>4-\u00a0<a href=\"https:\/\/vspgrsh.univ-guelma.dz\/sites\/vspgrsh.univ-guelma.dz\/files\/A2.pdf\">Arr\u00eat\u00e9 n\u00b0 736 du 15 D\u00e9cembre 2010 fixant notations pour benn\u00e9s crit\u00e8res de \u00e9picer de la prime d&rsquo;am\u00e9lioration des performances scientifiques\u00a0du chercheur permanent<\/a><\/strong><\/p><p><strong>5-\u00a0<a href=\"https:\/\/vspgrsh.univ-guelma.dz\/sites\/vspgrsh.univ-guelma.dz\/files\/A16.pdf\">PNR D\u00e9cret 3 oct. 2010 FP15<\/a><\/strong><\/p><p><strong>6-\u00a0<a href=\"https:\/\/vspgrsh.univ-guelma.dz\/sites\/vspgrsh.univ-guelma.dz\/files\/A4.pdf\">Crit\u00e8res de recevabilit\u00e9 des projets<\/a><\/strong><\/p><p><strong>7-\u00a0<a href=\"https:\/\/vspgrsh.univ-guelma.dz\/sites\/vspgrsh.univ-guelma.dz\/files\/A7.pdf\">D\u00e9cret ex\u00e9cutif n\u00b0 08-238 du 27 Juillet 2008 modifiant et compl\u00e9tant le d\u00e9cret ex\u00e9cutif n\u00b0 92-22 du 13 Janvier 1992 portant cr\u00e9ation, organisation et fonctionnement des commissions intersectorielles de promotion, de programmation et d&rsquo;\u00e9valuation de la recherche scientifique et technique<\/a>&#8211;\u00a0<a href=\"https:\/\/vspgrsh.univ-guelma.dz\/sites\/vspgrsh.univ-guelma.dz\/files\/A9.pdf\">D\u00e9cret ex\u00e9cutif n\u00b013-109 du 17 Mars 2013 fixant les modalit\u00e9s de cr\u00e9ation et de fonctionnement de l&rsquo;\u00e9quipe de recherche<\/a><\/strong><\/p><p><strong>8-\u00a0<a href=\"https:\/\/vspgrsh.univ-guelma.dz\/sites\/vspgrsh.univ-guelma.dz\/files\/A5.pdf\">D\u00e9cret ex\u00e9cutif 08-130 du 03 Mai 2008 portant statut particulier de l&rsquo;enseignant chercheur<\/a><\/strong><\/p><p><strong>9-\u00a0<a href=\"https:\/\/vspgrsh.univ-guelma.dz\/sites\/vspgrsh.univ-guelma.dz\/files\/A6.pdf\">D\u00e9cret ex\u00e9cutif 08-131 du 03 Mai 2008 portant statut particulier du chercheur permanent<\/a><\/strong><\/p><p><strong>10-\u00a0<a href=\"https:\/\/vspgrsh.univ-guelma.dz\/sites\/vspgrsh.univ-guelma.dz\/files\/A1.pdf\">Arr\u00eat\u00e9 interminist\u00e9riel du 13 F\u00e9vrier 2002 fixant la nomenclature des d\u00e9penses consacr\u00e9es \u00e0 la Recherche Scientifique et au d\u00e9veloppement technologique soumises au contr\u00f4le financier<\/a><\/strong><\/p><p><strong>11-\u00a0<a href=\"https:\/\/vspgrsh.univ-guelma.dz\/sites\/vspgrsh.univ-guelma.dz\/files\/A8.pdf\">D\u00e9cret ex\u00e9cutif n\u00b001-296 du 01 Octobre 2001 modifiant le d\u00e9cret ex\u00e9cutif n\u00b0 92-22 du 13 Janvier 1992 portant cr\u00e9ation, organisation et fonctionnement des commissions intersectorielles de promotion, de programmation et d&rsquo;\u00e9valuation de la recherche scientifique et technique<\/a><\/strong><\/p><p><strong>12-\u00a0<a href=\"https:\/\/vspgrsh.univ-guelma.dz\/sites\/vspgrsh.univ-guelma.dz\/files\/A14.pdf\">D\u00e9cret N\u00b001-295 du 1 Oct. 2001 modifiant le d\u00e9cret n\u00b0 86-53 du 18 Mars 1986, modifi\u00e9, relatif \u00e0 la r\u00e9mun\u00e9ration des chercheurs associ\u00e9s<\/a><\/strong><\/p><p><strong>13-\u00a0<a href=\"https:\/\/vspgrsh.univ-guelma.dz\/sites\/vspgrsh.univ-guelma.dz\/files\/A13.pdf\">D\u00e9cret ex\u00e9cutif n\u00b099-258 du 16 Novembre 1999 fixant les modalit\u00e9s d&rsquo;exercice du contr\u00f4le financier a posteriori sur l&rsquo;\u00e9tablissement public \u00e0 caract\u00e8re scientifique, culturel et professionnel, l&rsquo;\u00e9tablissement public \u00e0 caract\u00e8re scientifique et technologique et autres entit\u00e9s de recherche<\/a><\/strong><\/p><p><strong>14-\u00a0<a href=\"https:\/\/vspgrsh.univ-guelma.dz\/sites\/vspgrsh.univ-guelma.dz\/files\/A10.pdf\">D\u00e9cret ex\u00e9cutif n\u00b099-256 du 16 Novembre 1999 fixant les modalit\u00e9s de cr\u00e9ation, d&rsquo;organisation et de fonctionnement de l&rsquo;\u00e9tablissement public \u00e0 caract\u00e8re scientifique et technologique<\/a><\/strong><\/p><p><strong>15-\u00a0<a href=\"https:\/\/vspgrsh.univ-guelma.dz\/sites\/vspgrsh.univ-guelma.dz\/files\/A12.pdf\">D\u00e9cret ex\u00e9cutif n\u00b099-257 du 16 Novembre 1999 fixant les modalit\u00e9s de cr\u00e9ation, d&rsquo;organisation et de fonctionnement des unit\u00e9s de recherche<\/a><\/strong><\/p><p><strong>16-\u00a0<a href=\"https:\/\/vspgrsh.univ-guelma.dz\/sites\/vspgrsh.univ-guelma.dz\/files\/A11.pdf\">D\u00e9cret ex\u00e9cutif n\u00b099-244 du 31 Octobre 1999 fixant les r\u00e8gles de cr\u00e9ation, d&rsquo;organisation et de fonctionnement du laboratoire de recherche<\/a><\/strong><\/p><p><strong>17\u00a0&#8211;\u00a0<a href=\"https:\/\/vspgrsh.univ-guelma.dz\/sites\/vspgrsh.univ-guelma.dz\/files\/A15.pdf\">Evaluation des laboratoires de recherche scientifique<\/a><\/strong><\/p>\t\t\t\t\t\t\t\t<\/div>\n\t\t\t\t<\/div>\n\t\t\t\t\t<\/div>\n\t\t\t\t<\/div>\n\t\t<div class=\"elementor-element elementor-element-168f4e62 e-flex e-con-boxed wpr-particle-no wpr-jarallax-no wpr-parallax-no wpr-sticky-section-no e-con e-parent\" data-id=\"168f4e62\" data-element_type=\"container\" data-settings=\"{&quot;background_background&quot;:&quot;classic&quot;}\">\n\t\t\t\t\t<div class=\"e-con-inner\">\n\t\t\t\t\t<\/div>\n\t\t\t\t<\/div>\n\t\t\t\t<\/div>\n\t\t","protected":false},"excerpt":{"rendered":"<p>Textes r\u00e9glementaires r\u00e9gissant \u00e0 la Recherche Scientifique 1-\u00a0Arr\u00eat\u00e9 n\u00b0442 du 22 Avril 2021 Fixant la liste des revues scientifiques de cat\u00e9gorie C 2-\u00a0Proc\u00e9dures pour b\u00e9n\u00e9ficier des prestations offertes par les services communs n\u00b0 02 du 03 Janvier 2021 3-\u00a0Arr\u00eat\u00e9 n\u00b0 1082 du 27 D\u00e9cembre 2020 Fixant les r\u00e8gles relatives \u00e0 la pr\u00e9vention et la lutte contre le plagiat 4-\u00a0Arr\u00eat\u00e9 n\u00b0 736 du 15 D\u00e9cembre 2010 fixant notations pour benn\u00e9s crit\u00e8res de \u00e9picer de la prime d&rsquo;am\u00e9lioration des performances scientifiques\u00a0du chercheur permanent 5-\u00a0PNR D\u00e9cret 3 oct. 2010 FP15 6-\u00a0Crit\u00e8res de recevabilit\u00e9 des projets 7-\u00a0D\u00e9cret ex\u00e9cutif n\u00b0 08-238 du 27 Juillet 2008 modifiant et compl\u00e9tant le d\u00e9cret ex\u00e9cutif n\u00b0 92-22 du 13 Janvier 1992 portant cr\u00e9ation, organisation et fonctionnement des commissions intersectorielles de promotion, de programmation et d&rsquo;\u00e9valuation de la recherche scientifique et technique&#8211;\u00a0D\u00e9cret ex\u00e9cutif n\u00b013-109 du 17 Mars 2013 fixant les modalit\u00e9s de cr\u00e9ation et de fonctionnement de l&rsquo;\u00e9quipe de recherche 8-\u00a0D\u00e9cret ex\u00e9cutif 08-130 du 03 Mai 2008 portant statut particulier de l&rsquo;enseignant chercheur 9-\u00a0D\u00e9cret ex\u00e9cutif 08-131 du 03 Mai 2008 portant statut particulier du chercheur permanent 10-\u00a0Arr\u00eat\u00e9 interminist\u00e9riel du 13 F\u00e9vrier 2002 fixant la nomenclature des d\u00e9penses consacr\u00e9es \u00e0 la Recherche Scientifique et au d\u00e9veloppement technologique soumises au contr\u00f4le financier 11-\u00a0D\u00e9cret ex\u00e9cutif n\u00b001-296 du 01 Octobre 2001 modifiant le d\u00e9cret ex\u00e9cutif n\u00b0 92-22 du 13 Janvier 1992 portant cr\u00e9ation, organisation et fonctionnement des commissions intersectorielles de promotion, de programmation et d&rsquo;\u00e9valuation de la recherche scientifique et technique 12-\u00a0D\u00e9cret N\u00b001-295 du 1 Oct. 2001 modifiant le d\u00e9cret n\u00b0 86-53 du 18 Mars 1986, modifi\u00e9, relatif \u00e0 la r\u00e9mun\u00e9ration des chercheurs associ\u00e9s 13-\u00a0D\u00e9cret ex\u00e9cutif n\u00b099-258 du 16 Novembre 1999 fixant les modalit\u00e9s d&rsquo;exercice du contr\u00f4le financier a posteriori sur l&rsquo;\u00e9tablissement public \u00e0 caract\u00e8re scientifique, culturel et professionnel, l&rsquo;\u00e9tablissement public \u00e0 caract\u00e8re scientifique et technologique et autres entit\u00e9s de recherche 14-\u00a0D\u00e9cret ex\u00e9cutif n\u00b099-256 du 16 Novembre 1999 fixant les modalit\u00e9s de cr\u00e9ation, d&rsquo;organisation et de fonctionnement de l&rsquo;\u00e9tablissement public \u00e0 caract\u00e8re scientifique et technologique 15-\u00a0D\u00e9cret ex\u00e9cutif n\u00b099-257 du 16 Novembre 1999 fixant les modalit\u00e9s de cr\u00e9ation, d&rsquo;organisation et de fonctionnement des unit\u00e9s de recherche 16-\u00a0D\u00e9cret ex\u00e9cutif n\u00b099-244 du 31 Octobre 1999 fixant les r\u00e8gles de cr\u00e9ation, d&rsquo;organisation et de fonctionnement du laboratoire de recherche 17\u00a0&#8211;\u00a0Evaluation des laboratoires de recherche scientifique<\/p>\n","protected":false},"author":1,"featured_media":0,"parent":0,"menu_order":0,"comment_status":"closed","ping_status":"closed","template":"","meta":{"site-sidebar-layout":"no-sidebar","site-content-layout":"page-builder","ast-site-content-layout":"full-width-container","site-content-style":"unboxed","site-sidebar-style":"unboxed","ast-global-header-display":"","ast-banner-title-visibility":"","ast-main-header-display":"","ast-hfb-above-header-display":"","ast-hfb-below-header-display":"","ast-hfb-mobile-header-display":"","site-post-title":"disabled","ast-breadcrumbs-content":"","ast-featured-img":"disabled","footer-sml-layout":"","theme-transparent-header-meta":"","adv-header-id-meta":"","stick-header-meta":"","header-above-stick-meta":"","header-main-stick-meta":"","header-below-stick-meta":"","astra-migrate-meta-layouts":"set","ast-page-background-enabled":"default","ast-page-background-meta":{"desktop":{"background-color":"var(--ast-global-color-4)","background-image":"","background-repeat":"repeat","background-position":"center center","background-size":"auto","background-attachment":"scroll","background-type":"","background-media":"","overlay-type":"","overlay-color":"","overlay-gradient":""},"tablet":{"background-color":"","background-image":"","background-repeat":"repeat","background-position":"center center","background-size":"auto","background-attachment":"scroll","background-type":"","background-media":"","overlay-type":"","overlay-color":"","overlay-gradient":""},"mobile":{"background-color":"","background-image":"","background-repeat":"repeat","background-position":"center center","background-size":"auto","background-attachment":"scroll","background-type":"","background-media":"","overlay-type":"","overlay-color":"","overlay-gradient":""}},"ast-content-background-meta":{"desktop":{"background-color":"var(--ast-global-color-5)","background-image":"","background-repeat":"repeat","background-position":"center center","background-size":"auto","background-attachment":"scroll","background-type":"","background-media":"","overlay-type":"","overlay-color":"","overlay-gradient":""},"tablet":{"background-color":"var(--ast-global-color-5)","background-image":"","background-repeat":"repeat","background-position":"center center","background-size":"auto","background-attachment":"scroll","background-type":"","background-media":"","overlay-type":"","overlay-color":"","overlay-gradient":""},"mobile":{"background-color":"var(--ast-global-color-5)","background-image":"","background-repeat":"repeat","background-position":"center center","background-size":"auto","background-attachment":"scroll","background-type":"","background-media":"","overlay-type":"","overlay-color":"","overlay-gradient":""}},"footnotes":""},"class_list":["post-4876","page","type-page","status-publish","hentry"],"_links":{"self":[{"href":"http:\/\/www.univ-dbkm.dz\/PGHRS\/wp-json\/wp\/v2\/pages\/4876","targetHints":{"allow":["GET"]}}],"collection":[{"href":"http:\/\/www.univ-dbkm.dz\/PGHRS\/wp-json\/wp\/v2\/pages"}],"about":[{"href":"http:\/\/www.univ-dbkm.dz\/PGHRS\/wp-json\/wp\/v2\/types\/page"}],"author":[{"embeddable":true,"href":"http:\/\/www.univ-dbkm.dz\/PGHRS\/wp-json\/wp\/v2\/users\/1"}],"replies":[{"embeddable":true,"href":"http:\/\/www.univ-dbkm.dz\/PGHRS\/wp-json\/wp\/v2\/comments?post=4876"}],"version-history":[{"count":13,"href":"http:\/\/www.univ-dbkm.dz\/PGHRS\/wp-json\/wp\/v2\/pages\/4876\/revisions"}],"predecessor-version":[{"id":5712,"href":"http:\/\/www.univ-dbkm.dz\/PGHRS\/wp-json\/wp\/v2\/pages\/4876\/revisions\/5712"}],"wp:attachment":[{"href":"http:\/\/www.univ-dbkm.dz\/PGHRS\/wp-json\/wp\/v2\/media?parent=4876"}],"curies":[{"name":"wp","href":"https:\/\/api.w.org\/{rel}","templated":true}]}}