{"id":4888,"date":"2024-04-22T14:37:28","date_gmt":"2024-04-22T12:37:28","guid":{"rendered":"http:\/\/www.univ-dbkm.dz\/PGHRS\/?page_id=4888"},"modified":"2024-05-15T13:09:07","modified_gmt":"2024-05-15T11:09:07","slug":"textes-reglementaires-2","status":"publish","type":"page","link":"http:\/\/www.univ-dbkm.dz\/PGHRS\/fr\/textes-reglementaires-2\/","title":{"rendered":"Textes r\u00e9glementaires"},"content":{"rendered":"\t\t<div data-elementor-type=\"wp-page\" data-elementor-id=\"4888\" class=\"elementor elementor-4888\">\n\t\t\t\t<div class=\"elementor-element elementor-element-2affa047 e-flex e-con-boxed wpr-particle-no wpr-jarallax-no wpr-parallax-no wpr-sticky-section-no e-con e-parent\" data-id=\"2affa047\" data-element_type=\"container\" data-settings=\"{&quot;background_background&quot;:&quot;classic&quot;}\">\n\t\t\t\t\t<div class=\"e-con-inner\">\n\t\t\t\t<div class=\"elementor-element elementor-element-639e8f63 elementor-widget elementor-widget-heading\" data-id=\"639e8f63\" data-element_type=\"widget\" data-widget_type=\"heading.default\">\n\t\t\t\t<div class=\"elementor-widget-container\">\n\t\t\t\t\t<h1 class=\"elementor-heading-title elementor-size-default\">Textes r\u00e9glementaires concernant l'habilitation universitaire<\/h1>\t\t\t\t<\/div>\n\t\t\t\t<\/div>\n\t\t\t\t\t<\/div>\n\t\t\t\t<\/div>\n\t\t<div class=\"elementor-element elementor-element-2bc3aa3 e-flex e-con-boxed wpr-particle-no wpr-jarallax-no wpr-parallax-no wpr-sticky-section-no e-con e-parent\" data-id=\"2bc3aa3\" data-element_type=\"container\">\n\t\t\t\t\t<div class=\"e-con-inner\">\n\t\t\t\t<div class=\"elementor-element elementor-element-b7f54ac elementor-invisible elementor-widget elementor-widget-text-editor\" data-id=\"b7f54ac\" data-element_type=\"widget\" data-settings=\"{&quot;_animation&quot;:&quot;zoomInLeft&quot;}\" data-widget_type=\"text-editor.default\">\n\t\t\t\t<div class=\"elementor-widget-container\">\n\t\t\t\t\t\t\t\t\t<p><strong>1- <a href=\"http:\/\/www.univ-dbkm.dz\/PGHRS\/wp-content\/uploads\/2024\/05\/1-1.pdf\">Arr\u00eat\u00e9 n\u00b0493 du 20 Avril 2022 modifiant et compl\u00e9tant l&rsquo;arr\u00eat\u00e9 n\u00b0804 du 14 Juillet 2021 Fixant les modalit\u00e9s d&rsquo;application des dispositions relatives \u00e0 l&rsquo;obtention de l&rsquo;habilitation universitaire<\/a><\/strong><\/p><p><strong>2-<a href=\"http:\/\/www.univ-dbkm.dz\/PGHRS\/wp-content\/uploads\/2024\/05\/2-1.pdf\">\u00a0Arr\u00eat\u00e9 n\u00b0804 du 14 Juillet 2021 Fixant les modalit\u00e9s d&rsquo;application des dispositions relatives \u00e0 l&rsquo;obtention de l&rsquo;habilitation universitaire<\/a><\/strong><\/p><p><strong>3- <a href=\"http:\/\/www.univ-dbkm.dz\/PGHRS\/wp-content\/uploads\/2024\/05\/3-1.pdf\">D\u00e9cret ex\u00e9cutifs n\u00b0 21-50 du 28 Janvier 2021 Fixant les conditions et les modalit\u00e9s d&rsquo;obtention de l&rsquo;habilitation universitaire<\/a><\/strong><\/p><p><strong>4- <a href=\"http:\/\/www.univ-dbkm.dz\/PGHRS\/wp-content\/uploads\/2024\/05\/4-1.pdf\">Arr\u00eat\u00e9 n\u00b0442 du 22 Avril 2021 Fixant la liste des revues scientifiques de cat\u00e9gorie C<\/a><\/strong><\/p><p><strong>5- <a href=\"http:\/\/www.univ-dbkm.dz\/PGHRS\/wp-content\/uploads\/2024\/05\/5-1.pdf\">Arr\u00eat\u00e9 n\u00b0 1082 du 27 D\u00e9cembre 2020 Fixant les r\u00e8gles relatives \u00e0 la pr\u00e9vention et la lutte contre le plagiat<\/a><\/strong><\/p><p><strong>6- <a href=\"http:\/\/www.univ-dbkm.dz\/PGHRS\/wp-content\/uploads\/2024\/05\/6-1.pdf\">Arr\u00eat\u00e9 N\u00b01001\u00a0du\u00a027 Juin 2019<\/a><\/strong><\/p><p><strong>7- <a href=\"http:\/\/www.univ-dbkm.dz\/PGHRS\/wp-content\/uploads\/2024\/05\/7-1.pdf\">Mod\u00e8le de d\u00e9cision de d\u00e9signation des rapporteurs<\/a><\/strong><\/p><p><strong>8- <a href=\"http:\/\/www.univ-dbkm.dz\/PGHRS\/wp-content\/uploads\/2024\/05\/8-1.pdf\">Mod\u00e8le d&rsquo;autorisation de soutenance d&rsquo;habilitation universitaire<\/a><\/strong><\/p><p><strong>9- <a href=\"http:\/\/www.univ-dbkm.dz\/PGHRS\/wp-content\/uploads\/2024\/05\/9-1.pdf\">Mod\u00e8le de d\u00e9cision de remise de l&rsquo;habilitation universitaire<\/a><\/strong><\/p><p><strong>10- <a href=\"http:\/\/www.univ-dbkm.dz\/PGHRS\/wp-content\/uploads\/2024\/05\/10-1.pdf\">Note n\u00b086 du 21 Mai 2019 concernant l&rsquo;Habilitation en Doctorat en science et organisation et d\u00e9livrance de l&rsquo;Habilitation Universitaire<\/a><\/strong><\/p><p><strong>11- <a href=\"http:\/\/www.univ-dbkm.dz\/PGHRS\/wp-content\/uploads\/2024\/05\/11-1.pdf\">Arr\u00eat\u00e9 N\u00b0211 du\u00a005 Mars 2019<\/a><\/strong><\/p><p><strong>12- <a href=\"http:\/\/www.univ-dbkm.dz\/PGHRS\/wp-content\/uploads\/2024\/05\/12-1.pdf\">Note explicative n\u00b0 374 du 16 Mai 2018 concernant les nouvelles dispositions r\u00e8glementaires r\u00e9gissant le doctorat, l&rsquo;habilitation universitaire et les PRFU<\/a><\/strong><\/p><p><strong>13- <a href=\"http:\/\/www.univ-dbkm.dz\/PGHRS\/wp-content\/uploads\/2024\/05\/13-1.pdf\">Arr\u00eat\u00e9 N\u00b0170 du\u00a020 F\u00e9vrier 2018<\/a><\/strong><\/p><p><strong>14- <a href=\"http:\/\/www.univ-dbkm.dz\/PGHRS\/wp-content\/uploads\/2024\/05\/14-1.pdf\">D\u00e9cret n\u00b0 10-202 du 09 septembre 2010 modifiant et compl\u00e9tant le d\u00e9cret n\u00b0 98-254 du 17 aout 1998<\/a><\/strong><\/p><p><strong>15- <a href=\"http:\/\/www.univ-dbkm.dz\/PGHRS\/wp-content\/uploads\/2024\/05\/15-1.pdf\">Circulaire n\u00b002 du 24 avril 2007 fixant les modalit\u00e9s d&rsquo;habilitation des \u00e9tablissements universitaires \u00e0 inscrire des \u00e9tudiants en doctorat et \u00e0 organiser et d\u00e9livrer l&rsquo;habilitation universitaire<\/a><\/strong><\/p><p><strong>16- <a href=\"http:\/\/www.univ-dbkm.dz\/PGHRS\/wp-content\/uploads\/2024\/05\/16-1.pdf\">D\u00e9cret 98-254 du 17 Aout 1998 Relatif \u00e0 la Formation Doctorale et Habilitation Universitaire<\/a><\/strong><\/p>\t\t\t\t\t\t\t\t<\/div>\n\t\t\t\t<\/div>\n\t\t\t\t\t<\/div>\n\t\t\t\t<\/div>\n\t\t<div class=\"elementor-element elementor-element-206d3fa8 e-flex e-con-boxed wpr-particle-no wpr-jarallax-no wpr-parallax-no wpr-sticky-section-no e-con e-parent\" data-id=\"206d3fa8\" data-element_type=\"container\" data-settings=\"{&quot;background_background&quot;:&quot;classic&quot;}\">\n\t\t\t\t\t<div class=\"e-con-inner\">\n\t\t\t\t\t<\/div>\n\t\t\t\t<\/div>\n\t\t\t\t<\/div>\n\t\t","protected":false},"excerpt":{"rendered":"<p>Textes r\u00e9glementaires concernant l&rsquo;habilitation universitaire 1- Arr\u00eat\u00e9 n\u00b0493 du 20 Avril 2022 modifiant et compl\u00e9tant l&rsquo;arr\u00eat\u00e9 n\u00b0804 du 14 Juillet 2021 Fixant les modalit\u00e9s d&rsquo;application des dispositions relatives \u00e0 l&rsquo;obtention de l&rsquo;habilitation universitaire 2-\u00a0Arr\u00eat\u00e9 n\u00b0804 du 14 Juillet 2021 Fixant les modalit\u00e9s d&rsquo;application des dispositions relatives \u00e0 l&rsquo;obtention de l&rsquo;habilitation universitaire 3- D\u00e9cret ex\u00e9cutifs n\u00b0 21-50 du 28 Janvier 2021 Fixant les conditions et les modalit\u00e9s d&rsquo;obtention de l&rsquo;habilitation universitaire 4- Arr\u00eat\u00e9 n\u00b0442 du 22 Avril 2021 Fixant la liste des revues scientifiques de cat\u00e9gorie C 5- Arr\u00eat\u00e9 n\u00b0 1082 du 27 D\u00e9cembre 2020 Fixant les r\u00e8gles relatives \u00e0 la pr\u00e9vention et la lutte contre le plagiat 6- Arr\u00eat\u00e9 N\u00b01001\u00a0du\u00a027 Juin 2019 7- Mod\u00e8le de d\u00e9cision de d\u00e9signation des rapporteurs 8- Mod\u00e8le d&rsquo;autorisation de soutenance d&rsquo;habilitation universitaire 9- Mod\u00e8le de d\u00e9cision de remise de l&rsquo;habilitation universitaire 10- Note n\u00b086 du 21 Mai 2019 concernant l&rsquo;Habilitation en Doctorat en science et organisation et d\u00e9livrance de l&rsquo;Habilitation Universitaire 11- Arr\u00eat\u00e9 N\u00b0211 du\u00a005 Mars 2019 12- Note explicative n\u00b0 374 du 16 Mai 2018 concernant les nouvelles dispositions r\u00e8glementaires r\u00e9gissant le doctorat, l&rsquo;habilitation universitaire et les PRFU 13- Arr\u00eat\u00e9 N\u00b0170 du\u00a020 F\u00e9vrier 2018 14- D\u00e9cret n\u00b0 10-202 du 09 septembre 2010 modifiant et compl\u00e9tant le d\u00e9cret n\u00b0 98-254 du 17 aout 1998 15- Circulaire n\u00b002 du 24 avril 2007 fixant les modalit\u00e9s d&rsquo;habilitation des \u00e9tablissements universitaires \u00e0 inscrire des \u00e9tudiants en doctorat et \u00e0 organiser et d\u00e9livrer l&rsquo;habilitation universitaire 16- D\u00e9cret 98-254 du 17 Aout 1998 Relatif \u00e0 la Formation Doctorale et Habilitation Universitaire<\/p>\n","protected":false},"author":1,"featured_media":0,"parent":0,"menu_order":0,"comment_status":"closed","ping_status":"closed","template":"","meta":{"site-sidebar-layout":"no-sidebar","site-content-layout":"page-builder","ast-site-content-layout":"full-width-container","site-content-style":"unboxed","site-sidebar-style":"unboxed","ast-global-header-display":"","ast-banner-title-visibility":"","ast-main-header-display":"","ast-hfb-above-header-display":"","ast-hfb-below-header-display":"","ast-hfb-mobile-header-display":"","site-post-title":"disabled","ast-breadcrumbs-content":"","ast-featured-img":"disabled","footer-sml-layout":"","theme-transparent-header-meta":"","adv-header-id-meta":"","stick-header-meta":"","header-above-stick-meta":"","header-main-stick-meta":"","header-below-stick-meta":"","astra-migrate-meta-layouts":"set","ast-page-background-enabled":"default","ast-page-background-meta":{"desktop":{"background-color":"var(--ast-global-color-4)","background-image":"","background-repeat":"repeat","background-position":"center center","background-size":"auto","background-attachment":"scroll","background-type":"","background-media":"","overlay-type":"","overlay-color":"","overlay-gradient":""},"tablet":{"background-color":"","background-image":"","background-repeat":"repeat","background-position":"center center","background-size":"auto","background-attachment":"scroll","background-type":"","background-media":"","overlay-type":"","overlay-color":"","overlay-gradient":""},"mobile":{"background-color":"","background-image":"","background-repeat":"repeat","background-position":"center center","background-size":"auto","background-attachment":"scroll","background-type":"","background-media":"","overlay-type":"","overlay-color":"","overlay-gradient":""}},"ast-content-background-meta":{"desktop":{"background-color":"var(--ast-global-color-5)","background-image":"","background-repeat":"repeat","background-position":"center center","background-size":"auto","background-attachment":"scroll","background-type":"","background-media":"","overlay-type":"","overlay-color":"","overlay-gradient":""},"tablet":{"background-color":"var(--ast-global-color-5)","background-image":"","background-repeat":"repeat","background-position":"center center","background-size":"auto","background-attachment":"scroll","background-type":"","background-media":"","overlay-type":"","overlay-color":"","overlay-gradient":""},"mobile":{"background-color":"var(--ast-global-color-5)","background-image":"","background-repeat":"repeat","background-position":"center center","background-size":"auto","background-attachment":"scroll","background-type":"","background-media":"","overlay-type":"","overlay-color":"","overlay-gradient":""}},"footnotes":""},"class_list":["post-4888","page","type-page","status-publish","hentry"],"_links":{"self":[{"href":"http:\/\/www.univ-dbkm.dz\/PGHRS\/wp-json\/wp\/v2\/pages\/4888","targetHints":{"allow":["GET"]}}],"collection":[{"href":"http:\/\/www.univ-dbkm.dz\/PGHRS\/wp-json\/wp\/v2\/pages"}],"about":[{"href":"http:\/\/www.univ-dbkm.dz\/PGHRS\/wp-json\/wp\/v2\/types\/page"}],"author":[{"embeddable":true,"href":"http:\/\/www.univ-dbkm.dz\/PGHRS\/wp-json\/wp\/v2\/users\/1"}],"replies":[{"embeddable":true,"href":"http:\/\/www.univ-dbkm.dz\/PGHRS\/wp-json\/wp\/v2\/comments?post=4888"}],"version-history":[{"count":22,"href":"http:\/\/www.univ-dbkm.dz\/PGHRS\/wp-json\/wp\/v2\/pages\/4888\/revisions"}],"predecessor-version":[{"id":5429,"href":"http:\/\/www.univ-dbkm.dz\/PGHRS\/wp-json\/wp\/v2\/pages\/4888\/revisions\/5429"}],"wp:attachment":[{"href":"http:\/\/www.univ-dbkm.dz\/PGHRS\/wp-json\/wp\/v2\/media?parent=4888"}],"curies":[{"name":"wp","href":"https:\/\/api.w.org\/{rel}","templated":true}]}}