{"id":5142,"date":"2024-04-25T11:33:13","date_gmt":"2024-04-25T09:33:13","guid":{"rendered":"http:\/\/www.univ-dbkm.dz\/PGHRS\/?page_id=5142"},"modified":"2024-05-29T15:05:06","modified_gmt":"2024-05-29T13:05:06","slug":"textes-reglementaires-4","status":"publish","type":"page","link":"http:\/\/www.univ-dbkm.dz\/PGHRS\/fr\/textes-reglementaires-4\/","title":{"rendered":"Textes R\u00e9glementaires"},"content":{"rendered":"\t\t<div data-elementor-type=\"wp-page\" data-elementor-id=\"5142\" class=\"elementor elementor-5142\">\n\t\t\t\t<div class=\"elementor-element elementor-element-616d208d e-flex e-con-boxed wpr-particle-no wpr-jarallax-no wpr-parallax-no wpr-sticky-section-no e-con e-parent\" data-id=\"616d208d\" data-element_type=\"container\" data-settings=\"{&quot;background_background&quot;:&quot;classic&quot;}\">\n\t\t\t\t\t<div class=\"e-con-inner\">\n\t\t\t\t<div class=\"elementor-element elementor-element-4414f6dd elementor-widget elementor-widget-heading\" data-id=\"4414f6dd\" data-element_type=\"widget\" data-widget_type=\"heading.default\">\n\t\t\t\t<div class=\"elementor-widget-container\">\n\t\t\t\t\t<h1 class=\"elementor-heading-title elementor-size-default\"> Textes r\u00e9glementaires concernant la Formation en Post-Graduation<\/h1>\t\t\t\t<\/div>\n\t\t\t\t<\/div>\n\t\t\t\t\t<\/div>\n\t\t\t\t<\/div>\n\t\t<div class=\"elementor-element elementor-element-4c0f95e e-flex e-con-boxed wpr-particle-no wpr-jarallax-no wpr-parallax-no wpr-sticky-section-no e-con e-parent\" data-id=\"4c0f95e\" data-element_type=\"container\">\n\t\t\t\t\t<div class=\"e-con-inner\">\n\t\t\t\t<div class=\"elementor-element elementor-element-061be41 elementor-invisible elementor-widget elementor-widget-text-editor\" data-id=\"061be41\" data-element_type=\"widget\" data-settings=\"{&quot;_animation&quot;:&quot;bounceInDown&quot;}\" data-widget_type=\"text-editor.default\">\n\t\t\t\t<div class=\"elementor-widget-container\">\n\t\t\t\t\t\t\t\t\t<p><strong><u>D\u00e9crets<\/u><\/strong><\/p><p><strong><u>\u00a0<\/u><\/strong><\/p><p><strong><u>&#8211;<\/u><\/strong>\u00a0<strong><u>D\u00e9cret<\/u><\/strong><strong><u> ex\u00e9cutif n\u00b0\u00a0\u00a098\u00a0\u2013\u00a0254<\/u><\/strong>\u00a0\u00a0du 17 ao\u00fbt \u00a01998 relatif \u00e0 la formation doctorale, \u00e0 la post-graduation sp\u00e9cialis\u00e9e et \u00e0 l\u2019habilitation universitaire\u00a0<strong>(<\/strong><a href=\"https:\/\/services.mesrs.dz\/DEJA\/fichiers_sommaire_des_textes\/93%20FR.PDF\"><strong>J.O.R.A.D.P ann\u00e9e 1998, n\u00b0 60, pages 9-21<\/strong><\/a><strong>)<\/strong><\/p><p><strong><u>&#8211;<\/u><\/strong>\u00a0<a href=\"https:\/\/vspgrsh.univ-guelma.dz\/sites\/vspgrsh.univ-guelma.dz\/files\/decret%20decembre%202007.pdf\"><strong>D\u00e9cret<\/strong> <strong>ex\u00e9cutif n\u00b007-387<\/strong> du 10 D\u00e9cembre 2007 modifiant le d\u00e9cret ex\u00e9cutif n\u00b098-254 du 17 Ao\u00fbt 1998 relatif \u00e0 la formation doctorale \u00e0 la post-graduation sp\u00e9cialis\u00e9e et a l\u2019habilitation universitaire<\/a><\/p><p><strong><u>&#8211;<\/u><\/strong>\u00a0<a href=\"https:\/\/vspgrsh.univ-guelma.dz\/sites\/vspgrsh.univ-guelma.dz\/files\/decret%2024aout.pdf\"><strong>D\u00e9cret<\/strong> <strong>ex\u00e9cutif n\u00b008-265<\/strong> du 19 Ao\u00fbt\u00a0 2008 portant r\u00e9gime des \u00e9tudes en vue de l\u2019obtention du dipl\u00f4me de licence du dipl\u00f4me de master et du dipl\u00f4me de doctorat<\/a><\/p><p>&#8211;<a href=\"https:\/\/www.ummto.dz\/wp-content\/uploads\/2022\/06\/Decret-executif-n22-208-du-05-06-2022.pdf\"><strong>D\u00e9cret ex\u00e9cutif N\u00b022-208 <\/strong>du 05 juin 2022<\/a><\/p><p><strong><u>D\u00e9cisions<\/u><\/strong><\/p><p>\u00a0<\/p><p>&#8211;\u00a0<a href=\"https:\/\/vspgrsh.univ-guelma.dz\/sites\/vspgrsh.univ-guelma.dz\/files\/191arr-fr.pdf\"><strong>Arr\u00eat\u00e9 n\u00b0 191 <\/strong>du 16 Juillet 2012 fixant l\u2019organisation de la formation de 3 \u00e9me cycle en vue \u00a0\u00a0\u00a0\u00a0\u00a0de l\u2019obtention du doctorat<\/a><\/p><p>&#8211;\u00a0<a href=\"https:\/\/vspgrsh.univ-guelma.dz\/sites\/vspgrsh.univ-guelma.dz\/files\/AR345-fr.pdf\"><strong>Arr\u00eat\u00e9 n\u00b0 345<\/strong> du 17 Octobre 2012 modifiant\u00a0 l\u2019arr\u00eat\u00e9 191 du 16 Juillet\u00a0 2012 fixant l\u2019organisation de la formation de 3\u00e9me cycle en vue de l\u2019obtention du doctorat<\/a><\/p><p><strong><u>&#8211;<\/u><\/strong>\u00a0<a href=\"https:\/\/vspgrsh.univ-guelma.dz\/sites\/vspgrsh.univ-guelma.dz\/files\/Arr_1150_2014.pdf\"><strong>Arr\u00eat\u00e9<\/strong> <strong>n\u00b0 1150<\/strong> du 08 D\u00e9cembre 2014 fixant les proc\u00e9dures et les modalit\u00e9s d&rsquo;organisation de cotutelle de th\u00e8se de doctorat<\/a><\/p><p>\u00a0&#8211;<a href=\"http:\/\/pg.univ-batna2.dz\/sites\/default\/files\/vrpg\/files\/arrete_ndeg_547_du_2_juin_2016_ar.pdf\"><strong>Arr\u00eat\u00e9 N\u00b0 547 <\/strong>du 2 Juin 2016_Ar.PDF<\/a><\/p><p><strong><u>&#8211;<\/u><\/strong>\u00a0<a href=\"https:\/\/vspgrsh.univ-guelma.dz\/sites\/vspgrsh.univ-guelma.dz\/files\/Plagiat-Arrete-N-933-du-28-Juillet-2016-Fr.pdf\"><strong>Arr\u00eat\u00e9 N\u00b0 933<\/strong> du 28 Juillet 2016 fixant les r\u00e8gles relatives \u00e0 la pr\u00e9vention et la lutte contre le plagiat<\/a><\/p><p>&#8211;\u00a0<a href=\"https:\/\/vspgrsh.univ-guelma.dz\/sites\/vspgrsh.univ-guelma.dz\/files\/Arrete-n-961-du-02-12-2020-version-FR.pdf\"><strong>Arr\u00eat\u00e9 n\u00b0 961<\/strong> du 02 D\u00e9cembre 2020\u00a0Fixant les modalit\u00e9s d&rsquo;acc\u00e8s et d&rsquo;organisation de la formation de troisi\u00e8me cycle et les conditions de pr\u00e9paration et de soutenance de la th\u00e8se de doctorat<\/a><\/p><p><strong><u>&#8211;<\/u><\/strong>\u00a0<a href=\"https:\/\/vspgrsh.univ-guelma.dz\/sites\/vspgrsh.univ-guelma.dz\/files\/Arrete-N-1082-du-27-12-2020.pdf\"><strong>Arr\u00eat\u00e9 n\u00b0 1082 <\/strong>du 27 D\u00e9cembre 2020 Fixant les r\u00e8gles relatives \u00e0 la pr\u00e9vention et la lutte contre le plagiat<\/a><\/p><p><strong><u>&#8211;<\/u><\/strong><strong><u>Arr\u00eat\u00e9 28 du 09 janvier 2022<\/u><\/strong> Fixant les\u00a0<a href=\"https:\/\/www.esi.dz\/wp-content\/uploads\/2022\/06\/Arrete-28-du-09-janvier-2022-Modalites-Acces-et-Organisation-DLMD-et-Conditions-Preparation-Soutenance-These-Doctorat..pdf\">Modalit\u00e9s d\u2019Acc\u00e8s et\u00a0\u00a0\u00a0 d\u2019Organisation DLMD et des Conditions de Pr\u00e9paration de la Soutenance de Th\u00e8se de Doctorat<\/a><\/p><p>&#8211;<a href=\"https:\/\/www.univ-sba.dz\/vrpg\/index.php\/post-graduation\/textes-reglementaires-pg\"><strong>Arr\u00eat\u00e9\u00a0n\u00b0 991 du 01 Ao\u00fbt 2022<\/strong> fixant les modalit\u00e9s d&rsquo;acc\u00e8s et d&rsquo;organisation de la formation de troisi\u00e8me cycle et les conditions de pr\u00e9paration et de soutenance de la th\u00e8se de doctorat<\/a><\/p><p>&#8211;<a href=\"https:\/\/www.univ-sba.dz\/vrpg\/index.php\/post-graduation\/textes-reglementaires-pg\"><strong>Arr\u00eat\u00e9 n\u00b0 995 du 02 Ao\u00fbt 2022<\/strong> fixant les modalit\u00e9s d&rsquo;organisation et de fonctionnement de l&rsquo;\u00e9cole doctorale<\/a><\/p><p>&#8211;<a href=\"https:\/\/www.univ-tiaret.dz\/fr\/assets\/files\/Ar_997_Gestion%20financi%C3%A8re%20Labo%20Rech.pdf\"><strong>Arr\u00eat\u00e9 n\u00b0997 du 02 Ao\u00fbt 2022<\/strong> fixant les modalit\u00e9s du financement dans le cadre du budget allou\u00e9 \u00e0 la recherche scientifique et du d\u00e9veloppement technologique, de la formation du troisi\u00e8me cycle adoss\u00e9e dans des laboratoires de recherche<\/a><\/p><p><strong><u>-Arr\u00eat\u00e9 n\u00b01419 du 24\u00a0d\u00e9cembre 2022<\/u><\/strong> fixant les modules transverses en vue de renforcer la formation du 3\u00e8me cycle dans les \u00e9tablissements d&rsquo;enseignement sup\u00e9rieur\u00a0<\/p><p><strong><u>Publications<\/u><\/strong><strong><u>\u00a0<\/u><\/strong><\/p><p>\u00a0<a href=\"https:\/\/www.mesrs.dz\/documents\/12221\/4476447\/circulaire+03+du+08-03-2018.pdf\/a931983d-1603-4a80-991a-2e5a265b18ab\">&#8211; <strong>Circulaire N\u00b003<\/strong> du 08 Mars 2018 relative aux conditions et aux modalit\u00e9s de soutenance d&rsquo;une th\u00e8se de doctorat en sciences<\/a><\/p><p>&#8211;<a href=\"https:\/\/vspgrsh.univ-guelma.dz\/sites\/vspgrsh.univ-guelma.dz\/files\/Ciculaire_n3_2019_Ar.pdf\"><strong>Circulaire N\u00b0 03<\/strong> du 07 Juillet 2019<\/a>\u00a0\u00a0<\/p><p><strong><u>Instructions<\/u><\/strong><\/p><p><strong>\u00a0<\/strong><\/p><p>&#8211;\u00a0<a href=\"https:\/\/vspgrsh.univ-guelma.dz\/sites\/vspgrsh.univ-guelma.dz\/files\/instruction-interministerielle-FR.PDF\"><strong>Instruction interminist\u00e9rielle n\u00b001<\/strong> du 15 Septembre 2021 <\/a><\/p><p>\u00a0<\/p>\t\t\t\t\t\t\t\t<\/div>\n\t\t\t\t<\/div>\n\t\t\t\t\t<\/div>\n\t\t\t\t<\/div>\n\t\t<div class=\"elementor-element elementor-element-5e394206 e-flex e-con-boxed wpr-particle-no wpr-jarallax-no wpr-parallax-no wpr-sticky-section-no e-con e-parent\" data-id=\"5e394206\" data-element_type=\"container\" data-settings=\"{&quot;background_background&quot;:&quot;classic&quot;}\">\n\t\t\t\t\t<div class=\"e-con-inner\">\n\t\t\t\t\t<\/div>\n\t\t\t\t<\/div>\n\t\t\t\t<\/div>\n\t\t","protected":false},"excerpt":{"rendered":"<p>Textes r\u00e9glementaires concernant la Formation en Post-Graduation D\u00e9crets \u00a0 &#8211;\u00a0D\u00e9cret ex\u00e9cutif n\u00b0\u00a0\u00a098\u00a0\u2013\u00a0254\u00a0\u00a0du 17 ao\u00fbt \u00a01998 relatif \u00e0 la formation doctorale, \u00e0 la post-graduation sp\u00e9cialis\u00e9e et \u00e0 l\u2019habilitation universitaire\u00a0(J.O.R.A.D.P ann\u00e9e 1998, n\u00b0 60, pages 9-21) &#8211;\u00a0D\u00e9cret ex\u00e9cutif n\u00b007-387 du 10 D\u00e9cembre 2007 modifiant le d\u00e9cret ex\u00e9cutif n\u00b098-254 du 17 Ao\u00fbt 1998 relatif \u00e0 la formation doctorale \u00e0 la post-graduation sp\u00e9cialis\u00e9e et a l\u2019habilitation universitaire &#8211;\u00a0D\u00e9cret ex\u00e9cutif n\u00b008-265 du 19 Ao\u00fbt\u00a0 2008 portant r\u00e9gime des \u00e9tudes en vue de l\u2019obtention du dipl\u00f4me de licence du dipl\u00f4me de master et du dipl\u00f4me de doctorat &#8211;D\u00e9cret ex\u00e9cutif N\u00b022-208 du 05 juin 2022 D\u00e9cisions \u00a0 &#8211;\u00a0Arr\u00eat\u00e9 n\u00b0 191 du 16 Juillet 2012 fixant l\u2019organisation de la formation de 3 \u00e9me cycle en vue \u00a0\u00a0\u00a0\u00a0\u00a0de l\u2019obtention du doctorat &#8211;\u00a0Arr\u00eat\u00e9 n\u00b0 345 du 17 Octobre 2012 modifiant\u00a0 l\u2019arr\u00eat\u00e9 191 du 16 Juillet\u00a0 2012 fixant l\u2019organisation de la formation de 3\u00e9me cycle en vue de l\u2019obtention du doctorat &#8211;\u00a0Arr\u00eat\u00e9 n\u00b0 1150 du 08 D\u00e9cembre 2014 fixant les proc\u00e9dures et les modalit\u00e9s d&rsquo;organisation de cotutelle de th\u00e8se de doctorat \u00a0&#8211;Arr\u00eat\u00e9 N\u00b0 547 du 2 Juin 2016_Ar.PDF &#8211;\u00a0Arr\u00eat\u00e9 N\u00b0 933 du 28 Juillet 2016 fixant les r\u00e8gles relatives \u00e0 la pr\u00e9vention et la lutte contre le plagiat &#8211;\u00a0Arr\u00eat\u00e9 n\u00b0 961 du 02 D\u00e9cembre 2020\u00a0Fixant les modalit\u00e9s d&rsquo;acc\u00e8s et d&rsquo;organisation de la formation de troisi\u00e8me cycle et les conditions de pr\u00e9paration et de soutenance de la th\u00e8se de doctorat &#8211;\u00a0Arr\u00eat\u00e9 n\u00b0 1082 du 27 D\u00e9cembre 2020 Fixant les r\u00e8gles relatives \u00e0 la pr\u00e9vention et la lutte contre le plagiat &#8211;Arr\u00eat\u00e9 28 du 09 janvier 2022 Fixant les\u00a0Modalit\u00e9s d\u2019Acc\u00e8s et\u00a0\u00a0\u00a0 d\u2019Organisation DLMD et des Conditions de Pr\u00e9paration de la Soutenance de Th\u00e8se de Doctorat &#8211;Arr\u00eat\u00e9\u00a0n\u00b0 991 du 01 Ao\u00fbt 2022 fixant les modalit\u00e9s d&rsquo;acc\u00e8s et d&rsquo;organisation de la formation de troisi\u00e8me cycle et les conditions de pr\u00e9paration et de soutenance de la th\u00e8se de doctorat &#8211;Arr\u00eat\u00e9 n\u00b0 995 du 02 Ao\u00fbt 2022 fixant les modalit\u00e9s d&rsquo;organisation et de fonctionnement de l&rsquo;\u00e9cole doctorale &#8211;Arr\u00eat\u00e9 n\u00b0997 du 02 Ao\u00fbt 2022 fixant les modalit\u00e9s du financement dans le cadre du budget allou\u00e9 \u00e0 la recherche scientifique et du d\u00e9veloppement technologique, de la formation du troisi\u00e8me cycle adoss\u00e9e dans des laboratoires de recherche -Arr\u00eat\u00e9 n\u00b01419 du 24\u00a0d\u00e9cembre 2022 fixant les modules transverses en vue de renforcer la formation du 3\u00e8me cycle dans les \u00e9tablissements d&rsquo;enseignement sup\u00e9rieur\u00a0 Publications\u00a0 \u00a0&#8211; Circulaire N\u00b003 du 08 Mars 2018 relative aux conditions et aux modalit\u00e9s de soutenance d&rsquo;une th\u00e8se de doctorat en sciences &#8211;Circulaire N\u00b0 03 du 07 Juillet 2019\u00a0\u00a0 Instructions \u00a0 &#8211;\u00a0Instruction interminist\u00e9rielle n\u00b001 du 15 Septembre 2021 \u00a0<\/p>\n","protected":false},"author":1,"featured_media":0,"parent":0,"menu_order":0,"comment_status":"closed","ping_status":"closed","template":"","meta":{"site-sidebar-layout":"no-sidebar","site-content-layout":"page-builder","ast-site-content-layout":"full-width-container","site-content-style":"unboxed","site-sidebar-style":"unboxed","ast-global-header-display":"","ast-banner-title-visibility":"","ast-main-header-display":"","ast-hfb-above-header-display":"","ast-hfb-below-header-display":"","ast-hfb-mobile-header-display":"","site-post-title":"disabled","ast-breadcrumbs-content":"","ast-featured-img":"disabled","footer-sml-layout":"","theme-transparent-header-meta":"","adv-header-id-meta":"","stick-header-meta":"","header-above-stick-meta":"","header-main-stick-meta":"","header-below-stick-meta":"","astra-migrate-meta-layouts":"set","ast-page-background-enabled":"default","ast-page-background-meta":{"desktop":{"background-color":"var(--ast-global-color-4)","background-image":"","background-repeat":"repeat","background-position":"center center","background-size":"auto","background-attachment":"scroll","background-type":"","background-media":"","overlay-type":"","overlay-color":"","overlay-gradient":""},"tablet":{"background-color":"","background-image":"","background-repeat":"repeat","background-position":"center center","background-size":"auto","background-attachment":"scroll","background-type":"","background-media":"","overlay-type":"","overlay-color":"","overlay-gradient":""},"mobile":{"background-color":"","background-image":"","background-repeat":"repeat","background-position":"center center","background-size":"auto","background-attachment":"scroll","background-type":"","background-media":"","overlay-type":"","overlay-color":"","overlay-gradient":""}},"ast-content-background-meta":{"desktop":{"background-color":"var(--ast-global-color-5)","background-image":"","background-repeat":"repeat","background-position":"center center","background-size":"auto","background-attachment":"scroll","background-type":"","background-media":"","overlay-type":"","overlay-color":"","overlay-gradient":""},"tablet":{"background-color":"var(--ast-global-color-5)","background-image":"","background-repeat":"repeat","background-position":"center center","background-size":"auto","background-attachment":"scroll","background-type":"","background-media":"","overlay-type":"","overlay-color":"","overlay-gradient":""},"mobile":{"background-color":"var(--ast-global-color-5)","background-image":"","background-repeat":"repeat","background-position":"center center","background-size":"auto","background-attachment":"scroll","background-type":"","background-media":"","overlay-type":"","overlay-color":"","overlay-gradient":""}},"footnotes":""},"class_list":["post-5142","page","type-page","status-publish","hentry"],"_links":{"self":[{"href":"http:\/\/www.univ-dbkm.dz\/PGHRS\/wp-json\/wp\/v2\/pages\/5142","targetHints":{"allow":["GET"]}}],"collection":[{"href":"http:\/\/www.univ-dbkm.dz\/PGHRS\/wp-json\/wp\/v2\/pages"}],"about":[{"href":"http:\/\/www.univ-dbkm.dz\/PGHRS\/wp-json\/wp\/v2\/types\/page"}],"author":[{"embeddable":true,"href":"http:\/\/www.univ-dbkm.dz\/PGHRS\/wp-json\/wp\/v2\/users\/1"}],"replies":[{"embeddable":true,"href":"http:\/\/www.univ-dbkm.dz\/PGHRS\/wp-json\/wp\/v2\/comments?post=5142"}],"version-history":[{"count":19,"href":"http:\/\/www.univ-dbkm.dz\/PGHRS\/wp-json\/wp\/v2\/pages\/5142\/revisions"}],"predecessor-version":[{"id":5749,"href":"http:\/\/www.univ-dbkm.dz\/PGHRS\/wp-json\/wp\/v2\/pages\/5142\/revisions\/5749"}],"wp:attachment":[{"href":"http:\/\/www.univ-dbkm.dz\/PGHRS\/wp-json\/wp\/v2\/media?parent=5142"}],"curies":[{"name":"wp","href":"https:\/\/api.w.org\/{rel}","templated":true}]}}