{"id":5181,"date":"2024-04-25T11:44:32","date_gmt":"2024-04-25T09:44:32","guid":{"rendered":"http:\/\/www.univ-dbkm.dz\/PGHRS\/?page_id=5181"},"modified":"2024-05-29T14:31:09","modified_gmt":"2024-05-29T12:31:09","slug":"procedure-dinscription","status":"publish","type":"page","link":"http:\/\/www.univ-dbkm.dz\/PGHRS\/fr\/procedure-dinscription\/","title":{"rendered":"Proc\u00e9dure D&rsquo;inscription"},"content":{"rendered":"\t\t<div data-elementor-type=\"wp-page\" data-elementor-id=\"5181\" class=\"elementor elementor-5181\">\n\t\t\t\t<div class=\"elementor-element elementor-element-1b986959 e-flex e-con-boxed wpr-particle-no wpr-jarallax-no wpr-parallax-no wpr-sticky-section-no e-con e-parent\" data-id=\"1b986959\" data-element_type=\"container\" data-settings=\"{&quot;background_background&quot;:&quot;classic&quot;}\">\n\t\t\t\t\t<div class=\"e-con-inner\">\n\t\t\t\t<div class=\"elementor-element elementor-element-34da1b53 elementor-widget elementor-widget-heading\" data-id=\"34da1b53\" data-element_type=\"widget\" data-widget_type=\"heading.default\">\n\t\t\t\t<div class=\"elementor-widget-container\">\n\t\t\t\t\t<h1 class=\"elementor-heading-title elementor-size-default\">Proc\u00e9dure D'inscription                                         <\/h1>\t\t\t\t<\/div>\n\t\t\t\t<\/div>\n\t\t\t\t\t<\/div>\n\t\t\t\t<\/div>\n\t\t<div class=\"elementor-element elementor-element-643c937 e-flex e-con-boxed wpr-particle-no wpr-jarallax-no wpr-parallax-no wpr-sticky-section-no e-con e-parent\" data-id=\"643c937\" data-element_type=\"container\">\n\t\t\t\t\t<div class=\"e-con-inner\">\n\t\t\t\t<div class=\"elementor-element elementor-element-79bb364 elementor-invisible elementor-widget elementor-widget-text-editor\" data-id=\"79bb364\" data-element_type=\"widget\" data-settings=\"{&quot;_animation&quot;:&quot;zoomInRight&quot;}\" data-widget_type=\"text-editor.default\">\n\t\t\t\t<div class=\"elementor-widget-container\">\n\t\t\t\t\t\t\t\t\t<p>Les dossiers num\u00e9riques de candidature \u00e0 transmettre au vice rectorat concernent uniquement les dossiers administratif et p\u00e9dagogique et rapport de synth\u00e8se.<\/p><ul><li><strong><u> Dossier administrative :<\/u><\/strong><\/li><\/ul><p>1) Une copie de la d\u00e9cision de confirmation.<\/p><p>2) Une attestation de travail.\u00a0<\/p><p>3) Dipl\u00f4mes universitaires obtenus en compl\u00e9ment au baccalaur\u00e9at.<\/p><p>4) D\u00e9cisions de nomination aux postes administratifs, le cas \u00e9ch\u00e9ant.<\/p><p>5) Th\u00e8se de doctorat<\/p><p>5) Un CV, dans lequel le candidat explique les diff\u00e9rentes \u00e9tapes de son parcours professionnel.<\/p><p>6) Fiche d&rsquo;information.<\/p><p><em>\u00a0<\/em><\/p><ul><li><strong><u> Dossier p\u00e9dagogique\u00a0:<\/u><\/strong><\/li><\/ul><p>1) Ouvrages p\u00e9dagogiques valid\u00e9s<\/p><p>2) Travaux p\u00e9dagogiques valid\u00e9s<\/p><p>3) Publications p\u00e9dagogiques valid\u00e9s\u00a0<\/p><p>4) Cours d&rsquo;enseignement valid\u00e9s<\/p><p>5) Cours en ligne valid\u00e9s<\/p><p>\u00a0<\/p><ul><li><strong><u>\u00a0Rapport de synth\u00e8se d\u00e9taill\u00e9 en format Word:<\/u><\/strong><\/li><\/ul><p><strong>\u00a0<\/strong>Le candidat doit nous transmettre un rapport de synth\u00e8se d\u00e9taill\u00e9 d\u00e9crivant son parcours administratif, p\u00e9dagogique et scientifique. Pour les aspects p\u00e9dagogiques et scientifique le candidat doit mentionner les liens qui permettent l&rsquo;acc\u00e8s aux documents p\u00e9dagogiques (polycopies&#8230;) et scientifiques (articles&#8230;)<\/p><p><strong><u>Remarques<\/u><\/strong><strong>\u00a0<\/strong>:<\/p><p>&#8211;\u00a0\u00a0\u00a0\u00a0\u00a0\u00a0\u00a0\u00a0\u00a0\u00a0Chaque fichier compress\u00e9 doit porter le nom de l\u2019enseignant candidat.<\/p><p>&#8211;\u00a0\u00a0\u00a0\u00a0\u00a0\u00a0\u00a0\u00a0\u00a0\u00a0Les pi\u00e8ces p\u00e9dagogiques non valid\u00e9s administrativement ne seront pas retenues<\/p>\t\t\t\t\t\t\t\t<\/div>\n\t\t\t\t<\/div>\n\t\t\t\t\t<\/div>\n\t\t\t\t<\/div>\n\t\t<div class=\"elementor-element elementor-element-15320523 e-flex e-con-boxed wpr-particle-no wpr-jarallax-no wpr-parallax-no wpr-sticky-section-no e-con e-parent\" data-id=\"15320523\" data-element_type=\"container\" data-settings=\"{&quot;background_background&quot;:&quot;classic&quot;}\">\n\t\t\t\t\t<div class=\"e-con-inner\">\n\t\t\t\t\t<\/div>\n\t\t\t\t<\/div>\n\t\t\t\t<\/div>\n\t\t","protected":false},"excerpt":{"rendered":"<p>Proc\u00e9dure D&rsquo;inscription Les dossiers num\u00e9riques de candidature \u00e0 transmettre au vice rectorat concernent uniquement les dossiers administratif et p\u00e9dagogique et rapport de synth\u00e8se. Dossier administrative : 1) Une copie de la d\u00e9cision de confirmation. 2) Une attestation de travail.\u00a0 3) Dipl\u00f4mes universitaires obtenus en compl\u00e9ment au baccalaur\u00e9at. 4) D\u00e9cisions de nomination aux postes administratifs, le cas \u00e9ch\u00e9ant. 5) Th\u00e8se de doctorat 5) Un CV, dans lequel le candidat explique les diff\u00e9rentes \u00e9tapes de son parcours professionnel. 6) Fiche d&rsquo;information. \u00a0 Dossier p\u00e9dagogique\u00a0: 1) Ouvrages p\u00e9dagogiques valid\u00e9s 2) Travaux p\u00e9dagogiques valid\u00e9s 3) Publications p\u00e9dagogiques valid\u00e9s\u00a0 4) Cours d&rsquo;enseignement valid\u00e9s 5) Cours en ligne valid\u00e9s \u00a0 \u00a0Rapport de synth\u00e8se d\u00e9taill\u00e9 en format Word: \u00a0Le candidat doit nous transmettre un rapport de synth\u00e8se d\u00e9taill\u00e9 d\u00e9crivant son parcours administratif, p\u00e9dagogique et scientifique. Pour les aspects p\u00e9dagogiques et scientifique le candidat doit mentionner les liens qui permettent l&rsquo;acc\u00e8s aux documents p\u00e9dagogiques (polycopies&#8230;) et scientifiques (articles&#8230;) Remarques\u00a0: &#8211;\u00a0\u00a0\u00a0\u00a0\u00a0\u00a0\u00a0\u00a0\u00a0\u00a0Chaque fichier compress\u00e9 doit porter le nom de l\u2019enseignant candidat. &#8211;\u00a0\u00a0\u00a0\u00a0\u00a0\u00a0\u00a0\u00a0\u00a0\u00a0Les pi\u00e8ces p\u00e9dagogiques non valid\u00e9s administrativement ne seront pas retenues<\/p>\n","protected":false},"author":1,"featured_media":0,"parent":0,"menu_order":0,"comment_status":"closed","ping_status":"closed","template":"","meta":{"site-sidebar-layout":"no-sidebar","site-content-layout":"page-builder","ast-site-content-layout":"full-width-container","site-content-style":"unboxed","site-sidebar-style":"unboxed","ast-global-header-display":"","ast-banner-title-visibility":"","ast-main-header-display":"","ast-hfb-above-header-display":"","ast-hfb-below-header-display":"","ast-hfb-mobile-header-display":"","site-post-title":"disabled","ast-breadcrumbs-content":"","ast-featured-img":"disabled","footer-sml-layout":"","theme-transparent-header-meta":"","adv-header-id-meta":"","stick-header-meta":"","header-above-stick-meta":"","header-main-stick-meta":"","header-below-stick-meta":"","astra-migrate-meta-layouts":"set","ast-page-background-enabled":"default","ast-page-background-meta":{"desktop":{"background-color":"var(--ast-global-color-4)","background-image":"","background-repeat":"repeat","background-position":"center center","background-size":"auto","background-attachment":"scroll","background-type":"","background-media":"","overlay-type":"","overlay-color":"","overlay-gradient":""},"tablet":{"background-color":"","background-image":"","background-repeat":"repeat","background-position":"center center","background-size":"auto","background-attachment":"scroll","background-type":"","background-media":"","overlay-type":"","overlay-color":"","overlay-gradient":""},"mobile":{"background-color":"","background-image":"","background-repeat":"repeat","background-position":"center center","background-size":"auto","background-attachment":"scroll","background-type":"","background-media":"","overlay-type":"","overlay-color":"","overlay-gradient":""}},"ast-content-background-meta":{"desktop":{"background-color":"var(--ast-global-color-5)","background-image":"","background-repeat":"repeat","background-position":"center center","background-size":"auto","background-attachment":"scroll","background-type":"","background-media":"","overlay-type":"","overlay-color":"","overlay-gradient":""},"tablet":{"background-color":"var(--ast-global-color-5)","background-image":"","background-repeat":"repeat","background-position":"center center","background-size":"auto","background-attachment":"scroll","background-type":"","background-media":"","overlay-type":"","overlay-color":"","overlay-gradient":""},"mobile":{"background-color":"var(--ast-global-color-5)","background-image":"","background-repeat":"repeat","background-position":"center center","background-size":"auto","background-attachment":"scroll","background-type":"","background-media":"","overlay-type":"","overlay-color":"","overlay-gradient":""}},"footnotes":""},"class_list":["post-5181","page","type-page","status-publish","hentry"],"_links":{"self":[{"href":"http:\/\/www.univ-dbkm.dz\/PGHRS\/wp-json\/wp\/v2\/pages\/5181","targetHints":{"allow":["GET"]}}],"collection":[{"href":"http:\/\/www.univ-dbkm.dz\/PGHRS\/wp-json\/wp\/v2\/pages"}],"about":[{"href":"http:\/\/www.univ-dbkm.dz\/PGHRS\/wp-json\/wp\/v2\/types\/page"}],"author":[{"embeddable":true,"href":"http:\/\/www.univ-dbkm.dz\/PGHRS\/wp-json\/wp\/v2\/users\/1"}],"replies":[{"embeddable":true,"href":"http:\/\/www.univ-dbkm.dz\/PGHRS\/wp-json\/wp\/v2\/comments?post=5181"}],"version-history":[{"count":7,"href":"http:\/\/www.univ-dbkm.dz\/PGHRS\/wp-json\/wp\/v2\/pages\/5181\/revisions"}],"predecessor-version":[{"id":5722,"href":"http:\/\/www.univ-dbkm.dz\/PGHRS\/wp-json\/wp\/v2\/pages\/5181\/revisions\/5722"}],"wp:attachment":[{"href":"http:\/\/www.univ-dbkm.dz\/PGHRS\/wp-json\/wp\/v2\/media?parent=5181"}],"curies":[{"name":"wp","href":"https:\/\/api.w.org\/{rel}","templated":true}]}}