{"id":2036,"date":"2023-04-03T12:50:54","date_gmt":"2023-04-03T09:50:54","guid":{"rendered":"http:\/\/localhost\/fdsp1\/?page_id=2036"},"modified":"2025-03-10T12:10:10","modified_gmt":"2025-03-10T09:10:10","slug":"vice-doyen-charge-des-etudes-et-des-questions-liees-aux-etudiants-2","status":"publish","type":"page","link":"http:\/\/www.univ-dbkm.dz\/fdsp1\/fr\/vice-doyen-charge-des-etudes-et-des-questions-liees-aux-etudiants-2\/","title":{"rendered":"Vice Doyen charg\u00e9 des \u00e9tudes et des questions li\u00e9es aux \u00e9tudiants"},"content":{"rendered":"\t\t<div data-elementor-type=\"wp-page\" data-elementor-id=\"2036\" class=\"elementor elementor-2036\">\n\t\t\t\t\t\t<section class=\"elementor-section elementor-top-section elementor-element elementor-element-49f823f elementor-section-boxed elementor-section-height-default elementor-section-height-default wpr-particle-no wpr-jarallax-no wpr-parallax-no wpr-sticky-section-no\" data-id=\"49f823f\" data-element_type=\"section\">\n\t\t\t\t\t\t<div class=\"elementor-container elementor-column-gap-default\">\n\t\t\t\t\t<div class=\"elementor-column elementor-col-100 elementor-top-column elementor-element elementor-element-7cc5fbd\" data-id=\"7cc5fbd\" data-element_type=\"column\">\n\t\t\t<div class=\"elementor-widget-wrap elementor-element-populated\">\n\t\t\t\t\t\t<div class=\"elementor-element elementor-element-89a4ba6 elementor-invisible elementor-widget elementor-widget-heading\" data-id=\"89a4ba6\" data-element_type=\"widget\" data-settings=\"{&quot;_animation&quot;:&quot;fadeInDown&quot;}\" data-widget_type=\"heading.default\">\n\t\t\t\t<div class=\"elementor-widget-container\">\n\t\t\t\t\t<h2 class=\"elementor-heading-title elementor-size-default\">Vice Doyen charg\u00e9 des \u00e9tudes et des questions li\u00e9es aux \u00e9tudiants<\/h2>\t\t\t\t<\/div>\n\t\t\t\t<\/div>\n\t\t\t\t\t<\/div>\n\t\t<\/div>\n\t\t\t\t\t<\/div>\n\t\t<\/section>\n\t\t\t\t<section class=\"elementor-section elementor-top-section elementor-element elementor-element-e2be3a7 elementor-section-boxed elementor-section-height-default elementor-section-height-default wpr-particle-no wpr-jarallax-no wpr-parallax-no wpr-sticky-section-no\" data-id=\"e2be3a7\" data-element_type=\"section\">\n\t\t\t\t\t\t<div class=\"elementor-container elementor-column-gap-default\">\n\t\t\t\t\t<div class=\"elementor-column elementor-col-100 elementor-top-column elementor-element elementor-element-71f1d62\" data-id=\"71f1d62\" data-element_type=\"column\">\n\t\t\t<div class=\"elementor-widget-wrap elementor-element-populated\">\n\t\t\t\t\t\t<div class=\"elementor-element elementor-element-647b918 elementor-invisible elementor-widget elementor-widget-heading\" data-id=\"647b918\" data-element_type=\"widget\" data-settings=\"{&quot;_animation&quot;:&quot;fadeInDown&quot;}\" data-widget_type=\"heading.default\">\n\t\t\t\t<div class=\"elementor-widget-container\">\n\t\t\t\t\t<h2 class=\"elementor-heading-title elementor-size-default\">Charge<\/h2>\t\t\t\t<\/div>\n\t\t\t\t<\/div>\n\t\t\t\t\t<\/div>\n\t\t<\/div>\n\t\t\t\t\t<\/div>\n\t\t<\/section>\n\t\t\t\t<section class=\"elementor-section elementor-top-section elementor-element elementor-element-4f76e65 elementor-section-boxed elementor-section-height-default elementor-section-height-default wpr-particle-no wpr-jarallax-no wpr-parallax-no wpr-sticky-section-no\" data-id=\"4f76e65\" data-element_type=\"section\">\n\t\t\t\t\t\t<div class=\"elementor-container elementor-column-gap-default\">\n\t\t\t\t\t<div class=\"elementor-column elementor-col-100 elementor-top-column elementor-element elementor-element-1548407\" data-id=\"1548407\" data-element_type=\"column\">\n\t\t\t<div class=\"elementor-widget-wrap elementor-element-populated\">\n\t\t\t\t\t\t<div class=\"elementor-element elementor-element-22a271c elementor-invisible elementor-widget elementor-widget-text-editor\" data-id=\"22a271c\" data-element_type=\"widget\" data-settings=\"{&quot;_animation&quot;:&quot;fadeInDown&quot;}\" data-widget_type=\"text-editor.default\">\n\t\t\t\t<div class=\"elementor-widget-container\">\n\t\t\t\t\t\t\t\t\t<p><strong>\u00a0 \u00a0 Les devoirs du vice-doyen charg\u00e9 des \u00e9tudes et les questions relatives aux \u00e9tudiants<\/strong><\/p><ul><li>Assurer la gestion et le suivi des inscriptions des stagiaires.<\/li><li>Faire le suivi de l&rsquo;avancement des activit\u00e9s d&rsquo;\u00e9ducation et prendre ou sugg\u00e9rer au doyen toute action pour l&rsquo;am\u00e9liorer.<\/li><li>Tenir \u00e0 jour la liste nominative et statistique des \u00e9tudiants.<\/li><li>Collecter des supports p\u00e9dagogiques au profit des \u00e9tudiants, les traiter et les publier<br \/><strong>Les int\u00e9r\u00eats du Vice-doyen charg\u00e9 des \u00e9tudes et des affaires \u00e9tudiantes :<\/strong><\/li><li>Int\u00e9r\u00eat p\u00e9dagogique.<\/li><li>D\u00e9partement de l&rsquo;\u00e9ducation et de l&rsquo;\u00e9valuation.<\/li><li>Direction de la Statistique, de l&rsquo;Information et de l&rsquo;Orientation<\/li><\/ul>\t\t\t\t\t\t\t\t<\/div>\n\t\t\t\t<\/div>\n\t\t\t\t\t<\/div>\n\t\t<\/div>\n\t\t\t\t\t<\/div>\n\t\t<\/section>\n\t\t\t\t<\/div>\n\t\t","protected":false},"excerpt":{"rendered":"<p>Vice Doyen charg\u00e9 des \u00e9tudes et des questions li\u00e9es aux \u00e9tudiants Charge \u00a0 \u00a0 Les devoirs du vice-doyen charg\u00e9 des \u00e9tudes et les questions relatives aux \u00e9tudiants Assurer la gestion et le suivi des inscriptions des stagiaires. Faire le suivi de l&rsquo;avancement des activit\u00e9s d&rsquo;\u00e9ducation et prendre ou sugg\u00e9rer au doyen toute action pour l&rsquo;am\u00e9liorer. Tenir \u00e0 jour la liste nominative et statistique des \u00e9tudiants. Collecter des supports p\u00e9dagogiques au profit des \u00e9tudiants, les traiter et les publierLes int\u00e9r\u00eats du Vice-doyen charg\u00e9 des \u00e9tudes et des affaires \u00e9tudiantes : Int\u00e9r\u00eat p\u00e9dagogique. D\u00e9partement de l&rsquo;\u00e9ducation et de l&rsquo;\u00e9valuation. Direction de la Statistique, de l&rsquo;Information et de l&rsquo;Orientation<\/p>\n","protected":false},"author":1,"featured_media":0,"parent":0,"menu_order":0,"comment_status":"closed","ping_status":"closed","template":"","meta":{"site-sidebar-layout":"no-sidebar","site-content-layout":"page-builder","ast-global-header-display":"","ast-main-header-display":"","ast-hfb-above-header-display":"","ast-hfb-below-header-display":"","ast-hfb-mobile-header-display":"","site-post-title":"disabled","ast-breadcrumbs-content":"","ast-featured-img":"disabled","footer-sml-layout":"","theme-transparent-header-meta":"","adv-header-id-meta":"","stick-header-meta":"","header-above-stick-meta":"","header-main-stick-meta":"","header-below-stick-meta":"","footnotes":""},"class_list":["post-2036","page","type-page","status-publish","hentry"],"rttpg_featured_image_url":null,"rttpg_author":{"display_name":"fdsp1","author_link":"http:\/\/www.univ-dbkm.dz\/fdsp1\/author\/fdsp1\/"},"rttpg_comment":0,"rttpg_category":" <a href=\"http:\/\/www.univ-dbkm.dz\/fdsp1\/fr\/\" rel=\"tag\">Fran\u00e7ais<\/a>","rttpg_excerpt":"Vice Doyen charg\u00e9 des \u00e9tudes et des questions li\u00e9es aux \u00e9tudiants Charge \u00a0 \u00a0 Les devoirs du vice-doyen charg\u00e9 des \u00e9tudes et les questions relatives aux \u00e9tudiants Assurer la gestion et le suivi des inscriptions des stagiaires. Faire le suivi de l&rsquo;avancement des activit\u00e9s d&rsquo;\u00e9ducation et prendre ou sugg\u00e9rer au doyen toute action pour l&rsquo;am\u00e9liorer.\u2026","_links":{"self":[{"href":"http:\/\/www.univ-dbkm.dz\/fdsp1\/wp-json\/wp\/v2\/pages\/2036","targetHints":{"allow":["GET"]}}],"collection":[{"href":"http:\/\/www.univ-dbkm.dz\/fdsp1\/wp-json\/wp\/v2\/pages"}],"about":[{"href":"http:\/\/www.univ-dbkm.dz\/fdsp1\/wp-json\/wp\/v2\/types\/page"}],"author":[{"embeddable":true,"href":"http:\/\/www.univ-dbkm.dz\/fdsp1\/wp-json\/wp\/v2\/users\/1"}],"replies":[{"embeddable":true,"href":"http:\/\/www.univ-dbkm.dz\/fdsp1\/wp-json\/wp\/v2\/comments?post=2036"}],"version-history":[{"count":7,"href":"http:\/\/www.univ-dbkm.dz\/fdsp1\/wp-json\/wp\/v2\/pages\/2036\/revisions"}],"predecessor-version":[{"id":8399,"href":"http:\/\/www.univ-dbkm.dz\/fdsp1\/wp-json\/wp\/v2\/pages\/2036\/revisions\/8399"}],"wp:attachment":[{"href":"http:\/\/www.univ-dbkm.dz\/fdsp1\/wp-json\/wp\/v2\/media?parent=2036"}],"curies":[{"name":"wp","href":"https:\/\/api.w.org\/{rel}","templated":true}]}}