{"id":2410,"date":"2023-05-21T13:40:37","date_gmt":"2023-05-21T10:40:37","guid":{"rendered":"http:\/\/www.univ-dbkm.dz\/fdsp1\/?page_id=2410"},"modified":"2025-03-07T17:58:52","modified_gmt":"2025-03-07T14:58:52","slug":"laboratoires-de-recherche-2","status":"publish","type":"page","link":"http:\/\/www.univ-dbkm.dz\/fdsp1\/fr\/laboratoires-de-recherche-2\/","title":{"rendered":"Laboratoires de recherche"},"content":{"rendered":"\t\t<div data-elementor-type=\"wp-page\" data-elementor-id=\"2410\" class=\"elementor elementor-2410\">\n\t\t\t\t\t\t<section class=\"elementor-section elementor-top-section elementor-element elementor-element-5daf3a8 elementor-section-boxed elementor-section-height-default elementor-section-height-default wpr-particle-no wpr-jarallax-no wpr-parallax-no wpr-sticky-section-no\" data-id=\"5daf3a8\" data-element_type=\"section\">\n\t\t\t\t\t\t<div class=\"elementor-container elementor-column-gap-default\">\n\t\t\t\t\t<div class=\"elementor-column elementor-col-100 elementor-top-column elementor-element elementor-element-a4429d0\" data-id=\"a4429d0\" data-element_type=\"column\">\n\t\t\t<div class=\"elementor-widget-wrap elementor-element-populated\">\n\t\t\t\t\t\t<div class=\"elementor-element elementor-element-48e6cb6 elementor-widget elementor-widget-image\" data-id=\"48e6cb6\" data-element_type=\"widget\" data-widget_type=\"image.default\">\n\t\t\t\t<div class=\"elementor-widget-container\">\n\t\t\t\t\t\t\t\t\t\t\t\t\t\t\t<img fetchpriority=\"high\" decoding=\"async\" width=\"1200\" height=\"525\" src=\"http:\/\/www.univ-dbkm.dz\/fdsp1\/wp-content\/uploads\/2025\/03\/droit-affaire-1-1.jpg\" class=\"attachment-1536x1536 size-1536x1536 wp-image-8082\" alt=\"\" srcset=\"http:\/\/www.univ-dbkm.dz\/fdsp1\/wp-content\/uploads\/2025\/03\/droit-affaire-1-1.jpg 1200w, http:\/\/www.univ-dbkm.dz\/fdsp1\/wp-content\/uploads\/2025\/03\/droit-affaire-1-1-300x131.jpg 300w, http:\/\/www.univ-dbkm.dz\/fdsp1\/wp-content\/uploads\/2025\/03\/droit-affaire-1-1-1024x448.jpg 1024w, http:\/\/www.univ-dbkm.dz\/fdsp1\/wp-content\/uploads\/2025\/03\/droit-affaire-1-1-768x336.jpg 768w\" sizes=\"(max-width: 1200px) 100vw, 1200px\" \/>\t\t\t\t\t\t\t\t\t\t\t\t\t\t\t<\/div>\n\t\t\t\t<\/div>\n\t\t\t\t\t<\/div>\n\t\t<\/div>\n\t\t\t\t\t<\/div>\n\t\t<\/section>\n\t\t\t\t<section class=\"elementor-section elementor-top-section elementor-element elementor-element-691fe71 elementor-section-boxed elementor-section-height-default elementor-section-height-default wpr-particle-no wpr-jarallax-no wpr-parallax-no wpr-sticky-section-no\" data-id=\"691fe71\" data-element_type=\"section\">\n\t\t\t\t\t\t<div class=\"elementor-container elementor-column-gap-default\">\n\t\t\t\t\t<div class=\"elementor-column elementor-col-100 elementor-top-column elementor-element elementor-element-2b362e7\" data-id=\"2b362e7\" data-element_type=\"column\">\n\t\t\t<div class=\"elementor-widget-wrap elementor-element-populated\">\n\t\t\t\t\t\t<div class=\"elementor-element elementor-element-869d0cf elementor-invisible elementor-widget elementor-widget-heading\" data-id=\"869d0cf\" data-element_type=\"widget\" data-settings=\"{&quot;_animation&quot;:&quot;fadeInDown&quot;}\" data-widget_type=\"heading.default\">\n\t\t\t\t<div class=\"elementor-widget-container\">\n\t\t\t\t\t<h2 class=\"elementor-heading-title elementor-size-default\">Laboratoires de recherche du Facult\u00e9<\/h2>\t\t\t\t<\/div>\n\t\t\t\t<\/div>\n\t\t\t\t\t<\/div>\n\t\t<\/div>\n\t\t\t\t\t<\/div>\n\t\t<\/section>\n\t\t\t\t<section class=\"elementor-section elementor-top-section elementor-element elementor-element-7c0a7d1 elementor-section-boxed elementor-section-height-default elementor-section-height-default wpr-particle-no wpr-jarallax-no wpr-parallax-no wpr-sticky-section-no\" data-id=\"7c0a7d1\" data-element_type=\"section\">\n\t\t\t\t\t\t<div class=\"elementor-container elementor-column-gap-default\">\n\t\t\t\t\t<div class=\"elementor-column elementor-col-100 elementor-top-column elementor-element elementor-element-b96f363\" data-id=\"b96f363\" data-element_type=\"column\">\n\t\t\t<div class=\"elementor-widget-wrap elementor-element-populated\">\n\t\t\t\t\t\t<div class=\"elementor-element elementor-element-976a29a elementor-invisible elementor-widget elementor-widget-text-editor\" data-id=\"976a29a\" data-element_type=\"widget\" data-settings=\"{&quot;_animation&quot;:&quot;fadeInDown&quot;}\" data-widget_type=\"text-editor.default\">\n\t\t\t\t<div class=\"elementor-widget-container\">\n\t\t\t\t\t\t\t\t\t<article id=\"post-1306\" class=\"post-1306 page type-page status-publish hentry\"><div class=\"entry-content\"><p><strong>La Facult\u00e9 comprend trois (03) laboratoires :<\/strong><\/p><ul><li>Laboratoire du syst\u00e8me d&rsquo;\u00e9tat civil.<\/li><li>Informateur du syst\u00e8me juridique des contrats et des proc\u00e9dures de droit priv\u00e9.<\/li><li>Laboratoire alg\u00e9rien de s\u00e9curit\u00e9 nationale.. Enjeux et d\u00e9fis.<\/li><\/ul><\/div><footer class=\"entry-footer\"><\/footer><\/article>\t\t\t\t\t\t\t\t<\/div>\n\t\t\t\t<\/div>\n\t\t\t\t\t<\/div>\n\t\t<\/div>\n\t\t\t\t\t<\/div>\n\t\t<\/section>\n\t\t\t\t<\/div>\n\t\t","protected":false},"excerpt":{"rendered":"<p>Laboratoires de recherche du Facult\u00e9 La Facult\u00e9 comprend trois (03) laboratoires : Laboratoire du syst\u00e8me d&rsquo;\u00e9tat civil. Informateur du syst\u00e8me juridique des contrats et des proc\u00e9dures de droit priv\u00e9. Laboratoire alg\u00e9rien de s\u00e9curit\u00e9 nationale.. Enjeux et d\u00e9fis.<\/p>\n","protected":false},"author":1,"featured_media":0,"parent":0,"menu_order":0,"comment_status":"closed","ping_status":"closed","template":"","meta":{"site-sidebar-layout":"no-sidebar","site-content-layout":"page-builder","ast-global-header-display":"","ast-main-header-display":"","ast-hfb-above-header-display":"","ast-hfb-below-header-display":"","ast-hfb-mobile-header-display":"","site-post-title":"disabled","ast-breadcrumbs-content":"","ast-featured-img":"disabled","footer-sml-layout":"","theme-transparent-header-meta":"","adv-header-id-meta":"","stick-header-meta":"","header-above-stick-meta":"","header-main-stick-meta":"","header-below-stick-meta":"","footnotes":""},"class_list":["post-2410","page","type-page","status-publish","hentry"],"rttpg_featured_image_url":null,"rttpg_author":{"display_name":"fdsp1","author_link":"http:\/\/www.univ-dbkm.dz\/fdsp1\/author\/fdsp1\/"},"rttpg_comment":0,"rttpg_category":" <a href=\"http:\/\/www.univ-dbkm.dz\/fdsp1\/fr\/\" rel=\"tag\">Fran\u00e7ais<\/a>","rttpg_excerpt":"Laboratoires de recherche du Facult\u00e9 La Facult\u00e9 comprend trois (03) laboratoires : Laboratoire du syst\u00e8me d&rsquo;\u00e9tat civil. Informateur du syst\u00e8me juridique des contrats et des proc\u00e9dures de droit priv\u00e9. Laboratoire alg\u00e9rien de s\u00e9curit\u00e9 nationale.. Enjeux et d\u00e9fis.","_links":{"self":[{"href":"http:\/\/www.univ-dbkm.dz\/fdsp1\/wp-json\/wp\/v2\/pages\/2410","targetHints":{"allow":["GET"]}}],"collection":[{"href":"http:\/\/www.univ-dbkm.dz\/fdsp1\/wp-json\/wp\/v2\/pages"}],"about":[{"href":"http:\/\/www.univ-dbkm.dz\/fdsp1\/wp-json\/wp\/v2\/types\/page"}],"author":[{"embeddable":true,"href":"http:\/\/www.univ-dbkm.dz\/fdsp1\/wp-json\/wp\/v2\/users\/1"}],"replies":[{"embeddable":true,"href":"http:\/\/www.univ-dbkm.dz\/fdsp1\/wp-json\/wp\/v2\/comments?post=2410"}],"version-history":[{"count":10,"href":"http:\/\/www.univ-dbkm.dz\/fdsp1\/wp-json\/wp\/v2\/pages\/2410\/revisions"}],"predecessor-version":[{"id":8313,"href":"http:\/\/www.univ-dbkm.dz\/fdsp1\/wp-json\/wp\/v2\/pages\/2410\/revisions\/8313"}],"wp:attachment":[{"href":"http:\/\/www.univ-dbkm.dz\/fdsp1\/wp-json\/wp\/v2\/media?parent=2410"}],"curies":[{"name":"wp","href":"https:\/\/api.w.org\/{rel}","templated":true}]}}