{"id":2501,"date":"2023-05-21T16:41:12","date_gmt":"2023-05-21T13:41:12","guid":{"rendered":"http:\/\/www.univ-dbkm.dz\/fdsp1\/?page_id=2501"},"modified":"2025-03-07T17:46:28","modified_gmt":"2025-03-07T14:46:28","slug":"lenseignement-a-distance","status":"publish","type":"page","link":"http:\/\/www.univ-dbkm.dz\/fdsp1\/fr\/lenseignement-a-distance\/","title":{"rendered":"L&rsquo;enseignement \u00e0 distance"},"content":{"rendered":"\t\t<div data-elementor-type=\"wp-page\" data-elementor-id=\"2501\" class=\"elementor elementor-2501\">\n\t\t\t\t\t\t<section class=\"elementor-section elementor-top-section elementor-element elementor-element-83ba2e0 elementor-section-boxed elementor-section-height-default elementor-section-height-default wpr-particle-no wpr-jarallax-no wpr-parallax-no wpr-sticky-section-no\" data-id=\"83ba2e0\" data-element_type=\"section\">\n\t\t\t\t\t\t<div class=\"elementor-container elementor-column-gap-default\">\n\t\t\t\t\t<div class=\"elementor-column elementor-col-100 elementor-top-column elementor-element elementor-element-b17064c\" data-id=\"b17064c\" data-element_type=\"column\">\n\t\t\t<div class=\"elementor-widget-wrap elementor-element-populated\">\n\t\t\t\t\t\t<div class=\"elementor-element elementor-element-4a88caf elementor-widget elementor-widget-image\" data-id=\"4a88caf\" data-element_type=\"widget\" data-widget_type=\"image.default\">\n\t\t\t\t<div class=\"elementor-widget-container\">\n\t\t\t\t\t\t\t\t\t\t\t\t\t\t\t<img fetchpriority=\"high\" decoding=\"async\" width=\"1200\" height=\"525\" src=\"http:\/\/www.univ-dbkm.dz\/fdsp1\/wp-content\/uploads\/2025\/03\/droit-affaire-1-1.jpg\" class=\"attachment-1536x1536 size-1536x1536 wp-image-8082\" alt=\"\" srcset=\"http:\/\/www.univ-dbkm.dz\/fdsp1\/wp-content\/uploads\/2025\/03\/droit-affaire-1-1.jpg 1200w, http:\/\/www.univ-dbkm.dz\/fdsp1\/wp-content\/uploads\/2025\/03\/droit-affaire-1-1-300x131.jpg 300w, http:\/\/www.univ-dbkm.dz\/fdsp1\/wp-content\/uploads\/2025\/03\/droit-affaire-1-1-1024x448.jpg 1024w, http:\/\/www.univ-dbkm.dz\/fdsp1\/wp-content\/uploads\/2025\/03\/droit-affaire-1-1-768x336.jpg 768w\" sizes=\"(max-width: 1200px) 100vw, 1200px\" \/>\t\t\t\t\t\t\t\t\t\t\t\t\t\t\t<\/div>\n\t\t\t\t<\/div>\n\t\t\t\t\t<\/div>\n\t\t<\/div>\n\t\t\t\t\t<\/div>\n\t\t<\/section>\n\t\t\t\t<section class=\"elementor-section elementor-top-section elementor-element elementor-element-dc9ac32 elementor-section-boxed elementor-section-height-default elementor-section-height-default wpr-particle-no wpr-jarallax-no wpr-parallax-no wpr-sticky-section-no\" data-id=\"dc9ac32\" data-element_type=\"section\">\n\t\t\t\t\t\t<div class=\"elementor-container elementor-column-gap-default\">\n\t\t\t\t\t<div class=\"elementor-column elementor-col-100 elementor-top-column elementor-element elementor-element-a88ab99\" data-id=\"a88ab99\" data-element_type=\"column\">\n\t\t\t<div class=\"elementor-widget-wrap elementor-element-populated\">\n\t\t\t\t\t\t<div class=\"elementor-element elementor-element-bec87b4 elementor-invisible elementor-widget elementor-widget-heading\" data-id=\"bec87b4\" data-element_type=\"widget\" data-settings=\"{&quot;_animation&quot;:&quot;fadeInDown&quot;}\" data-widget_type=\"heading.default\">\n\t\t\t\t<div class=\"elementor-widget-container\">\n\t\t\t\t\t<h2 class=\"elementor-heading-title elementor-size-default\"><h2 class=\"text-center text-success\" style=\"margin-bottom: 0.5rem;font-weight: 500;line-height: 1.2;font-size: 2rem;font-family: amiri;font-style: normal;text-transform: none;white-space: normal\"><span class=\"fa fa-laptop\"><\/span><\/h2><span style=\"font-family: amiri;font-size: 2rem;font-weight: 500;text-transform: none;white-space: normal;background-color: var(--ast-global-color-4)\">&nbsp;<\/span><span style=\"font-family: amiri;font-size: 2rem;font-weight: 500;text-transform: none;white-space: normal;background-color: var(--ast-global-color-4)\">Platephorme d'enseignement \u00e0 distance<\/span><\/h2>\t\t\t\t<\/div>\n\t\t\t\t<\/div>\n\t\t\t\t<div class=\"elementor-element elementor-element-ae0cdbb elementor-widget elementor-widget-text-editor\" data-id=\"ae0cdbb\" data-element_type=\"widget\" data-widget_type=\"text-editor.default\">\n\t\t\t\t<div class=\"elementor-widget-container\">\n\t\t\t\t\t\t\t\t\t<h3><strong>Vous pouvez acc\u00e9der \u00e0 la plateforme d&rsquo;enseignement \u00e0 distance via le lien suivant :<\/strong><\/h3><h3><strong> <a href=\"http:\/\/moodle.univ-dbkm.dz\/?lang=fr\">http:\/\/moodle.univ-dbkm.dz\/?lang=fr<\/a><\/strong><\/h3>\t\t\t\t\t\t\t\t<\/div>\n\t\t\t\t<\/div>\n\t\t\t\t\t<\/div>\n\t\t<\/div>\n\t\t\t\t\t<\/div>\n\t\t<\/section>\n\t\t\t\t<\/div>\n\t\t","protected":false},"excerpt":{"rendered":"<p>&nbsp;Platephorme d&rsquo;enseignement \u00e0 distance Vous pouvez acc\u00e9der \u00e0 la plateforme d&rsquo;enseignement \u00e0 distance via le lien suivant : http:\/\/moodle.univ-dbkm.dz\/?lang=fr<\/p>\n","protected":false},"author":1,"featured_media":0,"parent":0,"menu_order":0,"comment_status":"closed","ping_status":"closed","template":"","meta":{"site-sidebar-layout":"no-sidebar","site-content-layout":"page-builder","ast-global-header-display":"","ast-main-header-display":"","ast-hfb-above-header-display":"","ast-hfb-below-header-display":"","ast-hfb-mobile-header-display":"","site-post-title":"disabled","ast-breadcrumbs-content":"","ast-featured-img":"disabled","footer-sml-layout":"","theme-transparent-header-meta":"","adv-header-id-meta":"","stick-header-meta":"","header-above-stick-meta":"","header-main-stick-meta":"","header-below-stick-meta":"","footnotes":""},"class_list":["post-2501","page","type-page","status-publish","hentry"],"rttpg_featured_image_url":null,"rttpg_author":{"display_name":"fdsp1","author_link":"http:\/\/www.univ-dbkm.dz\/fdsp1\/author\/fdsp1\/"},"rttpg_comment":0,"rttpg_category":" <a href=\"http:\/\/www.univ-dbkm.dz\/fdsp1\/fr\/\" rel=\"tag\">Fran\u00e7ais<\/a>","rttpg_excerpt":"&nbsp;Platephorme d&rsquo;enseignement \u00e0 distance Vous pouvez acc\u00e9der \u00e0 la plateforme d&rsquo;enseignement \u00e0 distance via le lien suivant : http:\/\/moodle.univ-dbkm.dz\/?lang=fr","_links":{"self":[{"href":"http:\/\/www.univ-dbkm.dz\/fdsp1\/wp-json\/wp\/v2\/pages\/2501","targetHints":{"allow":["GET"]}}],"collection":[{"href":"http:\/\/www.univ-dbkm.dz\/fdsp1\/wp-json\/wp\/v2\/pages"}],"about":[{"href":"http:\/\/www.univ-dbkm.dz\/fdsp1\/wp-json\/wp\/v2\/types\/page"}],"author":[{"embeddable":true,"href":"http:\/\/www.univ-dbkm.dz\/fdsp1\/wp-json\/wp\/v2\/users\/1"}],"replies":[{"embeddable":true,"href":"http:\/\/www.univ-dbkm.dz\/fdsp1\/wp-json\/wp\/v2\/comments?post=2501"}],"version-history":[{"count":17,"href":"http:\/\/www.univ-dbkm.dz\/fdsp1\/wp-json\/wp\/v2\/pages\/2501\/revisions"}],"predecessor-version":[{"id":8379,"href":"http:\/\/www.univ-dbkm.dz\/fdsp1\/wp-json\/wp\/v2\/pages\/2501\/revisions\/8379"}],"wp:attachment":[{"href":"http:\/\/www.univ-dbkm.dz\/fdsp1\/wp-json\/wp\/v2\/media?parent=2501"}],"curies":[{"name":"wp","href":"https:\/\/api.w.org\/{rel}","templated":true}]}}