{"id":2544,"date":"2023-05-21T16:59:26","date_gmt":"2023-05-21T13:59:26","guid":{"rendered":"http:\/\/www.univ-dbkm.dz\/fdsp1\/?page_id=2544"},"modified":"2023-06-11T15:54:28","modified_gmt":"2023-06-11T12:54:28","slug":"etudiants-internationaux","status":"publish","type":"page","link":"http:\/\/www.univ-dbkm.dz\/fdsp1\/fr\/etudiants-internationaux\/","title":{"rendered":"\u00e9tudiants internationaux"},"content":{"rendered":"\t\t<div data-elementor-type=\"wp-page\" data-elementor-id=\"2544\" class=\"elementor elementor-2544\">\n\t\t\t\t\t\t<section class=\"elementor-section elementor-top-section elementor-element elementor-element-1b45002 elementor-section-boxed elementor-section-height-default elementor-section-height-default wpr-particle-no wpr-jarallax-no wpr-parallax-no wpr-sticky-section-no\" data-id=\"1b45002\" data-element_type=\"section\">\n\t\t\t\t\t\t<div class=\"elementor-container elementor-column-gap-default\">\n\t\t\t\t\t<div class=\"elementor-column elementor-col-100 elementor-top-column elementor-element elementor-element-6d757a5\" data-id=\"6d757a5\" data-element_type=\"column\">\n\t\t\t<div class=\"elementor-widget-wrap elementor-element-populated\">\n\t\t\t\t\t\t<div class=\"elementor-element elementor-element-4dc4095 elementor-invisible elementor-widget elementor-widget-heading\" data-id=\"4dc4095\" data-element_type=\"widget\" data-settings=\"{&quot;_animation&quot;:&quot;fadeInLeft&quot;}\" data-widget_type=\"heading.default\">\n\t\t\t\t<div class=\"elementor-widget-container\">\n\t\t\t\t\t<h2 class=\"elementor-heading-title elementor-size-default\">Les \u00e9tudiants internationaux<\/h2>\t\t\t\t<\/div>\n\t\t\t\t<\/div>\n\t\t\t\t\t<\/div>\n\t\t<\/div>\n\t\t\t\t\t<\/div>\n\t\t<\/section>\n\t\t\t\t<section class=\"elementor-section elementor-top-section elementor-element elementor-element-f8c38f3 elementor-section-boxed elementor-section-height-default elementor-section-height-default wpr-particle-no wpr-jarallax-no wpr-parallax-no wpr-sticky-section-no\" data-id=\"f8c38f3\" data-element_type=\"section\">\n\t\t\t\t\t\t<div class=\"elementor-container elementor-column-gap-default\">\n\t\t\t\t\t<div class=\"elementor-column elementor-col-100 elementor-top-column elementor-element elementor-element-af3e125\" data-id=\"af3e125\" data-element_type=\"column\">\n\t\t\t<div class=\"elementor-widget-wrap elementor-element-populated\">\n\t\t\t\t\t\t<div class=\"elementor-element elementor-element-8e02fee elementor-invisible elementor-widget elementor-widget-heading\" data-id=\"8e02fee\" data-element_type=\"widget\" data-settings=\"{&quot;_animation&quot;:&quot;fadeInDown&quot;}\" data-widget_type=\"heading.default\">\n\t\t\t\t<div class=\"elementor-widget-container\">\n\t\t\t\t\t<h2 class=\"elementor-heading-title elementor-size-default\">Liste des \u00e9tudiants \u00e9trangers affili\u00e9s \u00e0 la Facult\u00e9 de droit et de science politique\ndurant l'ann\u00e9e acad\u00e9mique 2022\/2023\n<\/h2>\t\t\t\t<\/div>\n\t\t\t\t<\/div>\n\t\t\t\t\t<\/div>\n\t\t<\/div>\n\t\t\t\t\t<\/div>\n\t\t<\/section>\n\t\t\t\t<section class=\"elementor-section elementor-top-section elementor-element elementor-element-4d7ed4e elementor-section-boxed elementor-section-height-default elementor-section-height-default wpr-particle-no wpr-jarallax-no wpr-parallax-no wpr-sticky-section-no\" data-id=\"4d7ed4e\" data-element_type=\"section\">\n\t\t\t\t\t\t<div class=\"elementor-container elementor-column-gap-default\">\n\t\t\t\t\t<div class=\"elementor-column elementor-col-100 elementor-top-column elementor-element elementor-element-7765036\" data-id=\"7765036\" data-element_type=\"column\">\n\t\t\t<div class=\"elementor-widget-wrap elementor-element-populated\">\n\t\t\t\t\t\t<div class=\"elementor-element elementor-element-9287a06 elementor-invisible elementor-widget elementor-widget-text-editor\" data-id=\"9287a06\" data-element_type=\"widget\" data-settings=\"{&quot;_animation&quot;:&quot;fadeInDown&quot;}\" data-widget_type=\"text-editor.default\">\n\t\t\t\t<div class=\"elementor-widget-container\">\n\t\t\t\t\t\t\t\t\t<table width=\"869\"><tbody><tr><td width=\"85\"><p>Ann\u00e9e univ<\/p><\/td><td width=\"132\"><p>Sp\u00e9cialit\u00e9<\/p><\/td><td width=\"57\"><p>Ann\u00e9e<\/p><\/td><td width=\"76\"><p>Dipl\u00f4me<\/p><\/td><td width=\"123\"><p>Matricule<\/p><\/td><td width=\"104\"><p>Nationalit\u00e9<\/p><\/td><td width=\"236\"><p>Nom &amp; Pr\u00e9noms<\/p><\/td><td width=\"57\"><p>N\u00b0<\/p><\/td><\/tr><tr><td width=\"85\"><p>2022\/2023<\/p><\/td><td width=\"132\"><p>Tronc commun<\/p><\/td><td width=\"57\"><p>1<\/p><\/td><td width=\"76\"><p>Licence<\/p><\/td><td width=\"123\"><p>4442220697<\/p><\/td><td width=\"104\"><p>Nig\u00e9rienne<\/p><\/td><td width=\"236\"><p>ADETUNJI\u00a0 Amoo\u00a0 Abdul\u00a0 Qaudir<\/p><\/td><td width=\"57\"><p>01<\/p><\/td><\/tr><tr><td width=\"85\"><p>2022\/2023<\/p><\/td><td width=\"132\"><p>Tronc commun<\/p><\/td><td width=\"57\"><p>1<\/p><\/td><td width=\"76\"><p>Licence<\/p><\/td><td width=\"123\"><p>4442220698<\/p><\/td><td width=\"104\"><p>Nig\u00e9rienne<\/p><\/td><td width=\"236\"><p>HASSAN SARKI\u00a0 Fatima<\/p><p>Fatima hassansarki80@gmail.com<\/p><\/td><td width=\"57\"><p>02<\/p><\/td><\/tr><tr><td width=\"85\"><p>2022\/2023<\/p><\/td><td width=\"132\"><p>Tronc commun<\/p><\/td><td width=\"57\"><p>1<\/p><\/td><td width=\"76\"><p>Licence<\/p><\/td><td width=\"123\"><p>4442220699<\/p><\/td><td width=\"104\"><p>Nig\u00e9rienne<\/p><\/td><td width=\"236\"><p>HASSAN\u00a0 SARKI\u00a0 EL Mustapha<\/p><\/td><td width=\"57\"><p>03<\/p><\/td><\/tr><tr><td width=\"85\"><p>2022\/2023<\/p><\/td><td width=\"132\"><p>Droit administratif<\/p><\/td><td width=\"57\"><p>2<\/p><\/td><td width=\"76\"><p>Master<\/p><\/td><td width=\"123\"><p>4442214265<\/p><\/td><td width=\"104\"><p>Palestinienne<\/p><\/td><td width=\"236\"><p>ABUARAB\u00a0 Fathi<\/p><\/td><td width=\"57\"><p>04<\/p><\/td><\/tr><tr><td width=\"85\"><p>2022\/2023<\/p><\/td><td width=\"132\"><p>Droit\u00a0 des affaires<\/p><\/td><td width=\"57\"><p>5<\/p><\/td><td width=\"76\"><p>Doctorat<\/p><\/td><td width=\"123\"><p>38111233<\/p><\/td><td width=\"104\"><p>Palestinienne<\/p><\/td><td width=\"236\"><p>MHANNA\u00a0 MohammadAlfarouq<\/p><\/td><td width=\"57\"><p>05<\/p><\/td><\/tr><tr><td width=\"85\"><p>2022\/2023<\/p><\/td><td width=\"132\"><p>Droit\u00a0 des affaires<\/p><\/td><td width=\"57\"><p>5<\/p><\/td><td width=\"76\"><p>Doctorat<\/p><\/td><td width=\"123\"><p>019703<\/p><\/td><td width=\"104\"><p>Tunisienne<\/p><\/td><td width=\"236\"><p>BADR\u00a0 EL TAMMAM\u00a0 omri<\/p><p>omribadrettemem@gmail.com<\/p><\/td><td width=\"57\"><p>06<\/p><\/td><\/tr><\/tbody><\/table>\t\t\t\t\t\t\t\t<\/div>\n\t\t\t\t<\/div>\n\t\t\t\t\t<\/div>\n\t\t<\/div>\n\t\t\t\t\t<\/div>\n\t\t<\/section>\n\t\t\t\t<section class=\"elementor-section elementor-top-section elementor-element elementor-element-05d70fb elementor-section-boxed elementor-section-height-default elementor-section-height-default wpr-particle-no wpr-jarallax-no wpr-parallax-no wpr-sticky-section-no\" data-id=\"05d70fb\" data-element_type=\"section\">\n\t\t\t\t\t\t<div class=\"elementor-container elementor-column-gap-default\">\n\t\t\t\t\t<div class=\"elementor-column elementor-col-100 elementor-top-column elementor-element elementor-element-9888f41\" data-id=\"9888f41\" data-element_type=\"column\">\n\t\t\t<div class=\"elementor-widget-wrap elementor-element-populated\">\n\t\t\t\t\t\t<div class=\"elementor-element elementor-element-ada4e3a elementor-invisible elementor-widget elementor-widget-heading\" data-id=\"ada4e3a\" data-element_type=\"widget\" data-settings=\"{&quot;_animation&quot;:&quot;fadeInDown&quot;}\" data-widget_type=\"heading.default\">\n\t\t\t\t<div class=\"elementor-widget-container\">\n\t\t\t\t\t<h2 class=\"elementor-heading-title elementor-size-default\">Liste des \u00e9tudiants \u00e9trangers dipl\u00f4m\u00e9s de la Facult\u00e9 de droit et de science politique<\/h2>\t\t\t\t<\/div>\n\t\t\t\t<\/div>\n\t\t\t\t\t<\/div>\n\t\t<\/div>\n\t\t\t\t\t<\/div>\n\t\t<\/section>\n\t\t\t\t<section class=\"elementor-section elementor-top-section elementor-element elementor-element-790ce8a elementor-section-boxed elementor-section-height-default elementor-section-height-default wpr-particle-no wpr-jarallax-no wpr-parallax-no wpr-sticky-section-no\" data-id=\"790ce8a\" data-element_type=\"section\">\n\t\t\t\t\t\t<div class=\"elementor-container elementor-column-gap-default\">\n\t\t\t\t\t<div class=\"elementor-column elementor-col-100 elementor-top-column elementor-element elementor-element-53f90b0\" data-id=\"53f90b0\" data-element_type=\"column\">\n\t\t\t<div class=\"elementor-widget-wrap elementor-element-populated\">\n\t\t\t\t\t\t<div class=\"elementor-element elementor-element-d1e321c elementor-invisible elementor-widget elementor-widget-text-editor\" data-id=\"d1e321c\" data-element_type=\"widget\" data-settings=\"{&quot;_animation&quot;:&quot;fadeInDown&quot;}\" data-widget_type=\"text-editor.default\">\n\t\t\t\t<div class=\"elementor-widget-container\">\n\t\t\t\t\t\t\t\t\t<table width=\"1011\"><tbody><tr><td width=\"85\"><p>Ann\u00e9e univ<\/p><\/td><td width=\"265\"><p>Sp\u00e9cialit\u00e9<\/p><\/td><td width=\"76\"><p>Dipl\u00f4me<\/p><\/td><td width=\"104\"><p>Matricule<\/p><\/td><td width=\"123\"><p>Nationalit\u00e9<\/p><\/td><td width=\"321\"><p>Nom &amp; Pr\u00e9noms<\/p><\/td><td width=\"38\"><p>N\u00b0<\/p><\/td><\/tr><tr><td width=\"85\"><p>2013\/2012<\/p><\/td><td width=\"265\"><p>Droit\u00a0 international des droits de l\u2019homme<\/p><\/td><td width=\"76\"><p>Licence<\/p><\/td><td width=\"104\"><p>4442123065<\/p><\/td><td width=\"123\"><p>Sahra Occidental<\/p><\/td><td width=\"321\"><p>BRAHIMELBOKHARI\u00a0\u00a0 Aiza<\/p><\/td><td width=\"38\"><p>01<\/p><\/td><\/tr><tr><td width=\"85\"><p>2014\/2013<\/p><\/td><td width=\"265\"><p>Administration\u00a0 des affaires<\/p><\/td><td width=\"76\"><p>Licence<\/p><\/td><td width=\"104\"><p>4442144036<\/p><\/td><td width=\"123\"><p>Palestinienne<\/p><\/td><td width=\"321\"><p>KHRAISHA\u00a0 Mohammed<\/p><\/td><td width=\"38\"><p>02<\/p><\/td><\/tr><tr><td width=\"85\"><p>2014\/2013<\/p><\/td><td width=\"265\"><p>Administration\u00a0 des affaires<\/p><\/td><td width=\"76\"><p>Licence<\/p><\/td><td width=\"104\"><p>4442144183<\/p><\/td><td width=\"123\"><p>Palestinienne<\/p><\/td><td width=\"321\"><p>ABUTAHA\u00a0 Almuntaserbillah<\/p><\/td><td width=\"38\"><p>03<\/p><\/td><\/tr><tr><td width=\"85\"><p>2016\/2015<\/p><\/td><td width=\"265\"><p>Administration\u00a0 des affaires<\/p><\/td><td width=\"76\"><p>Licence<\/p><\/td><td width=\"104\"><p>4442164324<\/p><\/td><td width=\"123\"><p>Palestinienne<\/p><\/td><td width=\"321\"><p>MHANNA\u00a0 Mohammad\u00a0 Alfarouq<\/p><\/td><td width=\"38\"><p>04<\/p><\/td><\/tr><tr><td width=\"85\"><p>2016\/2015<\/p><\/td><td width=\"265\"><p>Administration\u00a0 des affaires<\/p><\/td><td width=\"76\"><p>Master<\/p><\/td><td width=\"104\"><p>4442144036<\/p><\/td><td width=\"123\"><p>Palestinienne<\/p><\/td><td width=\"321\"><p>KHRAISHA\u00a0 Mohammed<\/p><\/td><td width=\"38\"><p>09<\/p><\/td><\/tr><tr><td width=\"85\"><p>2016\/2015<\/p><\/td><td width=\"265\"><p>Administration\u00a0 des affaires<\/p><\/td><td width=\"76\"><p>Master<\/p><\/td><td width=\"104\"><p>4442144183<\/p><\/td><td width=\"123\"><p>Palestinienne<\/p><\/td><td width=\"321\"><p>ABUTAHA\u00a0 Almuntaserbillah<\/p><\/td><td width=\"38\"><p>10<\/p><\/td><\/tr><tr><td width=\"85\"><p>2017\/2018<\/p><\/td><td width=\"265\"><p>Administration\u00a0 des affaires<\/p><\/td><td width=\"76\"><p>Master<\/p><\/td><td width=\"104\"><p>4442164324<\/p><\/td><td width=\"123\"><p>Palestinienne<\/p><\/td><td width=\"321\"><p>MHANNA\u00a0 Mohammad\u00a0 Alfarouq<\/p><\/td><td width=\"38\"><p>11<\/p><\/td><\/tr><tr><td width=\"85\"><p>2019\/2018<\/p><\/td><td width=\"265\"><p>Droit\u00a0 des affaires<\/p><\/td><td width=\"76\"><p>Licence<\/p><\/td><td width=\"104\"><p>4442194135<\/p><\/td><td width=\"123\"><p>Palestinienne<\/p><\/td><td width=\"321\"><p>MAHMOUD\u00a0 MADJID\u00a0 ABUSAMRA\u00a0 Mahmoud<\/p><\/td><td width=\"38\"><p>05<\/p><\/td><\/tr><tr><td width=\"85\"><p>2019\/2018<\/p><\/td><td width=\"265\"><p>Droit\u00a0 des affaires<\/p><\/td><td width=\"76\"><p>Licence<\/p><\/td><td width=\"104\"><p>4442174307<\/p><\/td><td width=\"123\"><p>Palestinienne<\/p><\/td><td width=\"321\"><p>JARADAT\u00a0 Tayeb<\/p><\/td><td width=\"38\"><p>06<\/p><\/td><\/tr><tr><td width=\"85\"><p>2019\/2020<\/p><\/td><td width=\"265\"><p>Droit\u00a0 des affaires<\/p><\/td><td width=\"76\"><p>Licence<\/p><\/td><td width=\"104\"><p>4442204257<\/p><\/td><td width=\"123\"><p>Palestinienne<\/p><\/td><td width=\"321\"><p>M.S\u00a0 ALHAJAHMED\u00a0 SALAHADIN<\/p><\/td><td width=\"38\"><p>07<\/p><\/td><\/tr><tr><td width=\"85\"><p>2019\/2020<\/p><\/td><td width=\"265\"><p>Droit\u00a0 des affaires<\/p><\/td><td width=\"76\"><p>Licence<\/p><\/td><td width=\"104\"><p>4442200260<\/p><\/td><td width=\"123\"><p>Palestinienne<\/p><\/td><td width=\"321\"><p>J.S QUADAIH\u00a0 MAHMOUD<\/p><\/td><td width=\"38\"><p>08<\/p><\/td><\/tr><tr><td width=\"85\"><p>2020\/2021<\/p><\/td><td width=\"265\"><p>Droit\u00a0 des affaires<\/p><\/td><td width=\"76\"><p>Master<\/p><\/td><td width=\"104\"><p>4442194135<\/p><\/td><td width=\"123\"><p>Palestinienne<\/p><\/td><td width=\"321\"><p>MAHMOUD\u00a0 MADJID\u00a0 ABUSAMRA\u00a0 Mahmoud<\/p><\/td><td width=\"38\"><p>12<\/p><\/td><\/tr><tr><td width=\"85\"><p>2020\/2021<\/p><\/td><td width=\"265\"><p>Droit\u00a0 des affaires<\/p><\/td><td width=\"76\"><p>Master<\/p><\/td><td width=\"104\"><p>4442174307<\/p><\/td><td width=\"123\"><p>Palestinienne<\/p><\/td><td width=\"321\"><p>JARADAT\u00a0 Tayeb<\/p><\/td><td width=\"38\"><p>13<\/p><\/td><\/tr><tr><td width=\"85\"><p>2020\/2021<\/p><\/td><td width=\"265\"><p>Droit\u00a0 des affaires<\/p><\/td><td width=\"76\"><p>Master<\/p><\/td><td width=\"104\"><p>4442204257<\/p><\/td><td width=\"123\"><p>Palestinienne<\/p><\/td><td width=\"321\"><p>M.S\u00a0 ALHAJAHMED\u00a0 SALAHADIN<\/p><\/td><td width=\"38\"><p>14<\/p><\/td><\/tr><tr><td width=\"85\"><p>2020\/2021<\/p><\/td><td width=\"265\"><p>Droit\u00a0 des affaires<\/p><\/td><td width=\"76\"><p>Master<\/p><\/td><td width=\"104\"><p>4442200260<\/p><\/td><td width=\"123\"><p>Palestinienne<\/p><\/td><td width=\"321\"><p>J.S QUADAIH\u00a0 MAHMOUD<\/p><\/td><td width=\"38\"><p>15<\/p><\/td><\/tr><tr><td width=\"85\"><p>2020\/2021<\/p><\/td><td width=\"265\"><p>Droit\u00a0 des affaires<\/p><\/td><td width=\"76\"><p>Doctorat<\/p><\/td><td width=\"104\"><p>4442144183<\/p><\/td><td width=\"123\"><p>Palestinienne<\/p><\/td><td width=\"321\"><p>ABUTAHA\u00a0 Almuntaserbillah<\/p><p><u>montasirabutaha@gmail.com<\/u><\/p><\/td><td width=\"38\"><p>16<\/p><\/td><\/tr><\/tbody><\/table>\t\t\t\t\t\t\t\t<\/div>\n\t\t\t\t<\/div>\n\t\t\t\t\t<\/div>\n\t\t<\/div>\n\t\t\t\t\t<\/div>\n\t\t<\/section>\n\t\t\t\t<\/div>\n\t\t","protected":false},"excerpt":{"rendered":"<p>Les \u00e9tudiants internationaux Liste des \u00e9tudiants \u00e9trangers affili\u00e9s \u00e0 la Facult\u00e9 de droit et de science politique durant l&rsquo;ann\u00e9e acad\u00e9mique 2022\/2023 Ann\u00e9e univ Sp\u00e9cialit\u00e9 Ann\u00e9e Dipl\u00f4me Matricule Nationalit\u00e9 Nom &amp; Pr\u00e9noms N\u00b0 2022\/2023 Tronc commun 1 Licence 4442220697 Nig\u00e9rienne ADETUNJI\u00a0 Amoo\u00a0 Abdul\u00a0 Qaudir 01 2022\/2023 Tronc commun 1 Licence 4442220698 Nig\u00e9rienne HASSAN SARKI\u00a0 Fatima Fatima hassansarki80@gmail.com 02 2022\/2023 Tronc commun 1 Licence 4442220699 Nig\u00e9rienne HASSAN\u00a0 SARKI\u00a0 EL Mustapha 03 2022\/2023 Droit administratif 2 Master 4442214265 Palestinienne ABUARAB\u00a0 Fathi 04 2022\/2023 Droit\u00a0 des affaires 5 Doctorat 38111233 Palestinienne MHANNA\u00a0 MohammadAlfarouq 05 2022\/2023 Droit\u00a0 des affaires 5 Doctorat 019703 Tunisienne BADR\u00a0 EL TAMMAM\u00a0 omri omribadrettemem@gmail.com 06 Liste des \u00e9tudiants \u00e9trangers dipl\u00f4m\u00e9s de la Facult\u00e9 de droit et de science politique Ann\u00e9e univ Sp\u00e9cialit\u00e9 Dipl\u00f4me Matricule Nationalit\u00e9 Nom &amp; Pr\u00e9noms N\u00b0 2013\/2012 Droit\u00a0 international des droits de l\u2019homme Licence 4442123065 Sahra Occidental BRAHIMELBOKHARI\u00a0\u00a0 Aiza 01 2014\/2013 Administration\u00a0 des affaires Licence 4442144036 Palestinienne KHRAISHA\u00a0 Mohammed 02 2014\/2013 Administration\u00a0 des affaires Licence 4442144183 Palestinienne ABUTAHA\u00a0 Almuntaserbillah 03 2016\/2015 Administration\u00a0 des affaires Licence 4442164324 Palestinienne MHANNA\u00a0 Mohammad\u00a0 Alfarouq 04 2016\/2015 Administration\u00a0 des affaires Master 4442144036 Palestinienne KHRAISHA\u00a0 Mohammed 09 2016\/2015 Administration\u00a0 des affaires Master 4442144183 Palestinienne ABUTAHA\u00a0 Almuntaserbillah 10 2017\/2018 Administration\u00a0 des affaires Master 4442164324 Palestinienne MHANNA\u00a0 Mohammad\u00a0 Alfarouq 11 2019\/2018 Droit\u00a0 des affaires Licence 4442194135 Palestinienne MAHMOUD\u00a0 MADJID\u00a0 ABUSAMRA\u00a0 Mahmoud 05 2019\/2018 Droit\u00a0 des affaires Licence 4442174307 Palestinienne JARADAT\u00a0 Tayeb 06 2019\/2020 Droit\u00a0 des affaires Licence 4442204257 Palestinienne M.S\u00a0 ALHAJAHMED\u00a0 SALAHADIN 07 2019\/2020 Droit\u00a0 des affaires Licence 4442200260 Palestinienne J.S QUADAIH\u00a0 MAHMOUD 08 2020\/2021 Droit\u00a0 des affaires Master 4442194135 Palestinienne MAHMOUD\u00a0 MADJID\u00a0 ABUSAMRA\u00a0 Mahmoud 12 2020\/2021 Droit\u00a0 des affaires Master 4442174307 Palestinienne JARADAT\u00a0 Tayeb 13 2020\/2021 Droit\u00a0 des affaires Master 4442204257 Palestinienne M.S\u00a0 ALHAJAHMED\u00a0 SALAHADIN 14 2020\/2021 Droit\u00a0 des affaires Master 4442200260 Palestinienne J.S QUADAIH\u00a0 MAHMOUD 15 2020\/2021 Droit\u00a0 des affaires Doctorat 4442144183 Palestinienne ABUTAHA\u00a0 Almuntaserbillah montasirabutaha@gmail.com 16<\/p>\n","protected":false},"author":1,"featured_media":0,"parent":0,"menu_order":0,"comment_status":"closed","ping_status":"closed","template":"","meta":{"site-sidebar-layout":"no-sidebar","site-content-layout":"page-builder","ast-global-header-display":"","ast-main-header-display":"","ast-hfb-above-header-display":"","ast-hfb-below-header-display":"","ast-hfb-mobile-header-display":"","site-post-title":"disabled","ast-breadcrumbs-content":"","ast-featured-img":"disabled","footer-sml-layout":"","theme-transparent-header-meta":"","adv-header-id-meta":"","stick-header-meta":"","header-above-stick-meta":"","header-main-stick-meta":"","header-below-stick-meta":"","footnotes":""},"class_list":["post-2544","page","type-page","status-publish","hentry"],"rttpg_featured_image_url":null,"rttpg_author":{"display_name":"fdsp1","author_link":"http:\/\/www.univ-dbkm.dz\/fdsp1\/author\/fdsp1\/"},"rttpg_comment":0,"rttpg_category":" <a href=\"http:\/\/www.univ-dbkm.dz\/fdsp1\/fr\/\" rel=\"tag\">Fran\u00e7ais<\/a>","rttpg_excerpt":"Les \u00e9tudiants internationaux Liste des \u00e9tudiants \u00e9trangers affili\u00e9s \u00e0 la Facult\u00e9 de droit et de science politique durant l&rsquo;ann\u00e9e acad\u00e9mique 2022\/2023 Ann\u00e9e univ Sp\u00e9cialit\u00e9 Ann\u00e9e Dipl\u00f4me Matricule Nationalit\u00e9 Nom &amp; Pr\u00e9noms N\u00b0 2022\/2023 Tronc commun 1 Licence 4442220697 Nig\u00e9rienne ADETUNJI\u00a0 Amoo\u00a0 Abdul\u00a0 Qaudir 01 2022\/2023 Tronc commun 1 Licence 4442220698 Nig\u00e9rienne HASSAN SARKI\u00a0 Fatima Fatima\u2026","_links":{"self":[{"href":"http:\/\/www.univ-dbkm.dz\/fdsp1\/wp-json\/wp\/v2\/pages\/2544","targetHints":{"allow":["GET"]}}],"collection":[{"href":"http:\/\/www.univ-dbkm.dz\/fdsp1\/wp-json\/wp\/v2\/pages"}],"about":[{"href":"http:\/\/www.univ-dbkm.dz\/fdsp1\/wp-json\/wp\/v2\/types\/page"}],"author":[{"embeddable":true,"href":"http:\/\/www.univ-dbkm.dz\/fdsp1\/wp-json\/wp\/v2\/users\/1"}],"replies":[{"embeddable":true,"href":"http:\/\/www.univ-dbkm.dz\/fdsp1\/wp-json\/wp\/v2\/comments?post=2544"}],"version-history":[{"count":10,"href":"http:\/\/www.univ-dbkm.dz\/fdsp1\/wp-json\/wp\/v2\/pages\/2544\/revisions"}],"predecessor-version":[{"id":3393,"href":"http:\/\/www.univ-dbkm.dz\/fdsp1\/wp-json\/wp\/v2\/pages\/2544\/revisions\/3393"}],"wp:attachment":[{"href":"http:\/\/www.univ-dbkm.dz\/fdsp1\/wp-json\/wp\/v2\/media?parent=2544"}],"curies":[{"name":"wp","href":"https:\/\/api.w.org\/{rel}","templated":true}]}}