{"id":2554,"date":"2023-05-21T17:12:16","date_gmt":"2023-05-21T14:12:16","guid":{"rendered":"http:\/\/www.univ-dbkm.dz\/fdsp1\/?page_id=2554"},"modified":"2025-03-10T12:18:42","modified_gmt":"2025-03-10T09:18:42","slug":"conseil-scientifique-2","status":"publish","type":"page","link":"http:\/\/www.univ-dbkm.dz\/fdsp1\/fr\/conseil-scientifique-2\/","title":{"rendered":"Conseil Scientifique"},"content":{"rendered":"\t\t<div data-elementor-type=\"wp-page\" data-elementor-id=\"2554\" class=\"elementor elementor-2554\">\n\t\t\t\t\t\t<section class=\"elementor-section elementor-top-section elementor-element elementor-element-d80ae93 elementor-section-boxed elementor-section-height-default elementor-section-height-default wpr-particle-no wpr-jarallax-no wpr-parallax-no wpr-sticky-section-no\" data-id=\"d80ae93\" data-element_type=\"section\">\n\t\t\t\t\t\t<div class=\"elementor-container elementor-column-gap-default\">\n\t\t\t\t\t<div class=\"elementor-column elementor-col-100 elementor-top-column elementor-element elementor-element-aee4f28\" data-id=\"aee4f28\" data-element_type=\"column\">\n\t\t\t<div class=\"elementor-widget-wrap elementor-element-populated\">\n\t\t\t\t\t\t<div class=\"elementor-element elementor-element-f0064b6 elementor-invisible elementor-widget elementor-widget-heading\" data-id=\"f0064b6\" data-element_type=\"widget\" data-settings=\"{&quot;_animation&quot;:&quot;fadeInDown&quot;}\" data-widget_type=\"heading.default\">\n\t\t\t\t<div class=\"elementor-widget-container\">\n\t\t\t\t\t<h2 class=\"elementor-heading-title elementor-size-default\">Conseil Scientifique<\/h2>\t\t\t\t<\/div>\n\t\t\t\t<\/div>\n\t\t\t\t\t<\/div>\n\t\t<\/div>\n\t\t\t\t\t<\/div>\n\t\t<\/section>\n\t\t\t\t<section class=\"elementor-section elementor-top-section elementor-element elementor-element-63bda63 elementor-section-boxed elementor-section-height-default elementor-section-height-default wpr-particle-no wpr-jarallax-no wpr-parallax-no wpr-sticky-section-no\" data-id=\"63bda63\" data-element_type=\"section\">\n\t\t\t\t\t\t<div class=\"elementor-container elementor-column-gap-default\">\n\t\t\t\t\t<div class=\"elementor-column elementor-col-100 elementor-top-column elementor-element elementor-element-8482256\" data-id=\"8482256\" data-element_type=\"column\">\n\t\t\t<div class=\"elementor-widget-wrap elementor-element-populated\">\n\t\t\t\t\t\t<div class=\"elementor-element elementor-element-ed910c8 elementor-widget elementor-widget-text-editor\" data-id=\"ed910c8\" data-element_type=\"widget\" data-widget_type=\"text-editor.default\">\n\t\t\t\t<div class=\"elementor-widget-container\">\n\t\t\t\t\t\t\t\t\t<table>\n<tbody>\n<tr>\n<td width=\"64\"><b><strong>N\u00b0<\/strong><\/b><\/td>\n<td width=\"444\"><b><strong>Function<\/strong><\/b><\/td>\n<td width=\"167\"><strong>First and last name<\/strong><\/td>\n<\/tr>\n<tr>\n<td width=\"64\"><b><strong>01<\/strong><\/b><\/td>\n<td width=\"444\">Pr\u00e9sident du Conseil Scientifique<\/td>\n<td width=\"167\">P. TAHTAH Allel<\/td>\n<\/tr>\n<tr>\n<td width=\"64\">02<\/td>\n<td width=\"444\">Pr\u00e9sident du comit\u00e9 scientifique du d\u00e9partement Droit public<\/td>\n<td width=\"167\">P. AMROUCHE Ahcene<\/td>\n<\/tr>\n<tr>\n<td width=\"64\">03<\/td>\n<td width=\"444\"><\/td>\n<td width=\"167\"><\/td>\n<\/tr>\n<\/tbody>\n<\/table>\n<p style=\"font-weight: 400;\"><\/p>\t\t\t\t\t\t\t\t<\/div>\n\t\t\t\t<\/div>\n\t\t\t\t\t<\/div>\n\t\t<\/div>\n\t\t\t\t\t<\/div>\n\t\t<\/section>\n\t\t\t\t<section class=\"elementor-section elementor-top-section elementor-element elementor-element-966b401 elementor-section-boxed elementor-section-height-default elementor-section-height-default wpr-particle-no wpr-jarallax-no wpr-parallax-no wpr-sticky-section-no\" data-id=\"966b401\" data-element_type=\"section\">\n\t\t\t\t\t\t<div class=\"elementor-container elementor-column-gap-default\">\n\t\t\t\t\t<div class=\"elementor-column elementor-col-100 elementor-top-column elementor-element elementor-element-e1af313\" data-id=\"e1af313\" data-element_type=\"column\">\n\t\t\t<div class=\"elementor-widget-wrap elementor-element-populated\">\n\t\t\t\t\t\t<div class=\"elementor-element elementor-element-7df36ac elementor-invisible elementor-widget elementor-widget-heading\" data-id=\"7df36ac\" data-element_type=\"widget\" data-settings=\"{&quot;_animation&quot;:&quot;fadeInDown&quot;}\" data-widget_type=\"heading.default\">\n\t\t\t\t<div class=\"elementor-widget-container\">\n\t\t\t\t\t<h2 class=\"elementor-heading-title elementor-size-default\">Fonctions du Conseil Scientifique<\/h2>\t\t\t\t<\/div>\n\t\t\t\t<\/div>\n\t\t\t\t\t<\/div>\n\t\t<\/div>\n\t\t\t\t\t<\/div>\n\t\t<\/section>\n\t\t\t\t<section class=\"elementor-section elementor-top-section elementor-element elementor-element-0ec1b6b elementor-section-boxed elementor-section-height-default elementor-section-height-default wpr-particle-no wpr-jarallax-no wpr-parallax-no wpr-sticky-section-no\" data-id=\"0ec1b6b\" data-element_type=\"section\">\n\t\t\t\t\t\t<div class=\"elementor-container elementor-column-gap-default\">\n\t\t\t\t\t<div class=\"elementor-column elementor-col-100 elementor-top-column elementor-element elementor-element-b169abe\" data-id=\"b169abe\" data-element_type=\"column\">\n\t\t\t<div class=\"elementor-widget-wrap elementor-element-populated\">\n\t\t\t\t\t\t<div class=\"elementor-element elementor-element-ce3cab8 elementor-widget elementor-widget-text-editor\" data-id=\"ce3cab8\" data-element_type=\"widget\" data-widget_type=\"text-editor.default\">\n\t\t\t\t<div class=\"elementor-widget-container\">\n\t\t\t\t\t\t\t\t\t<p>Vu le d\u00e9cret ex\u00e9cutif n\u00b0 03-279 du 24 ao\u00fbt 2003, modifi\u00e9 et compl\u00e9t\u00e9 par le d\u00e9cret ex\u00e9cutif n\u00b0 06-343 du 27 septembre 2006, qui d\u00e9finit les missions de l&rsquo;universit\u00e9 et les r\u00e8gles de son organisation, ainsi que les composition et missions du Conseil Scientifique de la Facult\u00e9.<\/p><p>Et selon l&rsquo;arr\u00eat\u00e9 minist\u00e9riel en date du 05 mai 2004, qui d\u00e9termine les modalit\u00e9s de fonctionnement du conseil scientifique du coll\u00e8ge.<\/p><p>Les missions du Conseil Scientifique de la Facult\u00e9 des Sciences Juridiques et Politiques de l&rsquo;Universit\u00e9 Djilali Bounaama Khemis Miliana sont les suivantes :<\/p><p>Le conseil scientifique du coll\u00e8ge formule ses avis et recommandations comme suit :<\/p><p>Organisation et contenu de l&rsquo;enseignement.<\/p><p>&#8211; Organisation des travaux de recherche.<\/p><p>&#8211; Propositions de programmes de recherche.<\/p><p>&#8211; Suggestions pour cr\u00e9er ou fermer des rubriques.<\/p><p>&#8211; Propositions de cr\u00e9ation et de fermeture d&rsquo;unit\u00e9s de recherche et\/ou de laboratoires de recherche.<\/p><p>&#8211; Suggestions pour ouvrir ou fermer une succursale.<\/p><p>&#8211; Propositions d&rsquo;ouverture, d&rsquo;extension et\/ou de fermeture de fili\u00e8res post-dipl\u00f4me et pr\u00e9cision du nombre de postes \u00e0 pourvoir.<\/p><p>Sp\u00e9cifications des professeurs universitaires et leurs besoins.<\/p><p>&#8211; Approuver des sujets de recherche post-dipl\u00f4me ou des propositions de comit\u00e9 pour discussion.<\/p><p>Sugg\u00e9rer des comit\u00e9s de qualification universitaire.<\/p><p>&#8211; Etudier les r\u00e9sultats des activit\u00e9s p\u00e9dagogiques et scientifiques du coll\u00e8ge que le doyen du coll\u00e8ge adresse au pr\u00e9sident de l&rsquo;universit\u00e9, accompagn\u00e9s des avis et recommandations du conseil.<\/p><p>Il exprime \u00e9galement son opinion sur toute question relative \u00e0 l&rsquo;aspect p\u00e9dagogique ou scientifique qui lui est pr\u00e9sent\u00e9e par la direction du coll\u00e8ge repr\u00e9sent\u00e9e par le doyen ou les comit\u00e9s scientifiques des d\u00e9partements.<\/p><p>T\u00e9l\u00e9charger le r\u00e8glement int\u00e9rieur du Conseil Scientifique<\/p>\t\t\t\t\t\t\t\t<\/div>\n\t\t\t\t<\/div>\n\t\t\t\t\t<\/div>\n\t\t<\/div>\n\t\t\t\t\t<\/div>\n\t\t<\/section>\n\t\t\t\t<\/div>\n\t\t","protected":false},"excerpt":{"rendered":"<p>Conseil Scientifique N\u00b0 Function First and last name 01 Pr\u00e9sident du Conseil Scientifique P. TAHTAH Allel 02 Pr\u00e9sident du comit\u00e9 scientifique du d\u00e9partement Droit public P. AMROUCHE Ahcene 03 Fonctions du Conseil Scientifique Vu le d\u00e9cret ex\u00e9cutif n\u00b0 03-279 du 24 ao\u00fbt 2003, modifi\u00e9 et compl\u00e9t\u00e9 par le d\u00e9cret ex\u00e9cutif n\u00b0 06-343 du 27 septembre 2006, qui d\u00e9finit les missions de l&rsquo;universit\u00e9 et les r\u00e8gles de son organisation, ainsi que les composition et missions du Conseil Scientifique de la Facult\u00e9. Et selon l&rsquo;arr\u00eat\u00e9 minist\u00e9riel en date du 05 mai 2004, qui d\u00e9termine les modalit\u00e9s de fonctionnement du conseil scientifique du coll\u00e8ge. Les missions du Conseil Scientifique de la Facult\u00e9 des Sciences Juridiques et Politiques de l&rsquo;Universit\u00e9 Djilali Bounaama Khemis Miliana sont les suivantes : Le conseil scientifique du coll\u00e8ge formule ses avis et recommandations comme suit : Organisation et contenu de l&rsquo;enseignement. &#8211; Organisation des travaux de recherche. &#8211; Propositions de programmes de recherche. &#8211; Suggestions pour cr\u00e9er ou fermer des rubriques. &#8211; Propositions de cr\u00e9ation et de fermeture d&rsquo;unit\u00e9s de recherche et\/ou de laboratoires de recherche. &#8211; Suggestions pour ouvrir ou fermer une succursale. &#8211; Propositions d&rsquo;ouverture, d&rsquo;extension et\/ou de fermeture de fili\u00e8res post-dipl\u00f4me et pr\u00e9cision du nombre de postes \u00e0 pourvoir. Sp\u00e9cifications des professeurs universitaires et leurs besoins. &#8211; Approuver des sujets de recherche post-dipl\u00f4me ou des propositions de comit\u00e9 pour discussion. Sugg\u00e9rer des comit\u00e9s de qualification universitaire. &#8211; Etudier les r\u00e9sultats des activit\u00e9s p\u00e9dagogiques et scientifiques du coll\u00e8ge que le doyen du coll\u00e8ge adresse au pr\u00e9sident de l&rsquo;universit\u00e9, accompagn\u00e9s des avis et recommandations du conseil. Il exprime \u00e9galement son opinion sur toute question relative \u00e0 l&rsquo;aspect p\u00e9dagogique ou scientifique qui lui est pr\u00e9sent\u00e9e par la direction du coll\u00e8ge repr\u00e9sent\u00e9e par le doyen ou les comit\u00e9s scientifiques des d\u00e9partements. T\u00e9l\u00e9charger le r\u00e8glement int\u00e9rieur du Conseil Scientifique<\/p>\n","protected":false},"author":1,"featured_media":0,"parent":0,"menu_order":0,"comment_status":"closed","ping_status":"closed","template":"","meta":{"site-sidebar-layout":"no-sidebar","site-content-layout":"page-builder","ast-global-header-display":"","ast-main-header-display":"","ast-hfb-above-header-display":"","ast-hfb-below-header-display":"","ast-hfb-mobile-header-display":"","site-post-title":"disabled","ast-breadcrumbs-content":"","ast-featured-img":"disabled","footer-sml-layout":"","theme-transparent-header-meta":"","adv-header-id-meta":"","stick-header-meta":"","header-above-stick-meta":"","header-main-stick-meta":"","header-below-stick-meta":"","footnotes":""},"class_list":["post-2554","page","type-page","status-publish","hentry"],"rttpg_featured_image_url":null,"rttpg_author":{"display_name":"fdsp1","author_link":"http:\/\/www.univ-dbkm.dz\/fdsp1\/author\/fdsp1\/"},"rttpg_comment":0,"rttpg_category":" <a href=\"http:\/\/www.univ-dbkm.dz\/fdsp1\/fr\/\" rel=\"tag\">Fran\u00e7ais<\/a>","rttpg_excerpt":"Conseil Scientifique N\u00b0 Function First and last name 01 Pr\u00e9sident du Conseil Scientifique P. TAHTAH Allel 02 Pr\u00e9sident du comit\u00e9 scientifique du d\u00e9partement Droit public P. AMROUCHE Ahcene 03 Fonctions du Conseil Scientifique Vu le d\u00e9cret ex\u00e9cutif n\u00b0 03-279 du 24 ao\u00fbt 2003, modifi\u00e9 et compl\u00e9t\u00e9 par le d\u00e9cret ex\u00e9cutif n\u00b0 06-343 du 27 septembre\u2026","_links":{"self":[{"href":"http:\/\/www.univ-dbkm.dz\/fdsp1\/wp-json\/wp\/v2\/pages\/2554","targetHints":{"allow":["GET"]}}],"collection":[{"href":"http:\/\/www.univ-dbkm.dz\/fdsp1\/wp-json\/wp\/v2\/pages"}],"about":[{"href":"http:\/\/www.univ-dbkm.dz\/fdsp1\/wp-json\/wp\/v2\/types\/page"}],"author":[{"embeddable":true,"href":"http:\/\/www.univ-dbkm.dz\/fdsp1\/wp-json\/wp\/v2\/users\/1"}],"replies":[{"embeddable":true,"href":"http:\/\/www.univ-dbkm.dz\/fdsp1\/wp-json\/wp\/v2\/comments?post=2554"}],"version-history":[{"count":7,"href":"http:\/\/www.univ-dbkm.dz\/fdsp1\/wp-json\/wp\/v2\/pages\/2554\/revisions"}],"predecessor-version":[{"id":8411,"href":"http:\/\/www.univ-dbkm.dz\/fdsp1\/wp-json\/wp\/v2\/pages\/2554\/revisions\/8411"}],"wp:attachment":[{"href":"http:\/\/www.univ-dbkm.dz\/fdsp1\/wp-json\/wp\/v2\/media?parent=2554"}],"curies":[{"name":"wp","href":"https:\/\/api.w.org\/{rel}","templated":true}]}}