{"id":3402,"date":"2023-06-11T16:03:02","date_gmt":"2023-06-11T13:03:02","guid":{"rendered":"http:\/\/www.univ-dbkm.dz\/fdsp1\/?page_id=3402"},"modified":"2023-06-11T16:05:03","modified_gmt":"2023-06-11T13:05:03","slug":"projets-de-fin-detudes-en-cours-de-realisation","status":"publish","type":"page","link":"http:\/\/www.univ-dbkm.dz\/fdsp1\/fr\/projets-de-fin-detudes-en-cours-de-realisation\/","title":{"rendered":"Projets de fin d\u2019\u00e9tudes en cours de r\u00e9alisation"},"content":{"rendered":"\t\t<div data-elementor-type=\"wp-page\" data-elementor-id=\"3402\" class=\"elementor elementor-3402\">\n\t\t\t\t\t\t<section class=\"elementor-section elementor-top-section elementor-element elementor-element-acd3b67 elementor-section-boxed elementor-section-height-default elementor-section-height-default wpr-particle-no wpr-jarallax-no wpr-parallax-no wpr-sticky-section-no\" data-id=\"acd3b67\" data-element_type=\"section\">\n\t\t\t\t\t\t<div class=\"elementor-container elementor-column-gap-default\">\n\t\t\t\t\t<div class=\"elementor-column elementor-col-100 elementor-top-column elementor-element elementor-element-a922dda\" data-id=\"a922dda\" data-element_type=\"column\">\n\t\t\t<div class=\"elementor-widget-wrap elementor-element-populated\">\n\t\t\t\t\t\t<div class=\"elementor-element elementor-element-6401d71 elementor-invisible elementor-widget elementor-widget-heading\" data-id=\"6401d71\" data-element_type=\"widget\" data-settings=\"{&quot;_animation&quot;:&quot;fadeInLeft&quot;}\" data-widget_type=\"heading.default\">\n\t\t\t\t<div class=\"elementor-widget-container\">\n\t\t\t\t\t<h2 class=\"elementor-heading-title elementor-size-default\">Projets de fin d\u2019\u00e9tudes en cours de r\u00e9alisation \n\u00c9tudiants Internationaux\n<\/h2>\t\t\t\t<\/div>\n\t\t\t\t<\/div>\n\t\t\t\t\t<\/div>\n\t\t<\/div>\n\t\t\t\t\t<\/div>\n\t\t<\/section>\n\t\t\t\t<section class=\"elementor-section elementor-top-section elementor-element elementor-element-df8ea2d elementor-section-boxed elementor-section-height-default elementor-section-height-default wpr-particle-no wpr-jarallax-no wpr-parallax-no wpr-sticky-section-no\" data-id=\"df8ea2d\" data-element_type=\"section\">\n\t\t\t\t\t\t<div class=\"elementor-container elementor-column-gap-default\">\n\t\t\t\t\t<div class=\"elementor-column elementor-col-100 elementor-top-column elementor-element elementor-element-ad2cb5a\" data-id=\"ad2cb5a\" data-element_type=\"column\">\n\t\t\t<div class=\"elementor-widget-wrap elementor-element-populated\">\n\t\t\t\t\t\t<div class=\"elementor-element elementor-element-f0f8063 elementor-invisible elementor-widget elementor-widget-text-editor\" data-id=\"f0f8063\" data-element_type=\"widget\" data-settings=\"{&quot;_animation&quot;:&quot;fadeInDown&quot;}\" data-widget_type=\"text-editor.default\">\n\t\t\t\t<div class=\"elementor-widget-container\">\n\t\t\t\t\t\t\t\t\t<h4 style=\"text-align: center;\">\u00a0<\/h4>\n<h4 style=\"text-align: center;\"><strong>1\/ \u00c9tudiant \u00a0: Fathi Abu Arab<\/strong><\/h4>\n<h4 style=\"text-align: center;\"><strong><a href=\"mailto:fathy.king11@gmail.com\">fathy.king11@gmail.com<\/a><\/strong><\/h4>\n<h4 style=\"text-align: center;\">Nationalit\u00e9 : Palestinienne<\/h4>\n<h4 style=\"text-align: center;\">M\u00e9moire de Master en droit administratif intitul\u00e9 : \u00ab Protection du fonctionnaire international par le Tribunal Administratif International \u00bb.<\/h4>\n<h4 style=\"text-align: center;\">\u00a0<\/h4>\n<h4 style=\"text-align: center;\"><strong>2\/ \u00c9tudiant : Muhammad Farouk Muhanna<\/strong><\/h4>\n<h4 style=\"text-align: center;\">Nationalit\u00e9 : Palestinienne<\/h4>\n<h4 style=\"text-align: center;\">Th\u00e8se de doctorat en droit des affaires intitul\u00e9e : \u00ab\u00a0les Garanties de la protection du consommateur au stade de la mise en \u0153uvre des contrats\u00a0\u00bb.<\/h4>\n<h4 style=\"text-align: center;\">\u00a0<\/h4>\n<h4 style=\"text-align: center;\"><strong>3\/ \u00c9tudiant : Badr al-Tamam Omri<\/strong><\/h4>\n<h4 style=\"text-align: center;\"><strong><a href=\"mailto:omribadrettemem@gmail.com\">omribadrettemem@gmail.com<\/a><\/strong><\/h4>\n<h4 style=\"text-align: center;\">Nationalit\u00e9 : tunisienne<\/h4>\n<h4 style=\"text-align: center;\">Th\u00e8se de doctorat en droit des affaires, intitul\u00e9e : \u00ab Le R\u00e9f\u00e9r\u00e9 en mati\u00e8re d&rsquo;arbitrage commercial interne et international \u00bb.<\/h4>\n<h4 style=\"text-align: center;\">\u00a0<\/h4>\n<h4 style=\"text-align: center;\">\u00a0<\/h4>\t\t\t\t\t\t\t\t<\/div>\n\t\t\t\t<\/div>\n\t\t\t\t\t<\/div>\n\t\t<\/div>\n\t\t\t\t\t<\/div>\n\t\t<\/section>\n\t\t\t\t<\/div>\n\t\t","protected":false},"excerpt":{"rendered":"<p>Projets de fin d\u2019\u00e9tudes en cours de r\u00e9alisation \u00c9tudiants Internationaux \u00a0 1\/ \u00c9tudiant \u00a0: Fathi Abu Arab fathy.king11@gmail.com Nationalit\u00e9 : Palestinienne M\u00e9moire de Master en droit administratif intitul\u00e9 : \u00ab Protection du fonctionnaire international par le Tribunal Administratif International \u00bb. \u00a0 2\/ \u00c9tudiant : Muhammad Farouk Muhanna Nationalit\u00e9 : Palestinienne Th\u00e8se de doctorat en droit des affaires intitul\u00e9e : \u00ab\u00a0les Garanties de la protection du consommateur au stade de la mise en \u0153uvre des contrats\u00a0\u00bb. \u00a0 3\/ \u00c9tudiant : Badr al-Tamam Omri omribadrettemem@gmail.com Nationalit\u00e9 : tunisienne Th\u00e8se de doctorat en droit des affaires, intitul\u00e9e : \u00ab Le R\u00e9f\u00e9r\u00e9 en mati\u00e8re d&rsquo;arbitrage commercial interne et international \u00bb. \u00a0 \u00a0<\/p>\n","protected":false},"author":1,"featured_media":0,"parent":0,"menu_order":0,"comment_status":"closed","ping_status":"closed","template":"","meta":{"site-sidebar-layout":"no-sidebar","site-content-layout":"page-builder","ast-global-header-display":"","ast-main-header-display":"","ast-hfb-above-header-display":"","ast-hfb-below-header-display":"","ast-hfb-mobile-header-display":"","site-post-title":"disabled","ast-breadcrumbs-content":"","ast-featured-img":"disabled","footer-sml-layout":"","theme-transparent-header-meta":"","adv-header-id-meta":"","stick-header-meta":"","header-above-stick-meta":"","header-main-stick-meta":"","header-below-stick-meta":"","footnotes":""},"class_list":["post-3402","page","type-page","status-publish","hentry"],"rttpg_featured_image_url":null,"rttpg_author":{"display_name":"fdsp1","author_link":"http:\/\/www.univ-dbkm.dz\/fdsp1\/author\/fdsp1\/"},"rttpg_comment":0,"rttpg_category":" <a href=\"http:\/\/www.univ-dbkm.dz\/fdsp1\/fr\/\" rel=\"tag\">Fran\u00e7ais<\/a>","rttpg_excerpt":"Projets de fin d\u2019\u00e9tudes en cours de r\u00e9alisation \u00c9tudiants Internationaux \u00a0 1\/ \u00c9tudiant \u00a0: Fathi Abu Arab fathy.king11@gmail.com Nationalit\u00e9 : Palestinienne M\u00e9moire de Master en droit administratif intitul\u00e9 : \u00ab Protection du fonctionnaire international par le Tribunal Administratif International \u00bb. \u00a0 2\/ \u00c9tudiant : Muhammad Farouk Muhanna Nationalit\u00e9 : Palestinienne Th\u00e8se de doctorat en droit\u2026","_links":{"self":[{"href":"http:\/\/www.univ-dbkm.dz\/fdsp1\/wp-json\/wp\/v2\/pages\/3402","targetHints":{"allow":["GET"]}}],"collection":[{"href":"http:\/\/www.univ-dbkm.dz\/fdsp1\/wp-json\/wp\/v2\/pages"}],"about":[{"href":"http:\/\/www.univ-dbkm.dz\/fdsp1\/wp-json\/wp\/v2\/types\/page"}],"author":[{"embeddable":true,"href":"http:\/\/www.univ-dbkm.dz\/fdsp1\/wp-json\/wp\/v2\/users\/1"}],"replies":[{"embeddable":true,"href":"http:\/\/www.univ-dbkm.dz\/fdsp1\/wp-json\/wp\/v2\/comments?post=3402"}],"version-history":[{"count":4,"href":"http:\/\/www.univ-dbkm.dz\/fdsp1\/wp-json\/wp\/v2\/pages\/3402\/revisions"}],"predecessor-version":[{"id":3406,"href":"http:\/\/www.univ-dbkm.dz\/fdsp1\/wp-json\/wp\/v2\/pages\/3402\/revisions\/3406"}],"wp:attachment":[{"href":"http:\/\/www.univ-dbkm.dz\/fdsp1\/wp-json\/wp\/v2\/media?parent=3402"}],"curies":[{"name":"wp","href":"https:\/\/api.w.org\/{rel}","templated":true}]}}