{"id":8131,"date":"2025-03-06T00:18:40","date_gmt":"2025-03-05T21:18:40","guid":{"rendered":"http:\/\/www.univ-dbkm.dz\/fdsp1\/?page_id=8131"},"modified":"2025-03-17T14:57:34","modified_gmt":"2025-03-17T11:57:34","slug":"salle-tirage","status":"publish","type":"page","link":"http:\/\/www.univ-dbkm.dz\/fdsp1\/fr\/salle-tirage\/","title":{"rendered":"Salle tirage"},"content":{"rendered":"\t\t<div data-elementor-type=\"wp-page\" data-elementor-id=\"8131\" class=\"elementor elementor-8131\">\n\t\t\t\t\t\t<section class=\"elementor-section elementor-top-section elementor-element elementor-element-7d45189 elementor-section-full_width elementor-section-height-default elementor-section-height-default wpr-particle-no wpr-jarallax-no wpr-parallax-no wpr-sticky-section-no\" data-id=\"7d45189\" data-element_type=\"section\">\n\t\t\t\t\t\t<div class=\"elementor-container elementor-column-gap-default\">\n\t\t\t\t\t<div class=\"elementor-column elementor-col-100 elementor-top-column elementor-element elementor-element-8b638b9\" data-id=\"8b638b9\" data-element_type=\"column\">\n\t\t\t<div class=\"elementor-widget-wrap elementor-element-populated\">\n\t\t\t\t\t\t<div class=\"elementor-element elementor-element-d7c4b24 elementor-widget elementor-widget-image\" data-id=\"d7c4b24\" data-element_type=\"widget\" data-widget_type=\"image.default\">\n\t\t\t\t<div class=\"elementor-widget-container\">\n\t\t\t\t\t\t\t\t\t\t\t\t\t\t\t<img fetchpriority=\"high\" decoding=\"async\" width=\"1200\" height=\"525\" src=\"http:\/\/www.univ-dbkm.dz\/fdsp1\/wp-content\/uploads\/2025\/03\/droit-affaire-1-1.jpg\" class=\"attachment-1536x1536 size-1536x1536 wp-image-8082\" alt=\"\" srcset=\"http:\/\/www.univ-dbkm.dz\/fdsp1\/wp-content\/uploads\/2025\/03\/droit-affaire-1-1.jpg 1200w, http:\/\/www.univ-dbkm.dz\/fdsp1\/wp-content\/uploads\/2025\/03\/droit-affaire-1-1-300x131.jpg 300w, http:\/\/www.univ-dbkm.dz\/fdsp1\/wp-content\/uploads\/2025\/03\/droit-affaire-1-1-1024x448.jpg 1024w, http:\/\/www.univ-dbkm.dz\/fdsp1\/wp-content\/uploads\/2025\/03\/droit-affaire-1-1-768x336.jpg 768w\" sizes=\"(max-width: 1200px) 100vw, 1200px\" \/>\t\t\t\t\t\t\t\t\t\t\t\t\t\t\t<\/div>\n\t\t\t\t<\/div>\n\t\t\t\t\t<\/div>\n\t\t<\/div>\n\t\t\t\t\t<\/div>\n\t\t<\/section>\n\t\t\t\t<section class=\"elementor-section elementor-top-section elementor-element elementor-element-8bb9af0 elementor-section-boxed elementor-section-height-default elementor-section-height-default wpr-particle-no wpr-jarallax-no wpr-parallax-no wpr-sticky-section-no\" data-id=\"8bb9af0\" data-element_type=\"section\">\n\t\t\t\t\t\t<div class=\"elementor-container elementor-column-gap-default\">\n\t\t\t\t\t<div class=\"elementor-column elementor-col-100 elementor-top-column elementor-element elementor-element-7ec5758\" data-id=\"7ec5758\" data-element_type=\"column\">\n\t\t\t<div class=\"elementor-widget-wrap elementor-element-populated\">\n\t\t\t\t\t\t<div class=\"elementor-element elementor-element-ca06432 elementor-widget elementor-widget-text-editor\" data-id=\"ca06432\" data-element_type=\"widget\" data-widget_type=\"text-editor.default\">\n\t\t\t\t<div class=\"elementor-widget-container\">\n\t\t\t\t\t\t\t\t\t<h2>La salle de tirage est dot\u00e9e d&rsquo;\u00e9quipements et d&rsquo;appareils modernes destin\u00e9s \u00e0 l&rsquo;impression de divers documents administratifs et p\u00e9dagogiques. Elle est \u00e9galement utilis\u00e9e par les \u00e9tudiants internationaux pour imprimer les documents et publications li\u00e9s \u00e0 leurs \u00e9tudes.<\/h2>\t\t\t\t\t\t\t\t<\/div>\n\t\t\t\t<\/div>\n\t\t\t\t<section class=\"elementor-section elementor-inner-section elementor-element elementor-element-46cb416 elementor-section-boxed elementor-section-height-default elementor-section-height-default wpr-particle-no wpr-jarallax-no wpr-parallax-no wpr-sticky-section-no\" data-id=\"46cb416\" data-element_type=\"section\">\n\t\t\t\t\t\t<div class=\"elementor-container elementor-column-gap-default\">\n\t\t\t\t\t<div class=\"elementor-column elementor-col-50 elementor-inner-column elementor-element elementor-element-119e085\" data-id=\"119e085\" data-element_type=\"column\">\n\t\t\t<div class=\"elementor-widget-wrap elementor-element-populated\">\n\t\t\t\t\t\t<div class=\"elementor-element elementor-element-396d44d elementor-widget elementor-widget-image\" data-id=\"396d44d\" data-element_type=\"widget\" data-widget_type=\"image.default\">\n\t\t\t\t<div class=\"elementor-widget-container\">\n\t\t\t\t\t\t\t\t\t\t\t\t\t\t\t<img decoding=\"async\" width=\"1024\" height=\"768\" src=\"http:\/\/www.univ-dbkm.dz\/fdsp1\/wp-content\/uploads\/2025\/03\/IMG20250316114422-1024x768.jpg\" class=\"attachment-large size-large wp-image-8684\" alt=\"\" srcset=\"http:\/\/www.univ-dbkm.dz\/fdsp1\/wp-content\/uploads\/2025\/03\/IMG20250316114422-1024x768.jpg 1024w, http:\/\/www.univ-dbkm.dz\/fdsp1\/wp-content\/uploads\/2025\/03\/IMG20250316114422-300x225.jpg 300w, http:\/\/www.univ-dbkm.dz\/fdsp1\/wp-content\/uploads\/2025\/03\/IMG20250316114422-768x576.jpg 768w, http:\/\/www.univ-dbkm.dz\/fdsp1\/wp-content\/uploads\/2025\/03\/IMG20250316114422-1536x1152.jpg 1536w, http:\/\/www.univ-dbkm.dz\/fdsp1\/wp-content\/uploads\/2025\/03\/IMG20250316114422-2048x1536.jpg 2048w\" sizes=\"(max-width: 1024px) 100vw, 1024px\" \/>\t\t\t\t\t\t\t\t\t\t\t\t\t\t\t<\/div>\n\t\t\t\t<\/div>\n\t\t\t\t\t<\/div>\n\t\t<\/div>\n\t\t\t\t<div class=\"elementor-column elementor-col-50 elementor-inner-column elementor-element elementor-element-79b308a\" data-id=\"79b308a\" data-element_type=\"column\">\n\t\t\t<div class=\"elementor-widget-wrap elementor-element-populated\">\n\t\t\t\t\t\t<div class=\"elementor-element elementor-element-360138e elementor-widget elementor-widget-image\" data-id=\"360138e\" data-element_type=\"widget\" data-widget_type=\"image.default\">\n\t\t\t\t<div class=\"elementor-widget-container\">\n\t\t\t\t\t\t\t\t\t\t\t\t\t\t\t<img decoding=\"async\" width=\"1024\" height=\"768\" src=\"http:\/\/www.univ-dbkm.dz\/fdsp1\/wp-content\/uploads\/2025\/03\/IMG20250316114408-1024x768.jpg\" class=\"attachment-large size-large wp-image-8682\" alt=\"\" srcset=\"http:\/\/www.univ-dbkm.dz\/fdsp1\/wp-content\/uploads\/2025\/03\/IMG20250316114408-1024x768.jpg 1024w, http:\/\/www.univ-dbkm.dz\/fdsp1\/wp-content\/uploads\/2025\/03\/IMG20250316114408-300x225.jpg 300w, http:\/\/www.univ-dbkm.dz\/fdsp1\/wp-content\/uploads\/2025\/03\/IMG20250316114408-768x576.jpg 768w, http:\/\/www.univ-dbkm.dz\/fdsp1\/wp-content\/uploads\/2025\/03\/IMG20250316114408-1536x1152.jpg 1536w, http:\/\/www.univ-dbkm.dz\/fdsp1\/wp-content\/uploads\/2025\/03\/IMG20250316114408-2048x1536.jpg 2048w\" sizes=\"(max-width: 1024px) 100vw, 1024px\" \/>\t\t\t\t\t\t\t\t\t\t\t\t\t\t\t<\/div>\n\t\t\t\t<\/div>\n\t\t\t\t\t<\/div>\n\t\t<\/div>\n\t\t\t\t\t<\/div>\n\t\t<\/section>\n\t\t\t\t\t<\/div>\n\t\t<\/div>\n\t\t\t\t\t<\/div>\n\t\t<\/section>\n\t\t\t\t<\/div>\n\t\t","protected":false},"excerpt":{"rendered":"<p>La salle de tirage est dot\u00e9e d&rsquo;\u00e9quipements et d&rsquo;appareils modernes destin\u00e9s \u00e0 l&rsquo;impression de divers documents administratifs et p\u00e9dagogiques. Elle est \u00e9galement utilis\u00e9e par les \u00e9tudiants internationaux pour imprimer les documents et publications li\u00e9s \u00e0 leurs \u00e9tudes.<\/p>\n","protected":false},"author":4,"featured_media":0,"parent":0,"menu_order":0,"comment_status":"closed","ping_status":"closed","template":"","meta":{"site-sidebar-layout":"no-sidebar","site-content-layout":"page-builder","ast-global-header-display":"","ast-main-header-display":"","ast-hfb-above-header-display":"","ast-hfb-below-header-display":"","ast-hfb-mobile-header-display":"","site-post-title":"disabled","ast-breadcrumbs-content":"","ast-featured-img":"disabled","footer-sml-layout":"","theme-transparent-header-meta":"","adv-header-id-meta":"","stick-header-meta":"","header-above-stick-meta":"","header-main-stick-meta":"","header-below-stick-meta":"","footnotes":""},"class_list":["post-8131","page","type-page","status-publish","hentry"],"rttpg_featured_image_url":null,"rttpg_author":{"display_name":"webmaster","author_link":"http:\/\/www.univ-dbkm.dz\/fdsp1\/author\/webmaster-2024dsp\/"},"rttpg_comment":0,"rttpg_category":" <a href=\"http:\/\/www.univ-dbkm.dz\/fdsp1\/fr\/\" rel=\"tag\">Fran\u00e7ais<\/a>","rttpg_excerpt":"La salle de tirage est dot\u00e9e d&rsquo;\u00e9quipements et d&rsquo;appareils modernes destin\u00e9s \u00e0 l&rsquo;impression de divers documents administratifs et p\u00e9dagogiques. Elle est \u00e9galement utilis\u00e9e par les \u00e9tudiants internationaux pour imprimer les documents et publications li\u00e9s \u00e0 leurs \u00e9tudes.","_links":{"self":[{"href":"http:\/\/www.univ-dbkm.dz\/fdsp1\/wp-json\/wp\/v2\/pages\/8131","targetHints":{"allow":["GET"]}}],"collection":[{"href":"http:\/\/www.univ-dbkm.dz\/fdsp1\/wp-json\/wp\/v2\/pages"}],"about":[{"href":"http:\/\/www.univ-dbkm.dz\/fdsp1\/wp-json\/wp\/v2\/types\/page"}],"author":[{"embeddable":true,"href":"http:\/\/www.univ-dbkm.dz\/fdsp1\/wp-json\/wp\/v2\/users\/4"}],"replies":[{"embeddable":true,"href":"http:\/\/www.univ-dbkm.dz\/fdsp1\/wp-json\/wp\/v2\/comments?post=8131"}],"version-history":[{"count":14,"href":"http:\/\/www.univ-dbkm.dz\/fdsp1\/wp-json\/wp\/v2\/pages\/8131\/revisions"}],"predecessor-version":[{"id":8888,"href":"http:\/\/www.univ-dbkm.dz\/fdsp1\/wp-json\/wp\/v2\/pages\/8131\/revisions\/8888"}],"wp:attachment":[{"href":"http:\/\/www.univ-dbkm.dz\/fdsp1\/wp-json\/wp\/v2\/media?parent=8131"}],"curies":[{"name":"wp","href":"https:\/\/api.w.org\/{rel}","templated":true}]}}