{"id":9059,"date":"2025-03-20T15:35:56","date_gmt":"2025-03-20T12:35:56","guid":{"rendered":"http:\/\/www.univ-dbkm.dz\/fdsp1\/?page_id=9059"},"modified":"2025-03-30T23:11:01","modified_gmt":"2025-03-30T20:11:01","slug":"persones-a-besion-specifique","status":"publish","type":"page","link":"http:\/\/www.univ-dbkm.dz\/fdsp1\/fr\/persones-a-besion-specifique\/","title":{"rendered":"Personnes \u00e0 besion sp\u00e9cifique"},"content":{"rendered":"\t\t<div data-elementor-type=\"wp-page\" data-elementor-id=\"9059\" class=\"elementor elementor-9059\">\n\t\t\t\t\t\t<section class=\"elementor-section elementor-top-section elementor-element elementor-element-8d6ba36 elementor-section-boxed elementor-section-height-default elementor-section-height-default wpr-particle-no wpr-jarallax-no wpr-parallax-no wpr-sticky-section-no\" data-id=\"8d6ba36\" data-element_type=\"section\">\n\t\t\t\t\t\t<div class=\"elementor-container elementor-column-gap-default\">\n\t\t\t\t\t<div class=\"elementor-column elementor-col-100 elementor-top-column elementor-element elementor-element-d2279da\" data-id=\"d2279da\" data-element_type=\"column\">\n\t\t\t<div class=\"elementor-widget-wrap elementor-element-populated\">\n\t\t\t\t\t\t<div class=\"elementor-element elementor-element-239a00f elementor-widget elementor-widget-text-editor\" data-id=\"239a00f\" data-element_type=\"widget\" data-widget_type=\"text-editor.default\">\n\t\t\t\t<div class=\"elementor-widget-container\">\n\t\t\t\t\t\t\t\t\t<h3>Les personnes \u00e0 besoin sp\u00e9cifiques repr\u00e9sentent\u00a0 une couche sociale qui occupe une place significative dans notre soci\u00e9t\u00e9\u00a0.Dans ce contexte, la Facult\u00e9 de Droit et des Science Politique d\u00e9ploie des efforts consid\u00e9rables\u00a0 pour l\u2019int\u00e9grer dans le milieu universitaire par le soutien et l\u2019accompagnement p\u00e9dagogique permanents.<\/h3>\t\t\t\t\t\t\t\t<\/div>\n\t\t\t\t<\/div>\n\t\t\t\t\t<\/div>\n\t\t<\/div>\n\t\t\t\t\t<\/div>\n\t\t<\/section>\n\t\t\t\t<section class=\"elementor-section elementor-top-section elementor-element elementor-element-74e47d2 elementor-section-boxed elementor-section-height-default elementor-section-height-default wpr-particle-no wpr-jarallax-no wpr-parallax-no wpr-sticky-section-no\" data-id=\"74e47d2\" data-element_type=\"section\">\n\t\t\t\t\t\t<div class=\"elementor-container elementor-column-gap-default\">\n\t\t\t\t\t<div class=\"elementor-column elementor-col-100 elementor-top-column elementor-element elementor-element-84c7b10\" data-id=\"84c7b10\" data-element_type=\"column\">\n\t\t\t<div class=\"elementor-widget-wrap elementor-element-populated\">\n\t\t\t\t\t\t<div class=\"elementor-element elementor-element-1d39cdd elementor-widget elementor-widget-text-editor\" data-id=\"1d39cdd\" data-element_type=\"widget\" data-widget_type=\"text-editor.default\">\n\t\t\t\t<div class=\"elementor-widget-container\">\n\t\t\t\t\t\t\t\t\t<h3>coordinateur des \u00e9tudiants \u00e0 besoins sp\u00e9cifiques : <strong>MENNAD mohammed<\/strong><\/h3><h3>Email : <strong>m_mennad@univ-dbkm.dz<\/strong><\/h3>\t\t\t\t\t\t\t\t<\/div>\n\t\t\t\t<\/div>\n\t\t\t\t\t<\/div>\n\t\t<\/div>\n\t\t\t\t\t<\/div>\n\t\t<\/section>\n\t\t\t\t<section class=\"elementor-section elementor-top-section elementor-element elementor-element-3bd84d5 elementor-section-boxed elementor-section-height-default elementor-section-height-default wpr-particle-no wpr-jarallax-no wpr-parallax-no wpr-sticky-section-no\" data-id=\"3bd84d5\" data-element_type=\"section\">\n\t\t\t\t\t\t<div class=\"elementor-container elementor-column-gap-default\">\n\t\t\t\t\t<div class=\"elementor-column elementor-col-100 elementor-top-column elementor-element elementor-element-c537853\" data-id=\"c537853\" data-element_type=\"column\">\n\t\t\t<div class=\"elementor-widget-wrap elementor-element-populated\">\n\t\t\t\t\t\t<section class=\"elementor-section elementor-inner-section elementor-element elementor-element-c8b164f elementor-section-boxed elementor-section-height-default elementor-section-height-default wpr-particle-no wpr-jarallax-no wpr-parallax-no wpr-sticky-section-no\" data-id=\"c8b164f\" data-element_type=\"section\">\n\t\t\t\t\t\t<div class=\"elementor-container elementor-column-gap-default\">\n\t\t\t\t\t<div class=\"elementor-column elementor-col-50 elementor-inner-column elementor-element elementor-element-bc89c36\" data-id=\"bc89c36\" data-element_type=\"column\">\n\t\t\t<div class=\"elementor-widget-wrap elementor-element-populated\">\n\t\t\t\t\t\t<div class=\"elementor-element elementor-element-225dbab elementor-widget elementor-widget-image\" data-id=\"225dbab\" data-element_type=\"widget\" data-widget_type=\"image.default\">\n\t\t\t\t<div class=\"elementor-widget-container\">\n\t\t\t\t\t\t\t\t\t\t\t\t\t\t\t<img fetchpriority=\"high\" decoding=\"async\" width=\"1024\" height=\"768\" src=\"http:\/\/www.univ-dbkm.dz\/fdsp1\/wp-content\/uploads\/2025\/03\/IMG20250320121833-1024x768.jpg\" class=\"attachment-large size-large wp-image-9043\" alt=\"\" srcset=\"http:\/\/www.univ-dbkm.dz\/fdsp1\/wp-content\/uploads\/2025\/03\/IMG20250320121833-1024x768.jpg 1024w, http:\/\/www.univ-dbkm.dz\/fdsp1\/wp-content\/uploads\/2025\/03\/IMG20250320121833-300x225.jpg 300w, http:\/\/www.univ-dbkm.dz\/fdsp1\/wp-content\/uploads\/2025\/03\/IMG20250320121833-768x576.jpg 768w, http:\/\/www.univ-dbkm.dz\/fdsp1\/wp-content\/uploads\/2025\/03\/IMG20250320121833-1536x1152.jpg 1536w, http:\/\/www.univ-dbkm.dz\/fdsp1\/wp-content\/uploads\/2025\/03\/IMG20250320121833-2048x1536.jpg 2048w\" sizes=\"(max-width: 1024px) 100vw, 1024px\" \/>\t\t\t\t\t\t\t\t\t\t\t\t\t\t\t<\/div>\n\t\t\t\t<\/div>\n\t\t\t\t\t<\/div>\n\t\t<\/div>\n\t\t\t\t<div class=\"elementor-column elementor-col-50 elementor-inner-column elementor-element elementor-element-ebd989d\" data-id=\"ebd989d\" data-element_type=\"column\">\n\t\t\t<div class=\"elementor-widget-wrap elementor-element-populated\">\n\t\t\t\t\t\t<div class=\"elementor-element elementor-element-62c0f9a elementor-widget elementor-widget-image\" data-id=\"62c0f9a\" data-element_type=\"widget\" data-widget_type=\"image.default\">\n\t\t\t\t<div class=\"elementor-widget-container\">\n\t\t\t\t\t\t\t\t\t\t\t\t\t\t\t<img decoding=\"async\" width=\"1024\" height=\"768\" src=\"http:\/\/www.univ-dbkm.dz\/fdsp1\/wp-content\/uploads\/2025\/03\/IMG20250320121927-1024x768.jpg\" class=\"attachment-large size-large wp-image-9045\" alt=\"\" srcset=\"http:\/\/www.univ-dbkm.dz\/fdsp1\/wp-content\/uploads\/2025\/03\/IMG20250320121927-1024x768.jpg 1024w, http:\/\/www.univ-dbkm.dz\/fdsp1\/wp-content\/uploads\/2025\/03\/IMG20250320121927-300x225.jpg 300w, http:\/\/www.univ-dbkm.dz\/fdsp1\/wp-content\/uploads\/2025\/03\/IMG20250320121927-768x576.jpg 768w, http:\/\/www.univ-dbkm.dz\/fdsp1\/wp-content\/uploads\/2025\/03\/IMG20250320121927-1536x1152.jpg 1536w, http:\/\/www.univ-dbkm.dz\/fdsp1\/wp-content\/uploads\/2025\/03\/IMG20250320121927-2048x1536.jpg 2048w\" sizes=\"(max-width: 1024px) 100vw, 1024px\" \/>\t\t\t\t\t\t\t\t\t\t\t\t\t\t\t<\/div>\n\t\t\t\t<\/div>\n\t\t\t\t\t<\/div>\n\t\t<\/div>\n\t\t\t\t\t<\/div>\n\t\t<\/section>\n\t\t\t\t\t<\/div>\n\t\t<\/div>\n\t\t\t\t\t<\/div>\n\t\t<\/section>\n\t\t\t\t<section class=\"elementor-section elementor-top-section elementor-element elementor-element-c7c7008 elementor-section-boxed elementor-section-height-default elementor-section-height-default wpr-particle-no wpr-jarallax-no wpr-parallax-no wpr-sticky-section-no\" data-id=\"c7c7008\" data-element_type=\"section\">\n\t\t\t\t\t\t<div class=\"elementor-container elementor-column-gap-default\">\n\t\t\t\t\t<div class=\"elementor-column elementor-col-100 elementor-top-column elementor-element elementor-element-7c90269\" data-id=\"7c90269\" data-element_type=\"column\">\n\t\t\t<div class=\"elementor-widget-wrap\">\n\t\t\t\t\t\t\t<\/div>\n\t\t<\/div>\n\t\t\t\t\t<\/div>\n\t\t<\/section>\n\t\t\t\t<\/div>\n\t\t","protected":false},"excerpt":{"rendered":"<p>Les personnes \u00e0 besoin sp\u00e9cifiques repr\u00e9sentent\u00a0 une couche sociale qui occupe une place significative dans notre soci\u00e9t\u00e9\u00a0.Dans ce contexte, la Facult\u00e9 de Droit et des Science Politique d\u00e9ploie des efforts consid\u00e9rables\u00a0 pour l\u2019int\u00e9grer dans le milieu universitaire par le soutien et l\u2019accompagnement p\u00e9dagogique permanents. coordinateur des \u00e9tudiants \u00e0 besoins sp\u00e9cifiques : MENNAD mohammed Email : m_mennad@univ-dbkm.dz<\/p>\n","protected":false},"author":4,"featured_media":0,"parent":0,"menu_order":0,"comment_status":"closed","ping_status":"closed","template":"","meta":{"site-sidebar-layout":"no-sidebar","site-content-layout":"page-builder","ast-global-header-display":"","ast-main-header-display":"","ast-hfb-above-header-display":"","ast-hfb-below-header-display":"","ast-hfb-mobile-header-display":"","site-post-title":"disabled","ast-breadcrumbs-content":"","ast-featured-img":"disabled","footer-sml-layout":"","theme-transparent-header-meta":"","adv-header-id-meta":"","stick-header-meta":"","header-above-stick-meta":"","header-main-stick-meta":"","header-below-stick-meta":"","footnotes":""},"class_list":["post-9059","page","type-page","status-publish","hentry"],"rttpg_featured_image_url":null,"rttpg_author":{"display_name":"webmaster","author_link":"http:\/\/www.univ-dbkm.dz\/fdsp1\/author\/webmaster-2024dsp\/"},"rttpg_comment":0,"rttpg_category":" <a href=\"http:\/\/www.univ-dbkm.dz\/fdsp1\/fr\/\" rel=\"tag\">Fran\u00e7ais<\/a>","rttpg_excerpt":"Les personnes \u00e0 besoin sp\u00e9cifiques repr\u00e9sentent\u00a0 une couche sociale qui occupe une place significative dans notre soci\u00e9t\u00e9\u00a0.Dans ce contexte, la Facult\u00e9 de Droit et des Science Politique d\u00e9ploie des efforts consid\u00e9rables\u00a0 pour l\u2019int\u00e9grer dans le milieu universitaire par le soutien et l\u2019accompagnement p\u00e9dagogique permanents. coordinateur des \u00e9tudiants \u00e0 besoins sp\u00e9cifiques : MENNAD mohammed Email :\u2026","_links":{"self":[{"href":"http:\/\/www.univ-dbkm.dz\/fdsp1\/wp-json\/wp\/v2\/pages\/9059","targetHints":{"allow":["GET"]}}],"collection":[{"href":"http:\/\/www.univ-dbkm.dz\/fdsp1\/wp-json\/wp\/v2\/pages"}],"about":[{"href":"http:\/\/www.univ-dbkm.dz\/fdsp1\/wp-json\/wp\/v2\/types\/page"}],"author":[{"embeddable":true,"href":"http:\/\/www.univ-dbkm.dz\/fdsp1\/wp-json\/wp\/v2\/users\/4"}],"replies":[{"embeddable":true,"href":"http:\/\/www.univ-dbkm.dz\/fdsp1\/wp-json\/wp\/v2\/comments?post=9059"}],"version-history":[{"count":8,"href":"http:\/\/www.univ-dbkm.dz\/fdsp1\/wp-json\/wp\/v2\/pages\/9059\/revisions"}],"predecessor-version":[{"id":9090,"href":"http:\/\/www.univ-dbkm.dz\/fdsp1\/wp-json\/wp\/v2\/pages\/9059\/revisions\/9090"}],"wp:attachment":[{"href":"http:\/\/www.univ-dbkm.dz\/fdsp1\/wp-json\/wp\/v2\/media?parent=9059"}],"curies":[{"name":"wp","href":"https:\/\/api.w.org\/{rel}","templated":true}]}}