{"id":2268,"date":"2023-05-17T15:47:17","date_gmt":"2023-05-17T12:47:17","guid":{"rendered":"http:\/\/www.univ-dbkm.dz\/fll1\/?page_id=2268"},"modified":"2024-04-28T15:39:14","modified_gmt":"2024-04-28T12:39:14","slug":"departement-de-langue-et-litterature-arabes","status":"publish","type":"page","link":"http:\/\/www.univ-dbkm.dz\/fll1\/fr\/departement-de-langue-et-litterature-arabes\/","title":{"rendered":"D\u00e9partement de langue et litt\u00e9rature arabes"},"content":{"rendered":"\t\t<div data-elementor-type=\"wp-page\" data-elementor-id=\"2268\" class=\"elementor elementor-2268\">\n\t\t\t\t\t\t<section class=\"elementor-section elementor-top-section elementor-element elementor-element-3a86978 elementor-section-boxed elementor-section-height-default elementor-section-height-default wpr-particle-no wpr-jarallax-no wpr-parallax-no wpr-sticky-section-no\" data-id=\"3a86978\" data-element_type=\"section\">\n\t\t\t\t\t\t<div class=\"elementor-container elementor-column-gap-default\">\n\t\t\t\t\t<div class=\"elementor-column elementor-col-100 elementor-top-column elementor-element elementor-element-826aa57\" data-id=\"826aa57\" data-element_type=\"column\">\n\t\t\t<div class=\"elementor-widget-wrap elementor-element-populated\">\n\t\t\t\t\t\t<div class=\"elementor-element elementor-element-971973c elementor-invisible elementor-widget elementor-widget-heading\" data-id=\"971973c\" data-element_type=\"widget\" data-settings=\"{&quot;_animation&quot;:&quot;fadeInDown&quot;}\" data-widget_type=\"heading.default\">\n\t\t\t\t<div class=\"elementor-widget-container\">\n\t\t\t\t\t<h2 class=\"elementor-heading-title elementor-size-default\">D\u00e9partement de Langue et Litt\u00e9rature Arabe\n<\/h2>\t\t\t\t<\/div>\n\t\t\t\t<\/div>\n\t\t\t\t\t<\/div>\n\t\t<\/div>\n\t\t\t\t\t<\/div>\n\t\t<\/section>\n\t\t\t\t<section class=\"elementor-section elementor-top-section elementor-element elementor-element-10f2507 elementor-section-boxed elementor-section-height-default elementor-section-height-default wpr-particle-no wpr-jarallax-no wpr-parallax-no wpr-sticky-section-no\" data-id=\"10f2507\" data-element_type=\"section\">\n\t\t\t\t\t\t<div class=\"elementor-container elementor-column-gap-default\">\n\t\t\t\t\t<div class=\"elementor-column elementor-col-100 elementor-top-column elementor-element elementor-element-c20f8cc\" data-id=\"c20f8cc\" data-element_type=\"column\">\n\t\t\t<div class=\"elementor-widget-wrap elementor-element-populated\">\n\t\t\t\t\t\t<div class=\"elementor-element elementor-element-25d20c8 elementor-widget elementor-widget-text-editor\" data-id=\"25d20c8\" data-element_type=\"widget\" data-widget_type=\"text-editor.default\">\n\t\t\t\t<div class=\"elementor-widget-container\">\n\t\t\t\t\t\t\t\t\t<table><tbody><tr><td><h5><strong>Dr.Mhamed MEZAINI<\/strong><\/h5><\/td><td><h5><strong>Chef du D\u00e9partement de Langue et Litt\u00e9rature Arabe<\/strong><\/h5><\/td><\/tr><tr><td><h5><strong>Dr.Noureddine JOUINI<\/strong><\/h5><\/td><td><h5><strong>Chef de d\u00e9partement adjoint pour des \u00e9tudes et des questions li\u00e9es aux \u00e9tudiants<\/strong><\/h5><\/td><\/tr><tr><td><h5><strong>\/<\/strong><\/h5><\/td><td><h5><strong>Chef de d\u00e9partement adjoint charge de la post-graduation, de la recherche scientifique et des relations ext\u00e9rieures<\/strong><\/h5><\/td><\/tr><\/tbody><\/table>\t\t\t\t\t\t\t\t<\/div>\n\t\t\t\t<\/div>\n\t\t\t\t\t<\/div>\n\t\t<\/div>\n\t\t\t\t\t<\/div>\n\t\t<\/section>\n\t\t\t\t<\/div>\n\t\t","protected":false},"excerpt":{"rendered":"<p>D\u00e9partement de Langue et Litt\u00e9rature Arabe Dr.Mhamed MEZAINI Chef du D\u00e9partement de Langue et Litt\u00e9rature Arabe Dr.Noureddine JOUINI Chef de d\u00e9partement adjoint pour des \u00e9tudes et des questions li\u00e9es aux \u00e9tudiants \/ Chef de d\u00e9partement adjoint charge de la post-graduation, de la recherche scientifique et des relations ext\u00e9rieures<\/p>\n","protected":false},"author":1,"featured_media":0,"parent":0,"menu_order":0,"comment_status":"closed","ping_status":"closed","template":"","meta":{"limit_modified_date":"","last_modified_date":"","site-sidebar-layout":"no-sidebar","site-content-layout":"page-builder","ast-global-header-display":"","ast-main-header-display":"","ast-hfb-above-header-display":"","ast-hfb-below-header-display":"","ast-hfb-mobile-header-display":"","site-post-title":"disabled","ast-breadcrumbs-content":"","ast-featured-img":"disabled","footer-sml-layout":"","theme-transparent-header-meta":"","adv-header-id-meta":"","stick-header-meta":"","header-above-stick-meta":"","header-main-stick-meta":"","header-below-stick-meta":"","footnotes":""},"class_list":["post-2268","page","type-page","status-publish","hentry"],"rttpg_featured_image_url":null,"rttpg_author":{"display_name":"fll1","author_link":"http:\/\/www.univ-dbkm.dz\/fll1\/author\/fll1\/"},"rttpg_comment":0,"rttpg_category":" <a href=\"http:\/\/www.univ-dbkm.dz\/fll1\/fr\/\" rel=\"tag\">Fran\u00e7ais<\/a>","rttpg_excerpt":"D\u00e9partement de Langue et Litt\u00e9rature Arabe Dr.Mhamed MEZAINI Chef du D\u00e9partement de Langue et Litt\u00e9rature Arabe Dr.Noureddine JOUINI Chef de d\u00e9partement adjoint pour des \u00e9tudes et des questions li\u00e9es aux \u00e9tudiants \/ Chef de d\u00e9partement adjoint charge de la post-graduation, de la recherche scientifique et des relations ext\u00e9rieures","_links":{"self":[{"href":"http:\/\/www.univ-dbkm.dz\/fll1\/wp-json\/wp\/v2\/pages\/2268","targetHints":{"allow":["GET"]}}],"collection":[{"href":"http:\/\/www.univ-dbkm.dz\/fll1\/wp-json\/wp\/v2\/pages"}],"about":[{"href":"http:\/\/www.univ-dbkm.dz\/fll1\/wp-json\/wp\/v2\/types\/page"}],"author":[{"embeddable":true,"href":"http:\/\/www.univ-dbkm.dz\/fll1\/wp-json\/wp\/v2\/users\/1"}],"replies":[{"embeddable":true,"href":"http:\/\/www.univ-dbkm.dz\/fll1\/wp-json\/wp\/v2\/comments?post=2268"}],"version-history":[{"count":13,"href":"http:\/\/www.univ-dbkm.dz\/fll1\/wp-json\/wp\/v2\/pages\/2268\/revisions"}],"predecessor-version":[{"id":8500,"href":"http:\/\/www.univ-dbkm.dz\/fll1\/wp-json\/wp\/v2\/pages\/2268\/revisions\/8500"}],"wp:attachment":[{"href":"http:\/\/www.univ-dbkm.dz\/fll1\/wp-json\/wp\/v2\/media?parent=2268"}],"curies":[{"name":"wp","href":"https:\/\/api.w.org\/{rel}","templated":true}]}}