{"id":2294,"date":"2023-05-17T15:58:46","date_gmt":"2023-05-17T12:58:46","guid":{"rendered":"http:\/\/www.univ-dbkm.dz\/fll1\/?page_id=2294"},"modified":"2025-03-06T14:38:34","modified_gmt":"2025-03-06T11:38:34","slug":"platphorme-de-lenseignement-a-distance","status":"publish","type":"page","link":"http:\/\/www.univ-dbkm.dz\/fll1\/fr\/platphorme-de-lenseignement-a-distance\/","title":{"rendered":"Platforme de L&rsquo;enseignement a distance"},"content":{"rendered":"\t\t<div data-elementor-type=\"wp-page\" data-elementor-id=\"2294\" class=\"elementor elementor-2294\">\n\t\t\t\t\t\t<section class=\"elementor-section elementor-top-section elementor-element elementor-element-bbf5942 elementor-section-boxed elementor-section-height-default elementor-section-height-default wpr-particle-no wpr-jarallax-no wpr-parallax-no wpr-sticky-section-no\" data-id=\"bbf5942\" data-element_type=\"section\">\n\t\t\t\t\t\t<div class=\"elementor-container elementor-column-gap-default\">\n\t\t\t\t\t<div class=\"elementor-column elementor-col-100 elementor-top-column elementor-element elementor-element-1b3114c\" data-id=\"1b3114c\" data-element_type=\"column\">\n\t\t\t<div class=\"elementor-widget-wrap\">\n\t\t\t\t\t\t\t<\/div>\n\t\t<\/div>\n\t\t\t\t\t<\/div>\n\t\t<\/section>\n\t\t\t\t<section class=\"elementor-section elementor-top-section elementor-element elementor-element-ec46b29 elementor-section-boxed elementor-section-height-default elementor-section-height-default wpr-particle-no wpr-jarallax-no wpr-parallax-no wpr-sticky-section-no\" data-id=\"ec46b29\" data-element_type=\"section\">\n\t\t\t\t\t\t<div class=\"elementor-container elementor-column-gap-default\">\n\t\t\t\t\t<div class=\"elementor-column elementor-col-100 elementor-top-column elementor-element elementor-element-6c66d15\" data-id=\"6c66d15\" data-element_type=\"column\">\n\t\t\t<div class=\"elementor-widget-wrap elementor-element-populated\">\n\t\t\t\t\t\t<div class=\"elementor-element elementor-element-b69dde7 elementor-invisible elementor-widget elementor-widget-heading\" data-id=\"b69dde7\" data-element_type=\"widget\" data-settings=\"{&quot;_animation&quot;:&quot;fadeInDown&quot;}\" data-widget_type=\"heading.default\">\n\t\t\t\t<div class=\"elementor-widget-container\">\n\t\t\t\t\t<h2 class=\"elementor-heading-title elementor-size-default\"><h2 class=\"text-center text-success\" style=\"margin-bottom: 0.5rem;font-weight: 500;line-height: 1.2;font-size: 2rem;font-family: amiri;font-style: normal;text-transform: none;white-space: normal\"><span class=\"fa fa-laptop\"><\/span><\/h2><span style=\"font-family: amiri;font-size: 2rem;font-weight: 500;text-transform: none;white-space: normal;background-color: var(--ast-global-color-4)\">&nbsp;<\/span><span style=\"font-family: amiri;font-size: 2rem;font-weight: 500;text-transform: none;white-space: normal;background-color: var(--ast-global-color-4)\">Platforme de  L'enseignement a distance<\/span><\/h2>\t\t\t\t<\/div>\n\t\t\t\t<\/div>\n\t\t\t\t<div class=\"elementor-element elementor-element-1d4852f9 elementor-widget elementor-widget-image\" data-id=\"1d4852f9\" data-element_type=\"widget\" data-widget_type=\"image.default\">\n\t\t\t\t<div class=\"elementor-widget-container\">\n\t\t\t\t\t\t\t\t\t\t\t\t\t\t\t<img fetchpriority=\"high\" decoding=\"async\" width=\"700\" height=\"400\" src=\"http:\/\/www.univ-dbkm.dz\/fll1\/wp-content\/uploads\/2023\/04\/449.jpg\" class=\"attachment-large size-large wp-image-1626\" alt=\"\" srcset=\"http:\/\/www.univ-dbkm.dz\/fll1\/wp-content\/uploads\/2023\/04\/449.jpg 700w, http:\/\/www.univ-dbkm.dz\/fll1\/wp-content\/uploads\/2023\/04\/449-300x171.jpg 300w\" sizes=\"(max-width: 700px) 100vw, 700px\" \/>\t\t\t\t\t\t\t\t\t\t\t\t\t\t\t<\/div>\n\t\t\t\t<\/div>\n\t\t\t\t<div class=\"elementor-element elementor-element-97ee025 elementor-widget elementor-widget-text-editor\" data-id=\"97ee025\" data-element_type=\"widget\" data-widget_type=\"text-editor.default\">\n\t\t\t\t<div class=\"elementor-widget-container\">\n\t\t\t\t\t\t\t\t\t<h4 style=\"text-align: center;\">La Facult\u00e9 des Lettres et Langues de l&rsquo;Universit\u00e9 Djilali Bounaama Khemis Miliana, consciente de l&rsquo;importance de l&rsquo;int\u00e9gration de la technologie dans l\u2019\u00e9ducation, a adopt\u00e9 l&rsquo;apprentissage en ligne en tant qu&rsquo;outil puissant pour am\u00e9liorer les exp\u00e9riences d&rsquo;enseignement et d&rsquo;apprentissage.<br \/>L&rsquo;apprentissage en ligne, ou apprentissage \u00e9lectronique, fait r\u00e9f\u00e9rence \u00e0 l&rsquo;utilisation des technologies num\u00e9riques (MOODLE) pour fournir un contenu \u00e9ducatif et faciliter les interactions en ligne. Vous pouvez acc\u00e9der au site Web :<br \/><strong><a href=\"http:\/\/elearning.univ-dbkm.dz\">http:\/\/elearning.univ-dbkm.dz<\/a><\/strong><br \/>Voici quelques aspects cl\u00e9s du e-learning \u00e0 la Facult\u00e9 des lettres et des langues :<br \/><strong>1. Prestation de cours en ligne :<\/strong><br \/>L&rsquo;apprentissage en ligne permet \u00e0 la facult\u00e9 d&rsquo;offrir une vari\u00e9t\u00e9 de cours en ligne, offrant une flexibilit\u00e9 aux \u00e9tudiants et aux enseignants. Gr\u00e2ce \u00e0 des plateformes en ligne ou \u00e0 des syst\u00e8mes de gestion de l&rsquo;apprentissage, les supports de cours tels que les conf\u00e9rences, les lectures et les devoirs peuvent \u00eatre facilement accessibles par les \u00e9tudiants \u00e0 leur convenance. Ce mode de prestation de cours permet un apprentissage autonome, \u00e0 son rythme<br \/>et offre aux \u00e9tudiants la possibilit\u00e9 de revoir et de r\u00e9viser le contenu de cours au besoin.<br \/><strong>2. Activit\u00e9s d&rsquo;apprentissage interactives :<\/strong><br \/>Les plateformes d&rsquo;apprentissage en ligne offrent des possibilit\u00e9s d&rsquo;activit\u00e9s<br \/>d&rsquo;apprentissage interactives qui engagent les \u00e9tudiants dans une participation et une collaboration actives. Les forums de discussion, les salles de classe virtuelles et les projets de groupe en ligne favorisent la communication et l&rsquo;interaction entre pairs, m\u00eame dans les environnements d&rsquo;apprentissage \u00e0 distance. De telles activit\u00e9s encouragent l\u2019esprit critique, am\u00e9liorent les comp\u00e9tences en communication et favorisent l&rsquo;apprentissage collaboratif entre<br \/>les \u00e9tudiants.\u00a0<br \/><strong>3. Contenu multim\u00e9dia :<\/strong><br \/>L&rsquo;apprentissage en ligne permet l&rsquo;int\u00e9gration d&rsquo;\u00e9l\u00e9ments multim\u00e9dias dans le contenu du cours, ce qui le rend plus engageant et interactif. Les enseignants peuvent incorporer des vid\u00e9os, des clips audio, des animations et des simulations interactives pour pr\u00e9senter des concepts complexes d&rsquo;une mani\u00e8re visuellement attrayante. Cette approche multim\u00e9dia s&rsquo;adapte \u00e0 diff\u00e9rents styles d&rsquo;apprentissage et aide les \u00e9l\u00e8ves \u00e0 saisir et \u00e0 retenir les informations plus efficacement.<br \/><strong>4. \u00c9valuation et commentaires :<\/strong><br \/>Les outils d&rsquo;\u00e9valuation en ligne permettent aux membres du corps acad\u00e9mique d&rsquo;administrer des quiz, des tests et des devoirs par voie \u00e9lectronique, en fournissant un feedback imm\u00e9diat aux \u00e9tudiants. Les syst\u00e8mes de notation automatis\u00e9s permettent de gagner du temps et d&rsquo;effectuer une \u00e9valuation efficace. De plus, les plateformes en ligne facilitent l&rsquo;\u00e9valuation continue gr\u00e2ce \u00e0 des quiz formatifs ou \u00e0 la participation \u00e0 des discussions, permettant aux enseignants de suivre les progr\u00e8s des \u00e9tudiants et de fournir des commentaires et un soutien en temps opportun.<\/h4>\t\t\t\t\t\t\t\t<\/div>\n\t\t\t\t<\/div>\n\t\t\t\t\t<\/div>\n\t\t<\/div>\n\t\t\t\t\t<\/div>\n\t\t<\/section>\n\t\t\t\t<section class=\"elementor-section elementor-top-section elementor-element elementor-element-64cfbe8c elementor-section-boxed elementor-section-height-default elementor-section-height-default wpr-particle-no wpr-jarallax-no wpr-parallax-no wpr-sticky-section-no\" data-id=\"64cfbe8c\" data-element_type=\"section\">\n\t\t\t\t\t\t<div class=\"elementor-container elementor-column-gap-default\">\n\t\t\t\t\t<div class=\"elementor-column elementor-col-100 elementor-top-column elementor-element elementor-element-71cfe52b\" data-id=\"71cfe52b\" data-element_type=\"column\">\n\t\t\t<div class=\"elementor-widget-wrap\">\n\t\t\t\t\t\t\t<\/div>\n\t\t<\/div>\n\t\t\t\t\t<\/div>\n\t\t<\/section>\n\t\t\t\t<\/div>\n\t\t","protected":false},"excerpt":{"rendered":"<p>&nbsp;Platforme de L&rsquo;enseignement a distance La Facult\u00e9 des Lettres et Langues de l&rsquo;Universit\u00e9 Djilali Bounaama Khemis Miliana, consciente de l&rsquo;importance de l&rsquo;int\u00e9gration de la technologie dans l\u2019\u00e9ducation, a adopt\u00e9 l&rsquo;apprentissage en ligne en tant qu&rsquo;outil puissant pour am\u00e9liorer les exp\u00e9riences d&rsquo;enseignement et d&rsquo;apprentissage.L&rsquo;apprentissage en ligne, ou apprentissage \u00e9lectronique, fait r\u00e9f\u00e9rence \u00e0 l&rsquo;utilisation des technologies num\u00e9riques (MOODLE) pour fournir un contenu \u00e9ducatif et faciliter les interactions en ligne. Vous pouvez acc\u00e9der au site Web :http:\/\/elearning.univ-dbkm.dzVoici quelques aspects cl\u00e9s du e-learning \u00e0 la Facult\u00e9 des lettres et des langues :1. Prestation de cours en ligne :L&rsquo;apprentissage en ligne permet \u00e0 la facult\u00e9 d&rsquo;offrir une vari\u00e9t\u00e9 de cours en ligne, offrant une flexibilit\u00e9 aux \u00e9tudiants et aux enseignants. Gr\u00e2ce \u00e0 des plateformes en ligne ou \u00e0 des syst\u00e8mes de gestion de l&rsquo;apprentissage, les supports de cours tels que les conf\u00e9rences, les lectures et les devoirs peuvent \u00eatre facilement accessibles par les \u00e9tudiants \u00e0 leur convenance. Ce mode de prestation de cours permet un apprentissage autonome, \u00e0 son rythmeet offre aux \u00e9tudiants la possibilit\u00e9 de revoir et de r\u00e9viser le contenu de cours au besoin.2. Activit\u00e9s d&rsquo;apprentissage interactives :Les plateformes d&rsquo;apprentissage en ligne offrent des possibilit\u00e9s d&rsquo;activit\u00e9sd&rsquo;apprentissage interactives qui engagent les \u00e9tudiants dans une participation et une collaboration actives. Les forums de discussion, les salles de classe virtuelles et les projets de groupe en ligne favorisent la communication et l&rsquo;interaction entre pairs, m\u00eame dans les environnements d&rsquo;apprentissage \u00e0 distance. De telles activit\u00e9s encouragent l\u2019esprit critique, am\u00e9liorent les comp\u00e9tences en communication et favorisent l&rsquo;apprentissage collaboratif entreles \u00e9tudiants.\u00a03. Contenu multim\u00e9dia :L&rsquo;apprentissage en ligne permet l&rsquo;int\u00e9gration d&rsquo;\u00e9l\u00e9ments multim\u00e9dias dans le contenu du cours, ce qui le rend plus engageant et interactif. Les enseignants peuvent incorporer des vid\u00e9os, des clips audio, des animations et des simulations interactives pour pr\u00e9senter des concepts complexes d&rsquo;une mani\u00e8re visuellement attrayante. Cette approche multim\u00e9dia s&rsquo;adapte \u00e0 diff\u00e9rents styles d&rsquo;apprentissage et aide les \u00e9l\u00e8ves \u00e0 saisir et \u00e0 retenir les informations plus efficacement.4. \u00c9valuation et commentaires :Les outils d&rsquo;\u00e9valuation en ligne permettent aux membres du corps acad\u00e9mique d&rsquo;administrer des quiz, des tests et des devoirs par voie \u00e9lectronique, en fournissant un feedback imm\u00e9diat aux \u00e9tudiants. Les syst\u00e8mes de notation automatis\u00e9s permettent de gagner du temps et d&rsquo;effectuer une \u00e9valuation efficace. De plus, les plateformes en ligne facilitent l&rsquo;\u00e9valuation continue gr\u00e2ce \u00e0 des quiz formatifs ou \u00e0 la participation \u00e0 des discussions, permettant aux enseignants de suivre les progr\u00e8s des \u00e9tudiants et de fournir des commentaires et un soutien en temps opportun.<\/p>\n","protected":false},"author":1,"featured_media":0,"parent":0,"menu_order":0,"comment_status":"closed","ping_status":"closed","template":"","meta":{"limit_modified_date":"","last_modified_date":"","site-sidebar-layout":"no-sidebar","site-content-layout":"page-builder","ast-global-header-display":"","ast-main-header-display":"","ast-hfb-above-header-display":"","ast-hfb-below-header-display":"","ast-hfb-mobile-header-display":"","site-post-title":"disabled","ast-breadcrumbs-content":"","ast-featured-img":"disabled","footer-sml-layout":"","theme-transparent-header-meta":"","adv-header-id-meta":"","stick-header-meta":"","header-above-stick-meta":"","header-main-stick-meta":"","header-below-stick-meta":"","footnotes":""},"class_list":["post-2294","page","type-page","status-publish","hentry"],"rttpg_featured_image_url":null,"rttpg_author":{"display_name":"fll1","author_link":"http:\/\/www.univ-dbkm.dz\/fll1\/author\/fll1\/"},"rttpg_comment":0,"rttpg_category":" <a href=\"http:\/\/www.univ-dbkm.dz\/fll1\/fr\/\" rel=\"tag\">Fran\u00e7ais<\/a>","rttpg_excerpt":"&nbsp;Platforme de L&rsquo;enseignement a distance La Facult\u00e9 des Lettres et Langues de l&rsquo;Universit\u00e9 Djilali Bounaama Khemis Miliana, consciente de l&rsquo;importance de l&rsquo;int\u00e9gration de la technologie dans l\u2019\u00e9ducation, a adopt\u00e9 l&rsquo;apprentissage en ligne en tant qu&rsquo;outil puissant pour am\u00e9liorer les exp\u00e9riences d&rsquo;enseignement et d&rsquo;apprentissage.L&rsquo;apprentissage en ligne, ou apprentissage \u00e9lectronique, fait r\u00e9f\u00e9rence \u00e0 l&rsquo;utilisation des technologies num\u00e9riques\u2026","_links":{"self":[{"href":"http:\/\/www.univ-dbkm.dz\/fll1\/wp-json\/wp\/v2\/pages\/2294","targetHints":{"allow":["GET"]}}],"collection":[{"href":"http:\/\/www.univ-dbkm.dz\/fll1\/wp-json\/wp\/v2\/pages"}],"about":[{"href":"http:\/\/www.univ-dbkm.dz\/fll1\/wp-json\/wp\/v2\/types\/page"}],"author":[{"embeddable":true,"href":"http:\/\/www.univ-dbkm.dz\/fll1\/wp-json\/wp\/v2\/users\/1"}],"replies":[{"embeddable":true,"href":"http:\/\/www.univ-dbkm.dz\/fll1\/wp-json\/wp\/v2\/comments?post=2294"}],"version-history":[{"count":23,"href":"http:\/\/www.univ-dbkm.dz\/fll1\/wp-json\/wp\/v2\/pages\/2294\/revisions"}],"predecessor-version":[{"id":9831,"href":"http:\/\/www.univ-dbkm.dz\/fll1\/wp-json\/wp\/v2\/pages\/2294\/revisions\/9831"}],"wp:attachment":[{"href":"http:\/\/www.univ-dbkm.dz\/fll1\/wp-json\/wp\/v2\/media?parent=2294"}],"curies":[{"name":"wp","href":"https:\/\/api.w.org\/{rel}","templated":true}]}}