{"id":2321,"date":"2023-05-17T16:06:38","date_gmt":"2023-05-17T13:06:38","guid":{"rendered":"http:\/\/www.univ-dbkm.dz\/fll1\/?page_id=2321"},"modified":"2025-03-06T14:55:25","modified_gmt":"2025-03-06T11:55:25","slug":"alumni-2","status":"publish","type":"page","link":"http:\/\/www.univ-dbkm.dz\/fll1\/fr\/alumni-2\/","title":{"rendered":"ALUMNI"},"content":{"rendered":"\t\t<div data-elementor-type=\"wp-page\" data-elementor-id=\"2321\" class=\"elementor elementor-2321\">\n\t\t\t\t\t\t<section class=\"elementor-section elementor-top-section elementor-element elementor-element-54237eb elementor-section-boxed elementor-section-height-default elementor-section-height-default wpr-particle-no wpr-jarallax-no wpr-parallax-no wpr-sticky-section-no\" data-id=\"54237eb\" data-element_type=\"section\">\n\t\t\t\t\t\t<div class=\"elementor-container elementor-column-gap-default\">\n\t\t\t\t\t<div class=\"elementor-column elementor-col-100 elementor-top-column elementor-element elementor-element-66e782f\" data-id=\"66e782f\" data-element_type=\"column\">\n\t\t\t<div class=\"elementor-widget-wrap elementor-element-populated\">\n\t\t\t\t\t\t<div class=\"elementor-element elementor-element-48f653d elementor-invisible elementor-widget elementor-widget-heading\" data-id=\"48f653d\" data-element_type=\"widget\" data-settings=\"{&quot;_animation&quot;:&quot;zoomInLeft&quot;}\" data-widget_type=\"heading.default\">\n\t\t\t\t<div class=\"elementor-widget-container\">\n\t\t\t\t\t<h2 class=\"elementor-heading-title elementor-size-default\">ALUMNI<\/h2>\t\t\t\t<\/div>\n\t\t\t\t<\/div>\n\t\t\t\t\t<\/div>\n\t\t<\/div>\n\t\t\t\t\t<\/div>\n\t\t<\/section>\n\t\t\t\t<section class=\"elementor-section elementor-top-section elementor-element elementor-element-8e073a5 elementor-section-boxed elementor-section-height-default elementor-section-height-default wpr-particle-no wpr-jarallax-no wpr-parallax-no wpr-sticky-section-no\" data-id=\"8e073a5\" data-element_type=\"section\">\n\t\t\t\t\t\t<div class=\"elementor-container elementor-column-gap-default\">\n\t\t\t\t\t<div class=\"elementor-column elementor-col-100 elementor-top-column elementor-element elementor-element-c2af1d9\" data-id=\"c2af1d9\" data-element_type=\"column\">\n\t\t\t<div class=\"elementor-widget-wrap elementor-element-populated\">\n\t\t\t\t\t\t<div class=\"elementor-element elementor-element-401d9f8 elementor-widget elementor-widget-image\" data-id=\"401d9f8\" data-element_type=\"widget\" data-widget_type=\"image.default\">\n\t\t\t\t<div class=\"elementor-widget-container\">\n\t\t\t\t\t\t\t\t\t\t\t\t\t\t\t<img fetchpriority=\"high\" decoding=\"async\" width=\"700\" height=\"400\" src=\"http:\/\/www.univ-dbkm.dz\/fll1\/wp-content\/uploads\/2023\/04\/449.jpg\" class=\"attachment-large size-large wp-image-1626\" alt=\"\" srcset=\"http:\/\/www.univ-dbkm.dz\/fll1\/wp-content\/uploads\/2023\/04\/449.jpg 700w, http:\/\/www.univ-dbkm.dz\/fll1\/wp-content\/uploads\/2023\/04\/449-300x171.jpg 300w\" sizes=\"(max-width: 700px) 100vw, 700px\" \/>\t\t\t\t\t\t\t\t\t\t\t\t\t\t\t<\/div>\n\t\t\t\t<\/div>\n\t\t\t\t<div class=\"elementor-element elementor-element-25cfc4d elementor-widget elementor-widget-text-editor\" data-id=\"25cfc4d\" data-element_type=\"widget\" data-widget_type=\"text-editor.default\">\n\t\t\t\t<div class=\"elementor-widget-container\">\n\t\t\t\t\t\t\t\t\t<h4>Les anciens \u00e9tudiants de la Facult\u00e9 des Lettres et Langues de l&rsquo;Universit\u00e9 Djilali<br \/>Bounaama Khemis-Miliana font partie int\u00e9grante de la communaut\u00e9 universitaire et contribuent de mani\u00e8re significative au d\u00e9veloppement et au succ\u00e8s de la facult\u00e9. En tant que dipl\u00f4m\u00e9s de la facult\u00e9, ils incarnent les valeurs d&rsquo;excellence acad\u00e9mique, de ma\u00eetrise de la langue et d&rsquo;appr\u00e9ciation culturelle. Voici quelques aspects cl\u00e9s du r\u00f4le des anciens au sein de la facult\u00e9 :<br \/><strong>1. D\u00e9bouch\u00e9es professionnelles :<\/strong><br \/>Les dipl\u00f4m\u00e9s de la Facult\u00e9 des lettres et langues excellent dans plusieurs domaines professionnels. A l\u2019issue de leurs \u00e9tudes, ils exercent en tant qu\u2019experts et des professionnels dans diverses industries li\u00e9es \u00e0 la langue. Leurs r\u00e9alisations et leurs contributions dans leurs domaines respectifs servent d&rsquo;inspiration et de motivation pour les \u00e9tudiants actuels, mettant<br \/>en valeur les possibilit\u00e9s et les cheminements de carri\u00e8re disponibles gr\u00e2ce \u00e0 leurs \u00e9tudes.<br \/><strong>2. Mentorat et orientation :<\/strong><br \/>Les anciens servent souvent de mentors et de guides aux \u00e9tudiants actuels, partageant leurs exp\u00e9riences, leurs id\u00e9es et leurs connaissances de l&rsquo;industrie. Ils offrent des conseils de carri\u00e8re, des opportunit\u00e9s de stage et des conseils sur les \u00e9tudes de troisi\u00e8me cycle. Ce mentorat aide les \u00e9tudiants \u00e0 s\u2019\u00e9panouir et \u00e0 se projeter dans leurs parcours acad\u00e9miques et professionnels, \u00e0 prendre des d\u00e9cisions \u00e9clair\u00e9es et \u00e0 cr\u00e9er des r\u00e9seaux qui peuvent favoriser<br \/>leurs perspectives de carri\u00e8re.<br \/><strong>3. R\u00e9seautage et collaboration :<\/strong><br \/>Les r\u00e9seaux d&rsquo;anciens \u00e9tudiants jouent un r\u00f4le crucial dans la promotion des liens et des collaborations entre les dipl\u00f4m\u00e9s de la facult\u00e9. Ils fournissent une plateforme permettant aux anciens de se connecter, de partager des opportunit\u00e9s et de se soutenir mutuellement dans ALUMNI<br \/>leurs carri\u00e8res professionnelles. Ces r\u00e9seaux facilitent la collaboration sur des projets, des initiatives de recherche et des co-entreprises, cr\u00e9ant une communaut\u00e9 active et dynamique de professionnels travaillant dans divers domaines li\u00e9s \u00e0 la langue, \u00e0 la litt\u00e9rature et \u00e0 la culture.<\/h4>\t\t\t\t\t\t\t\t<\/div>\n\t\t\t\t<\/div>\n\t\t\t\t\t<\/div>\n\t\t<\/div>\n\t\t\t\t\t<\/div>\n\t\t<\/section>\n\t\t\t\t<section class=\"elementor-section elementor-top-section elementor-element elementor-element-86cd5da elementor-section-boxed elementor-section-height-default elementor-section-height-default wpr-particle-no wpr-jarallax-no wpr-parallax-no wpr-sticky-section-no\" data-id=\"86cd5da\" data-element_type=\"section\">\n\t\t\t\t\t\t<div class=\"elementor-container elementor-column-gap-default\">\n\t\t\t\t\t<div class=\"elementor-column elementor-col-100 elementor-top-column elementor-element elementor-element-c7a86ec\" data-id=\"c7a86ec\" data-element_type=\"column\">\n\t\t\t<div class=\"elementor-widget-wrap elementor-element-populated\">\n\t\t\t\t\t\t<div class=\"elementor-element elementor-element-c17c0e1 elementor-widget elementor-widget-image\" data-id=\"c17c0e1\" data-element_type=\"widget\" data-widget_type=\"image.default\">\n\t\t\t\t<div class=\"elementor-widget-container\">\n\t\t\t\t\t\t\t\t\t\t\t\t\t\t\t<img decoding=\"async\" width=\"712\" height=\"798\" src=\"http:\/\/www.univ-dbkm.dz\/fll1\/wp-content\/uploads\/2023\/06\/all-fr.png\" class=\"attachment-large size-large wp-image-3154\" alt=\"\" srcset=\"http:\/\/www.univ-dbkm.dz\/fll1\/wp-content\/uploads\/2023\/06\/all-fr.png 712w, http:\/\/www.univ-dbkm.dz\/fll1\/wp-content\/uploads\/2023\/06\/all-fr-268x300.png 268w\" sizes=\"(max-width: 712px) 100vw, 712px\" \/>\t\t\t\t\t\t\t\t\t\t\t\t\t\t\t<\/div>\n\t\t\t\t<\/div>\n\t\t\t\t\t<\/div>\n\t\t<\/div>\n\t\t\t\t\t<\/div>\n\t\t<\/section>\n\t\t\t\t<section class=\"elementor-section elementor-top-section elementor-element elementor-element-4a7e807a elementor-section-boxed elementor-section-height-default elementor-section-height-default wpr-particle-no wpr-jarallax-no wpr-parallax-no wpr-sticky-section-no\" data-id=\"4a7e807a\" data-element_type=\"section\">\n\t\t\t\t\t\t<div class=\"elementor-container elementor-column-gap-default\">\n\t\t\t\t\t<div class=\"elementor-column elementor-col-100 elementor-top-column elementor-element elementor-element-1ef3d61\" data-id=\"1ef3d61\" data-element_type=\"column\">\n\t\t\t<div class=\"elementor-widget-wrap\">\n\t\t\t\t\t\t\t<\/div>\n\t\t<\/div>\n\t\t\t\t\t<\/div>\n\t\t<\/section>\n\t\t\t\t<\/div>\n\t\t","protected":false},"excerpt":{"rendered":"<p>ALUMNI Les anciens \u00e9tudiants de la Facult\u00e9 des Lettres et Langues de l&rsquo;Universit\u00e9 DjilaliBounaama Khemis-Miliana font partie int\u00e9grante de la communaut\u00e9 universitaire et contribuent de mani\u00e8re significative au d\u00e9veloppement et au succ\u00e8s de la facult\u00e9. En tant que dipl\u00f4m\u00e9s de la facult\u00e9, ils incarnent les valeurs d&rsquo;excellence acad\u00e9mique, de ma\u00eetrise de la langue et d&rsquo;appr\u00e9ciation culturelle. Voici quelques aspects cl\u00e9s du r\u00f4le des anciens au sein de la facult\u00e9 :1. D\u00e9bouch\u00e9es professionnelles :Les dipl\u00f4m\u00e9s de la Facult\u00e9 des lettres et langues excellent dans plusieurs domaines professionnels. A l\u2019issue de leurs \u00e9tudes, ils exercent en tant qu\u2019experts et des professionnels dans diverses industries li\u00e9es \u00e0 la langue. Leurs r\u00e9alisations et leurs contributions dans leurs domaines respectifs servent d&rsquo;inspiration et de motivation pour les \u00e9tudiants actuels, mettanten valeur les possibilit\u00e9s et les cheminements de carri\u00e8re disponibles gr\u00e2ce \u00e0 leurs \u00e9tudes.2. Mentorat et orientation :Les anciens servent souvent de mentors et de guides aux \u00e9tudiants actuels, partageant leurs exp\u00e9riences, leurs id\u00e9es et leurs connaissances de l&rsquo;industrie. Ils offrent des conseils de carri\u00e8re, des opportunit\u00e9s de stage et des conseils sur les \u00e9tudes de troisi\u00e8me cycle. Ce mentorat aide les \u00e9tudiants \u00e0 s\u2019\u00e9panouir et \u00e0 se projeter dans leurs parcours acad\u00e9miques et professionnels, \u00e0 prendre des d\u00e9cisions \u00e9clair\u00e9es et \u00e0 cr\u00e9er des r\u00e9seaux qui peuvent favoriserleurs perspectives de carri\u00e8re.3. R\u00e9seautage et collaboration :Les r\u00e9seaux d&rsquo;anciens \u00e9tudiants jouent un r\u00f4le crucial dans la promotion des liens et des collaborations entre les dipl\u00f4m\u00e9s de la facult\u00e9. Ils fournissent une plateforme permettant aux anciens de se connecter, de partager des opportunit\u00e9s et de se soutenir mutuellement dans ALUMNIleurs carri\u00e8res professionnelles. Ces r\u00e9seaux facilitent la collaboration sur des projets, des initiatives de recherche et des co-entreprises, cr\u00e9ant une communaut\u00e9 active et dynamique de professionnels travaillant dans divers domaines li\u00e9s \u00e0 la langue, \u00e0 la litt\u00e9rature et \u00e0 la culture.<\/p>\n","protected":false},"author":1,"featured_media":0,"parent":0,"menu_order":0,"comment_status":"closed","ping_status":"closed","template":"","meta":{"limit_modified_date":"","last_modified_date":"","site-sidebar-layout":"no-sidebar","site-content-layout":"page-builder","ast-global-header-display":"","ast-main-header-display":"","ast-hfb-above-header-display":"","ast-hfb-below-header-display":"","ast-hfb-mobile-header-display":"","site-post-title":"disabled","ast-breadcrumbs-content":"","ast-featured-img":"disabled","footer-sml-layout":"","theme-transparent-header-meta":"","adv-header-id-meta":"","stick-header-meta":"","header-above-stick-meta":"","header-main-stick-meta":"","header-below-stick-meta":"","footnotes":""},"class_list":["post-2321","page","type-page","status-publish","hentry"],"rttpg_featured_image_url":null,"rttpg_author":{"display_name":"fll1","author_link":"http:\/\/www.univ-dbkm.dz\/fll1\/author\/fll1\/"},"rttpg_comment":0,"rttpg_category":" <a href=\"http:\/\/www.univ-dbkm.dz\/fll1\/fr\/\" rel=\"tag\">Fran\u00e7ais<\/a>","rttpg_excerpt":"ALUMNI Les anciens \u00e9tudiants de la Facult\u00e9 des Lettres et Langues de l&rsquo;Universit\u00e9 DjilaliBounaama Khemis-Miliana font partie int\u00e9grante de la communaut\u00e9 universitaire et contribuent de mani\u00e8re significative au d\u00e9veloppement et au succ\u00e8s de la facult\u00e9. En tant que dipl\u00f4m\u00e9s de la facult\u00e9, ils incarnent les valeurs d&rsquo;excellence acad\u00e9mique, de ma\u00eetrise de la langue et d&rsquo;appr\u00e9ciation\u2026","_links":{"self":[{"href":"http:\/\/www.univ-dbkm.dz\/fll1\/wp-json\/wp\/v2\/pages\/2321","targetHints":{"allow":["GET"]}}],"collection":[{"href":"http:\/\/www.univ-dbkm.dz\/fll1\/wp-json\/wp\/v2\/pages"}],"about":[{"href":"http:\/\/www.univ-dbkm.dz\/fll1\/wp-json\/wp\/v2\/types\/page"}],"author":[{"embeddable":true,"href":"http:\/\/www.univ-dbkm.dz\/fll1\/wp-json\/wp\/v2\/users\/1"}],"replies":[{"embeddable":true,"href":"http:\/\/www.univ-dbkm.dz\/fll1\/wp-json\/wp\/v2\/comments?post=2321"}],"version-history":[{"count":13,"href":"http:\/\/www.univ-dbkm.dz\/fll1\/wp-json\/wp\/v2\/pages\/2321\/revisions"}],"predecessor-version":[{"id":9855,"href":"http:\/\/www.univ-dbkm.dz\/fll1\/wp-json\/wp\/v2\/pages\/2321\/revisions\/9855"}],"wp:attachment":[{"href":"http:\/\/www.univ-dbkm.dz\/fll1\/wp-json\/wp\/v2\/media?parent=2321"}],"curies":[{"name":"wp","href":"https:\/\/api.w.org\/{rel}","templated":true}]}}