{"id":2423,"date":"2023-05-17T17:15:11","date_gmt":"2023-05-17T14:15:11","guid":{"rendered":"http:\/\/www.univ-dbkm.dz\/fll1\/?page_id=2423"},"modified":"2025-03-06T15:01:26","modified_gmt":"2025-03-06T12:01:26","slug":"processus-dadmission","status":"publish","type":"page","link":"http:\/\/www.univ-dbkm.dz\/fll1\/fr\/processus-dadmission\/","title":{"rendered":"PROCESSUS D\u2019ADMISSION"},"content":{"rendered":"\t\t<div data-elementor-type=\"wp-page\" data-elementor-id=\"2423\" class=\"elementor elementor-2423\">\n\t\t\t\t\t\t<section class=\"elementor-section elementor-top-section elementor-element elementor-element-aa1e375 elementor-section-boxed elementor-section-height-default elementor-section-height-default wpr-particle-no wpr-jarallax-no wpr-parallax-no wpr-sticky-section-no\" data-id=\"aa1e375\" data-element_type=\"section\">\n\t\t\t\t\t\t<div class=\"elementor-container elementor-column-gap-default\">\n\t\t\t\t\t<div class=\"elementor-column elementor-col-100 elementor-top-column elementor-element elementor-element-a11c5d0\" data-id=\"a11c5d0\" data-element_type=\"column\">\n\t\t\t<div class=\"elementor-widget-wrap elementor-element-populated\">\n\t\t\t\t\t\t<div class=\"elementor-element elementor-element-4ce034e elementor-invisible elementor-widget elementor-widget-heading\" data-id=\"4ce034e\" data-element_type=\"widget\" data-settings=\"{&quot;_animation&quot;:&quot;fadeInLeft&quot;}\" data-widget_type=\"heading.default\">\n\t\t\t\t<div class=\"elementor-widget-container\">\n\t\t\t\t\t<h2 class=\"elementor-heading-title elementor-size-default\">PROCESSUS D\u2019ADMISSION<\/h2>\t\t\t\t<\/div>\n\t\t\t\t<\/div>\n\t\t\t\t\t<\/div>\n\t\t<\/div>\n\t\t\t\t\t<\/div>\n\t\t<\/section>\n\t\t\t\t<section class=\"elementor-section elementor-top-section elementor-element elementor-element-ae2cd57 elementor-section-boxed elementor-section-height-default elementor-section-height-default wpr-particle-no wpr-jarallax-no wpr-parallax-no wpr-sticky-section-no\" data-id=\"ae2cd57\" data-element_type=\"section\">\n\t\t\t\t\t\t<div class=\"elementor-container elementor-column-gap-default\">\n\t\t\t\t\t<div class=\"elementor-column elementor-col-100 elementor-top-column elementor-element elementor-element-499d29f\" data-id=\"499d29f\" data-element_type=\"column\">\n\t\t\t<div class=\"elementor-widget-wrap elementor-element-populated\">\n\t\t\t\t\t\t<div class=\"elementor-element elementor-element-74f4964d elementor-widget elementor-widget-image\" data-id=\"74f4964d\" data-element_type=\"widget\" data-widget_type=\"image.default\">\n\t\t\t\t<div class=\"elementor-widget-container\">\n\t\t\t\t\t\t\t\t\t\t\t\t\t\t\t<img fetchpriority=\"high\" decoding=\"async\" width=\"700\" height=\"400\" src=\"http:\/\/www.univ-dbkm.dz\/fll1\/wp-content\/uploads\/2023\/04\/449.jpg\" class=\"attachment-large size-large wp-image-1626\" alt=\"\" srcset=\"http:\/\/www.univ-dbkm.dz\/fll1\/wp-content\/uploads\/2023\/04\/449.jpg 700w, http:\/\/www.univ-dbkm.dz\/fll1\/wp-content\/uploads\/2023\/04\/449-300x171.jpg 300w\" sizes=\"(max-width: 700px) 100vw, 700px\" \/>\t\t\t\t\t\t\t\t\t\t\t\t\t\t\t<\/div>\n\t\t\t\t<\/div>\n\t\t\t\t<div class=\"elementor-element elementor-element-a23a57d elementor-widget elementor-widget-text-editor\" data-id=\"a23a57d\" data-element_type=\"widget\" data-widget_type=\"text-editor.default\">\n\t\t\t\t<div class=\"elementor-widget-container\">\n\t\t\t\t\t\t\t\t\t<h4 style=\"text-align: center;\">Le minist\u00e8re alg\u00e9rien de l&rsquo;Enseignement Sup\u00e9rieur et de la Recherche Scientifique a mis en place une plateforme d&rsquo;inscription pour les \u00e9tudiants internationaux appel\u00e9e \u00ab PROGRES \u00bb \u00e0 consulter sur le lien suivant :<br \/><strong><a href=\"https:\/\/progres.mesrs.dz\/webetrangers\/index.xhtml;jsessionid=A5DCE3EEF1D955FCEC1C2C1688085D94\">https:\/\/progres.mesrs.dz\/webetrangers\/index.xhtml;jsessionid=A5DCE3EEF1D955FCEC1C2C1688085D94<\/a><\/strong><br \/>Ainsi, toute personne int\u00e9ress\u00e9e peut s\u2019informer sur le processus d&rsquo;enseignement dans les universit\u00e9s alg\u00e9riennes, de choisir une fili\u00e8re d&rsquo;\u00e9tudes et de s&rsquo;inscrire.<br \/>Vous trouverez ci-dessous des informations compl\u00e9mentaires pour vous aider \u00e0 mieux comprendre les principaux points \u00e0 conna\u00eetre :<br \/><strong>Quelle est la proc\u00e9dure d&rsquo;admission pour les \u00e9tudiants internationaux ?<\/strong><br \/>La proc\u00e9dure d&rsquo;admission des \u00e9tudiants internationaux \u00e0 l&rsquo;Universit\u00e9 Djilali Bounaama Khemis Miliana comprend g\u00e9n\u00e9ralement les \u00e9tapes suivantes :<br \/><strong>1. Candidature :<\/strong><br \/>Les \u00e9tudiants internationaux doivent, en premier lieu, soumettre une candidature en ligne sur la plateforme du PROGES. La demande comprend g\u00e9n\u00e9ralement des informations personnelles, des relev\u00e9s de notes et tout autre document pertinent demand\u00e9 par l&rsquo;universit\u00e9.<br \/><strong>2. \u00c9valuation :<\/strong><br \/>Une fois la candidature re\u00e7ue, le Vice-rectorat en charge de la P\u00c9DAGOGIE \u00e9valuera les qualifications acad\u00e9miques du candidat et d\u00e9terminera s&rsquo;il r\u00e9pond aux conditions d&rsquo;admission pour le programme d&rsquo;\u00e9tudes choisi.<br \/><strong>3. D\u00e9cision d&rsquo;admission :<\/strong><br \/>L&rsquo;universit\u00e9 informera l&rsquo;\u00e9tudiant la d\u00e9cision d&rsquo;admission, qui peut \u00eatre conditionnelle ou inconditionnelle. Si l&rsquo;admission est conditionnelle, l&rsquo;\u00e9tudiant devra satisfaire \u00e0 certaines exigences, telles que fournir des documents suppl\u00e9mentaires ou r\u00e9ussir un examen de comp\u00e9tence linguistique, avant d&rsquo;\u00eatre pleinement admis.<br \/><strong>4. Inscription :<\/strong><br \/>Une fois admis, l&rsquo;\u00e9tudiant devra s&rsquo;inscrire \u00e0 la facult\u00e9 et payer les frais applicables. Le candidat peut \u00e9galement avoir besoin d&rsquo;obtenir un visa d&rsquo;\u00e9tudes et de satisfaire \u00e0 d&rsquo;autres exigences en mati\u00e8re d&rsquo;immigration.<br \/>Vous pouvez visiter le site Web de l&rsquo;universit\u00e9 pour obtenir les coordonn\u00e9es du bureau du vice-doyen charg\u00e9 de la recherche scientifique Sur le site Web de l&rsquo;universit\u00e9.<br \/>Vous pouvez g\u00e9n\u00e9ralement trouver les coordonn\u00e9es de divers bureaux, y compris le bureau des des relations ext\u00e9rieures (RELEX), dans la section \u00ab\u00a0Contactez-nous\u00a0\u00bb ou \u00ab\u00a0Admissions\u00a0\u00bb.\u00a0<\/h4><h4 style=\"text-align: center;\">Alternativement, vous pouvez utiliser la fonction de recherche de l&rsquo;universit\u00e9 pour trouver les informations sp\u00e9cifiques que vous recherchez. Vous pouvez \u00e9galement trouver tous les contacts n\u00e9cessaires dans la rubrique \u00ab\u00a0Contact\u00a0\u00bb du manuel de l&rsquo;\u00e9tudiant<\/h4>\t\t\t\t\t\t\t\t<\/div>\n\t\t\t\t<\/div>\n\t\t\t\t\t<\/div>\n\t\t<\/div>\n\t\t\t\t\t<\/div>\n\t\t<\/section>\n\t\t\t\t<section class=\"elementor-section elementor-top-section elementor-element elementor-element-f0c180e elementor-section-boxed elementor-section-height-default elementor-section-height-default wpr-particle-no wpr-jarallax-no wpr-parallax-no wpr-sticky-section-no\" data-id=\"f0c180e\" data-element_type=\"section\">\n\t\t\t\t\t\t<div class=\"elementor-container elementor-column-gap-default\">\n\t\t\t\t\t<div class=\"elementor-column elementor-col-100 elementor-top-column elementor-element elementor-element-7f60f5e6\" data-id=\"7f60f5e6\" data-element_type=\"column\">\n\t\t\t<div class=\"elementor-widget-wrap\">\n\t\t\t\t\t\t\t<\/div>\n\t\t<\/div>\n\t\t\t\t\t<\/div>\n\t\t<\/section>\n\t\t\t\t<\/div>\n\t\t","protected":false},"excerpt":{"rendered":"<p>PROCESSUS D\u2019ADMISSION Le minist\u00e8re alg\u00e9rien de l&rsquo;Enseignement Sup\u00e9rieur et de la Recherche Scientifique a mis en place une plateforme d&rsquo;inscription pour les \u00e9tudiants internationaux appel\u00e9e \u00ab PROGRES \u00bb \u00e0 consulter sur le lien suivant :https:\/\/progres.mesrs.dz\/webetrangers\/index.xhtml;jsessionid=A5DCE3EEF1D955FCEC1C2C1688085D94Ainsi, toute personne int\u00e9ress\u00e9e peut s\u2019informer sur le processus d&rsquo;enseignement dans les universit\u00e9s alg\u00e9riennes, de choisir une fili\u00e8re d&rsquo;\u00e9tudes et de s&rsquo;inscrire.Vous trouverez ci-dessous des informations compl\u00e9mentaires pour vous aider \u00e0 mieux comprendre les principaux points \u00e0 conna\u00eetre :Quelle est la proc\u00e9dure d&rsquo;admission pour les \u00e9tudiants internationaux ?La proc\u00e9dure d&rsquo;admission des \u00e9tudiants internationaux \u00e0 l&rsquo;Universit\u00e9 Djilali Bounaama Khemis Miliana comprend g\u00e9n\u00e9ralement les \u00e9tapes suivantes :1. Candidature :Les \u00e9tudiants internationaux doivent, en premier lieu, soumettre une candidature en ligne sur la plateforme du PROGES. La demande comprend g\u00e9n\u00e9ralement des informations personnelles, des relev\u00e9s de notes et tout autre document pertinent demand\u00e9 par l&rsquo;universit\u00e9.2. \u00c9valuation :Une fois la candidature re\u00e7ue, le Vice-rectorat en charge de la P\u00c9DAGOGIE \u00e9valuera les qualifications acad\u00e9miques du candidat et d\u00e9terminera s&rsquo;il r\u00e9pond aux conditions d&rsquo;admission pour le programme d&rsquo;\u00e9tudes choisi.3. D\u00e9cision d&rsquo;admission :L&rsquo;universit\u00e9 informera l&rsquo;\u00e9tudiant la d\u00e9cision d&rsquo;admission, qui peut \u00eatre conditionnelle ou inconditionnelle. Si l&rsquo;admission est conditionnelle, l&rsquo;\u00e9tudiant devra satisfaire \u00e0 certaines exigences, telles que fournir des documents suppl\u00e9mentaires ou r\u00e9ussir un examen de comp\u00e9tence linguistique, avant d&rsquo;\u00eatre pleinement admis.4. Inscription :Une fois admis, l&rsquo;\u00e9tudiant devra s&rsquo;inscrire \u00e0 la facult\u00e9 et payer les frais applicables. Le candidat peut \u00e9galement avoir besoin d&rsquo;obtenir un visa d&rsquo;\u00e9tudes et de satisfaire \u00e0 d&rsquo;autres exigences en mati\u00e8re d&rsquo;immigration.Vous pouvez visiter le site Web de l&rsquo;universit\u00e9 pour obtenir les coordonn\u00e9es du bureau du vice-doyen charg\u00e9 de la recherche scientifique Sur le site Web de l&rsquo;universit\u00e9.Vous pouvez g\u00e9n\u00e9ralement trouver les coordonn\u00e9es de divers bureaux, y compris le bureau des des relations ext\u00e9rieures (RELEX), dans la section \u00ab\u00a0Contactez-nous\u00a0\u00bb ou \u00ab\u00a0Admissions\u00a0\u00bb.\u00a0 Alternativement, vous pouvez utiliser la fonction de recherche de l&rsquo;universit\u00e9 pour trouver les informations sp\u00e9cifiques que vous recherchez. Vous pouvez \u00e9galement trouver tous les contacts n\u00e9cessaires dans la rubrique \u00ab\u00a0Contact\u00a0\u00bb du manuel de l&rsquo;\u00e9tudiant<\/p>\n","protected":false},"author":1,"featured_media":0,"parent":0,"menu_order":0,"comment_status":"closed","ping_status":"closed","template":"","meta":{"limit_modified_date":"","last_modified_date":"","site-sidebar-layout":"no-sidebar","site-content-layout":"page-builder","ast-global-header-display":"","ast-main-header-display":"","ast-hfb-above-header-display":"","ast-hfb-below-header-display":"","ast-hfb-mobile-header-display":"","site-post-title":"disabled","ast-breadcrumbs-content":"","ast-featured-img":"disabled","footer-sml-layout":"","theme-transparent-header-meta":"","adv-header-id-meta":"","stick-header-meta":"","header-above-stick-meta":"","header-main-stick-meta":"","header-below-stick-meta":"","footnotes":""},"class_list":["post-2423","page","type-page","status-publish","hentry"],"rttpg_featured_image_url":null,"rttpg_author":{"display_name":"fll1","author_link":"http:\/\/www.univ-dbkm.dz\/fll1\/author\/fll1\/"},"rttpg_comment":0,"rttpg_category":" <a href=\"http:\/\/www.univ-dbkm.dz\/fll1\/fr\/\" rel=\"tag\">Fran\u00e7ais<\/a>","rttpg_excerpt":"PROCESSUS D\u2019ADMISSION Le minist\u00e8re alg\u00e9rien de l&rsquo;Enseignement Sup\u00e9rieur et de la Recherche Scientifique a mis en place une plateforme d&rsquo;inscription pour les \u00e9tudiants internationaux appel\u00e9e \u00ab PROGRES \u00bb \u00e0 consulter sur le lien suivant :https:\/\/progres.mesrs.dz\/webetrangers\/index.xhtml;jsessionid=A5DCE3EEF1D955FCEC1C2C1688085D94Ainsi, toute personne int\u00e9ress\u00e9e peut s\u2019informer sur le processus d&rsquo;enseignement dans les universit\u00e9s alg\u00e9riennes, de choisir une fili\u00e8re d&rsquo;\u00e9tudes et de\u2026","_links":{"self":[{"href":"http:\/\/www.univ-dbkm.dz\/fll1\/wp-json\/wp\/v2\/pages\/2423","targetHints":{"allow":["GET"]}}],"collection":[{"href":"http:\/\/www.univ-dbkm.dz\/fll1\/wp-json\/wp\/v2\/pages"}],"about":[{"href":"http:\/\/www.univ-dbkm.dz\/fll1\/wp-json\/wp\/v2\/types\/page"}],"author":[{"embeddable":true,"href":"http:\/\/www.univ-dbkm.dz\/fll1\/wp-json\/wp\/v2\/users\/1"}],"replies":[{"embeddable":true,"href":"http:\/\/www.univ-dbkm.dz\/fll1\/wp-json\/wp\/v2\/comments?post=2423"}],"version-history":[{"count":16,"href":"http:\/\/www.univ-dbkm.dz\/fll1\/wp-json\/wp\/v2\/pages\/2423\/revisions"}],"predecessor-version":[{"id":9867,"href":"http:\/\/www.univ-dbkm.dz\/fll1\/wp-json\/wp\/v2\/pages\/2423\/revisions\/9867"}],"wp:attachment":[{"href":"http:\/\/www.univ-dbkm.dz\/fll1\/wp-json\/wp\/v2\/media?parent=2423"}],"curies":[{"name":"wp","href":"https:\/\/api.w.org\/{rel}","templated":true}]}}