{"id":2433,"date":"2023-05-18T15:49:19","date_gmt":"2023-05-18T12:49:19","guid":{"rendered":"http:\/\/www.univ-dbkm.dz\/fll1\/?page_id=2433"},"modified":"2024-04-28T15:37:29","modified_gmt":"2024-04-28T12:37:29","slug":"departement-des-langues-etrangeres","status":"publish","type":"page","link":"http:\/\/www.univ-dbkm.dz\/fll1\/fr\/departement-des-langues-etrangeres\/","title":{"rendered":"D\u00e9partement des langues \u00e9trang\u00e8res"},"content":{"rendered":"\t\t<div data-elementor-type=\"wp-page\" data-elementor-id=\"2433\" class=\"elementor elementor-2433\">\n\t\t\t\t\t\t<section class=\"elementor-section elementor-top-section elementor-element elementor-element-e4a4ba6 elementor-section-boxed elementor-section-height-default elementor-section-height-default wpr-particle-no wpr-jarallax-no wpr-parallax-no wpr-sticky-section-no\" data-id=\"e4a4ba6\" data-element_type=\"section\">\n\t\t\t\t\t\t<div class=\"elementor-container elementor-column-gap-default\">\n\t\t\t\t\t<div class=\"elementor-column elementor-col-100 elementor-top-column elementor-element elementor-element-0e18e67\" data-id=\"0e18e67\" data-element_type=\"column\">\n\t\t\t<div class=\"elementor-widget-wrap elementor-element-populated\">\n\t\t\t\t\t\t<div class=\"elementor-element elementor-element-65d2b8a elementor-invisible elementor-widget elementor-widget-heading\" data-id=\"65d2b8a\" data-element_type=\"widget\" data-settings=\"{&quot;_animation&quot;:&quot;fadeInDown&quot;}\" data-widget_type=\"heading.default\">\n\t\t\t\t<div class=\"elementor-widget-container\">\n\t\t\t\t\t<h2 class=\"elementor-heading-title elementor-size-default\">D\u00e9partement de Fran\u00e7ais de la langue fran\u00e7aise\n<\/h2>\t\t\t\t<\/div>\n\t\t\t\t<\/div>\n\t\t\t\t\t<\/div>\n\t\t<\/div>\n\t\t\t\t\t<\/div>\n\t\t<\/section>\n\t\t\t\t<section class=\"elementor-section elementor-top-section elementor-element elementor-element-500c6e9 elementor-section-boxed elementor-section-height-default elementor-section-height-default wpr-particle-no wpr-jarallax-no wpr-parallax-no wpr-sticky-section-no\" data-id=\"500c6e9\" data-element_type=\"section\">\n\t\t\t\t\t\t<div class=\"elementor-container elementor-column-gap-default\">\n\t\t\t\t\t<div class=\"elementor-column elementor-col-100 elementor-top-column elementor-element elementor-element-0cbe807\" data-id=\"0cbe807\" data-element_type=\"column\">\n\t\t\t<div class=\"elementor-widget-wrap elementor-element-populated\">\n\t\t\t\t\t\t<div class=\"elementor-element elementor-element-1901b4b elementor-invisible elementor-widget elementor-widget-text-editor\" data-id=\"1901b4b\" data-element_type=\"widget\" data-settings=\"{&quot;_animation&quot;:&quot;fadeInDown&quot;}\" data-widget_type=\"text-editor.default\">\n\t\t\t\t<div class=\"elementor-widget-container\">\n\t\t\t\t\t\t\t\t\t<table><tbody><tr><td><h5><strong>Dr.Amina BEGHDADI<\/strong><\/h5><\/td><td><h5><strong>Chef du D\u00e9partement de la Langue Fran\u00e7aise<\/strong><\/h5><\/td><\/tr><tr><td><h5><strong>\/<\/strong><\/h5><\/td><td><h5><strong>Chef de d\u00e9partement adjoint pour des \u00e9tudes et des questions li\u00e9es aux \u00e9tudiants<\/strong><\/h5><\/td><\/tr><tr><td><h5><strong>\/<\/strong><\/h5><\/td><td><h5><strong>Chef de d\u00e9partement adjoint charge de la post-graduation, de la recherche scientifique et des relations ext\u00e9rieures<\/strong><\/h5><\/td><\/tr><\/tbody><\/table>\t\t\t\t\t\t\t\t<\/div>\n\t\t\t\t<\/div>\n\t\t\t\t\t<\/div>\n\t\t<\/div>\n\t\t\t\t\t<\/div>\n\t\t<\/section>\n\t\t\t\t<\/div>\n\t\t","protected":false},"excerpt":{"rendered":"<p>D\u00e9partement de Fran\u00e7ais de la langue fran\u00e7aise Dr.Amina BEGHDADI Chef du D\u00e9partement de la Langue Fran\u00e7aise \/ Chef de d\u00e9partement adjoint pour des \u00e9tudes et des questions li\u00e9es aux \u00e9tudiants \/ Chef de d\u00e9partement adjoint charge de la post-graduation, de la recherche scientifique et des relations ext\u00e9rieures<\/p>\n","protected":false},"author":1,"featured_media":0,"parent":0,"menu_order":0,"comment_status":"closed","ping_status":"closed","template":"","meta":{"limit_modified_date":"","last_modified_date":"","site-sidebar-layout":"no-sidebar","site-content-layout":"page-builder","ast-global-header-display":"","ast-main-header-display":"","ast-hfb-above-header-display":"","ast-hfb-below-header-display":"","ast-hfb-mobile-header-display":"","site-post-title":"disabled","ast-breadcrumbs-content":"","ast-featured-img":"disabled","footer-sml-layout":"","theme-transparent-header-meta":"","adv-header-id-meta":"","stick-header-meta":"","header-above-stick-meta":"","header-main-stick-meta":"","header-below-stick-meta":"","footnotes":""},"class_list":["post-2433","page","type-page","status-publish","hentry"],"rttpg_featured_image_url":null,"rttpg_author":{"display_name":"fll1","author_link":"http:\/\/www.univ-dbkm.dz\/fll1\/author\/fll1\/"},"rttpg_comment":0,"rttpg_category":" <a href=\"http:\/\/www.univ-dbkm.dz\/fll1\/fr\/\" rel=\"tag\">Fran\u00e7ais<\/a>","rttpg_excerpt":"D\u00e9partement de Fran\u00e7ais de la langue fran\u00e7aise Dr.Amina BEGHDADI Chef du D\u00e9partement de la Langue Fran\u00e7aise \/ Chef de d\u00e9partement adjoint pour des \u00e9tudes et des questions li\u00e9es aux \u00e9tudiants \/ Chef de d\u00e9partement adjoint charge de la post-graduation, de la recherche scientifique et des relations ext\u00e9rieures","_links":{"self":[{"href":"http:\/\/www.univ-dbkm.dz\/fll1\/wp-json\/wp\/v2\/pages\/2433","targetHints":{"allow":["GET"]}}],"collection":[{"href":"http:\/\/www.univ-dbkm.dz\/fll1\/wp-json\/wp\/v2\/pages"}],"about":[{"href":"http:\/\/www.univ-dbkm.dz\/fll1\/wp-json\/wp\/v2\/types\/page"}],"author":[{"embeddable":true,"href":"http:\/\/www.univ-dbkm.dz\/fll1\/wp-json\/wp\/v2\/users\/1"}],"replies":[{"embeddable":true,"href":"http:\/\/www.univ-dbkm.dz\/fll1\/wp-json\/wp\/v2\/comments?post=2433"}],"version-history":[{"count":10,"href":"http:\/\/www.univ-dbkm.dz\/fll1\/wp-json\/wp\/v2\/pages\/2433\/revisions"}],"predecessor-version":[{"id":8497,"href":"http:\/\/www.univ-dbkm.dz\/fll1\/wp-json\/wp\/v2\/pages\/2433\/revisions\/8497"}],"wp:attachment":[{"href":"http:\/\/www.univ-dbkm.dz\/fll1\/wp-json\/wp\/v2\/media?parent=2433"}],"curies":[{"name":"wp","href":"https:\/\/api.w.org\/{rel}","templated":true}]}}