{"id":3197,"date":"2023-06-18T17:16:54","date_gmt":"2023-06-18T14:16:54","guid":{"rendered":"http:\/\/www.univ-dbkm.dz\/fll1\/?page_id=3197"},"modified":"2025-03-06T14:44:00","modified_gmt":"2025-03-06T11:44:00","slug":"bureau-daccueil-des-etudiants-internationaux","status":"publish","type":"page","link":"http:\/\/www.univ-dbkm.dz\/fll1\/fr\/bureau-daccueil-des-etudiants-internationaux\/","title":{"rendered":"Bureau d\u2019accueil des Etudiants Internationaux"},"content":{"rendered":"\t\t<div data-elementor-type=\"wp-page\" data-elementor-id=\"3197\" class=\"elementor elementor-3197\">\n\t\t\t\t\t\t<section class=\"elementor-section elementor-top-section elementor-element elementor-element-2458a1b elementor-section-boxed elementor-section-height-default elementor-section-height-default wpr-particle-no wpr-jarallax-no wpr-parallax-no wpr-sticky-section-no\" data-id=\"2458a1b\" data-element_type=\"section\">\n\t\t\t\t\t\t<div class=\"elementor-container elementor-column-gap-default\">\n\t\t\t\t\t<div class=\"elementor-column elementor-col-100 elementor-top-column elementor-element elementor-element-68dcbc5\" data-id=\"68dcbc5\" data-element_type=\"column\">\n\t\t\t<div class=\"elementor-widget-wrap elementor-element-populated\">\n\t\t\t\t\t\t<div class=\"elementor-element elementor-element-c46e65b elementor-invisible elementor-widget elementor-widget-heading\" data-id=\"c46e65b\" data-element_type=\"widget\" data-settings=\"{&quot;_animation&quot;:&quot;fadeInDown&quot;}\" data-widget_type=\"heading.default\">\n\t\t\t\t<div class=\"elementor-widget-container\">\n\t\t\t\t\t<h2 class=\"elementor-heading-title elementor-size-default\">Bureau d\u2019accueil des Etudiants Internationaux<\/h2>\t\t\t\t<\/div>\n\t\t\t\t<\/div>\n\t\t\t\t\t<\/div>\n\t\t<\/div>\n\t\t\t\t\t<\/div>\n\t\t<\/section>\n\t\t\t\t<section class=\"elementor-section elementor-top-section elementor-element elementor-element-a28a475 elementor-section-boxed elementor-section-height-default elementor-section-height-default wpr-particle-no wpr-jarallax-no wpr-parallax-no wpr-sticky-section-no\" data-id=\"a28a475\" data-element_type=\"section\">\n\t\t\t\t\t\t<div class=\"elementor-container elementor-column-gap-default\">\n\t\t\t\t\t<div class=\"elementor-column elementor-col-100 elementor-top-column elementor-element elementor-element-d16ab66\" data-id=\"d16ab66\" data-element_type=\"column\">\n\t\t\t<div class=\"elementor-widget-wrap elementor-element-populated\">\n\t\t\t\t\t\t<div class=\"elementor-element elementor-element-27c6d92f elementor-widget elementor-widget-image\" data-id=\"27c6d92f\" data-element_type=\"widget\" data-widget_type=\"image.default\">\n\t\t\t\t<div class=\"elementor-widget-container\">\n\t\t\t\t\t\t\t\t\t\t\t\t\t\t\t<img fetchpriority=\"high\" decoding=\"async\" width=\"700\" height=\"400\" src=\"http:\/\/www.univ-dbkm.dz\/fll1\/wp-content\/uploads\/2023\/04\/449.jpg\" class=\"attachment-large size-large wp-image-1626\" alt=\"\" srcset=\"http:\/\/www.univ-dbkm.dz\/fll1\/wp-content\/uploads\/2023\/04\/449.jpg 700w, http:\/\/www.univ-dbkm.dz\/fll1\/wp-content\/uploads\/2023\/04\/449-300x171.jpg 300w\" sizes=\"(max-width: 700px) 100vw, 700px\" \/>\t\t\t\t\t\t\t\t\t\t\t\t\t\t\t<\/div>\n\t\t\t\t<\/div>\n\t\t\t\t<div class=\"elementor-element elementor-element-929c964 elementor-widget elementor-widget-text-editor\" data-id=\"929c964\" data-element_type=\"widget\" data-widget_type=\"text-editor.default\">\n\t\t\t\t<div class=\"elementor-widget-container\">\n\t\t\t\t\t\t\t\t\t<h4 style=\"text-align: left;\">A travers son \u00ab Bureau d\u2019accueil des Etudiants Internationaux \u00bb situ\u00e9 dans les services du vice doyen charg\u00e9 de la recherche scientifique , la facult\u00e9 vise \u00e0 faciliter l&rsquo;int\u00e9gration des \u00e9tudiants internationaux inscrits \u00e0 l&rsquo;Universit\u00e9 de Djilali Bounaama Khemis Miliana , plus particuli\u00e8rement sur le plan de la vie universitaire et socioculturelle.<br \/>Le bureau d&rsquo;accueil des \u00e9tudiants internationaux informe et accompagne les \u00e9tudiants dans toutes les d\u00e9marches administratives du d\u00e9but \u00e0 la fin de leurs \u00e9tudes. ses objectifs sont :<br \/>&#8211; Accueillir les \u00e9tudiants et chercheurs internationaux et les informer sur les d\u00e9marches administratives au sein de l&rsquo;Universit\u00e9 et dans la vie pratique.<br \/>&#8211; Un suivi plus ou moins personnalis\u00e9 de la scolarit\u00e9 apr\u00e8s l&rsquo;inscription.<br \/>&#8211; Aide \u00e0 la r\u00e9solution des \u00e9ventuels probl\u00e8mes administratifs rencontr\u00e9s par l&rsquo;\u00e9tudiant \u00e9tranger pour son int\u00e9gration \u00e0 la vie universitaire.<br \/>&#8211; L&rsquo;organisation d&rsquo;activit\u00e9s culturelles ou d&rsquo;actions d&rsquo;animation favorisant l&rsquo;int\u00e9gration des \u00e9tudiants \u00e9trangers dans la vie \u00e9tudiante.<br \/>Par ailleurs, ce bureau dispose d\u2019outils num\u00e9rique : Photocopieuse, scanner, ordinateur et connexion internet. Ainsi, l&rsquo;\u00e9tudiant trouvera les moyens n\u00e9cessaires pour l&rsquo;aider durant ses \u00e9tudes ou autres.<br \/>La facult\u00e9 dispose \u00e9galement d\u2019une salle d&rsquo;internet libre d&rsquo;acc\u00e8s munie d&rsquo;ordinateur et de ressources num\u00e9riques pouvant aider l&rsquo;\u00e9tudiant pour des travaux de recherche au autres<\/h4><h4 style=\"text-align: left;\">Les informations utiles \u00e0 l&rsquo;accueil des \u00e9tudiants internationaux sont centralis\u00e9es sur cette page :<\/h4><h4 style=\"text-align: left;\">\u00a0 <strong><a href=\"http:\/\/www.univ-dbkm.dz\/relex\/fr\/home\/#\">http:\/\/www.univ-dbkm.dz\/relex\/fr\/home\/#<\/a><\/strong><br \/>Pour une compr\u00e9hension meilleur compr\u00e9hension de la vie \u00e9tudiante \u00e0 la facult\u00e9 vus pouvez aussi t\u00e9l\u00e9charger le guide de l\u2019\u00e9tudiant de la facult\u00e9 consultable sur le site de la facult\u00e9<br \/><strong><a href=\"http:\/\/www.univ-dbkm.dz\/fll1\/en\/student-guide\/\">http:\/\/www.univ-dbkm.dz\/fll1\/en\/student-guide\/<\/a><\/strong><\/h4>\t\t\t\t\t\t\t\t<\/div>\n\t\t\t\t<\/div>\n\t\t\t\t\t<\/div>\n\t\t<\/div>\n\t\t\t\t\t<\/div>\n\t\t<\/section>\n\t\t\t\t<section class=\"elementor-section elementor-top-section elementor-element elementor-element-78e5b598 elementor-section-boxed elementor-section-height-default elementor-section-height-default wpr-particle-no wpr-jarallax-no wpr-parallax-no wpr-sticky-section-no\" data-id=\"78e5b598\" data-element_type=\"section\">\n\t\t\t\t\t\t<div class=\"elementor-container elementor-column-gap-default\">\n\t\t\t\t\t<div class=\"elementor-column elementor-col-100 elementor-top-column elementor-element elementor-element-21855c8d\" data-id=\"21855c8d\" data-element_type=\"column\">\n\t\t\t<div class=\"elementor-widget-wrap\">\n\t\t\t\t\t\t\t<\/div>\n\t\t<\/div>\n\t\t\t\t\t<\/div>\n\t\t<\/section>\n\t\t\t\t<\/div>\n\t\t","protected":false},"excerpt":{"rendered":"<p>Bureau d\u2019accueil des Etudiants Internationaux A travers son \u00ab Bureau d\u2019accueil des Etudiants Internationaux \u00bb situ\u00e9 dans les services du vice doyen charg\u00e9 de la recherche scientifique , la facult\u00e9 vise \u00e0 faciliter l&rsquo;int\u00e9gration des \u00e9tudiants internationaux inscrits \u00e0 l&rsquo;Universit\u00e9 de Djilali Bounaama Khemis Miliana , plus particuli\u00e8rement sur le plan de la vie universitaire et socioculturelle.Le bureau d&rsquo;accueil des \u00e9tudiants internationaux informe et accompagne les \u00e9tudiants dans toutes les d\u00e9marches administratives du d\u00e9but \u00e0 la fin de leurs \u00e9tudes. ses objectifs sont :&#8211; Accueillir les \u00e9tudiants et chercheurs internationaux et les informer sur les d\u00e9marches administratives au sein de l&rsquo;Universit\u00e9 et dans la vie pratique.&#8211; Un suivi plus ou moins personnalis\u00e9 de la scolarit\u00e9 apr\u00e8s l&rsquo;inscription.&#8211; Aide \u00e0 la r\u00e9solution des \u00e9ventuels probl\u00e8mes administratifs rencontr\u00e9s par l&rsquo;\u00e9tudiant \u00e9tranger pour son int\u00e9gration \u00e0 la vie universitaire.&#8211; L&rsquo;organisation d&rsquo;activit\u00e9s culturelles ou d&rsquo;actions d&rsquo;animation favorisant l&rsquo;int\u00e9gration des \u00e9tudiants \u00e9trangers dans la vie \u00e9tudiante.Par ailleurs, ce bureau dispose d\u2019outils num\u00e9rique : Photocopieuse, scanner, ordinateur et connexion internet. Ainsi, l&rsquo;\u00e9tudiant trouvera les moyens n\u00e9cessaires pour l&rsquo;aider durant ses \u00e9tudes ou autres.La facult\u00e9 dispose \u00e9galement d\u2019une salle d&rsquo;internet libre d&rsquo;acc\u00e8s munie d&rsquo;ordinateur et de ressources num\u00e9riques pouvant aider l&rsquo;\u00e9tudiant pour des travaux de recherche au autres Les informations utiles \u00e0 l&rsquo;accueil des \u00e9tudiants internationaux sont centralis\u00e9es sur cette page : \u00a0 http:\/\/www.univ-dbkm.dz\/relex\/fr\/home\/#Pour une compr\u00e9hension meilleur compr\u00e9hension de la vie \u00e9tudiante \u00e0 la facult\u00e9 vus pouvez aussi t\u00e9l\u00e9charger le guide de l\u2019\u00e9tudiant de la facult\u00e9 consultable sur le site de la facult\u00e9http:\/\/www.univ-dbkm.dz\/fll1\/en\/student-guide\/<\/p>\n","protected":false},"author":1,"featured_media":0,"parent":0,"menu_order":0,"comment_status":"closed","ping_status":"closed","template":"","meta":{"limit_modified_date":"","last_modified_date":"","site-sidebar-layout":"no-sidebar","site-content-layout":"page-builder","ast-global-header-display":"","ast-main-header-display":"","ast-hfb-above-header-display":"","ast-hfb-below-header-display":"","ast-hfb-mobile-header-display":"","site-post-title":"disabled","ast-breadcrumbs-content":"","ast-featured-img":"disabled","footer-sml-layout":"","theme-transparent-header-meta":"","adv-header-id-meta":"","stick-header-meta":"","header-above-stick-meta":"","header-main-stick-meta":"","header-below-stick-meta":"","footnotes":""},"class_list":["post-3197","page","type-page","status-publish","hentry"],"rttpg_featured_image_url":null,"rttpg_author":{"display_name":"fll1","author_link":"http:\/\/www.univ-dbkm.dz\/fll1\/author\/fll1\/"},"rttpg_comment":0,"rttpg_category":" <a href=\"http:\/\/www.univ-dbkm.dz\/fll1\/fr\/\" rel=\"tag\">Fran\u00e7ais<\/a>","rttpg_excerpt":"Bureau d\u2019accueil des Etudiants Internationaux A travers son \u00ab Bureau d\u2019accueil des Etudiants Internationaux \u00bb situ\u00e9 dans les services du vice doyen charg\u00e9 de la recherche scientifique , la facult\u00e9 vise \u00e0 faciliter l&rsquo;int\u00e9gration des \u00e9tudiants internationaux inscrits \u00e0 l&rsquo;Universit\u00e9 de Djilali Bounaama Khemis Miliana , plus particuli\u00e8rement sur le plan de la vie universitaire\u2026","_links":{"self":[{"href":"http:\/\/www.univ-dbkm.dz\/fll1\/wp-json\/wp\/v2\/pages\/3197","targetHints":{"allow":["GET"]}}],"collection":[{"href":"http:\/\/www.univ-dbkm.dz\/fll1\/wp-json\/wp\/v2\/pages"}],"about":[{"href":"http:\/\/www.univ-dbkm.dz\/fll1\/wp-json\/wp\/v2\/types\/page"}],"author":[{"embeddable":true,"href":"http:\/\/www.univ-dbkm.dz\/fll1\/wp-json\/wp\/v2\/users\/1"}],"replies":[{"embeddable":true,"href":"http:\/\/www.univ-dbkm.dz\/fll1\/wp-json\/wp\/v2\/comments?post=3197"}],"version-history":[{"count":10,"href":"http:\/\/www.univ-dbkm.dz\/fll1\/wp-json\/wp\/v2\/pages\/3197\/revisions"}],"predecessor-version":[{"id":9843,"href":"http:\/\/www.univ-dbkm.dz\/fll1\/wp-json\/wp\/v2\/pages\/3197\/revisions\/9843"}],"wp:attachment":[{"href":"http:\/\/www.univ-dbkm.dz\/fll1\/wp-json\/wp\/v2\/media?parent=3197"}],"curies":[{"name":"wp","href":"https:\/\/api.w.org\/{rel}","templated":true}]}}