{"id":3307,"date":"2023-06-19T06:05:34","date_gmt":"2023-06-19T03:05:34","guid":{"rendered":"http:\/\/www.univ-dbkm.dz\/fll1\/?page_id=3307"},"modified":"2025-03-06T15:06:29","modified_gmt":"2025-03-06T12:06:29","slug":"service-a-luniversite","status":"publish","type":"page","link":"http:\/\/www.univ-dbkm.dz\/fll1\/fr\/service-a-luniversite\/","title":{"rendered":"SERVICE A L\u2019UNIVERSITE"},"content":{"rendered":"\t\t<div data-elementor-type=\"wp-page\" data-elementor-id=\"3307\" class=\"elementor elementor-3307\">\n\t\t\t\t\t\t<section class=\"elementor-section elementor-top-section elementor-element elementor-element-a678f6d elementor-section-boxed elementor-section-height-default elementor-section-height-default wpr-particle-no wpr-jarallax-no wpr-parallax-no wpr-sticky-section-no\" data-id=\"a678f6d\" data-element_type=\"section\">\n\t\t\t\t\t\t<div class=\"elementor-container elementor-column-gap-default\">\n\t\t\t\t\t<div class=\"elementor-column elementor-col-100 elementor-top-column elementor-element elementor-element-403c895\" data-id=\"403c895\" data-element_type=\"column\">\n\t\t\t<div class=\"elementor-widget-wrap elementor-element-populated\">\n\t\t\t\t\t\t<div class=\"elementor-element elementor-element-bb6e363 elementor-invisible elementor-widget elementor-widget-heading\" data-id=\"bb6e363\" data-element_type=\"widget\" data-settings=\"{&quot;_animation&quot;:&quot;fadeInDown&quot;}\" data-widget_type=\"heading.default\">\n\t\t\t\t<div class=\"elementor-widget-container\">\n\t\t\t\t\t<h2 class=\"elementor-heading-title elementor-size-default\">SERVICE A L\u2019UNIVERSITE<\/h2>\t\t\t\t<\/div>\n\t\t\t\t<\/div>\n\t\t\t\t\t<\/div>\n\t\t<\/div>\n\t\t\t\t\t<\/div>\n\t\t<\/section>\n\t\t\t\t<section class=\"elementor-section elementor-top-section elementor-element elementor-element-8cd232d elementor-section-boxed elementor-section-height-default elementor-section-height-default wpr-particle-no wpr-jarallax-no wpr-parallax-no wpr-sticky-section-no\" data-id=\"8cd232d\" data-element_type=\"section\">\n\t\t\t\t\t\t<div class=\"elementor-container elementor-column-gap-default\">\n\t\t\t\t\t<div class=\"elementor-column elementor-col-100 elementor-top-column elementor-element elementor-element-d461c27\" data-id=\"d461c27\" data-element_type=\"column\">\n\t\t\t<div class=\"elementor-widget-wrap elementor-element-populated\">\n\t\t\t\t\t\t<div class=\"elementor-element elementor-element-5821c363 elementor-widget elementor-widget-image\" data-id=\"5821c363\" data-element_type=\"widget\" data-widget_type=\"image.default\">\n\t\t\t\t<div class=\"elementor-widget-container\">\n\t\t\t\t\t\t\t\t\t\t\t\t\t\t\t<img fetchpriority=\"high\" decoding=\"async\" width=\"700\" height=\"400\" src=\"http:\/\/www.univ-dbkm.dz\/fll1\/wp-content\/uploads\/2023\/04\/449.jpg\" class=\"attachment-large size-large wp-image-1626\" alt=\"\" srcset=\"http:\/\/www.univ-dbkm.dz\/fll1\/wp-content\/uploads\/2023\/04\/449.jpg 700w, http:\/\/www.univ-dbkm.dz\/fll1\/wp-content\/uploads\/2023\/04\/449-300x171.jpg 300w\" sizes=\"(max-width: 700px) 100vw, 700px\" \/>\t\t\t\t\t\t\t\t\t\t\t\t\t\t\t<\/div>\n\t\t\t\t<\/div>\n\t\t\t\t<div class=\"elementor-element elementor-element-e366554 elementor-widget elementor-widget-text-editor\" data-id=\"e366554\" data-element_type=\"widget\" data-widget_type=\"text-editor.default\">\n\t\t\t\t<div class=\"elementor-widget-container\">\n\t\t\t\t\t\t\t\t\t<h4 style=\"text-align: center;\">L&rsquo;Universit\u00e9 de Djilali Bounaama Khemis Miliana propose plusieurs services pour les \u00e9tudiants internationaux permettant de faciliter et g\u00e9rer tous ce qui est attrait \u00e0 sa vie \u00e0 l\u2019universit\u00e9 :<br \/><strong><a href=\"http:\/\/www.univ-dbkm.dz\/?page_id=1412\">http:\/\/www.univ-dbkm.dz\/?page_id=1412<\/a><\/strong><\/h4>\t\t\t\t\t\t\t\t<\/div>\n\t\t\t\t<\/div>\n\t\t\t\t\t<\/div>\n\t\t<\/div>\n\t\t\t\t\t<\/div>\n\t\t<\/section>\n\t\t\t\t<section class=\"elementor-section elementor-top-section elementor-element elementor-element-49e74f6d elementor-section-boxed elementor-section-height-default elementor-section-height-default wpr-particle-no wpr-jarallax-no wpr-parallax-no wpr-sticky-section-no\" data-id=\"49e74f6d\" data-element_type=\"section\">\n\t\t\t\t\t\t<div class=\"elementor-container elementor-column-gap-default\">\n\t\t\t\t\t<div class=\"elementor-column elementor-col-100 elementor-top-column elementor-element elementor-element-1ef12b4f\" data-id=\"1ef12b4f\" data-element_type=\"column\">\n\t\t\t<div class=\"elementor-widget-wrap\">\n\t\t\t\t\t\t\t<\/div>\n\t\t<\/div>\n\t\t\t\t\t<\/div>\n\t\t<\/section>\n\t\t\t\t<\/div>\n\t\t","protected":false},"excerpt":{"rendered":"<p>SERVICE A L\u2019UNIVERSITE L&rsquo;Universit\u00e9 de Djilali Bounaama Khemis Miliana propose plusieurs services pour les \u00e9tudiants internationaux permettant de faciliter et g\u00e9rer tous ce qui est attrait \u00e0 sa vie \u00e0 l\u2019universit\u00e9 :http:\/\/www.univ-dbkm.dz\/?page_id=1412<\/p>\n","protected":false},"author":1,"featured_media":0,"parent":0,"menu_order":0,"comment_status":"closed","ping_status":"closed","template":"","meta":{"limit_modified_date":"","last_modified_date":"","site-sidebar-layout":"no-sidebar","site-content-layout":"page-builder","ast-global-header-display":"","ast-main-header-display":"","ast-hfb-above-header-display":"","ast-hfb-below-header-display":"","ast-hfb-mobile-header-display":"","site-post-title":"disabled","ast-breadcrumbs-content":"","ast-featured-img":"disabled","footer-sml-layout":"","theme-transparent-header-meta":"","adv-header-id-meta":"","stick-header-meta":"","header-above-stick-meta":"","header-main-stick-meta":"","header-below-stick-meta":"","footnotes":""},"class_list":["post-3307","page","type-page","status-publish","hentry"],"rttpg_featured_image_url":null,"rttpg_author":{"display_name":"fll1","author_link":"http:\/\/www.univ-dbkm.dz\/fll1\/author\/fll1\/"},"rttpg_comment":0,"rttpg_category":" <a href=\"http:\/\/www.univ-dbkm.dz\/fll1\/fr\/\" rel=\"tag\">Fran\u00e7ais<\/a>","rttpg_excerpt":"SERVICE A L\u2019UNIVERSITE L&rsquo;Universit\u00e9 de Djilali Bounaama Khemis Miliana propose plusieurs services pour les \u00e9tudiants internationaux permettant de faciliter et g\u00e9rer tous ce qui est attrait \u00e0 sa vie \u00e0 l\u2019universit\u00e9 :http:\/\/www.univ-dbkm.dz\/?page_id=1412","_links":{"self":[{"href":"http:\/\/www.univ-dbkm.dz\/fll1\/wp-json\/wp\/v2\/pages\/3307","targetHints":{"allow":["GET"]}}],"collection":[{"href":"http:\/\/www.univ-dbkm.dz\/fll1\/wp-json\/wp\/v2\/pages"}],"about":[{"href":"http:\/\/www.univ-dbkm.dz\/fll1\/wp-json\/wp\/v2\/types\/page"}],"author":[{"embeddable":true,"href":"http:\/\/www.univ-dbkm.dz\/fll1\/wp-json\/wp\/v2\/users\/1"}],"replies":[{"embeddable":true,"href":"http:\/\/www.univ-dbkm.dz\/fll1\/wp-json\/wp\/v2\/comments?post=3307"}],"version-history":[{"count":7,"href":"http:\/\/www.univ-dbkm.dz\/fll1\/wp-json\/wp\/v2\/pages\/3307\/revisions"}],"predecessor-version":[{"id":9879,"href":"http:\/\/www.univ-dbkm.dz\/fll1\/wp-json\/wp\/v2\/pages\/3307\/revisions\/9879"}],"wp:attachment":[{"href":"http:\/\/www.univ-dbkm.dz\/fll1\/wp-json\/wp\/v2\/media?parent=3307"}],"curies":[{"name":"wp","href":"https:\/\/api.w.org\/{rel}","templated":true}]}}