{"id":8884,"date":"2024-05-23T12:27:02","date_gmt":"2024-05-23T09:27:02","guid":{"rendered":"http:\/\/www.univ-dbkm.dz\/fll1\/?page_id=8884"},"modified":"2025-03-16T15:51:21","modified_gmt":"2025-03-16T12:51:21","slug":"departement-de-la-langue-francaise-2","status":"publish","type":"page","link":"http:\/\/www.univ-dbkm.dz\/fll1\/fr\/departement-de-la-langue-francaise-2\/","title":{"rendered":"D\u00e9partement de la langue Fran\u00e7aise"},"content":{"rendered":"\t\t<div data-elementor-type=\"wp-page\" data-elementor-id=\"8884\" class=\"elementor elementor-8884\">\n\t\t\t\t\t\t<section class=\"elementor-section elementor-top-section elementor-element elementor-element-7f7f24 elementor-section-height-min-height elementor-section-boxed elementor-section-height-default elementor-section-items-middle wpr-particle-no wpr-jarallax-no wpr-parallax-no wpr-sticky-section-no\" data-id=\"7f7f24\" data-element_type=\"section\" data-settings=\"{&quot;background_background&quot;:&quot;classic&quot;}\">\n\t\t\t\t\t\t\t<div class=\"elementor-background-overlay\"><\/div>\n\t\t\t\t\t\t\t<div class=\"elementor-container elementor-column-gap-default\">\n\t\t\t\t\t<div class=\"elementor-column elementor-col-100 elementor-top-column elementor-element elementor-element-69985d90\" data-id=\"69985d90\" data-element_type=\"column\">\n\t\t\t<div class=\"elementor-widget-wrap elementor-element-populated\">\n\t\t\t\t\t\t<div class=\"elementor-element elementor-element-1dfbdf65 elementor-widget elementor-widget-heading\" data-id=\"1dfbdf65\" data-element_type=\"widget\" data-widget_type=\"heading.default\">\n\t\t\t\t<div class=\"elementor-widget-container\">\n\t\t\t\t\t<h3 class=\"elementor-heading-title elementor-size-default\">D\u00e9partement de la langue Fran\u00e7aise<\/h3>\t\t\t\t<\/div>\n\t\t\t\t<\/div>\n\t\t\t\t\t<\/div>\n\t\t<\/div>\n\t\t\t\t\t<\/div>\n\t\t<\/section>\n\t\t\t\t<section class=\"elementor-section elementor-top-section elementor-element elementor-element-85b230e elementor-section-boxed elementor-section-height-default elementor-section-height-default wpr-particle-no wpr-jarallax-no wpr-parallax-no wpr-sticky-section-no\" data-id=\"85b230e\" data-element_type=\"section\">\n\t\t\t\t\t\t<div class=\"elementor-container elementor-column-gap-default\">\n\t\t\t\t\t<div class=\"elementor-column elementor-col-100 elementor-top-column elementor-element elementor-element-aa4cc83\" data-id=\"aa4cc83\" data-element_type=\"column\">\n\t\t\t<div class=\"elementor-widget-wrap elementor-element-populated\">\n\t\t\t\t\t\t<div class=\"elementor-element elementor-element-7588d8b elementor-widget elementor-widget-text-editor\" data-id=\"7588d8b\" data-element_type=\"widget\" data-widget_type=\"text-editor.default\">\n\t\t\t\t<div class=\"elementor-widget-container\">\n\t\t\t\t\t\t\t\t\t<section class=\"elementor-section elementor-top-section elementor-element elementor-element-8c56804 elementor-section-boxed elementor-section-height-default elementor-section-height-default wpr-particle-no wpr-jarallax-no wpr-parallax-no wpr-sticky-section-no\" data-id=\"8c56804\" data-element_type=\"section\"><div class=\"elementor-container elementor-column-gap-default\"><div class=\"elementor-column elementor-col-100 elementor-top-column elementor-element elementor-element-dda8269\" data-id=\"dda8269\" data-element_type=\"column\"><div class=\"elementor-widget-wrap elementor-element-populated\"><div class=\"elementor-element elementor-element-5978521 elementor-widget elementor-widget-text-editor\" data-id=\"5978521\" data-element_type=\"widget\" data-widget_type=\"text-editor.default\"><div class=\"elementor-widget-container\"><p style=\"text-align: center;\">21 septembre 2024<\/p><\/div><\/div><\/div><\/div><\/div><\/section>\t\t\t\t\t\t\t\t<\/div>\n\t\t\t\t<\/div>\n\t\t\t\t\t<\/div>\n\t\t<\/div>\n\t\t\t\t\t<\/div>\n\t\t<\/section>\n\t\t\t\t<section class=\"elementor-section elementor-top-section elementor-element elementor-element-5c575914 elementor-section-boxed elementor-section-height-default elementor-section-height-default wpr-particle-no wpr-jarallax-no wpr-parallax-no wpr-sticky-section-no\" data-id=\"5c575914\" data-element_type=\"section\">\n\t\t\t\t\t\t<div class=\"elementor-container elementor-column-gap-default\">\n\t\t\t\t\t<div class=\"elementor-column elementor-col-100 elementor-top-column elementor-element elementor-element-3c97e153\" data-id=\"3c97e153\" data-element_type=\"column\">\n\t\t\t<div class=\"elementor-widget-wrap elementor-element-populated\">\n\t\t\t\t\t\t<div class=\"elementor-element elementor-element-596e43bc elementor-invisible elementor-widget elementor-widget-text-editor\" data-id=\"596e43bc\" data-element_type=\"widget\" data-settings=\"{&quot;_animation&quot;:&quot;zoomInRight&quot;}\" data-widget_type=\"text-editor.default\">\n\t\t\t\t<div class=\"elementor-widget-container\">\n\t\t\t\t\t\t\t\t\t<table><tbody><tr><td width=\"185\"><p><strong>Domaine<\/strong><\/p><\/td><td width=\"185\"><p><strong>Section<\/strong><\/p><\/td><td width=\"187\"><p><strong>Licence<\/strong><\/p><\/td><td width=\"200\"><p><strong>Master<\/strong><\/p><\/td><td width=\"176\"><p><strong>Doctorat<\/strong><\/p><\/td><\/tr><tr><td rowspan=\"2\" width=\"185\"><p><strong>Lettres et langues \u00e9trang\u00e8res<\/strong><\/p><\/td><td rowspan=\"2\" width=\"185\"><p><strong>langues Fran\u00e7aise<\/strong><\/p><\/td><td rowspan=\"2\" width=\"187\"><p><a href=\"http:\/\/www.univ-dbkm.dz\/fll1\/wp-content\/uploads\/2024\/05\/Arrete-n\u00b01116-d-L-LLE-1.pdf\"><strong>Langue Fran\u00e7aise<\/strong><\/a><\/p><\/td><td width=\"200\"><p><strong><a href=\"http:\/\/www.univ-dbkm.dz\/fll1\/wp-content\/uploads\/2024\/05\/Master-Didactique-des-Langues-Etrangeres-1.pdf\"><strong>Didactique des<\/strong> langues \u00e9trang\u00e8res<\/a><\/strong><\/p><\/td><td rowspan=\"2\" width=\"176\"><p><strong>\/<\/strong><\/p><\/td><\/tr><tr><td width=\"200\"><p><strong><a href=\"http:\/\/www.univ-dbkm.dz\/fll1\/wp-content\/uploads\/2024\/05\/Canevas-Master-interdisciplinaire.pdf\">Litt\u00e9rature et approches interdisciplinaires<\/a><\/strong><\/p><\/td><\/tr><\/tbody><\/table>\t\t\t\t\t\t\t\t<\/div>\n\t\t\t\t<\/div>\n\t\t\t\t\t<\/div>\n\t\t<\/div>\n\t\t\t\t\t<\/div>\n\t\t<\/section>\n\t\t\t\t<\/div>\n\t\t","protected":false},"excerpt":{"rendered":"<p>D\u00e9partement de la langue Fran\u00e7aise 21 septembre 2024 Domaine Section Licence Master Doctorat Lettres et langues \u00e9trang\u00e8res langues Fran\u00e7aise Langue Fran\u00e7aise Didactique des langues \u00e9trang\u00e8res \/ Litt\u00e9rature et approches interdisciplinaires<\/p>\n","protected":false},"author":1,"featured_media":0,"parent":0,"menu_order":0,"comment_status":"closed","ping_status":"closed","template":"","meta":{"limit_modified_date":"","last_modified_date":"","site-sidebar-layout":"no-sidebar","site-content-layout":"page-builder","ast-global-header-display":"","ast-main-header-display":"","ast-hfb-above-header-display":"","ast-hfb-below-header-display":"","ast-hfb-mobile-header-display":"","site-post-title":"disabled","ast-breadcrumbs-content":"","ast-featured-img":"disabled","footer-sml-layout":"","theme-transparent-header-meta":"","adv-header-id-meta":"","stick-header-meta":"","header-above-stick-meta":"","header-main-stick-meta":"","header-below-stick-meta":"","footnotes":""},"class_list":["post-8884","page","type-page","status-publish","hentry"],"rttpg_featured_image_url":null,"rttpg_author":{"display_name":"fll1","author_link":"http:\/\/www.univ-dbkm.dz\/fll1\/author\/fll1\/"},"rttpg_comment":0,"rttpg_category":" <a href=\"http:\/\/www.univ-dbkm.dz\/fll1\/fr\/\" rel=\"tag\">Fran\u00e7ais<\/a>","rttpg_excerpt":"D\u00e9partement de la langue Fran\u00e7aise 21 septembre 2024 Domaine Section Licence Master Doctorat Lettres et langues \u00e9trang\u00e8res langues Fran\u00e7aise Langue Fran\u00e7aise Didactique des langues \u00e9trang\u00e8res \/ Litt\u00e9rature et approches interdisciplinaires","_links":{"self":[{"href":"http:\/\/www.univ-dbkm.dz\/fll1\/wp-json\/wp\/v2\/pages\/8884","targetHints":{"allow":["GET"]}}],"collection":[{"href":"http:\/\/www.univ-dbkm.dz\/fll1\/wp-json\/wp\/v2\/pages"}],"about":[{"href":"http:\/\/www.univ-dbkm.dz\/fll1\/wp-json\/wp\/v2\/types\/page"}],"author":[{"embeddable":true,"href":"http:\/\/www.univ-dbkm.dz\/fll1\/wp-json\/wp\/v2\/users\/1"}],"replies":[{"embeddable":true,"href":"http:\/\/www.univ-dbkm.dz\/fll1\/wp-json\/wp\/v2\/comments?post=8884"}],"version-history":[{"count":13,"href":"http:\/\/www.univ-dbkm.dz\/fll1\/wp-json\/wp\/v2\/pages\/8884\/revisions"}],"predecessor-version":[{"id":9980,"href":"http:\/\/www.univ-dbkm.dz\/fll1\/wp-json\/wp\/v2\/pages\/8884\/revisions\/9980"}],"wp:attachment":[{"href":"http:\/\/www.univ-dbkm.dz\/fll1\/wp-json\/wp\/v2\/media?parent=8884"}],"curies":[{"name":"wp","href":"https:\/\/api.w.org\/{rel}","templated":true}]}}