{"id":1770,"date":"2023-04-23T15:38:03","date_gmt":"2023-04-23T12:38:03","guid":{"rendered":"http:\/\/localhost\/fsecsg1\/?page_id=1770"},"modified":"2025-03-04T13:44:43","modified_gmt":"2025-03-04T10:44:43","slug":"contact-3","status":"publish","type":"page","link":"http:\/\/www.univ-dbkm.dz\/fsecsg1\/en\/contact-3\/","title":{"rendered":"\u00a0Contact"},"content":{"rendered":"\t\t<div data-elementor-type=\"wp-page\" data-elementor-id=\"1770\" class=\"elementor elementor-1770\">\n\t\t\t\t\t\t<section class=\"elementor-section elementor-top-section elementor-element elementor-element-5c44915 elementor-section-height-min-height elementor-section-boxed elementor-section-height-default elementor-section-items-middle wpr-particle-no wpr-jarallax-no wpr-parallax-no wpr-sticky-section-no\" data-id=\"5c44915\" data-element_type=\"section\" data-settings=\"{&quot;background_background&quot;:&quot;classic&quot;}\">\n\t\t\t\t\t\t\t<div class=\"elementor-background-overlay\"><\/div>\n\t\t\t\t\t\t\t<div class=\"elementor-container elementor-column-gap-default\">\n\t\t\t\t\t<div class=\"elementor-column elementor-col-100 elementor-top-column elementor-element elementor-element-a4d2fa3\" data-id=\"a4d2fa3\" data-element_type=\"column\">\n\t\t\t<div class=\"elementor-widget-wrap elementor-element-populated\">\n\t\t\t\t\t\t<div class=\"elementor-element elementor-element-a89854a elementor-widget elementor-widget-heading\" data-id=\"a89854a\" data-element_type=\"widget\" data-widget_type=\"heading.default\">\n\t\t\t\t<div class=\"elementor-widget-container\">\n\t\t\t\t\t<h1 class=\"elementor-heading-title elementor-size-default\">Professor et Student Referrer\n<\/h1>\t\t\t\t<\/div>\n\t\t\t\t<\/div>\n\t\t\t\t\t<\/div>\n\t\t<\/div>\n\t\t\t\t\t<\/div>\n\t\t<\/section>\n\t\t\t\t<section class=\"elementor-section elementor-top-section elementor-element elementor-element-c8c29c5 elementor-section-boxed elementor-section-height-default elementor-section-height-default wpr-particle-no wpr-jarallax-no wpr-parallax-no wpr-sticky-section-no\" data-id=\"c8c29c5\" data-element_type=\"section\">\n\t\t\t\t\t\t<div class=\"elementor-container elementor-column-gap-default\">\n\t\t\t\t\t<div class=\"elementor-column elementor-col-100 elementor-top-column elementor-element elementor-element-b7e15e1\" data-id=\"b7e15e1\" data-element_type=\"column\">\n\t\t\t<div class=\"elementor-widget-wrap elementor-element-populated\">\n\t\t\t\t\t\t<div class=\"elementor-element elementor-element-027c880 elementor-invisible elementor-widget elementor-widget-heading\" data-id=\"027c880\" data-element_type=\"widget\" data-settings=\"{&quot;_animation&quot;:&quot;fadeInDown&quot;}\" data-widget_type=\"heading.default\">\n\t\t\t\t<div class=\"elementor-widget-container\">\n\t\t\t\t\t<h2 class=\"elementor-heading-title elementor-size-default\">Professor et Student Referrer\n<\/h2>\t\t\t\t<\/div>\n\t\t\t\t<\/div>\n\t\t\t\t<div class=\"elementor-element elementor-element-1d66293 elementor-widget elementor-widget-text-editor\" data-id=\"1d66293\" data-element_type=\"widget\" data-widget_type=\"text-editor.default\">\n\t\t\t\t<div class=\"elementor-widget-container\">\n\t\t\t\t\t\t\t\t\t<h4 dir=\"rtl\"><b><span style=\"color: #0000ff;\">International student advisors\/Coordinators<\/span><\/b><br \/><span style=\"color: #000000;\"><b>Teachers<br \/><\/b><\/span>Dr. Nesrine Zerrouki, T\u00e9l: 0795706260, email: <a href=\"mailto:n.zerrouki@univ-dbkm.dz\" target=\"_blank\" rel=\"noopener\">n.zerrouki@univ-dbkm.dz<\/a><br \/>Prof. Soraya Sedkaoui, T\u00e9l: 0770637856, Email: <a href=\"mailto:s.sedkaoui@univ-dbkm.dz\" target=\"_blank\" rel=\"noopener\">s.sedkaoui@univ-dbkm.dz<\/a><br \/><b>Student<\/b><\/h4><div dir=\"rtl\"><h4>Emmanuel MUKISA, t\u00e9l: 0659266176, Email: <a href=\"mailto:emmanuelmukisa2025@gmail.com\" target=\"_blank\" rel=\"noopener\">emmanuelmukisa2025@gmail.com<\/a><\/h4><h4>TEL\/FAX: (+213) \u2013 27 661 603<br \/>Address: Faculty of Economics, Commercial, &amp; Management Sciences<br \/>Rue Thniet El Had, Khemis Miliana, 44225 Ain Defla Province \u2013 Algeria<br \/>Office hours: 9.00 \u2013 12.00 \/ 14.00 \u2013 16.00<\/h4><\/div>\t\t\t\t\t\t\t\t<\/div>\n\t\t\t\t<\/div>\n\t\t\t\t\t<\/div>\n\t\t<\/div>\n\t\t\t\t\t<\/div>\n\t\t<\/section>\n\t\t\t\t<\/div>\n\t\t","protected":false},"excerpt":{"rendered":"<p>Professor et Student Referrer Professor et Student Referrer International student advisors\/CoordinatorsTeachersDr. Nesrine Zerrouki, T\u00e9l: 0795706260, email: n.zerrouki@univ-dbkm.dzProf. Soraya Sedkaoui, T\u00e9l: 0770637856, Email: s.sedkaoui@univ-dbkm.dzStudent Emmanuel MUKISA, t\u00e9l: 0659266176, Email: emmanuelmukisa2025@gmail.com TEL\/FAX: (+213) \u2013 27 661 603Address: Faculty of Economics, Commercial, &amp; Management SciencesRue Thniet El Had, Khemis Miliana, 44225 Ain Defla Province \u2013 AlgeriaOffice hours: 9.00 \u2013 12.00 \/ 14.00 \u2013 16.00<\/p>\n","protected":false},"author":1,"featured_media":0,"parent":0,"menu_order":0,"comment_status":"closed","ping_status":"closed","template":"","meta":{"site-sidebar-layout":"no-sidebar","site-content-layout":"page-builder","ast-global-header-display":"","ast-main-header-display":"","ast-hfb-above-header-display":"","ast-hfb-below-header-display":"","ast-hfb-mobile-header-display":"","site-post-title":"disabled","ast-breadcrumbs-content":"","ast-featured-img":"disabled","footer-sml-layout":"","theme-transparent-header-meta":"","adv-header-id-meta":"","stick-header-meta":"","header-above-stick-meta":"","header-main-stick-meta":"","header-below-stick-meta":"","footnotes":""},"class_list":["post-1770","page","type-page","status-publish","hentry"],"rttpg_featured_image_url":null,"rttpg_author":{"display_name":"fsecsg1","author_link":"http:\/\/www.univ-dbkm.dz\/fsecsg1\/author\/oualid-bouharaoua\/"},"rttpg_comment":0,"rttpg_category":" <a href=\"http:\/\/www.univ-dbkm.dz\/fsecsg1\/en\/\" rel=\"tag\">English<\/a>","rttpg_excerpt":"Professor et Student Referrer Professor et Student Referrer International student advisors\/CoordinatorsTeachersDr. Nesrine Zerrouki, T\u00e9l: 0795706260, email: n.zerrouki@univ-dbkm.dzProf. Soraya Sedkaoui, T\u00e9l: 0770637856, Email: s.sedkaoui@univ-dbkm.dzStudent Emmanuel MUKISA, t\u00e9l: 0659266176, Email: emmanuelmukisa2025@gmail.com TEL\/FAX: (+213) \u2013 27 661 603Address: Faculty of Economics, Commercial, &amp; Management SciencesRue Thniet El Had, Khemis Miliana, 44225 Ain Defla Province \u2013 AlgeriaOffice hours: 9.00\u2026","_links":{"self":[{"href":"http:\/\/www.univ-dbkm.dz\/fsecsg1\/wp-json\/wp\/v2\/pages\/1770","targetHints":{"allow":["GET"]}}],"collection":[{"href":"http:\/\/www.univ-dbkm.dz\/fsecsg1\/wp-json\/wp\/v2\/pages"}],"about":[{"href":"http:\/\/www.univ-dbkm.dz\/fsecsg1\/wp-json\/wp\/v2\/types\/page"}],"author":[{"embeddable":true,"href":"http:\/\/www.univ-dbkm.dz\/fsecsg1\/wp-json\/wp\/v2\/users\/1"}],"replies":[{"embeddable":true,"href":"http:\/\/www.univ-dbkm.dz\/fsecsg1\/wp-json\/wp\/v2\/comments?post=1770"}],"version-history":[{"count":13,"href":"http:\/\/www.univ-dbkm.dz\/fsecsg1\/wp-json\/wp\/v2\/pages\/1770\/revisions"}],"predecessor-version":[{"id":3782,"href":"http:\/\/www.univ-dbkm.dz\/fsecsg1\/wp-json\/wp\/v2\/pages\/1770\/revisions\/3782"}],"wp:attachment":[{"href":"http:\/\/www.univ-dbkm.dz\/fsecsg1\/wp-json\/wp\/v2\/media?parent=1770"}],"curies":[{"name":"wp","href":"https:\/\/api.w.org\/{rel}","templated":true}]}}