{"id":1989,"date":"2023-05-02T13:37:34","date_gmt":"2023-05-02T10:37:34","guid":{"rendered":"http:\/\/www.univ-dbkm.dz\/fsecsg1\/?page_id=1989"},"modified":"2023-05-02T13:38:54","modified_gmt":"2023-05-02T10:38:54","slug":"a-propos-de-la-ville-de-khemis-miliana","status":"publish","type":"page","link":"http:\/\/www.univ-dbkm.dz\/fsecsg1\/fr\/a-propos-de-la-ville-de-khemis-miliana\/","title":{"rendered":"A propos de la ville de Khemis Miliana"},"content":{"rendered":"\t\t<div data-elementor-type=\"wp-page\" data-elementor-id=\"1989\" class=\"elementor elementor-1989\">\n\t\t\t\t\t\t<section class=\"elementor-section elementor-top-section elementor-element elementor-element-d3d3ec8 elementor-section-boxed elementor-section-height-default elementor-section-height-default wpr-particle-no wpr-jarallax-no wpr-parallax-no wpr-sticky-section-no\" data-id=\"d3d3ec8\" data-element_type=\"section\">\n\t\t\t\t\t\t<div class=\"elementor-container elementor-column-gap-default\">\n\t\t\t\t\t<div class=\"elementor-column elementor-col-100 elementor-top-column elementor-element elementor-element-cd57abc\" data-id=\"cd57abc\" data-element_type=\"column\">\n\t\t\t<div class=\"elementor-widget-wrap elementor-element-populated\">\n\t\t\t\t\t\t<div class=\"elementor-element elementor-element-9c0c782 elementor-invisible elementor-widget elementor-widget-heading\" data-id=\"9c0c782\" data-element_type=\"widget\" data-settings=\"{&quot;_animation&quot;:&quot;fadeInDown&quot;}\" data-widget_type=\"heading.default\">\n\t\t\t\t<div class=\"elementor-widget-container\">\n\t\t\t\t\t<h2 class=\"elementor-heading-title elementor-size-default\">A propos de la ville de Khemis Miliana<\/h2>\t\t\t\t<\/div>\n\t\t\t\t<\/div>\n\t\t\t\t\t<\/div>\n\t\t<\/div>\n\t\t\t\t\t<\/div>\n\t\t<\/section>\n\t\t\t\t<section class=\"elementor-section elementor-top-section elementor-element elementor-element-8d9ea7f elementor-section-boxed elementor-section-height-default elementor-section-height-default wpr-particle-no wpr-jarallax-no wpr-parallax-no wpr-sticky-section-no\" data-id=\"8d9ea7f\" data-element_type=\"section\">\n\t\t\t\t\t\t<div class=\"elementor-container elementor-column-gap-default\">\n\t\t\t\t\t<div class=\"elementor-column elementor-col-100 elementor-top-column elementor-element elementor-element-5831fc9\" data-id=\"5831fc9\" data-element_type=\"column\">\n\t\t\t<div class=\"elementor-widget-wrap elementor-element-populated\">\n\t\t\t\t\t\t<div class=\"elementor-element elementor-element-12edb19 elementor-invisible elementor-widget elementor-widget-text-editor\" data-id=\"12edb19\" data-element_type=\"widget\" data-settings=\"{&quot;_animation&quot;:&quot;fadeInDown&quot;}\" data-widget_type=\"text-editor.default\">\n\t\t\t\t<div class=\"elementor-widget-container\">\n\t\t\t\t\t\t\t\t\t<p>environ 120 kilom\u00e8tres au sud-ouest d&rsquo;Alger, la capitale de l&rsquo;Alg\u00e9rie<\/p><p>Khemis Miliana est situ\u00e9 dans la vall\u00e9e du Titteri et est entour\u00e9 par les montagnes du Titteri. La ville est entour\u00e9e de magnifiques paysages de montagne et b\u00e9n\u00e9ficie d&rsquo;un climat doux.<\/p><p>Khemis Miliana est bien reli\u00e9e aux autres villes d&rsquo;Alg\u00e9rie, avec plusieurs routes et autoroutes principales qui traversent la ville. La ville<\/p><p>est \u00e9galement desservie par une gare ferroviaire, qui assure des liaisons vers d&rsquo;autres villes d&rsquo;Alg\u00e9rie, dont Alger.<\/p><p>Installations \u00e0 Khemis Miliana<\/p><p>Khemis Miliana est une petite ville, mais elle offre une vari\u00e9t\u00e9 d&rsquo;installations et de commodit\u00e9s \u00e0 ses r\u00e9sidents et visiteurs. La ville compte plusieurs h\u00f4pitaux, cliniques et centres m\u00e9dicaux qui fournissent des soins de sant\u00e9 de qualit\u00e9 \u00e0 la population locale. Il existe \u00e9galement plusieurs \u00e9coles et \u00e9tablissements d&rsquo;enseignement, dont l&rsquo;Universit\u00e9 Khemis Miliana, qui offre aux \u00e9tudiants une \u00e9ducation de classe mondiale.<\/p><p>Khemis Miliana poss\u00e8de \u00e9galement un march\u00e9 dynamique o\u00f9 les visiteurs peuvent trouver une vari\u00e9t\u00e9 de produits, notamment de l&rsquo;artisanat local, des v\u00eatements et de la nourriture. Le march\u00e9 est ouvert tous les jours et est un endroit id\u00e9al pour d\u00e9couvrir la culture locale et interagir avec les sympathiques habitants de Khemis Miliana.<\/p><p>Culture et patrimoine \u00e0 Khemis Miliana<\/p><p>Khemis Miliana est connue pour son riche patrimoine culturel et ses monuments historiques. L&rsquo;une des attractions touristiques les plus populaires de la ville est la mosqu\u00e9e Sidi Ahmed Benyoucef, qui a \u00e9t\u00e9 construite au XVe\u00a0si\u00e8cle et pr\u00e9sente une belle architecture et des sculptures complexes.<\/p><p>La ville abrite \u00e9galement plusieurs autres monuments historiques, dont le Palais d&rsquo;El Amir\u00a0 \u00a0 \u00a0Abdelkader, qui \u00e9tait autrefois la r\u00e9sidence du c\u00e9l\u00e8bre dirigeant alg\u00e9rien Abdelkader El Djezairi. Le palais est aujourd&rsquo;hui un mus\u00e9e et est ouvert aux visiteurs qui souhaitent en savoir plus sur l&rsquo;histoire de la ville et son r\u00f4le dans la lutte pour l&rsquo;ind\u00e9pendance.<\/p><p>Khemis Miliana est \u00e9galement connue pour ses festivals et c\u00e9l\u00e9brations qui ont lieu tout au long de l&rsquo;ann\u00e9e. L&rsquo;une des f\u00eates les plus populaires de la ville est le Moussem de Sidi Ali Benyoucef, qui se tient chaque ann\u00e9e au mois d&rsquo;ao\u00fbt et c\u00e9l\u00e8bre la vie du saint patron de la ville.<\/p><p>La c\u00e9l\u00e9bration du Mawlid Ennabaoui (anniversaire du proph\u00e8te Mahomet) \u00e0 Khemis Miliana se distingue par la production de m&rsquo;narette, mod\u00e8les en bois et roseaux en forme de mosqu\u00e9es, de tours et de bateaux. A la veille du Mawlid, un d\u00e9fil\u00e9 de m&rsquo;narette illumin\u00e9es de bougies et remplies de friandises et de fruits emprunte le chemin depuis la mosqu\u00e9e Sidi Ahmed Benyoucef.<\/p><p>La F\u00eate de la Cerise de Miliana est un \u00e9v\u00e9nement socioculturel qui a lieu la derni\u00e8re semaine de juin. Elle a d&rsquo;abord \u00e9t\u00e9 c\u00e9l\u00e9br\u00e9e au lendemain de l&rsquo;ind\u00e9pendance du pays pour permettre aux visiteurs de d\u00e9couvrir les coutumes de la ville et de d\u00e9guster les diff\u00e9rentes douceurs \u00e0 base de cerises. Elle a \u00e9t\u00e9 interrompue pendant une d\u00e9cennie, puis c\u00e9l\u00e9br\u00e9e \u00e0 nouveau dans le cadre d&rsquo;un plan de r\u00e9habilitation des f\u00eates locales propres \u00e0 la province d&rsquo;Ain Defla.<\/p>\t\t\t\t\t\t\t\t<\/div>\n\t\t\t\t<\/div>\n\t\t\t\t\t<\/div>\n\t\t<\/div>\n\t\t\t\t\t<\/div>\n\t\t<\/section>\n\t\t\t\t<section class=\"elementor-section elementor-top-section elementor-element elementor-element-bef9b49 elementor-section-boxed elementor-section-height-default elementor-section-height-default wpr-particle-no wpr-jarallax-no wpr-parallax-no wpr-sticky-section-no\" data-id=\"bef9b49\" data-element_type=\"section\">\n\t\t\t\t\t\t<div class=\"elementor-container elementor-column-gap-default\">\n\t\t\t\t\t<div class=\"elementor-column elementor-col-50 elementor-top-column elementor-element elementor-element-6f61418\" data-id=\"6f61418\" data-element_type=\"column\">\n\t\t\t<div class=\"elementor-widget-wrap elementor-element-populated\">\n\t\t\t\t\t\t<div class=\"elementor-element elementor-element-9c112aa elementor-invisible elementor-widget elementor-widget-image\" data-id=\"9c112aa\" data-element_type=\"widget\" data-settings=\"{&quot;_animation&quot;:&quot;fadeInDown&quot;}\" data-widget_type=\"image.default\">\n\t\t\t\t<div class=\"elementor-widget-container\">\n\t\t\t\t\t\t\t\t\t\t\t\t\t\t\t<img fetchpriority=\"high\" decoding=\"async\" width=\"347\" height=\"350\" src=\"http:\/\/www.univ-dbkm.dz\/fsecsg1\/wp-content\/uploads\/2023\/04\/ppp.png\" class=\"attachment-large size-large wp-image-1682\" alt=\"\" srcset=\"http:\/\/www.univ-dbkm.dz\/fsecsg1\/wp-content\/uploads\/2023\/04\/ppp.png 347w, http:\/\/www.univ-dbkm.dz\/fsecsg1\/wp-content\/uploads\/2023\/04\/ppp-297x300.png 297w, http:\/\/www.univ-dbkm.dz\/fsecsg1\/wp-content\/uploads\/2023\/04\/ppp-150x150.png 150w\" sizes=\"(max-width: 347px) 100vw, 347px\" \/>\t\t\t\t\t\t\t\t\t\t\t\t\t\t\t<\/div>\n\t\t\t\t<\/div>\n\t\t\t\t\t<\/div>\n\t\t<\/div>\n\t\t\t\t<div class=\"elementor-column elementor-col-50 elementor-top-column elementor-element elementor-element-f696ff6\" data-id=\"f696ff6\" data-element_type=\"column\">\n\t\t\t<div class=\"elementor-widget-wrap elementor-element-populated\">\n\t\t\t\t\t\t<div class=\"elementor-element elementor-element-e68c90a elementor-invisible elementor-widget elementor-widget-image\" data-id=\"e68c90a\" data-element_type=\"widget\" data-settings=\"{&quot;_animation&quot;:&quot;fadeInDown&quot;}\" data-widget_type=\"image.default\">\n\t\t\t\t<div class=\"elementor-widget-container\">\n\t\t\t\t\t\t\t\t\t\t\t\t\t\t\t<img decoding=\"async\" width=\"1024\" height=\"460\" src=\"http:\/\/www.univ-dbkm.dz\/fsecsg1\/wp-content\/uploads\/2023\/04\/pp-1024x460.png\" class=\"attachment-large size-large wp-image-1681\" alt=\"\" srcset=\"http:\/\/www.univ-dbkm.dz\/fsecsg1\/wp-content\/uploads\/2023\/04\/pp-1024x460.png 1024w, http:\/\/www.univ-dbkm.dz\/fsecsg1\/wp-content\/uploads\/2023\/04\/pp-300x135.png 300w, http:\/\/www.univ-dbkm.dz\/fsecsg1\/wp-content\/uploads\/2023\/04\/pp-768x345.png 768w, http:\/\/www.univ-dbkm.dz\/fsecsg1\/wp-content\/uploads\/2023\/04\/pp-1536x690.png 1536w, http:\/\/www.univ-dbkm.dz\/fsecsg1\/wp-content\/uploads\/2023\/04\/pp.png 1891w\" sizes=\"(max-width: 1024px) 100vw, 1024px\" \/>\t\t\t\t\t\t\t\t\t\t\t\t\t\t\t<\/div>\n\t\t\t\t<\/div>\n\t\t\t\t\t<\/div>\n\t\t<\/div>\n\t\t\t\t\t<\/div>\n\t\t<\/section>\n\t\t\t\t<\/div>\n\t\t","protected":false},"excerpt":{"rendered":"<p>A propos de la ville de Khemis Miliana environ 120 kilom\u00e8tres au sud-ouest d&rsquo;Alger, la capitale de l&rsquo;Alg\u00e9rie Khemis Miliana est situ\u00e9 dans la vall\u00e9e du Titteri et est entour\u00e9 par les montagnes du Titteri. La ville est entour\u00e9e de magnifiques paysages de montagne et b\u00e9n\u00e9ficie d&rsquo;un climat doux. Khemis Miliana est bien reli\u00e9e aux autres villes d&rsquo;Alg\u00e9rie, avec plusieurs routes et autoroutes principales qui traversent la ville. La ville est \u00e9galement desservie par une gare ferroviaire, qui assure des liaisons vers d&rsquo;autres villes d&rsquo;Alg\u00e9rie, dont Alger. Installations \u00e0 Khemis Miliana Khemis Miliana est une petite ville, mais elle offre une vari\u00e9t\u00e9 d&rsquo;installations et de commodit\u00e9s \u00e0 ses r\u00e9sidents et visiteurs. La ville compte plusieurs h\u00f4pitaux, cliniques et centres m\u00e9dicaux qui fournissent des soins de sant\u00e9 de qualit\u00e9 \u00e0 la population locale. Il existe \u00e9galement plusieurs \u00e9coles et \u00e9tablissements d&rsquo;enseignement, dont l&rsquo;Universit\u00e9 Khemis Miliana, qui offre aux \u00e9tudiants une \u00e9ducation de classe mondiale. Khemis Miliana poss\u00e8de \u00e9galement un march\u00e9 dynamique o\u00f9 les visiteurs peuvent trouver une vari\u00e9t\u00e9 de produits, notamment de l&rsquo;artisanat local, des v\u00eatements et de la nourriture. Le march\u00e9 est ouvert tous les jours et est un endroit id\u00e9al pour d\u00e9couvrir la culture locale et interagir avec les sympathiques habitants de Khemis Miliana. Culture et patrimoine \u00e0 Khemis Miliana Khemis Miliana est connue pour son riche patrimoine culturel et ses monuments historiques. L&rsquo;une des attractions touristiques les plus populaires de la ville est la mosqu\u00e9e Sidi Ahmed Benyoucef, qui a \u00e9t\u00e9 construite au XVe\u00a0si\u00e8cle et pr\u00e9sente une belle architecture et des sculptures complexes. La ville abrite \u00e9galement plusieurs autres monuments historiques, dont le Palais d&rsquo;El Amir\u00a0 \u00a0 \u00a0Abdelkader, qui \u00e9tait autrefois la r\u00e9sidence du c\u00e9l\u00e8bre dirigeant alg\u00e9rien Abdelkader El Djezairi. Le palais est aujourd&rsquo;hui un mus\u00e9e et est ouvert aux visiteurs qui souhaitent en savoir plus sur l&rsquo;histoire de la ville et son r\u00f4le dans la lutte pour l&rsquo;ind\u00e9pendance. Khemis Miliana est \u00e9galement connue pour ses festivals et c\u00e9l\u00e9brations qui ont lieu tout au long de l&rsquo;ann\u00e9e. L&rsquo;une des f\u00eates les plus populaires de la ville est le Moussem de Sidi Ali Benyoucef, qui se tient chaque ann\u00e9e au mois d&rsquo;ao\u00fbt et c\u00e9l\u00e8bre la vie du saint patron de la ville. La c\u00e9l\u00e9bration du Mawlid Ennabaoui (anniversaire du proph\u00e8te Mahomet) \u00e0 Khemis Miliana se distingue par la production de m&rsquo;narette, mod\u00e8les en bois et roseaux en forme de mosqu\u00e9es, de tours et de bateaux. A la veille du Mawlid, un d\u00e9fil\u00e9 de m&rsquo;narette illumin\u00e9es de bougies et remplies de friandises et de fruits emprunte le chemin depuis la mosqu\u00e9e Sidi Ahmed Benyoucef. La F\u00eate de la Cerise de Miliana est un \u00e9v\u00e9nement socioculturel qui a lieu la derni\u00e8re semaine de juin. Elle a d&rsquo;abord \u00e9t\u00e9 c\u00e9l\u00e9br\u00e9e au lendemain de l&rsquo;ind\u00e9pendance du pays pour permettre aux visiteurs de d\u00e9couvrir les coutumes de la ville et de d\u00e9guster les diff\u00e9rentes douceurs \u00e0 base de cerises. Elle a \u00e9t\u00e9 interrompue pendant une d\u00e9cennie, puis c\u00e9l\u00e9br\u00e9e \u00e0 nouveau dans le cadre d&rsquo;un plan de r\u00e9habilitation des f\u00eates locales propres \u00e0 la province d&rsquo;Ain Defla.<\/p>\n","protected":false},"author":1,"featured_media":0,"parent":0,"menu_order":0,"comment_status":"closed","ping_status":"closed","template":"","meta":{"site-sidebar-layout":"no-sidebar","site-content-layout":"page-builder","ast-global-header-display":"","ast-main-header-display":"","ast-hfb-above-header-display":"","ast-hfb-below-header-display":"","ast-hfb-mobile-header-display":"","site-post-title":"disabled","ast-breadcrumbs-content":"","ast-featured-img":"disabled","footer-sml-layout":"","theme-transparent-header-meta":"","adv-header-id-meta":"","stick-header-meta":"","header-above-stick-meta":"","header-main-stick-meta":"","header-below-stick-meta":"","footnotes":""},"class_list":["post-1989","page","type-page","status-publish","hentry"],"rttpg_featured_image_url":null,"rttpg_author":{"display_name":"fsecsg1","author_link":"http:\/\/www.univ-dbkm.dz\/fsecsg1\/author\/oualid-bouharaoua\/"},"rttpg_comment":0,"rttpg_category":" <a href=\"http:\/\/www.univ-dbkm.dz\/fsecsg1\/fr\/\" rel=\"tag\">Fran\u00e7ais<\/a>","rttpg_excerpt":"A propos de la ville de Khemis Miliana environ 120 kilom\u00e8tres au sud-ouest d&rsquo;Alger, la capitale de l&rsquo;Alg\u00e9rie Khemis Miliana est situ\u00e9 dans la vall\u00e9e du Titteri et est entour\u00e9 par les montagnes du Titteri. La ville est entour\u00e9e de magnifiques paysages de montagne et b\u00e9n\u00e9ficie d&rsquo;un climat doux. Khemis Miliana est bien reli\u00e9e aux\u2026","_links":{"self":[{"href":"http:\/\/www.univ-dbkm.dz\/fsecsg1\/wp-json\/wp\/v2\/pages\/1989","targetHints":{"allow":["GET"]}}],"collection":[{"href":"http:\/\/www.univ-dbkm.dz\/fsecsg1\/wp-json\/wp\/v2\/pages"}],"about":[{"href":"http:\/\/www.univ-dbkm.dz\/fsecsg1\/wp-json\/wp\/v2\/types\/page"}],"author":[{"embeddable":true,"href":"http:\/\/www.univ-dbkm.dz\/fsecsg1\/wp-json\/wp\/v2\/users\/1"}],"replies":[{"embeddable":true,"href":"http:\/\/www.univ-dbkm.dz\/fsecsg1\/wp-json\/wp\/v2\/comments?post=1989"}],"version-history":[{"count":4,"href":"http:\/\/www.univ-dbkm.dz\/fsecsg1\/wp-json\/wp\/v2\/pages\/1989\/revisions"}],"predecessor-version":[{"id":1993,"href":"http:\/\/www.univ-dbkm.dz\/fsecsg1\/wp-json\/wp\/v2\/pages\/1989\/revisions\/1993"}],"wp:attachment":[{"href":"http:\/\/www.univ-dbkm.dz\/fsecsg1\/wp-json\/wp\/v2\/media?parent=1989"}],"curies":[{"name":"wp","href":"https:\/\/api.w.org\/{rel}","templated":true}]}}