{"id":2306,"date":"2023-05-08T12:40:26","date_gmt":"2023-05-08T09:40:26","guid":{"rendered":"http:\/\/www.univ-dbkm.dz\/fsecsg1\/?page_id=2306"},"modified":"2023-05-08T12:42:10","modified_gmt":"2023-05-08T09:42:10","slug":"departement-des-sciences-de-gestion","status":"publish","type":"page","link":"http:\/\/www.univ-dbkm.dz\/fsecsg1\/fr\/departement-des-sciences-de-gestion\/","title":{"rendered":"D\u00e9partement des sciences de gestion"},"content":{"rendered":"\t\t<div data-elementor-type=\"wp-page\" data-elementor-id=\"2306\" class=\"elementor elementor-2306\">\n\t\t\t\t\t\t<section class=\"elementor-section elementor-top-section elementor-element elementor-element-5a8e11e elementor-section-boxed elementor-section-height-default elementor-section-height-default wpr-particle-no wpr-jarallax-no wpr-parallax-no wpr-sticky-section-no\" data-id=\"5a8e11e\" data-element_type=\"section\">\n\t\t\t\t\t\t<div class=\"elementor-container elementor-column-gap-default\">\n\t\t\t\t\t<div class=\"elementor-column elementor-col-100 elementor-top-column elementor-element elementor-element-838b12d\" data-id=\"838b12d\" data-element_type=\"column\">\n\t\t\t<div class=\"elementor-widget-wrap elementor-element-populated\">\n\t\t\t\t\t\t<div class=\"elementor-element elementor-element-6aaa179 elementor-invisible elementor-widget elementor-widget-heading\" data-id=\"6aaa179\" data-element_type=\"widget\" data-settings=\"{&quot;_animation&quot;:&quot;fadeInDown&quot;}\" data-widget_type=\"heading.default\">\n\t\t\t\t<div class=\"elementor-widget-container\">\n\t\t\t\t\t<h2 class=\"elementor-heading-title elementor-size-default\">D\u00e9partement des sciences de gestion<\/h2>\t\t\t\t<\/div>\n\t\t\t\t<\/div>\n\t\t\t\t\t<\/div>\n\t\t<\/div>\n\t\t\t\t\t<\/div>\n\t\t<\/section>\n\t\t\t\t<section class=\"elementor-section elementor-top-section elementor-element elementor-element-9f00c53 elementor-section-boxed elementor-section-height-default elementor-section-height-default wpr-particle-no wpr-jarallax-no wpr-parallax-no wpr-sticky-section-no\" data-id=\"9f00c53\" data-element_type=\"section\">\n\t\t\t\t\t\t<div class=\"elementor-container elementor-column-gap-default\">\n\t\t\t\t\t<div class=\"elementor-column elementor-col-100 elementor-top-column elementor-element elementor-element-39bc799\" data-id=\"39bc799\" data-element_type=\"column\">\n\t\t\t<div class=\"elementor-widget-wrap elementor-element-populated\">\n\t\t\t\t\t\t<div class=\"elementor-element elementor-element-8a279a7 elementor-invisible elementor-widget elementor-widget-text-editor\" data-id=\"8a279a7\" data-element_type=\"widget\" data-settings=\"{&quot;_animation&quot;:&quot;fadeInDown&quot;}\" data-widget_type=\"text-editor.default\">\n\t\t\t\t<div class=\"elementor-widget-container\">\n\t\t\t\t\t\t\t\t\t<table><tbody><tr><td width=\"51\"><b><strong>N\u00b0<\/strong><\/b><\/td><td width=\"454\"><b><strong>Fonction<\/strong><\/b><\/td><td width=\"170\"><strong>Nom et Pr\u00e9nom<\/strong><\/td><\/tr><tr><td width=\"51\"><b><strong>01<\/strong><\/b><\/td><td width=\"454\">Chef du D\u00e9partement des Sciences de Gestion<\/td><td width=\"170\"><strong>Dr.Drif Abd allah<\/strong><\/td><\/tr><tr><td width=\"51\"><b><strong>02<\/strong><\/b><\/td><td width=\"454\">Adjoint au chef de d\u00e9partement pour la premi\u00e8re phase (Licence)<\/td><td width=\"170\"><strong>Dr. Ben dahbia abd allah<\/strong><\/td><\/tr><tr><td width=\"51\"><b><strong>03<\/strong><\/b><\/td><td width=\"454\">Adjoint au chef de d\u00e9partement pour la deuxi\u00e8me phase (Master)<\/td><td width=\"170\"><b>Dr. Zineb Maten<\/b><\/td><\/tr><\/tbody><\/table>\t\t\t\t\t\t\t\t<\/div>\n\t\t\t\t<\/div>\n\t\t\t\t\t<\/div>\n\t\t<\/div>\n\t\t\t\t\t<\/div>\n\t\t<\/section>\n\t\t\t\t<\/div>\n\t\t","protected":false},"excerpt":{"rendered":"<p>D\u00e9partement des sciences de gestion N\u00b0 Fonction Nom et Pr\u00e9nom 01 Chef du D\u00e9partement des Sciences de Gestion Dr.Drif Abd allah 02 Adjoint au chef de d\u00e9partement pour la premi\u00e8re phase (Licence) Dr. Ben dahbia abd allah 03 Adjoint au chef de d\u00e9partement pour la deuxi\u00e8me phase (Master) Dr. Zineb Maten<\/p>\n","protected":false},"author":1,"featured_media":0,"parent":0,"menu_order":0,"comment_status":"closed","ping_status":"closed","template":"","meta":{"site-sidebar-layout":"no-sidebar","site-content-layout":"page-builder","ast-global-header-display":"","ast-main-header-display":"","ast-hfb-above-header-display":"","ast-hfb-below-header-display":"","ast-hfb-mobile-header-display":"","site-post-title":"disabled","ast-breadcrumbs-content":"","ast-featured-img":"disabled","footer-sml-layout":"","theme-transparent-header-meta":"","adv-header-id-meta":"","stick-header-meta":"","header-above-stick-meta":"","header-main-stick-meta":"","header-below-stick-meta":"","footnotes":""},"class_list":["post-2306","page","type-page","status-publish","hentry"],"rttpg_featured_image_url":null,"rttpg_author":{"display_name":"fsecsg1","author_link":"http:\/\/www.univ-dbkm.dz\/fsecsg1\/author\/oualid-bouharaoua\/"},"rttpg_comment":0,"rttpg_category":" <a href=\"http:\/\/www.univ-dbkm.dz\/fsecsg1\/fr\/\" rel=\"tag\">Fran\u00e7ais<\/a>","rttpg_excerpt":"D\u00e9partement des sciences de gestion N\u00b0 Fonction Nom et Pr\u00e9nom 01 Chef du D\u00e9partement des Sciences de Gestion Dr.Drif Abd allah 02 Adjoint au chef de d\u00e9partement pour la premi\u00e8re phase (Licence) Dr. Ben dahbia abd allah 03 Adjoint au chef de d\u00e9partement pour la deuxi\u00e8me phase (Master) Dr. Zineb Maten","_links":{"self":[{"href":"http:\/\/www.univ-dbkm.dz\/fsecsg1\/wp-json\/wp\/v2\/pages\/2306","targetHints":{"allow":["GET"]}}],"collection":[{"href":"http:\/\/www.univ-dbkm.dz\/fsecsg1\/wp-json\/wp\/v2\/pages"}],"about":[{"href":"http:\/\/www.univ-dbkm.dz\/fsecsg1\/wp-json\/wp\/v2\/types\/page"}],"author":[{"embeddable":true,"href":"http:\/\/www.univ-dbkm.dz\/fsecsg1\/wp-json\/wp\/v2\/users\/1"}],"replies":[{"embeddable":true,"href":"http:\/\/www.univ-dbkm.dz\/fsecsg1\/wp-json\/wp\/v2\/comments?post=2306"}],"version-history":[{"count":4,"href":"http:\/\/www.univ-dbkm.dz\/fsecsg1\/wp-json\/wp\/v2\/pages\/2306\/revisions"}],"predecessor-version":[{"id":2312,"href":"http:\/\/www.univ-dbkm.dz\/fsecsg1\/wp-json\/wp\/v2\/pages\/2306\/revisions\/2312"}],"wp:attachment":[{"href":"http:\/\/www.univ-dbkm.dz\/fsecsg1\/wp-json\/wp\/v2\/media?parent=2306"}],"curies":[{"name":"wp","href":"https:\/\/api.w.org\/{rel}","templated":true}]}}