{"id":2317,"date":"2023-05-08T12:49:09","date_gmt":"2023-05-08T09:49:09","guid":{"rendered":"http:\/\/www.univ-dbkm.dz\/fsecsg1\/?page_id=2317"},"modified":"2023-05-08T12:52:12","modified_gmt":"2023-05-08T09:52:12","slug":"departement-des-finances-et-de-la-comptabilite","status":"publish","type":"page","link":"http:\/\/www.univ-dbkm.dz\/fsecsg1\/fr\/departement-des-finances-et-de-la-comptabilite\/","title":{"rendered":"D\u00e9partement des finances et de la comptabilit\u00e9"},"content":{"rendered":"\t\t<div data-elementor-type=\"wp-page\" data-elementor-id=\"2317\" class=\"elementor elementor-2317\">\n\t\t\t\t\t\t<section class=\"elementor-section elementor-top-section elementor-element elementor-element-ba2a7d0 elementor-section-boxed elementor-section-height-default elementor-section-height-default wpr-particle-no wpr-jarallax-no wpr-parallax-no wpr-sticky-section-no\" data-id=\"ba2a7d0\" data-element_type=\"section\">\n\t\t\t\t\t\t<div class=\"elementor-container elementor-column-gap-default\">\n\t\t\t\t\t<div class=\"elementor-column elementor-col-100 elementor-top-column elementor-element elementor-element-59f21d3\" data-id=\"59f21d3\" data-element_type=\"column\">\n\t\t\t<div class=\"elementor-widget-wrap elementor-element-populated\">\n\t\t\t\t\t\t<div class=\"elementor-element elementor-element-993e6e6 elementor-invisible elementor-widget elementor-widget-heading\" data-id=\"993e6e6\" data-element_type=\"widget\" data-settings=\"{&quot;_animation&quot;:&quot;fadeInDown&quot;}\" data-widget_type=\"heading.default\">\n\t\t\t\t<div class=\"elementor-widget-container\">\n\t\t\t\t\t<h2 class=\"elementor-heading-title elementor-size-default\">D\u00e9partement des finances et de la comptabilit\u00e9<\/h2>\t\t\t\t<\/div>\n\t\t\t\t<\/div>\n\t\t\t\t\t<\/div>\n\t\t<\/div>\n\t\t\t\t\t<\/div>\n\t\t<\/section>\n\t\t\t\t<section class=\"elementor-section elementor-top-section elementor-element elementor-element-ec87e4a elementor-section-boxed elementor-section-height-default elementor-section-height-default wpr-particle-no wpr-jarallax-no wpr-parallax-no wpr-sticky-section-no\" data-id=\"ec87e4a\" data-element_type=\"section\">\n\t\t\t\t\t\t<div class=\"elementor-container elementor-column-gap-default\">\n\t\t\t\t\t<div class=\"elementor-column elementor-col-100 elementor-top-column elementor-element elementor-element-953399c\" data-id=\"953399c\" data-element_type=\"column\">\n\t\t\t<div class=\"elementor-widget-wrap elementor-element-populated\">\n\t\t\t\t\t\t<div class=\"elementor-element elementor-element-881dab6 elementor-invisible elementor-widget elementor-widget-text-editor\" data-id=\"881dab6\" data-element_type=\"widget\" data-settings=\"{&quot;_animation&quot;:&quot;fadeInDown&quot;}\" data-widget_type=\"text-editor.default\">\n\t\t\t\t<div class=\"elementor-widget-container\">\n\t\t\t\t\t\t\t\t\t<table><tbody><tr><td width=\"51\"><b><strong>N\u00b0<\/strong><\/b><\/td><td width=\"454\"><b><strong>Fonction<\/strong><\/b><\/td><td width=\"170\"><b><strong>Nom et Prenom<\/strong><\/b><\/td><\/tr><tr><td width=\"51\"><b><strong>01<\/strong><\/b><\/td><td width=\"454\">Chef du d\u00e9partement des finances et de la comptabilit\u00e9<\/td><td width=\"170\"><b>Dr. serdoun Mahdia<\/b><\/td><\/tr><tr><td width=\"51\"><b><strong>02<\/strong><\/b><\/td><td width=\"454\">Adjoint au chef de d\u00e9partement pour la premi\u00e8re phase (baccalaur\u00e9at)<\/td><td width=\"170\"><strong>Dr. Malika Bakdi<\/strong><\/td><\/tr><tr><td width=\"51\"><b><strong>03<\/strong><\/b><\/td><td width=\"454\">Adjoint au chef de d\u00e9partement pour la deuxi\u00e8me phase (Master)<\/td><td width=\"170\"><b>Dr. djillali toumi Hamza<\/b><\/td><\/tr><\/tbody><\/table>\t\t\t\t\t\t\t\t<\/div>\n\t\t\t\t<\/div>\n\t\t\t\t\t<\/div>\n\t\t<\/div>\n\t\t\t\t\t<\/div>\n\t\t<\/section>\n\t\t\t\t<\/div>\n\t\t","protected":false},"excerpt":{"rendered":"<p>D\u00e9partement des finances et de la comptabilit\u00e9 N\u00b0 Fonction Nom et Prenom 01 Chef du d\u00e9partement des finances et de la comptabilit\u00e9 Dr. serdoun Mahdia 02 Adjoint au chef de d\u00e9partement pour la premi\u00e8re phase (baccalaur\u00e9at) Dr. Malika Bakdi 03 Adjoint au chef de d\u00e9partement pour la deuxi\u00e8me phase (Master) Dr. djillali toumi Hamza<\/p>\n","protected":false},"author":1,"featured_media":0,"parent":0,"menu_order":0,"comment_status":"closed","ping_status":"closed","template":"","meta":{"site-sidebar-layout":"no-sidebar","site-content-layout":"page-builder","ast-global-header-display":"","ast-main-header-display":"","ast-hfb-above-header-display":"","ast-hfb-below-header-display":"","ast-hfb-mobile-header-display":"","site-post-title":"disabled","ast-breadcrumbs-content":"","ast-featured-img":"disabled","footer-sml-layout":"","theme-transparent-header-meta":"","adv-header-id-meta":"","stick-header-meta":"","header-above-stick-meta":"","header-main-stick-meta":"","header-below-stick-meta":"","footnotes":""},"class_list":["post-2317","page","type-page","status-publish","hentry"],"rttpg_featured_image_url":null,"rttpg_author":{"display_name":"fsecsg1","author_link":"http:\/\/www.univ-dbkm.dz\/fsecsg1\/author\/oualid-bouharaoua\/"},"rttpg_comment":0,"rttpg_category":" <a href=\"http:\/\/www.univ-dbkm.dz\/fsecsg1\/fr\/\" rel=\"tag\">Fran\u00e7ais<\/a>","rttpg_excerpt":"D\u00e9partement des finances et de la comptabilit\u00e9 N\u00b0 Fonction Nom et Prenom 01 Chef du d\u00e9partement des finances et de la comptabilit\u00e9 Dr. serdoun Mahdia 02 Adjoint au chef de d\u00e9partement pour la premi\u00e8re phase (baccalaur\u00e9at) Dr. Malika Bakdi 03 Adjoint au chef de d\u00e9partement pour la deuxi\u00e8me phase (Master) Dr. djillali toumi Hamza","_links":{"self":[{"href":"http:\/\/www.univ-dbkm.dz\/fsecsg1\/wp-json\/wp\/v2\/pages\/2317","targetHints":{"allow":["GET"]}}],"collection":[{"href":"http:\/\/www.univ-dbkm.dz\/fsecsg1\/wp-json\/wp\/v2\/pages"}],"about":[{"href":"http:\/\/www.univ-dbkm.dz\/fsecsg1\/wp-json\/wp\/v2\/types\/page"}],"author":[{"embeddable":true,"href":"http:\/\/www.univ-dbkm.dz\/fsecsg1\/wp-json\/wp\/v2\/users\/1"}],"replies":[{"embeddable":true,"href":"http:\/\/www.univ-dbkm.dz\/fsecsg1\/wp-json\/wp\/v2\/comments?post=2317"}],"version-history":[{"count":4,"href":"http:\/\/www.univ-dbkm.dz\/fsecsg1\/wp-json\/wp\/v2\/pages\/2317\/revisions"}],"predecessor-version":[{"id":2324,"href":"http:\/\/www.univ-dbkm.dz\/fsecsg1\/wp-json\/wp\/v2\/pages\/2317\/revisions\/2324"}],"wp:attachment":[{"href":"http:\/\/www.univ-dbkm.dz\/fsecsg1\/wp-json\/wp\/v2\/media?parent=2317"}],"curies":[{"name":"wp","href":"https:\/\/api.w.org\/{rel}","templated":true}]}}