{"id":2333,"date":"2023-05-08T13:04:19","date_gmt":"2023-05-08T10:04:19","guid":{"rendered":"http:\/\/www.univ-dbkm.dz\/fsecsg1\/?page_id=2333"},"modified":"2023-06-11T16:27:22","modified_gmt":"2023-06-11T13:27:22","slug":"licence-2","status":"publish","type":"page","link":"http:\/\/www.univ-dbkm.dz\/fsecsg1\/fr\/licence-2\/","title":{"rendered":"Licence"},"content":{"rendered":"\t\t<div data-elementor-type=\"wp-page\" data-elementor-id=\"2333\" class=\"elementor elementor-2333\">\n\t\t\t\t\t\t<section class=\"elementor-section elementor-top-section elementor-element elementor-element-93e182b elementor-section-boxed elementor-section-height-default elementor-section-height-default wpr-particle-no wpr-jarallax-no wpr-parallax-no wpr-sticky-section-no\" data-id=\"93e182b\" data-element_type=\"section\">\n\t\t\t\t\t\t<div class=\"elementor-container elementor-column-gap-default\">\n\t\t\t\t\t<div class=\"elementor-column elementor-col-100 elementor-top-column elementor-element elementor-element-2756bac\" data-id=\"2756bac\" data-element_type=\"column\">\n\t\t\t<div class=\"elementor-widget-wrap elementor-element-populated\">\n\t\t\t\t\t\t<div class=\"elementor-element elementor-element-6728353 elementor-invisible elementor-widget elementor-widget-heading\" data-id=\"6728353\" data-element_type=\"widget\" data-settings=\"{&quot;_animation&quot;:&quot;fadeInDown&quot;}\" data-widget_type=\"heading.default\">\n\t\t\t\t<div class=\"elementor-widget-container\">\n\t\t\t\t\t<h2 class=\"elementor-heading-title elementor-size-default\">Licence<\/h2>\t\t\t\t<\/div>\n\t\t\t\t<\/div>\n\t\t\t\t\t<\/div>\n\t\t<\/div>\n\t\t\t\t\t<\/div>\n\t\t<\/section>\n\t\t\t\t<section class=\"elementor-section elementor-top-section elementor-element elementor-element-9675ec6 elementor-section-boxed elementor-section-height-default elementor-section-height-default wpr-particle-no wpr-jarallax-no wpr-parallax-no wpr-sticky-section-no\" data-id=\"9675ec6\" data-element_type=\"section\">\n\t\t\t\t\t\t<div class=\"elementor-container elementor-column-gap-default\">\n\t\t\t\t\t<div class=\"elementor-column elementor-col-50 elementor-top-column elementor-element elementor-element-0859d63\" data-id=\"0859d63\" data-element_type=\"column\">\n\t\t\t<div class=\"elementor-widget-wrap elementor-element-populated\">\n\t\t\t\t\t\t<div class=\"elementor-element elementor-element-beb68a7 elementor-invisible elementor-widget elementor-widget-heading\" data-id=\"beb68a7\" data-element_type=\"widget\" data-settings=\"{&quot;_animation&quot;:&quot;fadeInDown&quot;}\" data-widget_type=\"heading.default\">\n\t\t\t\t<div class=\"elementor-widget-container\">\n\t\t\t\t\t<h2 class=\"elementor-heading-title elementor-size-default\">D\u00e9partement Sciences Economiques<\/h2>\t\t\t\t<\/div>\n\t\t\t\t<\/div>\n\t\t\t\t<div class=\"elementor-element elementor-element-693ab91 elementor-invisible elementor-widget elementor-widget-text-editor\" data-id=\"693ab91\" data-element_type=\"widget\" data-settings=\"{&quot;_animation&quot;:&quot;fadeInDown&quot;}\" data-widget_type=\"text-editor.default\">\n\t\t\t\t<div class=\"elementor-widget-container\">\n\t\t\t\t\t\t\t\t\t<ul><li><strong><a href=\"http:\/\/www.univ-dbkm.dz\/fsecsg1\/wp-content\/uploads\/2023\/06\/Licence-economie-monetaire-et-bancaire.pdf\">Economie mon\u00e9taire et bancaire <\/a><\/strong><\/li><\/ul>\t\t\t\t\t\t\t\t<\/div>\n\t\t\t\t<\/div>\n\t\t\t\t\t<\/div>\n\t\t<\/div>\n\t\t\t\t<div class=\"elementor-column elementor-col-50 elementor-top-column elementor-element elementor-element-d2338fe\" data-id=\"d2338fe\" data-element_type=\"column\">\n\t\t\t<div class=\"elementor-widget-wrap elementor-element-populated\">\n\t\t\t\t\t\t<div class=\"elementor-element elementor-element-b169aa5 elementor-invisible elementor-widget elementor-widget-heading\" data-id=\"b169aa5\" data-element_type=\"widget\" data-settings=\"{&quot;_animation&quot;:&quot;fadeInDown&quot;}\" data-widget_type=\"heading.default\">\n\t\t\t\t<div class=\"elementor-widget-container\">\n\t\t\t\t\t<h2 class=\"elementor-heading-title elementor-size-default\">D\u00e9partement Sciences Commerciales<\/h2>\t\t\t\t<\/div>\n\t\t\t\t<\/div>\n\t\t\t\t<div class=\"elementor-element elementor-element-8ee1a50 elementor-invisible elementor-widget elementor-widget-text-editor\" data-id=\"8ee1a50\" data-element_type=\"widget\" data-settings=\"{&quot;_animation&quot;:&quot;fadeInDown&quot;}\" data-widget_type=\"text-editor.default\">\n\t\t\t\t<div class=\"elementor-widget-container\">\n\t\t\t\t\t\t\t\t\t<ul><li><strong><a href=\"http:\/\/www.univ-dbkm.dz\/fsecsg1\/wp-content\/uploads\/2023\/06\/Licence-marketing.pdf\">Marketing<\/a><\/strong><\/li><\/ul>\t\t\t\t\t\t\t\t<\/div>\n\t\t\t\t<\/div>\n\t\t\t\t\t<\/div>\n\t\t<\/div>\n\t\t\t\t\t<\/div>\n\t\t<\/section>\n\t\t\t\t<section class=\"elementor-section elementor-top-section elementor-element elementor-element-8659479 elementor-section-boxed elementor-section-height-default elementor-section-height-default wpr-particle-no wpr-jarallax-no wpr-parallax-no wpr-sticky-section-no\" data-id=\"8659479\" data-element_type=\"section\">\n\t\t\t\t\t\t<div class=\"elementor-container elementor-column-gap-default\">\n\t\t\t\t\t<div class=\"elementor-column elementor-col-50 elementor-top-column elementor-element elementor-element-f8247bc\" data-id=\"f8247bc\" data-element_type=\"column\">\n\t\t\t<div class=\"elementor-widget-wrap elementor-element-populated\">\n\t\t\t\t\t\t<div class=\"elementor-element elementor-element-2b64dd4 elementor-invisible elementor-widget elementor-widget-heading\" data-id=\"2b64dd4\" data-element_type=\"widget\" data-settings=\"{&quot;_animation&quot;:&quot;fadeInDown&quot;}\" data-widget_type=\"heading.default\">\n\t\t\t\t<div class=\"elementor-widget-container\">\n\t\t\t\t\t<h2 class=\"elementor-heading-title elementor-size-default\">D\u00e9partement Sciences de Gestion<\/h2>\t\t\t\t<\/div>\n\t\t\t\t<\/div>\n\t\t\t\t<div class=\"elementor-element elementor-element-17a8a68 elementor-invisible elementor-widget elementor-widget-text-editor\" data-id=\"17a8a68\" data-element_type=\"widget\" data-settings=\"{&quot;_animation&quot;:&quot;fadeInDown&quot;}\" data-widget_type=\"text-editor.default\">\n\t\t\t\t<div class=\"elementor-widget-container\">\n\t\t\t\t\t\t\t\t\t<ul><li><strong><a href=\"http:\/\/www.univ-dbkm.dz\/fsecsg1\/wp-content\/uploads\/2023\/06\/Licence-management.pdf\">Management<\/a><\/strong><\/li><li><strong><a href=\"http:\/\/www.univ-dbkm.dz\/fsecsg1\/wp-content\/uploads\/2023\/06\/Licence-gestion-des-ressources-humines.pdf\">Gestion des Ressources humaines <\/a><\/strong><\/li><\/ul>\t\t\t\t\t\t\t\t<\/div>\n\t\t\t\t<\/div>\n\t\t\t\t\t<\/div>\n\t\t<\/div>\n\t\t\t\t<div class=\"elementor-column elementor-col-50 elementor-top-column elementor-element elementor-element-31cff27\" data-id=\"31cff27\" data-element_type=\"column\">\n\t\t\t<div class=\"elementor-widget-wrap elementor-element-populated\">\n\t\t\t\t\t\t<div class=\"elementor-element elementor-element-b8742a9 elementor-invisible elementor-widget elementor-widget-heading\" data-id=\"b8742a9\" data-element_type=\"widget\" data-settings=\"{&quot;_animation&quot;:&quot;fadeInDown&quot;}\" data-widget_type=\"heading.default\">\n\t\t\t\t<div class=\"elementor-widget-container\">\n\t\t\t\t\t<h2 class=\"elementor-heading-title elementor-size-default\">D\u00e9partement Sciences Finances &amp; Comptabilit\u00e9<\/h2>\t\t\t\t<\/div>\n\t\t\t\t<\/div>\n\t\t\t\t<div class=\"elementor-element elementor-element-743695f elementor-invisible elementor-widget elementor-widget-text-editor\" data-id=\"743695f\" data-element_type=\"widget\" data-settings=\"{&quot;_animation&quot;:&quot;fadeInDown&quot;}\" data-widget_type=\"text-editor.default\">\n\t\t\t\t<div class=\"elementor-widget-container\">\n\t\t\t\t\t\t\t\t\t<ul><li><strong><a href=\"http:\/\/www.univ-dbkm.dz\/fsecsg1\/wp-content\/uploads\/2023\/06\/Licence-comptabilite-et-fiscalite.pdf\">Comptabilit\u00e9 et fiscalit\u00e9<\/a><\/strong><\/li><li><strong><a href=\"http:\/\/www.univ-dbkm.dz\/fsecsg1\/wp-content\/uploads\/2023\/06\/Licence-comptabilite-et-audit.pdf\">Comptabilit\u00e9 et audit <\/a>.<\/strong><\/li><li><strong><a href=\"http:\/\/www.univ-dbkm.dz\/fsecsg1\/wp-content\/uploads\/2023\/06\/Licence-comptabilite-et-finance.pdf\">Comptabilit\u00e9 et finance <\/a>.<\/strong><\/li><\/ul>\t\t\t\t\t\t\t\t<\/div>\n\t\t\t\t<\/div>\n\t\t\t\t\t<\/div>\n\t\t<\/div>\n\t\t\t\t\t<\/div>\n\t\t<\/section>\n\t\t\t\t<\/div>\n\t\t","protected":false},"excerpt":{"rendered":"<p>Licence D\u00e9partement Sciences Economiques Economie mon\u00e9taire et bancaire D\u00e9partement Sciences Commerciales Marketing D\u00e9partement Sciences de Gestion Management Gestion des Ressources humaines D\u00e9partement Sciences Finances &#038; Comptabilit\u00e9 Comptabilit\u00e9 et fiscalit\u00e9 Comptabilit\u00e9 et audit . Comptabilit\u00e9 et finance .<\/p>\n","protected":false},"author":1,"featured_media":0,"parent":0,"menu_order":0,"comment_status":"closed","ping_status":"closed","template":"","meta":{"site-sidebar-layout":"no-sidebar","site-content-layout":"page-builder","ast-global-header-display":"","ast-main-header-display":"","ast-hfb-above-header-display":"","ast-hfb-below-header-display":"","ast-hfb-mobile-header-display":"","site-post-title":"disabled","ast-breadcrumbs-content":"","ast-featured-img":"disabled","footer-sml-layout":"","theme-transparent-header-meta":"","adv-header-id-meta":"","stick-header-meta":"","header-above-stick-meta":"","header-main-stick-meta":"","header-below-stick-meta":"","footnotes":""},"class_list":["post-2333","page","type-page","status-publish","hentry"],"rttpg_featured_image_url":null,"rttpg_author":{"display_name":"fsecsg1","author_link":"http:\/\/www.univ-dbkm.dz\/fsecsg1\/author\/oualid-bouharaoua\/"},"rttpg_comment":0,"rttpg_category":" <a href=\"http:\/\/www.univ-dbkm.dz\/fsecsg1\/fr\/\" rel=\"tag\">Fran\u00e7ais<\/a>","rttpg_excerpt":"Licence D\u00e9partement Sciences Economiques Economie mon\u00e9taire et bancaire D\u00e9partement Sciences Commerciales Marketing D\u00e9partement Sciences de Gestion Management Gestion des Ressources humaines D\u00e9partement Sciences Finances &#038; Comptabilit\u00e9 Comptabilit\u00e9 et fiscalit\u00e9 Comptabilit\u00e9 et audit . Comptabilit\u00e9 et finance .","_links":{"self":[{"href":"http:\/\/www.univ-dbkm.dz\/fsecsg1\/wp-json\/wp\/v2\/pages\/2333","targetHints":{"allow":["GET"]}}],"collection":[{"href":"http:\/\/www.univ-dbkm.dz\/fsecsg1\/wp-json\/wp\/v2\/pages"}],"about":[{"href":"http:\/\/www.univ-dbkm.dz\/fsecsg1\/wp-json\/wp\/v2\/types\/page"}],"author":[{"embeddable":true,"href":"http:\/\/www.univ-dbkm.dz\/fsecsg1\/wp-json\/wp\/v2\/users\/1"}],"replies":[{"embeddable":true,"href":"http:\/\/www.univ-dbkm.dz\/fsecsg1\/wp-json\/wp\/v2\/comments?post=2333"}],"version-history":[{"count":13,"href":"http:\/\/www.univ-dbkm.dz\/fsecsg1\/wp-json\/wp\/v2\/pages\/2333\/revisions"}],"predecessor-version":[{"id":2680,"href":"http:\/\/www.univ-dbkm.dz\/fsecsg1\/wp-json\/wp\/v2\/pages\/2333\/revisions\/2680"}],"wp:attachment":[{"href":"http:\/\/www.univ-dbkm.dz\/fsecsg1\/wp-json\/wp\/v2\/media?parent=2333"}],"curies":[{"name":"wp","href":"https:\/\/api.w.org\/{rel}","templated":true}]}}