{"id":2345,"date":"2023-05-08T13:18:46","date_gmt":"2023-05-08T10:18:46","guid":{"rendered":"http:\/\/www.univ-dbkm.dz\/fsecsg1\/?page_id=2345"},"modified":"2023-06-11T16:34:24","modified_gmt":"2023-06-11T13:34:24","slug":"master","status":"publish","type":"page","link":"http:\/\/www.univ-dbkm.dz\/fsecsg1\/fr\/master\/","title":{"rendered":"master"},"content":{"rendered":"\t\t<div data-elementor-type=\"wp-page\" data-elementor-id=\"2345\" class=\"elementor elementor-2345\">\n\t\t\t\t\t\t<section class=\"elementor-section elementor-top-section elementor-element elementor-element-f6560dc elementor-section-boxed elementor-section-height-default elementor-section-height-default wpr-particle-no wpr-jarallax-no wpr-parallax-no wpr-sticky-section-no\" data-id=\"f6560dc\" data-element_type=\"section\">\n\t\t\t\t\t\t<div class=\"elementor-container elementor-column-gap-default\">\n\t\t\t\t\t<div class=\"elementor-column elementor-col-100 elementor-top-column elementor-element elementor-element-bc16ee1\" data-id=\"bc16ee1\" data-element_type=\"column\">\n\t\t\t<div class=\"elementor-widget-wrap elementor-element-populated\">\n\t\t\t\t\t\t<div class=\"elementor-element elementor-element-ee062a8 elementor-invisible elementor-widget elementor-widget-heading\" data-id=\"ee062a8\" data-element_type=\"widget\" data-settings=\"{&quot;_animation&quot;:&quot;fadeInDown&quot;}\" data-widget_type=\"heading.default\">\n\t\t\t\t<div class=\"elementor-widget-container\">\n\t\t\t\t\t<h2 class=\"elementor-heading-title elementor-size-default\">Master<\/h2>\t\t\t\t<\/div>\n\t\t\t\t<\/div>\n\t\t\t\t\t<\/div>\n\t\t<\/div>\n\t\t\t\t\t<\/div>\n\t\t<\/section>\n\t\t\t\t<section class=\"elementor-section elementor-top-section elementor-element elementor-element-0abd769 elementor-section-boxed elementor-section-height-default elementor-section-height-default wpr-particle-no wpr-jarallax-no wpr-parallax-no wpr-sticky-section-no\" data-id=\"0abd769\" data-element_type=\"section\">\n\t\t\t\t\t\t<div class=\"elementor-container elementor-column-gap-default\">\n\t\t\t\t\t<div class=\"elementor-column elementor-col-50 elementor-top-column elementor-element elementor-element-6e80351\" data-id=\"6e80351\" data-element_type=\"column\">\n\t\t\t<div class=\"elementor-widget-wrap elementor-element-populated\">\n\t\t\t\t\t\t<div class=\"elementor-element elementor-element-169c440 elementor-invisible elementor-widget elementor-widget-heading\" data-id=\"169c440\" data-element_type=\"widget\" data-settings=\"{&quot;_animation&quot;:&quot;fadeInDown&quot;}\" data-widget_type=\"heading.default\">\n\t\t\t\t<div class=\"elementor-widget-container\">\n\t\t\t\t\t<h2 class=\"elementor-heading-title elementor-size-default\">D\u00e9partement Sciences Economiques<\/h2>\t\t\t\t<\/div>\n\t\t\t\t<\/div>\n\t\t\t\t<div class=\"elementor-element elementor-element-1ffed35 elementor-invisible elementor-widget elementor-widget-text-editor\" data-id=\"1ffed35\" data-element_type=\"widget\" data-settings=\"{&quot;_animation&quot;:&quot;fadeInDown&quot;}\" data-widget_type=\"text-editor.default\">\n\t\t\t\t<div class=\"elementor-widget-container\">\n\t\t\t\t\t\t\t\t\t<ul><li><a href=\"http:\/\/www.univ-dbkm.dz\/fsecsg1\/wp-content\/uploads\/2023\/06\/Master-en-economie-monetaire-et-bancaire.pdf\"><strong>Economie mon\u00e9taire et bancaire <\/strong><\/a><\/li><li><strong><a href=\"http:\/\/www.univ-dbkm.dz\/fsecsg1\/wp-content\/uploads\/2023\/06\/Master-en-Economie-et-Gestion-des-Entreprises.pdf\">Economie et Gestion des Entreprises <\/a><\/strong><\/li><li><strong><a href=\"http:\/\/www.univ-dbkm.dz\/fsecsg1\/wp-content\/uploads\/2023\/06\/Master-en-Economie-des-assurances-1.pdf\">\u00a0Economie des assurances<\/a><\/strong><\/li><\/ul>\t\t\t\t\t\t\t\t<\/div>\n\t\t\t\t<\/div>\n\t\t\t\t\t<\/div>\n\t\t<\/div>\n\t\t\t\t<div class=\"elementor-column elementor-col-50 elementor-top-column elementor-element elementor-element-9a1f7a5\" data-id=\"9a1f7a5\" data-element_type=\"column\">\n\t\t\t<div class=\"elementor-widget-wrap elementor-element-populated\">\n\t\t\t\t\t\t<div class=\"elementor-element elementor-element-024a050 elementor-invisible elementor-widget elementor-widget-heading\" data-id=\"024a050\" data-element_type=\"widget\" data-settings=\"{&quot;_animation&quot;:&quot;fadeInDown&quot;}\" data-widget_type=\"heading.default\">\n\t\t\t\t<div class=\"elementor-widget-container\">\n\t\t\t\t\t<h2 class=\"elementor-heading-title elementor-size-default\">D\u00e9partement Sciences Commerciales<\/h2>\t\t\t\t<\/div>\n\t\t\t\t<\/div>\n\t\t\t\t<div class=\"elementor-element elementor-element-1f6cc44 elementor-invisible elementor-widget elementor-widget-text-editor\" data-id=\"1f6cc44\" data-element_type=\"widget\" data-settings=\"{&quot;_animation&quot;:&quot;fadeInDown&quot;}\" data-widget_type=\"text-editor.default\">\n\t\t\t\t<div class=\"elementor-widget-container\">\n\t\t\t\t\t\t\t\t\t<ul><li><a href=\"http:\/\/www.univ-dbkm.dz\/fsecsg1\/wp-content\/uploads\/2023\/06\/Master-en-Marketing-des-Services.pdf\"><strong>Marketing des Services<\/strong> <\/a><\/li><\/ul><div>\u00a0<\/div><div>\u00a0<\/div>\t\t\t\t\t\t\t\t<\/div>\n\t\t\t\t<\/div>\n\t\t\t\t\t<\/div>\n\t\t<\/div>\n\t\t\t\t\t<\/div>\n\t\t<\/section>\n\t\t\t\t<section class=\"elementor-section elementor-top-section elementor-element elementor-element-418b47a elementor-section-boxed elementor-section-height-default elementor-section-height-default wpr-particle-no wpr-jarallax-no wpr-parallax-no wpr-sticky-section-no\" data-id=\"418b47a\" data-element_type=\"section\">\n\t\t\t\t\t\t<div class=\"elementor-container elementor-column-gap-default\">\n\t\t\t\t\t<div class=\"elementor-column elementor-col-50 elementor-top-column elementor-element elementor-element-bcef95f\" data-id=\"bcef95f\" data-element_type=\"column\">\n\t\t\t<div class=\"elementor-widget-wrap elementor-element-populated\">\n\t\t\t\t\t\t<div class=\"elementor-element elementor-element-bff85e3 elementor-invisible elementor-widget elementor-widget-heading\" data-id=\"bff85e3\" data-element_type=\"widget\" data-settings=\"{&quot;_animation&quot;:&quot;fadeInDown&quot;}\" data-widget_type=\"heading.default\">\n\t\t\t\t<div class=\"elementor-widget-container\">\n\t\t\t\t\t<h2 class=\"elementor-heading-title elementor-size-default\">D\u00e9partement Sciences de Gestion<\/h2>\t\t\t\t<\/div>\n\t\t\t\t<\/div>\n\t\t\t\t<div class=\"elementor-element elementor-element-b542efd elementor-invisible elementor-widget elementor-widget-text-editor\" data-id=\"b542efd\" data-element_type=\"widget\" data-settings=\"{&quot;_animation&quot;:&quot;fadeInDown&quot;}\" data-widget_type=\"text-editor.default\">\n\t\t\t\t<div class=\"elementor-widget-container\">\n\t\t\t\t\t\t\t\t\t<ul><li><a href=\"http:\/\/www.univ-dbkm.dz\/fsecsg1\/wp-content\/uploads\/2023\/06\/Master-en-Management.pdf\"><strong>Management<\/strong><\/a><\/li><li><strong><a href=\"http:\/\/www.univ-dbkm.dz\/fsecsg1\/wp-content\/uploads\/2023\/06\/Master-en-Gestion-des-Ressources-Humaines.pdf\">Gestion des ressources humaines<\/a><\/strong><\/li><\/ul>\t\t\t\t\t\t\t\t<\/div>\n\t\t\t\t<\/div>\n\t\t\t\t\t<\/div>\n\t\t<\/div>\n\t\t\t\t<div class=\"elementor-column elementor-col-50 elementor-top-column elementor-element elementor-element-160c747\" data-id=\"160c747\" data-element_type=\"column\">\n\t\t\t<div class=\"elementor-widget-wrap elementor-element-populated\">\n\t\t\t\t\t\t<div class=\"elementor-element elementor-element-1e0765b elementor-invisible elementor-widget elementor-widget-heading\" data-id=\"1e0765b\" data-element_type=\"widget\" data-settings=\"{&quot;_animation&quot;:&quot;fadeInDown&quot;}\" data-widget_type=\"heading.default\">\n\t\t\t\t<div class=\"elementor-widget-container\">\n\t\t\t\t\t<h2 class=\"elementor-heading-title elementor-size-default\">D\u00e9partement Sciences Finances &amp; Comptabilit\u00e9<\/h2>\t\t\t\t<\/div>\n\t\t\t\t<\/div>\n\t\t\t\t<div class=\"elementor-element elementor-element-dc0022b elementor-invisible elementor-widget elementor-widget-text-editor\" data-id=\"dc0022b\" data-element_type=\"widget\" data-settings=\"{&quot;_animation&quot;:&quot;fadeInDown&quot;}\" data-widget_type=\"text-editor.default\">\n\t\t\t\t<div class=\"elementor-widget-container\">\n\t\t\t\t\t\t\t\t\t<ul><li><strong><a href=\"http:\/\/www.univ-dbkm.dz\/fsecsg1\/wp-content\/uploads\/2023\/06\/Master-en-Comptabilite-et-Audit.pdf\">Comptabilit\u00e9 et Audit<\/a><\/strong><\/li><\/ul>\t\t\t\t\t\t\t\t<\/div>\n\t\t\t\t<\/div>\n\t\t\t\t\t<\/div>\n\t\t<\/div>\n\t\t\t\t\t<\/div>\n\t\t<\/section>\n\t\t\t\t<\/div>\n\t\t","protected":false},"excerpt":{"rendered":"<p>Master D\u00e9partement Sciences Economiques Economie mon\u00e9taire et bancaire Economie et Gestion des Entreprises \u00a0Economie des assurances D\u00e9partement Sciences Commerciales Marketing des Services \u00a0\u00a0 D\u00e9partement Sciences de Gestion Management Gestion des ressources humaines D\u00e9partement Sciences Finances &#038; Comptabilit\u00e9 Comptabilit\u00e9 et Audit<\/p>\n","protected":false},"author":1,"featured_media":0,"parent":0,"menu_order":0,"comment_status":"closed","ping_status":"closed","template":"","meta":{"site-sidebar-layout":"no-sidebar","site-content-layout":"page-builder","ast-global-header-display":"","ast-main-header-display":"","ast-hfb-above-header-display":"","ast-hfb-below-header-display":"","ast-hfb-mobile-header-display":"","site-post-title":"disabled","ast-breadcrumbs-content":"","ast-featured-img":"disabled","footer-sml-layout":"","theme-transparent-header-meta":"","adv-header-id-meta":"","stick-header-meta":"","header-above-stick-meta":"","header-main-stick-meta":"","header-below-stick-meta":"","footnotes":""},"class_list":["post-2345","page","type-page","status-publish","hentry"],"rttpg_featured_image_url":null,"rttpg_author":{"display_name":"fsecsg1","author_link":"http:\/\/www.univ-dbkm.dz\/fsecsg1\/author\/oualid-bouharaoua\/"},"rttpg_comment":0,"rttpg_category":" <a href=\"http:\/\/www.univ-dbkm.dz\/fsecsg1\/fr\/\" rel=\"tag\">Fran\u00e7ais<\/a>","rttpg_excerpt":"Master D\u00e9partement Sciences Economiques Economie mon\u00e9taire et bancaire Economie et Gestion des Entreprises \u00a0Economie des assurances D\u00e9partement Sciences Commerciales Marketing des Services \u00a0\u00a0 D\u00e9partement Sciences de Gestion Management Gestion des ressources humaines D\u00e9partement Sciences Finances &#038; Comptabilit\u00e9 Comptabilit\u00e9 et Audit","_links":{"self":[{"href":"http:\/\/www.univ-dbkm.dz\/fsecsg1\/wp-json\/wp\/v2\/pages\/2345","targetHints":{"allow":["GET"]}}],"collection":[{"href":"http:\/\/www.univ-dbkm.dz\/fsecsg1\/wp-json\/wp\/v2\/pages"}],"about":[{"href":"http:\/\/www.univ-dbkm.dz\/fsecsg1\/wp-json\/wp\/v2\/types\/page"}],"author":[{"embeddable":true,"href":"http:\/\/www.univ-dbkm.dz\/fsecsg1\/wp-json\/wp\/v2\/users\/1"}],"replies":[{"embeddable":true,"href":"http:\/\/www.univ-dbkm.dz\/fsecsg1\/wp-json\/wp\/v2\/comments?post=2345"}],"version-history":[{"count":7,"href":"http:\/\/www.univ-dbkm.dz\/fsecsg1\/wp-json\/wp\/v2\/pages\/2345\/revisions"}],"predecessor-version":[{"id":2691,"href":"http:\/\/www.univ-dbkm.dz\/fsecsg1\/wp-json\/wp\/v2\/pages\/2345\/revisions\/2691"}],"wp:attachment":[{"href":"http:\/\/www.univ-dbkm.dz\/fsecsg1\/wp-json\/wp\/v2\/media?parent=2345"}],"curies":[{"name":"wp","href":"https:\/\/api.w.org\/{rel}","templated":true}]}}