{"id":2416,"date":"2023-05-08T15:21:36","date_gmt":"2023-05-08T12:21:36","guid":{"rendered":"http:\/\/www.univ-dbkm.dz\/fsecsg1\/?page_id=2416"},"modified":"2025-03-04T13:52:03","modified_gmt":"2025-03-04T10:52:03","slug":"anciens-etudiants-internationaux","status":"publish","type":"page","link":"http:\/\/www.univ-dbkm.dz\/fsecsg1\/fr\/anciens-etudiants-internationaux\/","title":{"rendered":"Anciens \u00e9tudiants internationaux"},"content":{"rendered":"\t\t<div data-elementor-type=\"wp-page\" data-elementor-id=\"2416\" class=\"elementor elementor-2416\">\n\t\t\t\t\t\t<section class=\"elementor-section elementor-top-section elementor-element elementor-element-f7334c6 elementor-section-height-min-height elementor-section-boxed elementor-section-height-default elementor-section-items-middle wpr-particle-no wpr-jarallax-no wpr-parallax-no wpr-sticky-section-no\" data-id=\"f7334c6\" data-element_type=\"section\" data-settings=\"{&quot;background_background&quot;:&quot;classic&quot;}\">\n\t\t\t\t\t\t\t<div class=\"elementor-background-overlay\"><\/div>\n\t\t\t\t\t\t\t<div class=\"elementor-container elementor-column-gap-default\">\n\t\t\t\t\t<div class=\"elementor-column elementor-col-100 elementor-top-column elementor-element elementor-element-3d49505\" data-id=\"3d49505\" data-element_type=\"column\">\n\t\t\t<div class=\"elementor-widget-wrap elementor-element-populated\">\n\t\t\t\t\t\t<div class=\"elementor-element elementor-element-8fa5ac8 elementor-widget elementor-widget-heading\" data-id=\"8fa5ac8\" data-element_type=\"widget\" data-widget_type=\"heading.default\">\n\t\t\t\t<div class=\"elementor-widget-container\">\n\t\t\t\t\t<h1 class=\"elementor-heading-title elementor-size-default\">Anciens \u00e9tudiants internationaux<\/h1>\t\t\t\t<\/div>\n\t\t\t\t<\/div>\n\t\t\t\t\t<\/div>\n\t\t<\/div>\n\t\t\t\t\t<\/div>\n\t\t<\/section>\n\t\t\t\t<section class=\"elementor-section elementor-top-section elementor-element elementor-element-8583884 elementor-section-boxed elementor-section-height-default elementor-section-height-default wpr-particle-no wpr-jarallax-no wpr-parallax-no wpr-sticky-section-no\" data-id=\"8583884\" data-element_type=\"section\">\n\t\t\t\t\t\t<div class=\"elementor-container elementor-column-gap-default\">\n\t\t\t\t\t<div class=\"elementor-column elementor-col-100 elementor-top-column elementor-element elementor-element-5eace47\" data-id=\"5eace47\" data-element_type=\"column\">\n\t\t\t<div class=\"elementor-widget-wrap elementor-element-populated\">\n\t\t\t\t\t\t<div class=\"elementor-element elementor-element-9106c18 elementor-invisible elementor-widget elementor-widget-heading\" data-id=\"9106c18\" data-element_type=\"widget\" data-settings=\"{&quot;_animation&quot;:&quot;fadeInDown&quot;}\" data-widget_type=\"heading.default\">\n\t\t\t\t<div class=\"elementor-widget-container\">\n\t\t\t\t\t<h2 class=\"elementor-heading-title elementor-size-default\">Anciens \u00e9tudiants internationaux<\/h2>\t\t\t\t<\/div>\n\t\t\t\t<\/div>\n\t\t\t\t\t<\/div>\n\t\t<\/div>\n\t\t\t\t\t<\/div>\n\t\t<\/section>\n\t\t\t\t<section class=\"elementor-section elementor-top-section elementor-element elementor-element-556d6da elementor-section-boxed elementor-section-height-default elementor-section-height-default wpr-particle-no wpr-jarallax-no wpr-parallax-no wpr-sticky-section-no\" data-id=\"556d6da\" data-element_type=\"section\">\n\t\t\t\t\t\t<div class=\"elementor-container elementor-column-gap-default\">\n\t\t\t\t\t<div class=\"elementor-column elementor-col-100 elementor-top-column elementor-element elementor-element-53638db\" data-id=\"53638db\" data-element_type=\"column\">\n\t\t\t<div class=\"elementor-widget-wrap elementor-element-populated\">\n\t\t\t\t\t\t<div class=\"elementor-element elementor-element-4ad310e elementor-invisible elementor-widget elementor-widget-text-editor\" data-id=\"4ad310e\" data-element_type=\"widget\" data-settings=\"{&quot;_animation&quot;:&quot;fadeInDown&quot;}\" data-widget_type=\"text-editor.default\">\n\t\t\t\t<div class=\"elementor-widget-container\">\n\t\t\t\t\t\t\t\t\t<h3>Anciens \u00e9tudiants internationaux de la FECMS Origine : Angola, Burundi, Cameroun, Congo, Djibouti, Guin\u00e9e \u00e9quatoriale, C\u00f4te d&rsquo;Ivoire, Malgache, Mali, Niger, Nig\u00e9ria, Palestine, Sahara occidental, Tchad<\/h3>\t\t\t\t\t\t\t\t<\/div>\n\t\t\t\t<\/div>\n\t\t\t\t\t<\/div>\n\t\t<\/div>\n\t\t\t\t\t<\/div>\n\t\t<\/section>\n\t\t\t\t<section class=\"elementor-section elementor-top-section elementor-element elementor-element-0533efb elementor-section-boxed elementor-section-height-default elementor-section-height-default wpr-particle-no wpr-jarallax-no wpr-parallax-no wpr-sticky-section-no\" data-id=\"0533efb\" data-element_type=\"section\">\n\t\t\t\t\t\t<div class=\"elementor-container elementor-column-gap-default\">\n\t\t\t\t\t<div class=\"elementor-column elementor-col-100 elementor-top-column elementor-element elementor-element-2e3740a\" data-id=\"2e3740a\" data-element_type=\"column\">\n\t\t\t<div class=\"elementor-widget-wrap elementor-element-populated\">\n\t\t\t\t\t\t<div class=\"elementor-element elementor-element-37e0fd3 elementor-invisible elementor-widget elementor-widget-heading\" data-id=\"37e0fd3\" data-element_type=\"widget\" data-settings=\"{&quot;_animation&quot;:&quot;fadeInDown&quot;}\" data-widget_type=\"heading.default\">\n\t\t\t\t<div class=\"elementor-widget-container\">\n\t\t\t\t\t<h2 class=\"elementor-heading-title elementor-size-default\">Quelques statistiques<\/h2>\t\t\t\t<\/div>\n\t\t\t\t<\/div>\n\t\t\t\t\t<\/div>\n\t\t<\/div>\n\t\t\t\t\t<\/div>\n\t\t<\/section>\n\t\t\t\t<section class=\"elementor-section elementor-top-section elementor-element elementor-element-52155c6 elementor-section-boxed elementor-section-height-default elementor-section-height-default wpr-particle-no wpr-jarallax-no wpr-parallax-no wpr-sticky-section-no\" data-id=\"52155c6\" data-element_type=\"section\">\n\t\t\t\t\t\t<div class=\"elementor-container elementor-column-gap-default\">\n\t\t\t\t\t<div class=\"elementor-column elementor-col-100 elementor-top-column elementor-element elementor-element-a613449\" data-id=\"a613449\" data-element_type=\"column\">\n\t\t\t<div class=\"elementor-widget-wrap elementor-element-populated\">\n\t\t\t\t\t\t<div class=\"elementor-element elementor-element-bd2db27 elementor-invisible elementor-widget elementor-widget-image\" data-id=\"bd2db27\" data-element_type=\"widget\" data-settings=\"{&quot;_animation&quot;:&quot;fadeInDown&quot;}\" data-widget_type=\"image.default\">\n\t\t\t\t<div class=\"elementor-widget-container\">\n\t\t\t\t\t\t\t\t\t\t\t\t\t\t\t<img fetchpriority=\"high\" decoding=\"async\" width=\"692\" height=\"361\" src=\"http:\/\/www.univ-dbkm.dz\/fsecsg1\/wp-content\/uploads\/2023\/04\/pic1.png\" class=\"attachment-large size-large wp-image-1750\" alt=\"\" srcset=\"http:\/\/www.univ-dbkm.dz\/fsecsg1\/wp-content\/uploads\/2023\/04\/pic1.png 692w, http:\/\/www.univ-dbkm.dz\/fsecsg1\/wp-content\/uploads\/2023\/04\/pic1-300x157.png 300w\" sizes=\"(max-width: 692px) 100vw, 692px\" \/>\t\t\t\t\t\t\t\t\t\t\t\t\t\t\t<\/div>\n\t\t\t\t<\/div>\n\t\t\t\t\t<\/div>\n\t\t<\/div>\n\t\t\t\t\t<\/div>\n\t\t<\/section>\n\t\t\t\t<\/div>\n\t\t","protected":false},"excerpt":{"rendered":"<p>Anciens \u00e9tudiants internationaux Anciens \u00e9tudiants internationaux Anciens \u00e9tudiants internationaux de la FECMS Origine : Angola, Burundi, Cameroun, Congo, Djibouti, Guin\u00e9e \u00e9quatoriale, C\u00f4te d&rsquo;Ivoire, Malgache, Mali, Niger, Nig\u00e9ria, Palestine, Sahara occidental, Tchad Quelques statistiques<\/p>\n","protected":false},"author":1,"featured_media":0,"parent":0,"menu_order":0,"comment_status":"closed","ping_status":"closed","template":"","meta":{"site-sidebar-layout":"no-sidebar","site-content-layout":"page-builder","ast-global-header-display":"","ast-main-header-display":"","ast-hfb-above-header-display":"","ast-hfb-below-header-display":"","ast-hfb-mobile-header-display":"","site-post-title":"disabled","ast-breadcrumbs-content":"","ast-featured-img":"disabled","footer-sml-layout":"","theme-transparent-header-meta":"","adv-header-id-meta":"","stick-header-meta":"","header-above-stick-meta":"","header-main-stick-meta":"","header-below-stick-meta":"","footnotes":""},"class_list":["post-2416","page","type-page","status-publish","hentry"],"rttpg_featured_image_url":null,"rttpg_author":{"display_name":"fsecsg1","author_link":"http:\/\/www.univ-dbkm.dz\/fsecsg1\/author\/oualid-bouharaoua\/"},"rttpg_comment":0,"rttpg_category":" <a href=\"http:\/\/www.univ-dbkm.dz\/fsecsg1\/fr\/\" rel=\"tag\">Fran\u00e7ais<\/a>","rttpg_excerpt":"Anciens \u00e9tudiants internationaux Anciens \u00e9tudiants internationaux Anciens \u00e9tudiants internationaux de la FECMS Origine : Angola, Burundi, Cameroun, Congo, Djibouti, Guin\u00e9e \u00e9quatoriale, C\u00f4te d&rsquo;Ivoire, Malgache, Mali, Niger, Nig\u00e9ria, Palestine, Sahara occidental, Tchad Quelques statistiques","_links":{"self":[{"href":"http:\/\/www.univ-dbkm.dz\/fsecsg1\/wp-json\/wp\/v2\/pages\/2416","targetHints":{"allow":["GET"]}}],"collection":[{"href":"http:\/\/www.univ-dbkm.dz\/fsecsg1\/wp-json\/wp\/v2\/pages"}],"about":[{"href":"http:\/\/www.univ-dbkm.dz\/fsecsg1\/wp-json\/wp\/v2\/types\/page"}],"author":[{"embeddable":true,"href":"http:\/\/www.univ-dbkm.dz\/fsecsg1\/wp-json\/wp\/v2\/users\/1"}],"replies":[{"embeddable":true,"href":"http:\/\/www.univ-dbkm.dz\/fsecsg1\/wp-json\/wp\/v2\/comments?post=2416"}],"version-history":[{"count":7,"href":"http:\/\/www.univ-dbkm.dz\/fsecsg1\/wp-json\/wp\/v2\/pages\/2416\/revisions"}],"predecessor-version":[{"id":3804,"href":"http:\/\/www.univ-dbkm.dz\/fsecsg1\/wp-json\/wp\/v2\/pages\/2416\/revisions\/3804"}],"wp:attachment":[{"href":"http:\/\/www.univ-dbkm.dz\/fsecsg1\/wp-json\/wp\/v2\/media?parent=2416"}],"curies":[{"name":"wp","href":"https:\/\/api.w.org\/{rel}","templated":true}]}}