{"id":2421,"date":"2023-05-08T15:26:05","date_gmt":"2023-05-08T12:26:05","guid":{"rendered":"http:\/\/www.univ-dbkm.dz\/fsecsg1\/?page_id=2421"},"modified":"2025-03-04T13:44:02","modified_gmt":"2025-03-04T10:44:02","slug":"contact-4","status":"publish","type":"page","link":"http:\/\/www.univ-dbkm.dz\/fsecsg1\/fr\/contact-4\/","title":{"rendered":"Contact"},"content":{"rendered":"\t\t<div data-elementor-type=\"wp-page\" data-elementor-id=\"2421\" class=\"elementor elementor-2421\">\n\t\t\t\t\t\t<section class=\"elementor-section elementor-top-section elementor-element elementor-element-0cc9c50 elementor-section-height-min-height elementor-section-boxed elementor-section-height-default elementor-section-items-middle wpr-particle-no wpr-jarallax-no wpr-parallax-no wpr-sticky-section-no\" data-id=\"0cc9c50\" data-element_type=\"section\" data-settings=\"{&quot;background_background&quot;:&quot;classic&quot;}\">\n\t\t\t\t\t\t\t<div class=\"elementor-background-overlay\"><\/div>\n\t\t\t\t\t\t\t<div class=\"elementor-container elementor-column-gap-default\">\n\t\t\t\t\t<div class=\"elementor-column elementor-col-100 elementor-top-column elementor-element elementor-element-d16c8a9\" data-id=\"d16c8a9\" data-element_type=\"column\">\n\t\t\t<div class=\"elementor-widget-wrap elementor-element-populated\">\n\t\t\t\t\t\t<div class=\"elementor-element elementor-element-8c2adea elementor-widget elementor-widget-heading\" data-id=\"8c2adea\" data-element_type=\"widget\" data-widget_type=\"heading.default\">\n\t\t\t\t<div class=\"elementor-widget-container\">\n\t\t\t\t\t<h1 class=\"elementor-heading-title elementor-size-default\">enseignant et \u00e9tudiant r\u00e9f\u00e9rent<\/h1>\t\t\t\t<\/div>\n\t\t\t\t<\/div>\n\t\t\t\t\t<\/div>\n\t\t<\/div>\n\t\t\t\t\t<\/div>\n\t\t<\/section>\n\t\t\t\t<section class=\"elementor-section elementor-top-section elementor-element elementor-element-ccc5155 elementor-section-boxed elementor-section-height-default elementor-section-height-default wpr-particle-no wpr-jarallax-no wpr-parallax-no wpr-sticky-section-no\" data-id=\"ccc5155\" data-element_type=\"section\">\n\t\t\t\t\t\t<div class=\"elementor-container elementor-column-gap-default\">\n\t\t\t\t\t<div class=\"elementor-column elementor-col-100 elementor-top-column elementor-element elementor-element-35e5abe\" data-id=\"35e5abe\" data-element_type=\"column\">\n\t\t\t<div class=\"elementor-widget-wrap elementor-element-populated\">\n\t\t\t\t\t\t<div class=\"elementor-element elementor-element-72f234e elementor-invisible elementor-widget elementor-widget-heading\" data-id=\"72f234e\" data-element_type=\"widget\" data-settings=\"{&quot;_animation&quot;:&quot;fadeInLeft&quot;}\" data-widget_type=\"heading.default\">\n\t\t\t\t<div class=\"elementor-widget-container\">\n\t\t\t\t\t<h2 class=\"elementor-heading-title elementor-size-default\">enseignant et \u00e9tudiant r\u00e9f\u00e9rent<\/h2>\t\t\t\t<\/div>\n\t\t\t\t<\/div>\n\t\t\t\t\t<\/div>\n\t\t<\/div>\n\t\t\t\t\t<\/div>\n\t\t<\/section>\n\t\t\t\t<section class=\"elementor-section elementor-top-section elementor-element elementor-element-9f68897 elementor-section-boxed elementor-section-height-default elementor-section-height-default wpr-particle-no wpr-jarallax-no wpr-parallax-no wpr-sticky-section-no\" data-id=\"9f68897\" data-element_type=\"section\">\n\t\t\t\t\t\t<div class=\"elementor-container elementor-column-gap-default\">\n\t\t\t\t\t<div class=\"elementor-column elementor-col-100 elementor-top-column elementor-element elementor-element-72cda93\" data-id=\"72cda93\" data-element_type=\"column\">\n\t\t\t<div class=\"elementor-widget-wrap elementor-element-populated\">\n\t\t\t\t\t\t<div class=\"elementor-element elementor-element-5926e5e elementor-invisible elementor-widget elementor-widget-text-editor\" data-id=\"5926e5e\" data-element_type=\"widget\" data-settings=\"{&quot;_animation&quot;:&quot;fadeIn&quot;}\" data-widget_type=\"text-editor.default\">\n\t\t\t\t<div class=\"elementor-widget-container\">\n\t\t\t\t\t\t\t\t\t<h4 dir=\"rtl\"><b><span style=\"color: #0000ff;\">International student advisors\/Coordinators<\/span><\/b><br \/><span style=\"color: #000000;\"><b>Teachers<br \/><\/b><\/span>Dr. Nesrine Zerrouki, T\u00e9l: 0795706260, email: <a href=\"mailto:n.zerrouki@univ-dbkm.dz\" target=\"_blank\" rel=\"noopener\">n.zerrouki@univ-dbkm.dz<\/a><br \/>Prof. Soraya Sedkaoui, T\u00e9l: 0770637856, Email: <a href=\"mailto:s.sedkaoui@univ-dbkm.dz\" target=\"_blank\" rel=\"noopener\">s.sedkaoui@univ-dbkm.dz<\/a><br \/><b>Student<\/b><\/h4><div dir=\"rtl\"><h4>Emmanuel MUKISA, t\u00e9l: 0659266176, Email: <a href=\"mailto:emmanuelmukisa2025@gmail.com\" target=\"_blank\" rel=\"noopener\">emmanuelmukisa2025@gmail.com<\/a><\/h4><h4>TEL\/FAX: (+213) \u2013 27 661 603<br \/>Address: Faculty of Economics, Commercial, &amp; Management Sciences<br \/>Rue Thniet El Had, Khemis Miliana, 44225 Ain Defla Province \u2013 Algeria<br \/>Office hours: 9.00 \u2013 12.00 \/ 14.00 \u2013 16.00<\/h4><\/div>\t\t\t\t\t\t\t\t<\/div>\n\t\t\t\t<\/div>\n\t\t\t\t\t<\/div>\n\t\t<\/div>\n\t\t\t\t\t<\/div>\n\t\t<\/section>\n\t\t\t\t<\/div>\n\t\t","protected":false},"excerpt":{"rendered":"<p>enseignant et \u00e9tudiant r\u00e9f\u00e9rent enseignant et \u00e9tudiant r\u00e9f\u00e9rent International student advisors\/CoordinatorsTeachersDr. Nesrine Zerrouki, T\u00e9l: 0795706260, email: n.zerrouki@univ-dbkm.dzProf. Soraya Sedkaoui, T\u00e9l: 0770637856, Email: s.sedkaoui@univ-dbkm.dzStudent Emmanuel MUKISA, t\u00e9l: 0659266176, Email: emmanuelmukisa2025@gmail.com TEL\/FAX: (+213) \u2013 27 661 603Address: Faculty of Economics, Commercial, &amp; Management SciencesRue Thniet El Had, Khemis Miliana, 44225 Ain Defla Province \u2013 AlgeriaOffice hours: 9.00 \u2013 12.00 \/ 14.00 \u2013 16.00<\/p>\n","protected":false},"author":1,"featured_media":0,"parent":0,"menu_order":0,"comment_status":"closed","ping_status":"closed","template":"","meta":{"site-sidebar-layout":"no-sidebar","site-content-layout":"page-builder","ast-global-header-display":"","ast-main-header-display":"","ast-hfb-above-header-display":"","ast-hfb-below-header-display":"","ast-hfb-mobile-header-display":"","site-post-title":"disabled","ast-breadcrumbs-content":"","ast-featured-img":"disabled","footer-sml-layout":"","theme-transparent-header-meta":"","adv-header-id-meta":"","stick-header-meta":"","header-above-stick-meta":"","header-main-stick-meta":"","header-below-stick-meta":"","footnotes":""},"class_list":["post-2421","page","type-page","status-publish","hentry"],"rttpg_featured_image_url":null,"rttpg_author":{"display_name":"fsecsg1","author_link":"http:\/\/www.univ-dbkm.dz\/fsecsg1\/author\/oualid-bouharaoua\/"},"rttpg_comment":0,"rttpg_category":" <a href=\"http:\/\/www.univ-dbkm.dz\/fsecsg1\/fr\/\" rel=\"tag\">Fran\u00e7ais<\/a>","rttpg_excerpt":"enseignant et \u00e9tudiant r\u00e9f\u00e9rent enseignant et \u00e9tudiant r\u00e9f\u00e9rent International student advisors\/CoordinatorsTeachersDr. Nesrine Zerrouki, T\u00e9l: 0795706260, email: n.zerrouki@univ-dbkm.dzProf. Soraya Sedkaoui, T\u00e9l: 0770637856, Email: s.sedkaoui@univ-dbkm.dzStudent Emmanuel MUKISA, t\u00e9l: 0659266176, Email: emmanuelmukisa2025@gmail.com TEL\/FAX: (+213) \u2013 27 661 603Address: Faculty of Economics, Commercial, &amp; Management SciencesRue Thniet El Had, Khemis Miliana, 44225 Ain Defla Province \u2013 AlgeriaOffice hours: 9.00\u2026","_links":{"self":[{"href":"http:\/\/www.univ-dbkm.dz\/fsecsg1\/wp-json\/wp\/v2\/pages\/2421","targetHints":{"allow":["GET"]}}],"collection":[{"href":"http:\/\/www.univ-dbkm.dz\/fsecsg1\/wp-json\/wp\/v2\/pages"}],"about":[{"href":"http:\/\/www.univ-dbkm.dz\/fsecsg1\/wp-json\/wp\/v2\/types\/page"}],"author":[{"embeddable":true,"href":"http:\/\/www.univ-dbkm.dz\/fsecsg1\/wp-json\/wp\/v2\/users\/1"}],"replies":[{"embeddable":true,"href":"http:\/\/www.univ-dbkm.dz\/fsecsg1\/wp-json\/wp\/v2\/comments?post=2421"}],"version-history":[{"count":16,"href":"http:\/\/www.univ-dbkm.dz\/fsecsg1\/wp-json\/wp\/v2\/pages\/2421\/revisions"}],"predecessor-version":[{"id":3779,"href":"http:\/\/www.univ-dbkm.dz\/fsecsg1\/wp-json\/wp\/v2\/pages\/2421\/revisions\/3779"}],"wp:attachment":[{"href":"http:\/\/www.univ-dbkm.dz\/fsecsg1\/wp-json\/wp\/v2\/media?parent=2421"}],"curies":[{"name":"wp","href":"https:\/\/api.w.org\/{rel}","templated":true}]}}