{"id":2428,"date":"2023-05-08T15:44:58","date_gmt":"2023-05-08T12:44:58","guid":{"rendered":"http:\/\/www.univ-dbkm.dz\/fsecsg1\/?page_id=2428"},"modified":"2025-03-04T13:58:05","modified_gmt":"2025-03-04T10:58:05","slug":"conditions-requises","status":"publish","type":"page","link":"http:\/\/www.univ-dbkm.dz\/fsecsg1\/fr\/conditions-requises\/","title":{"rendered":"Conditions requises"},"content":{"rendered":"\t\t<div data-elementor-type=\"wp-page\" data-elementor-id=\"2428\" class=\"elementor elementor-2428\">\n\t\t\t\t\t\t<section class=\"elementor-section elementor-top-section elementor-element elementor-element-e1793ae elementor-section-height-min-height elementor-section-boxed elementor-section-height-default elementor-section-items-middle wpr-particle-no wpr-jarallax-no wpr-parallax-no wpr-sticky-section-no\" data-id=\"e1793ae\" data-element_type=\"section\" data-settings=\"{&quot;background_background&quot;:&quot;classic&quot;}\">\n\t\t\t\t\t\t\t<div class=\"elementor-background-overlay\"><\/div>\n\t\t\t\t\t\t\t<div class=\"elementor-container elementor-column-gap-default\">\n\t\t\t\t\t<div class=\"elementor-column elementor-col-100 elementor-top-column elementor-element elementor-element-a831731\" data-id=\"a831731\" data-element_type=\"column\">\n\t\t\t<div class=\"elementor-widget-wrap elementor-element-populated\">\n\t\t\t\t\t\t<div class=\"elementor-element elementor-element-bb4fade elementor-widget elementor-widget-heading\" data-id=\"bb4fade\" data-element_type=\"widget\" data-widget_type=\"heading.default\">\n\t\t\t\t<div class=\"elementor-widget-container\">\n\t\t\t\t\t<h1 class=\"elementor-heading-title elementor-size-default\">les conditions d'acceptation<\/h1>\t\t\t\t<\/div>\n\t\t\t\t<\/div>\n\t\t\t\t\t<\/div>\n\t\t<\/div>\n\t\t\t\t\t<\/div>\n\t\t<\/section>\n\t\t\t\t<section class=\"elementor-section elementor-top-section elementor-element elementor-element-3aaa17f elementor-section-boxed elementor-section-height-default elementor-section-height-default wpr-particle-no wpr-jarallax-no wpr-parallax-no wpr-sticky-section-no\" data-id=\"3aaa17f\" data-element_type=\"section\">\n\t\t\t\t\t\t<div class=\"elementor-container elementor-column-gap-default\">\n\t\t\t\t\t<div class=\"elementor-column elementor-col-100 elementor-top-column elementor-element elementor-element-cad296f\" data-id=\"cad296f\" data-element_type=\"column\">\n\t\t\t<div class=\"elementor-widget-wrap elementor-element-populated\">\n\t\t\t\t\t\t<div class=\"elementor-element elementor-element-4331fcd elementor-invisible elementor-widget elementor-widget-heading\" data-id=\"4331fcd\" data-element_type=\"widget\" data-settings=\"{&quot;_animation&quot;:&quot;zoomInLeft&quot;}\" data-widget_type=\"heading.default\">\n\t\t\t\t<div class=\"elementor-widget-container\">\n\t\t\t\t\t<h2 class=\"elementor-heading-title elementor-size-default\">les conditions d'acceptation<\/h2>\t\t\t\t<\/div>\n\t\t\t\t<\/div>\n\t\t\t\t\t<\/div>\n\t\t<\/div>\n\t\t\t\t\t<\/div>\n\t\t<\/section>\n\t\t\t\t<section class=\"elementor-section elementor-top-section elementor-element elementor-element-cd66964 elementor-section-boxed elementor-section-height-default elementor-section-height-default wpr-particle-no wpr-jarallax-no wpr-parallax-no wpr-sticky-section-no\" data-id=\"cd66964\" data-element_type=\"section\">\n\t\t\t\t\t\t<div class=\"elementor-container elementor-column-gap-default\">\n\t\t\t\t\t<div class=\"elementor-column elementor-col-100 elementor-top-column elementor-element elementor-element-14f387f\" data-id=\"14f387f\" data-element_type=\"column\">\n\t\t\t<div class=\"elementor-widget-wrap elementor-element-populated\">\n\t\t\t\t\t\t<div class=\"elementor-element elementor-element-9615c89 elementor-invisible elementor-widget elementor-widget-text-editor\" data-id=\"9615c89\" data-element_type=\"widget\" data-settings=\"{&quot;_animation&quot;:&quot;zoomInLeft&quot;}\" data-widget_type=\"text-editor.default\">\n\t\t\t\t<div class=\"elementor-widget-container\">\n\t\t\t\t\t\t\t\t\t<h3><strong>Proc\u00e9dures d&rsquo;application<\/strong><\/h3><p>Pour plus de d\u00e9tails concernant le processus de candidature et d&rsquo;autres informations pertinentes, veuillez consulter notre site Web et le manuel de l&rsquo;\u00e9tudiant international (disponible ici)<\/p><p>Les dates limites de candidature pour l&rsquo;ann\u00e9e universitaire 2023-2024 sont les suivantes :<\/p><p>1 juillet 2023<br \/>L&rsquo;ann\u00e9e universitaire 2023-2024 est divis\u00e9e en deux semestres selon le calendrier suivant :<\/p><h3><strong>Premier mandat : \u200b\u200bseptembre 2023 &#8211; janvier 2024<\/strong><br \/><strong>Second semestre : f\u00e9vrier 2024 &#8211; juin 2024<\/strong><br \/><strong>H\u00e9bergement<\/strong><\/h3><p>Pour les logements universitaires : sa gestion sera \u00e0 notre charge. Pour obtenir une place en r\u00e9sidence universitaire pour le premier quadrimestre, vous devez faire une demande de chambre avant le 15 juillet. Pour ce faire, veuillez contacter le Bureau des \u00e9tudiants internationaux par e-mail.<\/p><p>Pour un logement chez l&rsquo;habitant : Si vous choisissez de louer, de partager un logement ou de loger chez un particulier, les d\u00e9marches seront enti\u00e8rement \u00e0 votre charge. Nous vous recommandons fortement de commencer \u00e0 chercher un logement d\u00e8s que vous recevez votre lettre d&rsquo;acceptation de deux universit\u00e9s<\/p><h3><span style=\"font-size: 16px;\">\u0627<\/span><\/h3>\t\t\t\t\t\t\t\t<\/div>\n\t\t\t\t<\/div>\n\t\t\t\t\t<\/div>\n\t\t<\/div>\n\t\t\t\t\t<\/div>\n\t\t<\/section>\n\t\t\t\t<\/div>\n\t\t","protected":false},"excerpt":{"rendered":"<p>les conditions d&rsquo;acceptation les conditions d&rsquo;acceptation Proc\u00e9dures d&rsquo;application Pour plus de d\u00e9tails concernant le processus de candidature et d&rsquo;autres informations pertinentes, veuillez consulter notre site Web et le manuel de l&rsquo;\u00e9tudiant international (disponible ici) Les dates limites de candidature pour l&rsquo;ann\u00e9e universitaire 2023-2024 sont les suivantes : 1 juillet 2023L&rsquo;ann\u00e9e universitaire 2023-2024 est divis\u00e9e en deux semestres selon le calendrier suivant : Premier mandat : \u200b\u200bseptembre 2023 &#8211; janvier 2024Second semestre : f\u00e9vrier 2024 &#8211; juin 2024H\u00e9bergement Pour les logements universitaires : sa gestion sera \u00e0 notre charge. Pour obtenir une place en r\u00e9sidence universitaire pour le premier quadrimestre, vous devez faire une demande de chambre avant le 15 juillet. Pour ce faire, veuillez contacter le Bureau des \u00e9tudiants internationaux par e-mail. Pour un logement chez l&rsquo;habitant : Si vous choisissez de louer, de partager un logement ou de loger chez un particulier, les d\u00e9marches seront enti\u00e8rement \u00e0 votre charge. Nous vous recommandons fortement de commencer \u00e0 chercher un logement d\u00e8s que vous recevez votre lettre d&rsquo;acceptation de deux universit\u00e9s \u0627<\/p>\n","protected":false},"author":1,"featured_media":0,"parent":0,"menu_order":0,"comment_status":"closed","ping_status":"closed","template":"","meta":{"site-sidebar-layout":"no-sidebar","site-content-layout":"page-builder","ast-global-header-display":"","ast-main-header-display":"","ast-hfb-above-header-display":"","ast-hfb-below-header-display":"","ast-hfb-mobile-header-display":"","site-post-title":"disabled","ast-breadcrumbs-content":"","ast-featured-img":"disabled","footer-sml-layout":"","theme-transparent-header-meta":"","adv-header-id-meta":"","stick-header-meta":"","header-above-stick-meta":"","header-main-stick-meta":"","header-below-stick-meta":"","footnotes":""},"class_list":["post-2428","page","type-page","status-publish","hentry"],"rttpg_featured_image_url":null,"rttpg_author":{"display_name":"fsecsg1","author_link":"http:\/\/www.univ-dbkm.dz\/fsecsg1\/author\/oualid-bouharaoua\/"},"rttpg_comment":0,"rttpg_category":" <a href=\"http:\/\/www.univ-dbkm.dz\/fsecsg1\/fr\/\" rel=\"tag\">Fran\u00e7ais<\/a>","rttpg_excerpt":"les conditions d&rsquo;acceptation les conditions d&rsquo;acceptation Proc\u00e9dures d&rsquo;application Pour plus de d\u00e9tails concernant le processus de candidature et d&rsquo;autres informations pertinentes, veuillez consulter notre site Web et le manuel de l&rsquo;\u00e9tudiant international (disponible ici) Les dates limites de candidature pour l&rsquo;ann\u00e9e universitaire 2023-2024 sont les suivantes : 1 juillet 2023L&rsquo;ann\u00e9e universitaire 2023-2024 est divis\u00e9e en\u2026","_links":{"self":[{"href":"http:\/\/www.univ-dbkm.dz\/fsecsg1\/wp-json\/wp\/v2\/pages\/2428","targetHints":{"allow":["GET"]}}],"collection":[{"href":"http:\/\/www.univ-dbkm.dz\/fsecsg1\/wp-json\/wp\/v2\/pages"}],"about":[{"href":"http:\/\/www.univ-dbkm.dz\/fsecsg1\/wp-json\/wp\/v2\/types\/page"}],"author":[{"embeddable":true,"href":"http:\/\/www.univ-dbkm.dz\/fsecsg1\/wp-json\/wp\/v2\/users\/1"}],"replies":[{"embeddable":true,"href":"http:\/\/www.univ-dbkm.dz\/fsecsg1\/wp-json\/wp\/v2\/comments?post=2428"}],"version-history":[{"count":7,"href":"http:\/\/www.univ-dbkm.dz\/fsecsg1\/wp-json\/wp\/v2\/pages\/2428\/revisions"}],"predecessor-version":[{"id":3813,"href":"http:\/\/www.univ-dbkm.dz\/fsecsg1\/wp-json\/wp\/v2\/pages\/2428\/revisions\/3813"}],"wp:attachment":[{"href":"http:\/\/www.univ-dbkm.dz\/fsecsg1\/wp-json\/wp\/v2\/media?parent=2428"}],"curies":[{"name":"wp","href":"https:\/\/api.w.org\/{rel}","templated":true}]}}