{"id":2438,"date":"2023-05-08T15:53:43","date_gmt":"2023-05-08T12:53:43","guid":{"rendered":"http:\/\/www.univ-dbkm.dz\/fsecsg1\/?page_id=2438"},"modified":"2025-03-04T14:11:30","modified_gmt":"2025-03-04T11:11:30","slug":"annee-preparatoire-aux-langues","status":"publish","type":"page","link":"http:\/\/www.univ-dbkm.dz\/fsecsg1\/fr\/annee-preparatoire-aux-langues\/","title":{"rendered":"Ann\u00e9e pr\u00e9paratoire aux langues"},"content":{"rendered":"\t\t<div data-elementor-type=\"wp-page\" data-elementor-id=\"2438\" class=\"elementor elementor-2438\">\n\t\t\t\t\t\t<section class=\"elementor-section elementor-top-section elementor-element elementor-element-00dc53f elementor-section-height-min-height elementor-section-boxed elementor-section-height-default elementor-section-items-middle wpr-particle-no wpr-jarallax-no wpr-parallax-no wpr-sticky-section-no\" data-id=\"00dc53f\" data-element_type=\"section\" data-settings=\"{&quot;background_background&quot;:&quot;classic&quot;}\">\n\t\t\t\t\t\t\t<div class=\"elementor-background-overlay\"><\/div>\n\t\t\t\t\t\t\t<div class=\"elementor-container elementor-column-gap-default\">\n\t\t\t\t\t<div class=\"elementor-column elementor-col-100 elementor-top-column elementor-element elementor-element-c3465b1\" data-id=\"c3465b1\" data-element_type=\"column\">\n\t\t\t<div class=\"elementor-widget-wrap elementor-element-populated\">\n\t\t\t\t\t\t<div class=\"elementor-element elementor-element-aac730d elementor-widget elementor-widget-heading\" data-id=\"aac730d\" data-element_type=\"widget\" data-widget_type=\"heading.default\">\n\t\t\t\t<div class=\"elementor-widget-container\">\n\t\t\t\t\t<h1 class=\"elementor-heading-title elementor-size-default\">Ann\u00e9e pr\u00e9paratoire aux langues<\/h1>\t\t\t\t<\/div>\n\t\t\t\t<\/div>\n\t\t\t\t\t<\/div>\n\t\t<\/div>\n\t\t\t\t\t<\/div>\n\t\t<\/section>\n\t\t\t\t<section class=\"elementor-section elementor-top-section elementor-element elementor-element-a9147ec elementor-section-boxed elementor-section-height-default elementor-section-height-default wpr-particle-no wpr-jarallax-no wpr-parallax-no wpr-sticky-section-no\" data-id=\"a9147ec\" data-element_type=\"section\">\n\t\t\t\t\t\t<div class=\"elementor-container elementor-column-gap-default\">\n\t\t\t\t\t<div class=\"elementor-column elementor-col-100 elementor-top-column elementor-element elementor-element-ec74914\" data-id=\"ec74914\" data-element_type=\"column\">\n\t\t\t<div class=\"elementor-widget-wrap elementor-element-populated\">\n\t\t\t\t\t\t<div class=\"elementor-element elementor-element-3fbedee elementor-invisible elementor-widget elementor-widget-heading\" data-id=\"3fbedee\" data-element_type=\"widget\" data-settings=\"{&quot;_animation&quot;:&quot;fadeInDown&quot;}\" data-widget_type=\"heading.default\">\n\t\t\t\t<div class=\"elementor-widget-container\">\n\t\t\t\t\t<h2 class=\"elementor-heading-title elementor-size-default\">Ann\u00e9e pr\u00e9paratoire aux langues<\/h2>\t\t\t\t<\/div>\n\t\t\t\t<\/div>\n\t\t\t\t\t<\/div>\n\t\t<\/div>\n\t\t\t\t\t<\/div>\n\t\t<\/section>\n\t\t\t\t<section class=\"elementor-section elementor-top-section elementor-element elementor-element-8361c9b elementor-section-boxed elementor-section-height-default elementor-section-height-default wpr-particle-no wpr-jarallax-no wpr-parallax-no wpr-sticky-section-no\" data-id=\"8361c9b\" data-element_type=\"section\">\n\t\t\t\t\t\t<div class=\"elementor-container elementor-column-gap-default\">\n\t\t\t\t\t<div class=\"elementor-column elementor-col-100 elementor-top-column elementor-element elementor-element-ca7bbae\" data-id=\"ca7bbae\" data-element_type=\"column\">\n\t\t\t<div class=\"elementor-widget-wrap elementor-element-populated\">\n\t\t\t\t\t\t<div class=\"elementor-element elementor-element-17d7b58 elementor-widget elementor-widget-text-editor\" data-id=\"17d7b58\" data-element_type=\"widget\" data-widget_type=\"text-editor.default\">\n\t\t\t\t<div class=\"elementor-widget-container\">\n\t\t\t\t\t\t\t\t\t<h3>La FECMS, en collaboration avec la Facult\u00e9 des Lettres et Langues, propose des cours de langues aux \u00e9tudiants internationaux durant l&rsquo;ann\u00e9e pr\u00e9paratoire.<\/h3><h3>Ce programme propose sp\u00e9cifiquement des cours de langue arabe aux \u00e9tudiants internationaux qui envisagent de poursuivre des \u00e9tudes de ma\u00eetrise \u00e0 la FECMS.<\/h3><h3>Pour pouvoir postuler en ann\u00e9e pr\u00e9paratoire linguistique, vous devez r\u00e9pondre aux crit\u00e8res suivants :<\/h3><h3>Vous avez des documents qui attestent votre citoyennet\u00e9 de votre pays<\/h3><h3>Pour le baccalaur\u00e9at\u00a0:\u00a0vous \u00eates dipl\u00f4m\u00e9 du lyc\u00e9e et titulaire d&rsquo;un baccalaur\u00e9at ou d&rsquo;un dipl\u00f4me \u00e9quivalent qui donne un acc\u00e8s g\u00e9n\u00e9ral aux \u00e9tablissements d&rsquo;enseignement sup\u00e9rieur alg\u00e9riens pour les programmes de licence.<br \/>Pour le Master\u00a0:\u00a0vous \u00eates dipl\u00f4m\u00e9 d&rsquo;une universit\u00e9 internationale et titulaire d&rsquo;un baccalaur\u00e9at ou d&rsquo;un dipl\u00f4me \u00e9quivalent qui donne un acc\u00e8s g\u00e9n\u00e9ral aux \u00e9tablissements d&rsquo;enseignement sup\u00e9rieur alg\u00e9riens pour les programmes de master.<br \/>Pour le doctorat\u00a0:\u00a0en cours<\/h3><h3>Pour plus d&rsquo;informations, contactez\u00a0:\u00a0Bureau des \u00e9tudiants \u00e9trangers<\/h3>\t\t\t\t\t\t\t\t<\/div>\n\t\t\t\t<\/div>\n\t\t\t\t\t<\/div>\n\t\t<\/div>\n\t\t\t\t\t<\/div>\n\t\t<\/section>\n\t\t\t\t<\/div>\n\t\t","protected":false},"excerpt":{"rendered":"<p>Ann\u00e9e pr\u00e9paratoire aux langues Ann\u00e9e pr\u00e9paratoire aux langues La FECMS, en collaboration avec la Facult\u00e9 des Lettres et Langues, propose des cours de langues aux \u00e9tudiants internationaux durant l&rsquo;ann\u00e9e pr\u00e9paratoire. Ce programme propose sp\u00e9cifiquement des cours de langue arabe aux \u00e9tudiants internationaux qui envisagent de poursuivre des \u00e9tudes de ma\u00eetrise \u00e0 la FECMS. Pour pouvoir postuler en ann\u00e9e pr\u00e9paratoire linguistique, vous devez r\u00e9pondre aux crit\u00e8res suivants : Vous avez des documents qui attestent votre citoyennet\u00e9 de votre pays Pour le baccalaur\u00e9at\u00a0:\u00a0vous \u00eates dipl\u00f4m\u00e9 du lyc\u00e9e et titulaire d&rsquo;un baccalaur\u00e9at ou d&rsquo;un dipl\u00f4me \u00e9quivalent qui donne un acc\u00e8s g\u00e9n\u00e9ral aux \u00e9tablissements d&rsquo;enseignement sup\u00e9rieur alg\u00e9riens pour les programmes de licence.Pour le Master\u00a0:\u00a0vous \u00eates dipl\u00f4m\u00e9 d&rsquo;une universit\u00e9 internationale et titulaire d&rsquo;un baccalaur\u00e9at ou d&rsquo;un dipl\u00f4me \u00e9quivalent qui donne un acc\u00e8s g\u00e9n\u00e9ral aux \u00e9tablissements d&rsquo;enseignement sup\u00e9rieur alg\u00e9riens pour les programmes de master.Pour le doctorat\u00a0:\u00a0en cours Pour plus d&rsquo;informations, contactez\u00a0:\u00a0Bureau des \u00e9tudiants \u00e9trangers<\/p>\n","protected":false},"author":1,"featured_media":0,"parent":0,"menu_order":0,"comment_status":"closed","ping_status":"closed","template":"","meta":{"site-sidebar-layout":"no-sidebar","site-content-layout":"page-builder","ast-global-header-display":"","ast-main-header-display":"","ast-hfb-above-header-display":"","ast-hfb-below-header-display":"","ast-hfb-mobile-header-display":"","site-post-title":"disabled","ast-breadcrumbs-content":"","ast-featured-img":"disabled","footer-sml-layout":"","theme-transparent-header-meta":"","adv-header-id-meta":"","stick-header-meta":"","header-above-stick-meta":"","header-main-stick-meta":"","header-below-stick-meta":"","footnotes":""},"class_list":["post-2438","page","type-page","status-publish","hentry"],"rttpg_featured_image_url":null,"rttpg_author":{"display_name":"fsecsg1","author_link":"http:\/\/www.univ-dbkm.dz\/fsecsg1\/author\/oualid-bouharaoua\/"},"rttpg_comment":0,"rttpg_category":" <a href=\"http:\/\/www.univ-dbkm.dz\/fsecsg1\/fr\/\" rel=\"tag\">Fran\u00e7ais<\/a>","rttpg_excerpt":"Ann\u00e9e pr\u00e9paratoire aux langues Ann\u00e9e pr\u00e9paratoire aux langues La FECMS, en collaboration avec la Facult\u00e9 des Lettres et Langues, propose des cours de langues aux \u00e9tudiants internationaux durant l&rsquo;ann\u00e9e pr\u00e9paratoire. Ce programme propose sp\u00e9cifiquement des cours de langue arabe aux \u00e9tudiants internationaux qui envisagent de poursuivre des \u00e9tudes de ma\u00eetrise \u00e0 la FECMS. Pour pouvoir\u2026","_links":{"self":[{"href":"http:\/\/www.univ-dbkm.dz\/fsecsg1\/wp-json\/wp\/v2\/pages\/2438","targetHints":{"allow":["GET"]}}],"collection":[{"href":"http:\/\/www.univ-dbkm.dz\/fsecsg1\/wp-json\/wp\/v2\/pages"}],"about":[{"href":"http:\/\/www.univ-dbkm.dz\/fsecsg1\/wp-json\/wp\/v2\/types\/page"}],"author":[{"embeddable":true,"href":"http:\/\/www.univ-dbkm.dz\/fsecsg1\/wp-json\/wp\/v2\/users\/1"}],"replies":[{"embeddable":true,"href":"http:\/\/www.univ-dbkm.dz\/fsecsg1\/wp-json\/wp\/v2\/comments?post=2438"}],"version-history":[{"count":13,"href":"http:\/\/www.univ-dbkm.dz\/fsecsg1\/wp-json\/wp\/v2\/pages\/2438\/revisions"}],"predecessor-version":[{"id":3854,"href":"http:\/\/www.univ-dbkm.dz\/fsecsg1\/wp-json\/wp\/v2\/pages\/2438\/revisions\/3854"}],"wp:attachment":[{"href":"http:\/\/www.univ-dbkm.dz\/fsecsg1\/wp-json\/wp\/v2\/media?parent=2438"}],"curies":[{"name":"wp","href":"https:\/\/api.w.org\/{rel}","templated":true}]}}