{"id":2499,"date":"2023-05-08T17:30:08","date_gmt":"2023-05-08T14:30:08","guid":{"rendered":"http:\/\/www.univ-dbkm.dz\/fsecsg1\/?page_id=2499"},"modified":"2023-05-08T17:30:12","modified_gmt":"2023-05-08T14:30:12","slug":"laboratoires-de-recherche-2","status":"publish","type":"page","link":"http:\/\/www.univ-dbkm.dz\/fsecsg1\/fr\/laboratoires-de-recherche-2\/","title":{"rendered":"Laboratoires de recherche"},"content":{"rendered":"\t\t<div data-elementor-type=\"wp-page\" data-elementor-id=\"2499\" class=\"elementor elementor-2499\">\n\t\t\t\t\t\t<section class=\"elementor-section elementor-top-section elementor-element elementor-element-b2193e5 elementor-section-boxed elementor-section-height-default elementor-section-height-default wpr-particle-no wpr-jarallax-no wpr-parallax-no wpr-sticky-section-no\" data-id=\"b2193e5\" data-element_type=\"section\">\n\t\t\t\t\t\t<div class=\"elementor-container elementor-column-gap-default\">\n\t\t\t\t\t<div class=\"elementor-column elementor-col-100 elementor-top-column elementor-element elementor-element-fa1d6a3\" data-id=\"fa1d6a3\" data-element_type=\"column\">\n\t\t\t<div class=\"elementor-widget-wrap elementor-element-populated\">\n\t\t\t\t\t\t<div class=\"elementor-element elementor-element-76f0b5e elementor-invisible elementor-widget elementor-widget-heading\" data-id=\"76f0b5e\" data-element_type=\"widget\" data-settings=\"{&quot;_animation&quot;:&quot;fadeInDown&quot;}\" data-widget_type=\"heading.default\">\n\t\t\t\t<div class=\"elementor-widget-container\">\n\t\t\t\t\t<h2 class=\"elementor-heading-title elementor-size-default\">Laboratoires de recherche du Facult\u00e9<\/h2>\t\t\t\t<\/div>\n\t\t\t\t<\/div>\n\t\t\t\t\t<\/div>\n\t\t<\/div>\n\t\t\t\t\t<\/div>\n\t\t<\/section>\n\t\t\t\t<section class=\"elementor-section elementor-top-section elementor-element elementor-element-f2bfdea elementor-section-boxed elementor-section-height-default elementor-section-height-default wpr-particle-no wpr-jarallax-no wpr-parallax-no wpr-sticky-section-no\" data-id=\"f2bfdea\" data-element_type=\"section\">\n\t\t\t\t\t\t<div class=\"elementor-container elementor-column-gap-default\">\n\t\t\t\t\t<div class=\"elementor-column elementor-col-100 elementor-top-column elementor-element elementor-element-ef7cdcd\" data-id=\"ef7cdcd\" data-element_type=\"column\">\n\t\t\t<div class=\"elementor-widget-wrap elementor-element-populated\">\n\t\t\t\t\t\t<div class=\"elementor-element elementor-element-a06c372 elementor-invisible elementor-widget elementor-widget-text-editor\" data-id=\"a06c372\" data-element_type=\"widget\" data-settings=\"{&quot;_animation&quot;:&quot;fadeInDown&quot;}\" data-widget_type=\"text-editor.default\">\n\t\t\t\t<div class=\"elementor-widget-container\">\n\t\t\t\t\t\t\t\t\t<p>La Facult\u00e9 comprend quatre (04) laboratoires:<\/p><ul><li>IEOEI (Industrie, \u00c9volution Organisationnelle des Entreprises et Innovation).<\/li><li>ENALG (Economie Num\u00e9rique en Alg\u00e9rie).<\/li><li>DELWA (D\u00e9veloppement Local et Entrepreneuriat dans le Gouvernorat d&rsquo;Ain Defla).<\/li><li>SEEDE (Strat\u00e9gies pour les entreprises \u00e9mergentes et la diversification \u00e9conomique).<\/li><\/ul>\t\t\t\t\t\t\t\t<\/div>\n\t\t\t\t<\/div>\n\t\t\t\t\t<\/div>\n\t\t<\/div>\n\t\t\t\t\t<\/div>\n\t\t<\/section>\n\t\t\t\t<\/div>\n\t\t","protected":false},"excerpt":{"rendered":"<p>Laboratoires de recherche du Facult\u00e9 La Facult\u00e9 comprend quatre (04) laboratoires: IEOEI (Industrie, \u00c9volution Organisationnelle des Entreprises et Innovation). ENALG (Economie Num\u00e9rique en Alg\u00e9rie). DELWA (D\u00e9veloppement Local et Entrepreneuriat dans le Gouvernorat d&rsquo;Ain Defla). SEEDE (Strat\u00e9gies pour les entreprises \u00e9mergentes et la diversification \u00e9conomique).<\/p>\n","protected":false},"author":1,"featured_media":0,"parent":0,"menu_order":0,"comment_status":"closed","ping_status":"closed","template":"","meta":{"site-sidebar-layout":"no-sidebar","site-content-layout":"page-builder","ast-global-header-display":"","ast-main-header-display":"","ast-hfb-above-header-display":"","ast-hfb-below-header-display":"","ast-hfb-mobile-header-display":"","site-post-title":"disabled","ast-breadcrumbs-content":"","ast-featured-img":"disabled","footer-sml-layout":"","theme-transparent-header-meta":"","adv-header-id-meta":"","stick-header-meta":"","header-above-stick-meta":"","header-main-stick-meta":"","header-below-stick-meta":"","footnotes":""},"class_list":["post-2499","page","type-page","status-publish","hentry"],"rttpg_featured_image_url":null,"rttpg_author":{"display_name":"fsecsg1","author_link":"http:\/\/www.univ-dbkm.dz\/fsecsg1\/author\/oualid-bouharaoua\/"},"rttpg_comment":0,"rttpg_category":" <a href=\"http:\/\/www.univ-dbkm.dz\/fsecsg1\/fr\/\" rel=\"tag\">Fran\u00e7ais<\/a>","rttpg_excerpt":"Laboratoires de recherche du Facult\u00e9 La Facult\u00e9 comprend quatre (04) laboratoires: IEOEI (Industrie, \u00c9volution Organisationnelle des Entreprises et Innovation). ENALG (Economie Num\u00e9rique en Alg\u00e9rie). DELWA (D\u00e9veloppement Local et Entrepreneuriat dans le Gouvernorat d&rsquo;Ain Defla). SEEDE (Strat\u00e9gies pour les entreprises \u00e9mergentes et la diversification \u00e9conomique).","_links":{"self":[{"href":"http:\/\/www.univ-dbkm.dz\/fsecsg1\/wp-json\/wp\/v2\/pages\/2499","targetHints":{"allow":["GET"]}}],"collection":[{"href":"http:\/\/www.univ-dbkm.dz\/fsecsg1\/wp-json\/wp\/v2\/pages"}],"about":[{"href":"http:\/\/www.univ-dbkm.dz\/fsecsg1\/wp-json\/wp\/v2\/types\/page"}],"author":[{"embeddable":true,"href":"http:\/\/www.univ-dbkm.dz\/fsecsg1\/wp-json\/wp\/v2\/users\/1"}],"replies":[{"embeddable":true,"href":"http:\/\/www.univ-dbkm.dz\/fsecsg1\/wp-json\/wp\/v2\/comments?post=2499"}],"version-history":[{"count":4,"href":"http:\/\/www.univ-dbkm.dz\/fsecsg1\/wp-json\/wp\/v2\/pages\/2499\/revisions"}],"predecessor-version":[{"id":2508,"href":"http:\/\/www.univ-dbkm.dz\/fsecsg1\/wp-json\/wp\/v2\/pages\/2499\/revisions\/2508"}],"wp:attachment":[{"href":"http:\/\/www.univ-dbkm.dz\/fsecsg1\/wp-json\/wp\/v2\/media?parent=2499"}],"curies":[{"name":"wp","href":"https:\/\/api.w.org\/{rel}","templated":true}]}}