{"id":2733,"date":"2023-06-12T11:51:37","date_gmt":"2023-06-12T08:51:37","guid":{"rendered":"http:\/\/www.univ-dbkm.dz\/fsecsg1\/?page_id=2733"},"modified":"2025-03-20T16:13:42","modified_gmt":"2025-03-20T13:13:42","slug":"offres-de-formation","status":"publish","type":"page","link":"http:\/\/www.univ-dbkm.dz\/fsecsg1\/fr\/offres-de-formation\/","title":{"rendered":"Offres de formation"},"content":{"rendered":"\t\t<div data-elementor-type=\"wp-page\" data-elementor-id=\"2733\" class=\"elementor elementor-2733\">\n\t\t\t\t\t\t<section class=\"elementor-section elementor-top-section elementor-element elementor-element-f283952 elementor-section-boxed elementor-section-height-default elementor-section-height-default wpr-particle-no wpr-jarallax-no wpr-parallax-no wpr-sticky-section-no\" data-id=\"f283952\" data-element_type=\"section\">\n\t\t\t\t\t\t<div class=\"elementor-container elementor-column-gap-default\">\n\t\t\t\t\t<div class=\"elementor-column elementor-col-100 elementor-top-column elementor-element elementor-element-c81375b\" data-id=\"c81375b\" data-element_type=\"column\">\n\t\t\t<div class=\"elementor-widget-wrap elementor-element-populated\">\n\t\t\t\t\t\t<div class=\"elementor-element elementor-element-804bbb6 elementor-invisible elementor-widget elementor-widget-heading\" data-id=\"804bbb6\" data-element_type=\"widget\" data-settings=\"{&quot;_animation&quot;:&quot;fadeInDown&quot;}\" data-widget_type=\"heading.default\">\n\t\t\t\t<div class=\"elementor-widget-container\">\n\t\t\t\t\t<h2 class=\"elementor-heading-title elementor-size-default\">Etudier en facult\u00e9<\/h2>\t\t\t\t<\/div>\n\t\t\t\t<\/div>\n\t\t\t\t\t<\/div>\n\t\t<\/div>\n\t\t\t\t\t<\/div>\n\t\t<\/section>\n\t\t\t\t<section class=\"elementor-section elementor-top-section elementor-element elementor-element-1ba74bd elementor-section-boxed elementor-section-height-default elementor-section-height-default wpr-particle-no wpr-jarallax-no wpr-parallax-no wpr-sticky-section-no\" data-id=\"1ba74bd\" data-element_type=\"section\">\n\t\t\t\t\t\t<div class=\"elementor-container elementor-column-gap-default\">\n\t\t\t\t\t<div class=\"elementor-column elementor-col-100 elementor-top-column elementor-element elementor-element-f024bc6\" data-id=\"f024bc6\" data-element_type=\"column\">\n\t\t\t<div class=\"elementor-widget-wrap elementor-element-populated\">\n\t\t\t\t\t\t<div class=\"elementor-element elementor-element-2ae1b58 elementor-widget elementor-widget-image\" data-id=\"2ae1b58\" data-element_type=\"widget\" data-widget_type=\"image.default\">\n\t\t\t\t<div class=\"elementor-widget-container\">\n\t\t\t\t\t\t\t\t\t\t\t\t\t\t\t<img fetchpriority=\"high\" decoding=\"async\" width=\"1024\" height=\"724\" src=\"http:\/\/www.univ-dbkm.dz\/fsecsg1\/wp-content\/uploads\/2025\/03\/FR-1024x724.png\" class=\"attachment-large size-large wp-image-4208\" alt=\"\" srcset=\"http:\/\/www.univ-dbkm.dz\/fsecsg1\/wp-content\/uploads\/2025\/03\/FR-1024x724.png 1024w, http:\/\/www.univ-dbkm.dz\/fsecsg1\/wp-content\/uploads\/2025\/03\/FR-300x212.png 300w, http:\/\/www.univ-dbkm.dz\/fsecsg1\/wp-content\/uploads\/2025\/03\/FR-768x543.png 768w, http:\/\/www.univ-dbkm.dz\/fsecsg1\/wp-content\/uploads\/2025\/03\/FR-1536x1086.png 1536w, http:\/\/www.univ-dbkm.dz\/fsecsg1\/wp-content\/uploads\/2025\/03\/FR.png 2000w\" sizes=\"(max-width: 1024px) 100vw, 1024px\" \/>\t\t\t\t\t\t\t\t\t\t\t\t\t\t\t<\/div>\n\t\t\t\t<\/div>\n\t\t\t\t\t<\/div>\n\t\t<\/div>\n\t\t\t\t\t<\/div>\n\t\t<\/section>\n\t\t\t\t<section class=\"elementor-section elementor-top-section elementor-element elementor-element-f2b7c9a elementor-section-boxed elementor-section-height-default elementor-section-height-default wpr-particle-no wpr-jarallax-no wpr-parallax-no wpr-sticky-section-no\" data-id=\"f2b7c9a\" data-element_type=\"section\">\n\t\t\t\t\t\t<div class=\"elementor-container elementor-column-gap-default\">\n\t\t\t\t\t<div class=\"elementor-column elementor-col-100 elementor-top-column elementor-element elementor-element-15aee42\" data-id=\"15aee42\" data-element_type=\"column\">\n\t\t\t<div class=\"elementor-widget-wrap elementor-element-populated\">\n\t\t\t\t\t\t<div class=\"elementor-element elementor-element-2f1b4d2 elementor-invisible elementor-widget elementor-widget-text-editor\" data-id=\"2f1b4d2\" data-element_type=\"widget\" data-settings=\"{&quot;_animation&quot;:&quot;fadeInDown&quot;}\" data-widget_type=\"text-editor.default\">\n\t\t\t\t<div class=\"elementor-widget-container\">\n\t\t\t\t\t\t\t\t\t<h4 style=\"font-weight: 400; text-align: center;\"><strong>Au cours de l&rsquo;ann\u00e9e universitaire 2022-2023, une \u00e9tape d\u00e9cisive a \u00e9t\u00e9 franchie \u00e0 la Facult\u00e9 des Sciences \u00c9conomiques, Commerciales et de Gestion de l&rsquo;Universit\u00e9 de Khemis Miliana. Pour la premi\u00e8re fois, tous les cours de <b><span lang=\"EN-US\">\u00ab\u00a0licence en marketing\u00a0\u00bb<\/span><\/b>\u00a0ont \u00e9t\u00e9 dispens\u00e9s enti\u00e8rement en anglais. Cette initiative pionni\u00e8re visait \u00e0 am\u00e9liorer la ma\u00eetrise de la langue des \u00e9tudiants\u00a0et \u00e0 les pr\u00e9parer aux environnements commerciaux internationaux. Cette exp\u00e9rience marque une avanc\u00e9e significative pour l&rsquo;universit\u00e9 et la facult\u00e9, d\u00e9montrant son engagement \u00e0 fournir une \u00e9ducation de qualit\u00e9 et \u00e0 favoriser un environnement d&rsquo;apprentissage multiculturel. Le succ\u00e8s de cette initiative a ouvert la voie \u00e0 sa poursuite lors des prochaines ann\u00e9es acad\u00e9miques, garantissant une attention continue port\u00e9e \u00e0 l&rsquo;enseignement de l&rsquo;anglais.<\/strong><\/h4><h4 style=\"text-align: center;\"><strong>Pour voir le programme, <a href=\"http:\/\/elearning.univ-dbkm.dz\/course\/index.php?categoryid=1991\">cliquez ici<\/a><\/strong><\/h4><h4 style=\"text-align: center;\">\u00a0<\/h4>\t\t\t\t\t\t\t\t<\/div>\n\t\t\t\t<\/div>\n\t\t\t\t\t<\/div>\n\t\t<\/div>\n\t\t\t\t\t<\/div>\n\t\t<\/section>\n\t\t\t\t<section class=\"elementor-section elementor-top-section elementor-element elementor-element-c343922 elementor-section-boxed elementor-section-height-default elementor-section-height-default wpr-particle-no wpr-jarallax-no wpr-parallax-no wpr-sticky-section-no\" data-id=\"c343922\" data-element_type=\"section\">\n\t\t\t\t\t\t<div class=\"elementor-container elementor-column-gap-default\">\n\t\t\t\t\t<div class=\"elementor-column elementor-col-100 elementor-top-column elementor-element elementor-element-0f415da\" data-id=\"0f415da\" data-element_type=\"column\">\n\t\t\t<div class=\"elementor-widget-wrap elementor-element-populated\">\n\t\t\t\t\t\t<div class=\"elementor-element elementor-element-aab07d4 elementor-invisible elementor-widget elementor-widget-heading\" data-id=\"aab07d4\" data-element_type=\"widget\" data-settings=\"{&quot;_animation&quot;:&quot;fadeInDown&quot;}\" data-widget_type=\"heading.default\">\n\t\t\t\t<div class=\"elementor-widget-container\">\n\t\t\t\t\t<h2 class=\"elementor-heading-title elementor-size-default\">Programme de marketing en anglais<\/h2>\t\t\t\t<\/div>\n\t\t\t\t<\/div>\n\t\t\t\t\t<\/div>\n\t\t<\/div>\n\t\t\t\t\t<\/div>\n\t\t<\/section>\n\t\t\t\t<section class=\"elementor-section elementor-top-section elementor-element elementor-element-cd23712 elementor-section-boxed elementor-section-height-default elementor-section-height-default wpr-particle-no wpr-jarallax-no wpr-parallax-no wpr-sticky-section-no\" data-id=\"cd23712\" data-element_type=\"section\">\n\t\t\t\t\t\t<div class=\"elementor-container elementor-column-gap-default\">\n\t\t\t\t\t<div class=\"elementor-column elementor-col-100 elementor-top-column elementor-element elementor-element-a8421f9\" data-id=\"a8421f9\" data-element_type=\"column\">\n\t\t\t<div class=\"elementor-widget-wrap elementor-element-populated\">\n\t\t\t\t\t\t<div class=\"elementor-element elementor-element-fab9dad elementor-invisible elementor-widget elementor-widget-image\" data-id=\"fab9dad\" data-element_type=\"widget\" data-settings=\"{&quot;_animation&quot;:&quot;fadeInDown&quot;}\" data-widget_type=\"image.default\">\n\t\t\t\t<div class=\"elementor-widget-container\">\n\t\t\t\t\t\t\t\t\t\t\t\t\t\t\t<img decoding=\"async\" width=\"1024\" height=\"752\" src=\"http:\/\/www.univ-dbkm.dz\/fsecsg1\/wp-content\/uploads\/2023\/06\/Capture-a-1024x752.png\" class=\"attachment-large size-large wp-image-2758\" alt=\"\" srcset=\"http:\/\/www.univ-dbkm.dz\/fsecsg1\/wp-content\/uploads\/2023\/06\/Capture-a-1024x752.png 1024w, http:\/\/www.univ-dbkm.dz\/fsecsg1\/wp-content\/uploads\/2023\/06\/Capture-a-300x220.png 300w, http:\/\/www.univ-dbkm.dz\/fsecsg1\/wp-content\/uploads\/2023\/06\/Capture-a-768x564.png 768w, http:\/\/www.univ-dbkm.dz\/fsecsg1\/wp-content\/uploads\/2023\/06\/Capture-a.png 1056w\" sizes=\"(max-width: 1024px) 100vw, 1024px\" \/>\t\t\t\t\t\t\t\t\t\t\t\t\t\t\t<\/div>\n\t\t\t\t<\/div>\n\t\t\t\t\t<\/div>\n\t\t<\/div>\n\t\t\t\t\t<\/div>\n\t\t<\/section>\n\t\t\t\t<\/div>\n\t\t","protected":false},"excerpt":{"rendered":"<p>Etudier en facult\u00e9 Au cours de l&rsquo;ann\u00e9e universitaire 2022-2023, une \u00e9tape d\u00e9cisive a \u00e9t\u00e9 franchie \u00e0 la Facult\u00e9 des Sciences \u00c9conomiques, Commerciales et de Gestion de l&rsquo;Universit\u00e9 de Khemis Miliana. Pour la premi\u00e8re fois, tous les cours de \u00ab\u00a0licence en marketing\u00a0\u00bb\u00a0ont \u00e9t\u00e9 dispens\u00e9s enti\u00e8rement en anglais. Cette initiative pionni\u00e8re visait \u00e0 am\u00e9liorer la ma\u00eetrise de la langue des \u00e9tudiants\u00a0et \u00e0 les pr\u00e9parer aux environnements commerciaux internationaux. Cette exp\u00e9rience marque une avanc\u00e9e significative pour l&rsquo;universit\u00e9 et la facult\u00e9, d\u00e9montrant son engagement \u00e0 fournir une \u00e9ducation de qualit\u00e9 et \u00e0 favoriser un environnement d&rsquo;apprentissage multiculturel. Le succ\u00e8s de cette initiative a ouvert la voie \u00e0 sa poursuite lors des prochaines ann\u00e9es acad\u00e9miques, garantissant une attention continue port\u00e9e \u00e0 l&rsquo;enseignement de l&rsquo;anglais. Pour voir le programme, cliquez ici \u00a0 Programme de marketing en anglais<\/p>\n","protected":false},"author":1,"featured_media":0,"parent":0,"menu_order":0,"comment_status":"closed","ping_status":"closed","template":"","meta":{"site-sidebar-layout":"no-sidebar","site-content-layout":"page-builder","ast-global-header-display":"","ast-main-header-display":"","ast-hfb-above-header-display":"","ast-hfb-below-header-display":"","ast-hfb-mobile-header-display":"","site-post-title":"disabled","ast-breadcrumbs-content":"","ast-featured-img":"disabled","footer-sml-layout":"","theme-transparent-header-meta":"","adv-header-id-meta":"","stick-header-meta":"","header-above-stick-meta":"","header-main-stick-meta":"","header-below-stick-meta":"","footnotes":""},"class_list":["post-2733","page","type-page","status-publish","hentry"],"rttpg_featured_image_url":null,"rttpg_author":{"display_name":"fsecsg1","author_link":"http:\/\/www.univ-dbkm.dz\/fsecsg1\/author\/oualid-bouharaoua\/"},"rttpg_comment":0,"rttpg_category":" <a href=\"http:\/\/www.univ-dbkm.dz\/fsecsg1\/fr\/\" rel=\"tag\">Fran\u00e7ais<\/a>","rttpg_excerpt":"Etudier en facult\u00e9 Au cours de l&rsquo;ann\u00e9e universitaire 2022-2023, une \u00e9tape d\u00e9cisive a \u00e9t\u00e9 franchie \u00e0 la Facult\u00e9 des Sciences \u00c9conomiques, Commerciales et de Gestion de l&rsquo;Universit\u00e9 de Khemis Miliana. Pour la premi\u00e8re fois, tous les cours de \u00ab\u00a0licence en marketing\u00a0\u00bb\u00a0ont \u00e9t\u00e9 dispens\u00e9s enti\u00e8rement en anglais. Cette initiative pionni\u00e8re visait \u00e0 am\u00e9liorer la ma\u00eetrise de\u2026","_links":{"self":[{"href":"http:\/\/www.univ-dbkm.dz\/fsecsg1\/wp-json\/wp\/v2\/pages\/2733","targetHints":{"allow":["GET"]}}],"collection":[{"href":"http:\/\/www.univ-dbkm.dz\/fsecsg1\/wp-json\/wp\/v2\/pages"}],"about":[{"href":"http:\/\/www.univ-dbkm.dz\/fsecsg1\/wp-json\/wp\/v2\/types\/page"}],"author":[{"embeddable":true,"href":"http:\/\/www.univ-dbkm.dz\/fsecsg1\/wp-json\/wp\/v2\/users\/1"}],"replies":[{"embeddable":true,"href":"http:\/\/www.univ-dbkm.dz\/fsecsg1\/wp-json\/wp\/v2\/comments?post=2733"}],"version-history":[{"count":16,"href":"http:\/\/www.univ-dbkm.dz\/fsecsg1\/wp-json\/wp\/v2\/pages\/2733\/revisions"}],"predecessor-version":[{"id":4222,"href":"http:\/\/www.univ-dbkm.dz\/fsecsg1\/wp-json\/wp\/v2\/pages\/2733\/revisions\/4222"}],"wp:attachment":[{"href":"http:\/\/www.univ-dbkm.dz\/fsecsg1\/wp-json\/wp\/v2\/media?parent=2733"}],"curies":[{"name":"wp","href":"https:\/\/api.w.org\/{rel}","templated":true}]}}