{"id":4370,"date":"2025-05-13T14:15:22","date_gmt":"2025-05-13T11:15:22","guid":{"rendered":"http:\/\/www.univ-dbkm.dz\/fsecsg1\/?page_id=4370"},"modified":"2025-05-15T16:54:22","modified_gmt":"2025-05-15T13:54:22","slug":"les-sciences-economiques","status":"publish","type":"page","link":"http:\/\/www.univ-dbkm.dz\/fsecsg1\/fr\/les-sciences-economiques\/","title":{"rendered":"Les sciences \u00e9conomiques"},"content":{"rendered":"\t\t<div data-elementor-type=\"wp-page\" data-elementor-id=\"4370\" class=\"elementor elementor-4370\">\n\t\t\t\t\t\t<section class=\"elementor-section elementor-top-section elementor-element elementor-element-6f32c29e elementor-section-height-min-height elementor-section-boxed elementor-section-height-default elementor-section-items-middle wpr-particle-no wpr-jarallax-no wpr-parallax-no wpr-sticky-section-no\" data-id=\"6f32c29e\" data-element_type=\"section\" data-settings=\"{&quot;background_background&quot;:&quot;classic&quot;}\">\n\t\t\t\t\t\t\t<div class=\"elementor-background-overlay\"><\/div>\n\t\t\t\t\t\t\t<div class=\"elementor-container elementor-column-gap-default\">\n\t\t\t\t\t<div class=\"elementor-column elementor-col-100 elementor-top-column elementor-element elementor-element-3dc7b71\" data-id=\"3dc7b71\" data-element_type=\"column\">\n\t\t\t<div class=\"elementor-widget-wrap elementor-element-populated\">\n\t\t\t\t\t\t<div class=\"elementor-element elementor-element-3799026 elementor-widget elementor-widget-heading\" data-id=\"3799026\" data-element_type=\"widget\" data-widget_type=\"heading.default\">\n\t\t\t\t<div class=\"elementor-widget-container\">\n\t\t\t\t\t<h1 class=\"elementor-heading-title elementor-size-default\"> D\u00e9partement des sciences \u00e9conomiques<\/h1>\t\t\t\t<\/div>\n\t\t\t\t<\/div>\n\t\t\t\t\t<\/div>\n\t\t<\/div>\n\t\t\t\t\t<\/div>\n\t\t<\/section>\n\t\t\t\t<section class=\"elementor-section elementor-top-section elementor-element elementor-element-37fab99f elementor-section-boxed elementor-section-height-default elementor-section-height-default wpr-particle-no wpr-jarallax-no wpr-parallax-no wpr-sticky-section-no\" data-id=\"37fab99f\" data-element_type=\"section\">\n\t\t\t\t\t\t<div class=\"elementor-container elementor-column-gap-default\">\n\t\t\t\t\t<div class=\"elementor-column elementor-col-100 elementor-top-column elementor-element elementor-element-465d04e3\" data-id=\"465d04e3\" data-element_type=\"column\">\n\t\t\t<div class=\"elementor-widget-wrap elementor-element-populated\">\n\t\t\t\t\t\t<div class=\"elementor-element elementor-element-613869c2 elementor-invisible elementor-widget elementor-widget-heading\" data-id=\"613869c2\" data-element_type=\"widget\" data-settings=\"{&quot;_animation&quot;:&quot;fadeInLeft&quot;}\" data-widget_type=\"heading.default\">\n\t\t\t\t<div class=\"elementor-widget-container\">\n\t\t\t\t\t<h2 class=\"elementor-heading-title elementor-size-default\"> D\u00e9partement des sciences \u00e9conomiques<\/h2>\t\t\t\t<\/div>\n\t\t\t\t<\/div>\n\t\t\t\t\t<\/div>\n\t\t<\/div>\n\t\t\t\t\t<\/div>\n\t\t<\/section>\n\t\t\t\t<section class=\"elementor-section elementor-top-section elementor-element elementor-element-754cd951 elementor-section-boxed elementor-section-height-default elementor-section-height-default wpr-particle-no wpr-jarallax-no wpr-parallax-no wpr-sticky-section-no\" data-id=\"754cd951\" data-element_type=\"section\">\n\t\t\t\t\t\t<div class=\"elementor-container elementor-column-gap-default\">\n\t\t\t\t\t<div class=\"elementor-column elementor-col-100 elementor-top-column elementor-element elementor-element-57c47c84\" data-id=\"57c47c84\" data-element_type=\"column\">\n\t\t\t<div class=\"elementor-widget-wrap elementor-element-populated\">\n\t\t\t\t\t\t<div class=\"elementor-element elementor-element-2dd0c631 elementor-invisible elementor-widget elementor-widget-text-editor\" data-id=\"2dd0c631\" data-element_type=\"widget\" data-settings=\"{&quot;_animation&quot;:&quot;fadeIn&quot;}\" data-widget_type=\"text-editor.default\">\n\t\t\t\t<div class=\"elementor-widget-container\">\n\t\t\t\t\t\t\t\t\t<table><tbody><tr><td width=\"121\"><p><strong>Domaine<\/strong><\/p><\/td><td width=\"121\"><p><strong>Fili\u00e8re<\/strong><\/p><\/td><td width=\"121\"><p><strong>Licence<\/strong><\/p><\/td><td width=\"121\"><p><strong>Master\u00a0<\/strong><\/p><\/td><td width=\"121\"><p><strong>Doctorat<\/strong><\/p><\/td><\/tr><tr><td rowspan=\"3\" width=\"121\"><p data-start=\"206\" data-end=\"271\"><strong data-start=\"206\" data-end=\"271\"><span class=\"_fadeIn_m1hgl_8\">Sciences <\/span><span class=\"_fadeIn_m1hgl_8\">\u00e9conomiques, <\/span><span class=\"_fadeIn_m1hgl_8\">commerciales <\/span><span class=\"_fadeIn_m1hgl_8\">et <\/span><span class=\"_fadeIn_m1hgl_8\">des <\/span><span class=\"_fadeIn_m1hgl_8\">sciences <\/span><span class=\"_fadeIn_m1hgl_8\">de <\/span><span class=\"_fadeIn_m1hgl_8\">gestion<\/span><\/strong><\/p><\/td><td rowspan=\"3\" width=\"121\"><p data-start=\"67\" data-end=\"91\"><strong data-start=\"67\" data-end=\"91\"><span class=\"_fadeIn_m1hgl_8\">Sciences <\/span><span class=\"_fadeIn_m1hgl_8\">\u00e9conomiques<\/span><\/strong><\/p><\/td><td rowspan=\"3\" width=\"121\"><p><strong><a href=\"http:\/\/www.univ-dbkm.dz\/fsecsg1\/wp-content\/uploads\/2023\/06\/Licence-economie-monetaire-et-bancaire.pdf\">Economie mon\u00e9taire et bancaire<\/a><\/strong><\/p><\/td><td width=\"121\"><p><a href=\"http:\/\/www.univ-dbkm.dz\/fsecsg1\/wp-content\/uploads\/2023\/06\/Master-en-economie-monetaire-et-bancaire.pdf\"><strong>Economie mon\u00e9taire et bancaire<\/strong><\/a><\/p><\/td><td rowspan=\"3\" width=\"121\"><p><strong><a href=\"http:\/\/www.univ-dbkm.dz\/fsecsg1\/wp-content\/uploads\/2023\/06\/Doctorat-en-Sciences-economiques.pdf\">Sciences Economiques<\/a><\/strong><\/p><\/td><\/tr><tr><td width=\"121\"><p><strong><a href=\"http:\/\/www.univ-dbkm.dz\/fsecsg1\/wp-content\/uploads\/2023\/06\/Master-en-Economie-et-Gestion-des-Entreprises.pdf\">Economie et Gestion des Entreprises<\/a><\/strong><\/p><\/td><\/tr><tr><td width=\"121\"><p><strong><a href=\"http:\/\/www.univ-dbkm.dz\/fsecsg1\/wp-content\/uploads\/2023\/06\/Master-en-Economie-des-assurances-1.pdf\">\u00a0Economie des assurances<\/a><\/strong><\/p><\/td><\/tr><\/tbody><\/table>\t\t\t\t\t\t\t\t<\/div>\n\t\t\t\t<\/div>\n\t\t\t\t\t<\/div>\n\t\t<\/div>\n\t\t\t\t\t<\/div>\n\t\t<\/section>\n\t\t\t\t<\/div>\n\t\t","protected":false},"excerpt":{"rendered":"<p>D\u00e9partement des sciences \u00e9conomiques D\u00e9partement des sciences \u00e9conomiques Domaine Fili\u00e8re Licence Master\u00a0 Doctorat Sciences \u00e9conomiques, commerciales et des sciences de gestion Sciences \u00e9conomiques Economie mon\u00e9taire et bancaire Economie mon\u00e9taire et bancaire Sciences Economiques Economie et Gestion des Entreprises \u00a0Economie des assurances<\/p>\n","protected":false},"author":1,"featured_media":0,"parent":0,"menu_order":0,"comment_status":"closed","ping_status":"closed","template":"","meta":{"site-sidebar-layout":"no-sidebar","site-content-layout":"page-builder","ast-global-header-display":"","ast-main-header-display":"","ast-hfb-above-header-display":"","ast-hfb-below-header-display":"","ast-hfb-mobile-header-display":"","site-post-title":"disabled","ast-breadcrumbs-content":"","ast-featured-img":"disabled","footer-sml-layout":"","theme-transparent-header-meta":"","adv-header-id-meta":"","stick-header-meta":"","header-above-stick-meta":"","header-main-stick-meta":"","header-below-stick-meta":"","footnotes":""},"class_list":["post-4370","page","type-page","status-publish","hentry"],"rttpg_featured_image_url":null,"rttpg_author":{"display_name":"fsecsg1","author_link":"http:\/\/www.univ-dbkm.dz\/fsecsg1\/author\/oualid-bouharaoua\/"},"rttpg_comment":0,"rttpg_category":" <a href=\"http:\/\/www.univ-dbkm.dz\/fsecsg1\/fr\/\" rel=\"tag\">Fran\u00e7ais<\/a>","rttpg_excerpt":"D\u00e9partement des sciences \u00e9conomiques D\u00e9partement des sciences \u00e9conomiques Domaine Fili\u00e8re Licence Master\u00a0 Doctorat Sciences \u00e9conomiques, commerciales et des sciences de gestion Sciences \u00e9conomiques Economie mon\u00e9taire et bancaire Economie mon\u00e9taire et bancaire Sciences Economiques Economie et Gestion des Entreprises \u00a0Economie des assurances","_links":{"self":[{"href":"http:\/\/www.univ-dbkm.dz\/fsecsg1\/wp-json\/wp\/v2\/pages\/4370","targetHints":{"allow":["GET"]}}],"collection":[{"href":"http:\/\/www.univ-dbkm.dz\/fsecsg1\/wp-json\/wp\/v2\/pages"}],"about":[{"href":"http:\/\/www.univ-dbkm.dz\/fsecsg1\/wp-json\/wp\/v2\/types\/page"}],"author":[{"embeddable":true,"href":"http:\/\/www.univ-dbkm.dz\/fsecsg1\/wp-json\/wp\/v2\/users\/1"}],"replies":[{"embeddable":true,"href":"http:\/\/www.univ-dbkm.dz\/fsecsg1\/wp-json\/wp\/v2\/comments?post=4370"}],"version-history":[{"count":10,"href":"http:\/\/www.univ-dbkm.dz\/fsecsg1\/wp-json\/wp\/v2\/pages\/4370\/revisions"}],"predecessor-version":[{"id":4440,"href":"http:\/\/www.univ-dbkm.dz\/fsecsg1\/wp-json\/wp\/v2\/pages\/4370\/revisions\/4440"}],"wp:attachment":[{"href":"http:\/\/www.univ-dbkm.dz\/fsecsg1\/wp-json\/wp\/v2\/media?parent=4370"}],"curies":[{"name":"wp","href":"https:\/\/api.w.org\/{rel}","templated":true}]}}