{"id":4396,"date":"2025-05-13T14:28:12","date_gmt":"2025-05-13T11:28:12","guid":{"rendered":"http:\/\/www.univ-dbkm.dz\/fsecsg1\/?page_id=4396"},"modified":"2025-05-15T17:05:36","modified_gmt":"2025-05-15T14:05:36","slug":"departement-des-sciences-financieres-et-comptables","status":"publish","type":"page","link":"http:\/\/www.univ-dbkm.dz\/fsecsg1\/fr\/departement-des-sciences-financieres-et-comptables\/","title":{"rendered":"D\u00e9partement des sciences financi\u00e8res et comptables"},"content":{"rendered":"\t\t<div data-elementor-type=\"wp-page\" data-elementor-id=\"4396\" class=\"elementor elementor-4396\">\n\t\t\t\t\t\t<section class=\"elementor-section elementor-top-section elementor-element elementor-element-856e4ff elementor-section-height-min-height elementor-section-boxed elementor-section-height-default elementor-section-items-middle wpr-particle-no wpr-jarallax-no wpr-parallax-no wpr-sticky-section-no\" data-id=\"856e4ff\" data-element_type=\"section\" data-settings=\"{&quot;background_background&quot;:&quot;classic&quot;}\">\n\t\t\t\t\t\t\t<div class=\"elementor-background-overlay\"><\/div>\n\t\t\t\t\t\t\t<div class=\"elementor-container elementor-column-gap-default\">\n\t\t\t\t\t<div class=\"elementor-column elementor-col-100 elementor-top-column elementor-element elementor-element-6350f6a5\" data-id=\"6350f6a5\" data-element_type=\"column\">\n\t\t\t<div class=\"elementor-widget-wrap elementor-element-populated\">\n\t\t\t\t\t\t<div class=\"elementor-element elementor-element-4649e0a3 elementor-widget elementor-widget-heading\" data-id=\"4649e0a3\" data-element_type=\"widget\" data-widget_type=\"heading.default\">\n\t\t\t\t<div class=\"elementor-widget-container\">\n\t\t\t\t\t<h1 class=\"elementor-heading-title elementor-size-default\">D\u00e9partement des sciences financi\u00e8res et comptable<\/h1>\t\t\t\t<\/div>\n\t\t\t\t<\/div>\n\t\t\t\t\t<\/div>\n\t\t<\/div>\n\t\t\t\t\t<\/div>\n\t\t<\/section>\n\t\t\t\t<section class=\"elementor-section elementor-top-section elementor-element elementor-element-48ac6b77 elementor-section-boxed elementor-section-height-default elementor-section-height-default wpr-particle-no wpr-jarallax-no wpr-parallax-no wpr-sticky-section-no\" data-id=\"48ac6b77\" data-element_type=\"section\">\n\t\t\t\t\t\t<div class=\"elementor-container elementor-column-gap-default\">\n\t\t\t\t\t<div class=\"elementor-column elementor-col-100 elementor-top-column elementor-element elementor-element-5eab3509\" data-id=\"5eab3509\" data-element_type=\"column\">\n\t\t\t<div class=\"elementor-widget-wrap elementor-element-populated\">\n\t\t\t\t\t\t<div class=\"elementor-element elementor-element-55a884db elementor-invisible elementor-widget elementor-widget-heading\" data-id=\"55a884db\" data-element_type=\"widget\" data-settings=\"{&quot;_animation&quot;:&quot;fadeInLeft&quot;}\" data-widget_type=\"heading.default\">\n\t\t\t\t<div class=\"elementor-widget-container\">\n\t\t\t\t\t<h2 class=\"elementor-heading-title elementor-size-default\">D\u00e9partement des sciences financi\u00e8res et comptable<\/h2>\t\t\t\t<\/div>\n\t\t\t\t<\/div>\n\t\t\t\t\t<\/div>\n\t\t<\/div>\n\t\t\t\t\t<\/div>\n\t\t<\/section>\n\t\t\t\t<section class=\"elementor-section elementor-top-section elementor-element elementor-element-6c31ab55 elementor-section-boxed elementor-section-height-default elementor-section-height-default wpr-particle-no wpr-jarallax-no wpr-parallax-no wpr-sticky-section-no\" data-id=\"6c31ab55\" data-element_type=\"section\">\n\t\t\t\t\t\t<div class=\"elementor-container elementor-column-gap-default\">\n\t\t\t\t\t<div class=\"elementor-column elementor-col-100 elementor-top-column elementor-element elementor-element-715ace41\" data-id=\"715ace41\" data-element_type=\"column\">\n\t\t\t<div class=\"elementor-widget-wrap elementor-element-populated\">\n\t\t\t\t\t\t<div class=\"elementor-element elementor-element-77b0ce91 elementor-invisible elementor-widget elementor-widget-text-editor\" data-id=\"77b0ce91\" data-element_type=\"widget\" data-settings=\"{&quot;_animation&quot;:&quot;fadeIn&quot;}\" data-widget_type=\"text-editor.default\">\n\t\t\t\t<div class=\"elementor-widget-container\">\n\t\t\t\t\t\t\t\t\t<table><tbody><tr><td width=\"121\"><p><strong>Domaine<\/strong><\/p><\/td><td width=\"121\"><p><strong>Fili\u00e8re<\/strong><\/p><\/td><td width=\"121\"><p><strong>Licence<\/strong><\/p><\/td><td width=\"121\"><p><strong>Master<\/strong><\/p><\/td><td width=\"121\"><p><strong>Doctorat<\/strong><\/p><\/td><\/tr><tr><td rowspan=\"3\" width=\"121\"><p data-start=\"206\" data-end=\"271\"><span class=\"_fadeIn_m1hgl_8\">Sciences <\/span><span class=\"_fadeIn_m1hgl_8\">\u00e9conomiques, <\/span><span class=\"_fadeIn_m1hgl_8\">commerciales <\/span><span class=\"_fadeIn_m1hgl_8\">et <\/span><span class=\"_fadeIn_m1hgl_8\">des <\/span><span class=\"_fadeIn_m1hgl_8\">sciences <\/span><span class=\"_fadeIn_m1hgl_8\">de <\/span><span class=\"_fadeIn_m1hgl_8\">gestion<\/span><\/p><\/td><td rowspan=\"3\" width=\"121\"><p data-start=\"82\" data-end=\"122\"><span class=\"_fadeIn_m1hgl_8\">Sciences <\/span><span class=\"_fadeIn_m1hgl_8\">financi\u00e8res <\/span><span class=\"_fadeIn_m1hgl_8\">et <\/span><span class=\"_fadeIn_m1hgl_8\">comptabilit\u00e9<\/span><\/p><\/td><td width=\"121\"><p><strong><a href=\"http:\/\/www.univ-dbkm.dz\/fsecsg1\/wp-content\/uploads\/2023\/06\/Licence-comptabilite-et-fiscalite.pdf\">Comptabilit\u00e9 et fiscalit\u00e9<\/a><\/strong><\/p><\/td><td rowspan=\"3\" width=\"121\"><p><strong><a href=\"http:\/\/www.univ-dbkm.dz\/fsecsg1\/wp-content\/uploads\/2023\/06\/Master-en-Comptabilite-et-Audit.pdf\">Comptabilit\u00e9 et Audit<\/a><\/strong><\/p><\/td><td rowspan=\"3\" width=\"121\"><p><strong><a href=\"http:\/\/www.univ-dbkm.dz\/fsecsg1\/wp-content\/uploads\/2023\/06\/Doctorat-en-Sciences-de-la-finance-et-de-la-comptabilite.pdf\">Sciences Finances &amp; Comptabilit\u00e9<\/a><\/strong><\/p><\/td><\/tr><tr><td width=\"121\"><p><strong><a href=\"http:\/\/www.univ-dbkm.dz\/fsecsg1\/wp-content\/uploads\/2023\/06\/Licence-comptabilite-et-audit.pdf\">Comptabilit\u00e9 et audit\u00a0<\/a>.<\/strong><\/p><\/td><\/tr><tr><td width=\"121\"><p><strong><a href=\"http:\/\/www.univ-dbkm.dz\/fsecsg1\/wp-content\/uploads\/2023\/06\/Licence-comptabilite-et-finance.pdf\">Comptabilit\u00e9 et finance\u00a0<\/a>.<\/strong><\/p><\/td><\/tr><\/tbody><\/table>\t\t\t\t\t\t\t\t<\/div>\n\t\t\t\t<\/div>\n\t\t\t\t\t<\/div>\n\t\t<\/div>\n\t\t\t\t\t<\/div>\n\t\t<\/section>\n\t\t\t\t<\/div>\n\t\t","protected":false},"excerpt":{"rendered":"<p>D\u00e9partement des sciences financi\u00e8res et comptable D\u00e9partement des sciences financi\u00e8res et comptable Domaine Fili\u00e8re Licence Master Doctorat Sciences \u00e9conomiques, commerciales et des sciences de gestion Sciences financi\u00e8res et comptabilit\u00e9 Comptabilit\u00e9 et fiscalit\u00e9 Comptabilit\u00e9 et Audit Sciences Finances &amp; Comptabilit\u00e9 Comptabilit\u00e9 et audit\u00a0. Comptabilit\u00e9 et finance\u00a0.<\/p>\n","protected":false},"author":1,"featured_media":0,"parent":0,"menu_order":0,"comment_status":"closed","ping_status":"closed","template":"","meta":{"site-sidebar-layout":"no-sidebar","site-content-layout":"page-builder","ast-global-header-display":"","ast-main-header-display":"","ast-hfb-above-header-display":"","ast-hfb-below-header-display":"","ast-hfb-mobile-header-display":"","site-post-title":"disabled","ast-breadcrumbs-content":"","ast-featured-img":"disabled","footer-sml-layout":"","theme-transparent-header-meta":"","adv-header-id-meta":"","stick-header-meta":"","header-above-stick-meta":"","header-main-stick-meta":"","header-below-stick-meta":"","footnotes":""},"class_list":["post-4396","page","type-page","status-publish","hentry"],"rttpg_featured_image_url":null,"rttpg_author":{"display_name":"fsecsg1","author_link":"http:\/\/www.univ-dbkm.dz\/fsecsg1\/author\/oualid-bouharaoua\/"},"rttpg_comment":0,"rttpg_category":" <a href=\"http:\/\/www.univ-dbkm.dz\/fsecsg1\/fr\/\" rel=\"tag\">Fran\u00e7ais<\/a>","rttpg_excerpt":"D\u00e9partement des sciences financi\u00e8res et comptable D\u00e9partement des sciences financi\u00e8res et comptable Domaine Fili\u00e8re Licence Master Doctorat Sciences \u00e9conomiques, commerciales et des sciences de gestion Sciences financi\u00e8res et comptabilit\u00e9 Comptabilit\u00e9 et fiscalit\u00e9 Comptabilit\u00e9 et Audit Sciences Finances &amp; Comptabilit\u00e9 Comptabilit\u00e9 et audit\u00a0. Comptabilit\u00e9 et finance\u00a0.","_links":{"self":[{"href":"http:\/\/www.univ-dbkm.dz\/fsecsg1\/wp-json\/wp\/v2\/pages\/4396","targetHints":{"allow":["GET"]}}],"collection":[{"href":"http:\/\/www.univ-dbkm.dz\/fsecsg1\/wp-json\/wp\/v2\/pages"}],"about":[{"href":"http:\/\/www.univ-dbkm.dz\/fsecsg1\/wp-json\/wp\/v2\/types\/page"}],"author":[{"embeddable":true,"href":"http:\/\/www.univ-dbkm.dz\/fsecsg1\/wp-json\/wp\/v2\/users\/1"}],"replies":[{"embeddable":true,"href":"http:\/\/www.univ-dbkm.dz\/fsecsg1\/wp-json\/wp\/v2\/comments?post=4396"}],"version-history":[{"count":7,"href":"http:\/\/www.univ-dbkm.dz\/fsecsg1\/wp-json\/wp\/v2\/pages\/4396\/revisions"}],"predecessor-version":[{"id":4446,"href":"http:\/\/www.univ-dbkm.dz\/fsecsg1\/wp-json\/wp\/v2\/pages\/4396\/revisions\/4446"}],"wp:attachment":[{"href":"http:\/\/www.univ-dbkm.dz\/fsecsg1\/wp-json\/wp\/v2\/media?parent=4396"}],"curies":[{"name":"wp","href":"https:\/\/api.w.org\/{rel}","templated":true}]}}