{"id":4926,"date":"2024-05-14T11:54:55","date_gmt":"2024-05-14T09:54:55","guid":{"rendered":"http:\/\/www.univ-dbkm.dz\/fsminfo\/?page_id=4926"},"modified":"2025-01-16T12:00:03","modified_gmt":"2025-01-16T11:00:03","slug":"departement-de-physique","status":"publish","type":"page","link":"http:\/\/www.univ-dbkm.dz\/fsminfo\/fr\/departement-de-physique\/","title":{"rendered":"D\u00e9partement de physique"},"content":{"rendered":"\t\t<div data-elementor-type=\"wp-page\" data-elementor-id=\"4926\" class=\"elementor elementor-4926\">\n\t\t\t\t<div class=\"elementor-element elementor-element-abdc63a e-flex e-con-boxed wpr-particle-no wpr-jarallax-no wpr-parallax-no wpr-sticky-section-no e-con e-parent\" data-id=\"abdc63a\" data-element_type=\"container\" data-settings=\"{&quot;background_background&quot;:&quot;classic&quot;}\">\n\t\t\t\t\t<div class=\"e-con-inner\">\n\t\t\t\t<div class=\"elementor-element elementor-element-451c91d0 elementor-widget elementor-widget-heading\" data-id=\"451c91d0\" data-element_type=\"widget\" data-widget_type=\"heading.default\">\n\t\t\t\t<div class=\"elementor-widget-container\">\n\t\t\t\t\t<h1 class=\"elementor-heading-title elementor-size-default\">D\u00e9partement de physique<\/h1>\t\t\t\t<\/div>\n\t\t\t\t<\/div>\n\t\t\t\t\t<\/div>\n\t\t\t\t<\/div>\n\t\t<div class=\"elementor-element elementor-element-41b39f2 e-flex e-con-boxed wpr-particle-no wpr-jarallax-no wpr-parallax-no wpr-sticky-section-no e-con e-parent\" data-id=\"41b39f2\" data-element_type=\"container\">\n\t\t\t\t\t<div class=\"e-con-inner\">\n\t\t\t\t<div class=\"elementor-element elementor-element-b31ff2f elementor-invisible elementor-widget elementor-widget-text-editor\" data-id=\"b31ff2f\" data-element_type=\"widget\" data-settings=\"{&quot;_animation&quot;:&quot;fadeInLeft&quot;}\" data-widget_type=\"text-editor.default\">\n\t\t\t\t<div class=\"elementor-widget-container\">\n\t\t\t\t\t\t\t\t\t<h3>Chef D\u00e9partement de physique<\/h3><h3><strong>\u00a0DR.Douici Mohamed\u00a0<\/strong><\/h3><h3><strong>E-Mail Professionnel :\u00a0<\/strong><\/h3><h3><a href=\"mailto:dep.physique@univ-dbkm.dz\">dep.physique@univ-dbkm.dz<\/a><\/h3>\t\t\t\t\t\t\t\t<\/div>\n\t\t\t\t<\/div>\n\t\t\t\t\t<\/div>\n\t\t\t\t<\/div>\n\t\t<div class=\"elementor-element elementor-element-ab6e0d2 e-flex e-con-boxed wpr-particle-no wpr-jarallax-no wpr-parallax-no wpr-sticky-section-no e-con e-parent\" data-id=\"ab6e0d2\" data-element_type=\"container\">\n\t\t\t\t\t<div class=\"e-con-inner\">\n\t\t<div class=\"elementor-element elementor-element-f243e3c e-con-full e-flex wpr-particle-no wpr-jarallax-no wpr-parallax-no wpr-sticky-section-no e-con e-child\" data-id=\"f243e3c\" data-element_type=\"container\">\n\t\t\t\t<div class=\"elementor-element elementor-element-075abf1 elementor-invisible elementor-widget elementor-widget-text-editor\" data-id=\"075abf1\" data-element_type=\"widget\" data-settings=\"{&quot;_animation&quot;:&quot;fadeInLeft&quot;}\" data-widget_type=\"text-editor.default\">\n\t\t\t\t<div class=\"elementor-widget-container\">\n\t\t\t\t\t\t\t\t\t<h3><span style=\"text-decoration: underline;\"><strong>Adjoint chef de d\u00e9partement charg\u00e9 de la P\u00e9dagogie<\/strong>\u00a0:<\/span><\/h3><h3>Dr. FERMOUS Rachid<\/h3><h3><span style=\"text-decoration: underline;\"><strong>Adjoint chef de d\u00e9partement Charg\u00e9 de la PGRS et RE<\/strong>\u00a0:<\/span><\/h3><h3>Dr. AYADI Souad<\/h3>\t\t\t\t\t\t\t\t<\/div>\n\t\t\t\t<\/div>\n\t\t\t\t<\/div>\n\t\t\t\t\t<\/div>\n\t\t\t\t<\/div>\n\t\t<div class=\"elementor-element elementor-element-df71485 e-flex e-con-boxed wpr-particle-no wpr-jarallax-no wpr-parallax-no wpr-sticky-section-no e-con e-parent\" data-id=\"df71485\" data-element_type=\"container\">\n\t\t\t\t\t<div class=\"e-con-inner\">\n\t\t<div class=\"elementor-element elementor-element-3273d79 e-con-full e-flex wpr-particle-no wpr-jarallax-no wpr-parallax-no wpr-sticky-section-no e-con e-child\" data-id=\"3273d79\" data-element_type=\"container\">\n\t\t\t\t<div class=\"elementor-element elementor-element-206d102 elementor-invisible elementor-widget elementor-widget-text-editor\" data-id=\"206d102\" data-element_type=\"widget\" data-settings=\"{&quot;_animation&quot;:&quot;fadeInLeft&quot;}\" data-widget_type=\"text-editor.default\">\n\t\t\t\t<div class=\"elementor-widget-container\">\n\t\t\t\t\t\t\t\t\t<h4><strong><u>Responsables p\u00e9dagogiques<\/u><\/strong><strong>\u00a0:<\/strong><\/h4><h4><strong>Responsable du Domaine\u00a0: <\/strong>Dr. BOUKABCHA Hocine<\/h4><h4><strong>Responsable du Fili\u00e8re<\/strong>\u00a0: Dr. MAZOUZ Amel<\/h4><h4><strong>Responsable du sp\u00e9cialit\u00e9 Master Physique th\u00e9orique<\/strong>\u00a0: Pr. DIAF Ahmed<\/h4><h4><strong>Responsable du sp\u00e9cialit\u00e9 Master Physique Appliqu\u00e9<\/strong>\u00a0: Dr. BENTRIDI Salah Eddine<\/h4><h4><strong><u>Liste des enseignants de d\u00e9partement<\/u><\/strong>\u00a0:<\/h4><table><tbody><tr><td width=\"180\"><h4>CHETTI Boualem<\/h4><\/td><td width=\"29\"><h4>Pr<\/h4><\/td><td width=\"205\"><h4>b.chetti@univ-dbkm.dz<\/h4><\/td><\/tr><tr><td width=\"180\"><h4>DIAF Ahmed<\/h4><\/td><td width=\"29\"><h4>Pr<\/h4><\/td><td width=\"205\"><h4>a.diaf@univ-dbkm.dz<\/h4><\/td><\/tr><tr><td width=\"180\"><h4>BOUKABCHA Hocine<\/h4><\/td><td width=\"29\"><h4>MCA<\/h4><\/td><td width=\"205\"><h4>h.boukabcha@univ-dbkm.dz<\/h4><\/td><\/tr><tr><td width=\"180\"><h4>SADOUKI Mustapha<\/h4><\/td><td width=\"29\"><h4>MCA<\/h4><\/td><td width=\"205\"><h4>mustapha.sadouki@univ-dbkm.dz<\/h4><\/td><\/tr><tr><td width=\"180\"><h4>AYADI SOUAD<\/h4><\/td><td width=\"29\"><h4>MCA<\/h4><\/td><td width=\"205\"><h4>s.ayadi@univ-dbkm.dz<\/h4><\/td><\/tr><tr><td width=\"180\"><h4>BENTRIDI Salah Eddine<\/h4><\/td><td width=\"29\"><h4>MCA<\/h4><\/td><td width=\"205\"><h4>s.bentridi@univ-dbkm.dz<\/h4><\/td><\/tr><tr><td width=\"180\"><h4>DOUICI Mohamed<\/h4><\/td><td width=\"29\"><h4>MCA<\/h4><\/td><td width=\"205\"><h4>m.douici@unv-dbkm.dz<\/h4><\/td><\/tr><tr><td width=\"180\"><h4>FERMOUS Rachid<\/h4><\/td><td width=\"29\"><h4>MCA<\/h4><\/td><td width=\"205\"><h4>r.fermous@univ-dbkm.dz<\/h4><\/td><\/tr><tr><td width=\"180\"><h4>MODERRES Mourad<\/h4><\/td><td width=\"29\"><h4>MCA<\/h4><\/td><td width=\"205\"><h4>mourad.moderres@univ-dbkm.dz<\/h4><\/td><\/tr><tr><td width=\"180\"><h4>EL BAA Mohamed<\/h4><\/td><td width=\"29\"><h4>MCB<\/h4><\/td><td width=\"205\"><h4>m.elbaa@univ-dbkm.dz<\/h4><\/td><\/tr><tr><td width=\"180\"><h4>SLIMANE Leila<\/h4><\/td><td width=\"29\"><h4>MCB<\/h4><\/td><td width=\"205\"><h4>l.slimane@univ-dbkm.dz<\/h4><\/td><\/tr><tr><td width=\"180\"><h4>MAZOUZ Amel<\/h4><\/td><td width=\"29\"><h4>MCB<\/h4><\/td><td width=\"205\"><h4>a.mazouz@univ-dbkm.dz<\/h4><\/td><\/tr><tr><td width=\"180\"><h4>ZAOUI Sanaa<\/h4><\/td><td width=\"29\"><h4>MCB<\/h4><\/td><td width=\"205\"><h4>s.zaoui@univ-dbkm.dz<\/h4><\/td><\/tr><tr><td width=\"180\"><h4>REDAOUIA Keltoum<\/h4><\/td><td width=\"29\"><h4>MCB<\/h4><\/td><td width=\"205\"><h4>k.redaouia@univ-dbkm.dz<\/h4><\/td><\/tr><tr><td width=\"180\"><h4>OULDARAB Halima<\/h4><\/td><td width=\"29\"><h4>MAA<\/h4><\/td><td width=\"205\"><h4>h.ouldarab@univ-dbkm.dz<\/h4><\/td><\/tr><tr><td width=\"180\"><h4>KOUIDER AKIL Souad<\/h4><\/td><td width=\"29\"><h4>MAA<\/h4><\/td><td width=\"205\"><h4>s.kouider-akil@univ-dbkm.dz<\/h4><\/td><\/tr><tr><td width=\"180\"><h4>SID Mohamed<\/h4><\/td><td width=\"29\"><h4>MAA<\/h4><\/td><td width=\"205\"><h4>mohamed.sid@univ-dbkm.dz<\/h4><\/td><\/tr><tr><td width=\"180\"><h4>BENHADJ TAHAR Yacine<\/h4><\/td><td width=\"29\"><h4>MAA<\/h4><\/td><td width=\"205\"><h4>y.benhadjtahar@univ-dbkm.dz<\/h4><\/td><\/tr><\/tbody><\/table>\t\t\t\t\t\t\t\t<\/div>\n\t\t\t\t<\/div>\n\t\t\t\t<\/div>\n\t\t\t\t\t<\/div>\n\t\t\t\t<\/div>\n\t\t<div class=\"elementor-element elementor-element-37fedd22 e-flex e-con-boxed wpr-particle-no wpr-jarallax-no wpr-parallax-no wpr-sticky-section-no e-con e-parent\" data-id=\"37fedd22\" data-element_type=\"container\" data-settings=\"{&quot;background_background&quot;:&quot;classic&quot;}\">\n\t\t\t\t\t<div class=\"e-con-inner\">\n\t\t\t\t<div class=\"elementor-element elementor-element-5995d46a elementor-widget-divider--separator-type-pattern elementor-widget-divider--view-line elementor-widget elementor-widget-divider\" data-id=\"5995d46a\" data-element_type=\"widget\" data-widget_type=\"divider.default\">\n\t\t\t\t<div class=\"elementor-widget-container\">\n\t\t\t\t\t\t\t<div class=\"elementor-divider\" style=\"--divider-pattern-url: url(&quot;data:image\/svg+xml,%3Csvg xmlns=&#039;http:\/\/www.w3.org\/2000\/svg&#039; preserveAspectRatio=&#039;none&#039; overflow=&#039;visible&#039; height=&#039;100%&#039; viewBox=&#039;0 0 24 24&#039; fill=&#039;black&#039; stroke=&#039;none&#039;%3E%3Cpath d=&#039;M12.7,2.3c-0.4-0.4-1.1-0.4-1.5,0l-8,9.1c-0.3,0.4-0.3,0.9,0,1.2l8,9.1c0.4,0.4,1.1,0.4,1.5,0l8-9.1c0.3-0.4,0.3-0.9,0-1.2L12.7,2.3z&#039;\/%3E%3C\/svg%3E&quot;);\">\n\t\t\t<span class=\"elementor-divider-separator\">\n\t\t\t\t\t\t<\/span>\n\t\t<\/div>\n\t\t\t\t\t\t<\/div>\n\t\t\t\t<\/div>\n\t\t\t\t<div class=\"elementor-element elementor-element-199206df elementor-widget elementor-widget-heading\" data-id=\"199206df\" data-element_type=\"widget\" data-widget_type=\"heading.default\">\n\t\t\t\t<div class=\"elementor-widget-container\">\n\t\t\t\t\t<h3 class=\"elementor-heading-title elementor-size-default\">\u0643\u0644\u064a\u0629 \u0639\u0644\u0648\u0645 \u0627\u0644\u0645\u0627\u062f\u0629 \u0648 \u0627\u0644\u0627\u0639\u0644\u0627\u0645 \u0627\u0644\u0627\u0644\u064a<br>\n\u0627\u0644\u0628\u0631\u064a\u062f \u0627\u0644\u0627\u0643\u062a\u0631\u0648\u0646\u064a :<br><br> \u0627\u0644\u0647\u0627\u062a\u0641\/ \u0627\u0644\u0641\u0627\u0643\u0633 :<br>\n<br>\u0627\u0644\u0639\u0646\u0648\u0627\u0646 : \u0637\u0631\u064a\u0642 \u062b\u0646\u064a\u0629 \u0627\u0644\u0627\u062d\u062f \u062e\u0645\u064a\u0633 \u0645\u0644\u064a\u0627\u0646\u0629 - 44225 -\n\u0648\u0644\u0627\u064a\u0629 \u0639\u064a\u0646 \u0627\u0644\u062f\u0641\u0644\u0649 - \u0627\u0644\u062c\u0632\u0627\u0626\u0631<\/h3>\t\t\t\t<\/div>\n\t\t\t\t<\/div>\n\t\t\t\t<div class=\"elementor-element elementor-element-322e39a5 elementor-widget-divider--separator-type-pattern elementor-widget-divider--view-line elementor-widget elementor-widget-divider\" data-id=\"322e39a5\" data-element_type=\"widget\" data-widget_type=\"divider.default\">\n\t\t\t\t<div class=\"elementor-widget-container\">\n\t\t\t\t\t\t\t<div class=\"elementor-divider\" style=\"--divider-pattern-url: url(&quot;data:image\/svg+xml,%3Csvg xmlns=&#039;http:\/\/www.w3.org\/2000\/svg&#039; preserveAspectRatio=&#039;none&#039; overflow=&#039;visible&#039; height=&#039;100%&#039; viewBox=&#039;0 0 24 24&#039; fill=&#039;black&#039; stroke=&#039;none&#039;%3E%3Cpath d=&#039;M12.7,2.3c-0.4-0.4-1.1-0.4-1.5,0l-8,9.1c-0.3,0.4-0.3,0.9,0,1.2l8,9.1c0.4,0.4,1.1,0.4,1.5,0l8-9.1c0.3-0.4,0.3-0.9,0-1.2L12.7,2.3z&#039;\/%3E%3C\/svg%3E&quot;);\">\n\t\t\t<span class=\"elementor-divider-separator\">\n\t\t\t\t\t\t<\/span>\n\t\t<\/div>\n\t\t\t\t\t\t<\/div>\n\t\t\t\t<\/div>\n\t\t\t\t\t<\/div>\n\t\t\t\t<\/div>\n\t\t\t\t<\/div>\n\t\t","protected":false},"excerpt":{"rendered":"<p>D\u00e9partement de physique Chef D\u00e9partement de physique \u00a0DR.Douici Mohamed\u00a0 E-Mail Professionnel :\u00a0 dep.physique@univ-dbkm.dz Adjoint chef de d\u00e9partement charg\u00e9 de la P\u00e9dagogie\u00a0: Dr. FERMOUS Rachid Adjoint chef de d\u00e9partement Charg\u00e9 de la PGRS et RE\u00a0: Dr. AYADI Souad Responsables p\u00e9dagogiques\u00a0: Responsable du Domaine\u00a0: Dr. BOUKABCHA Hocine Responsable du Fili\u00e8re\u00a0: Dr. MAZOUZ Amel Responsable du sp\u00e9cialit\u00e9 Master Physique th\u00e9orique\u00a0: Pr. DIAF Ahmed Responsable du sp\u00e9cialit\u00e9 Master Physique Appliqu\u00e9\u00a0: Dr. BENTRIDI Salah Eddine Liste des enseignants de d\u00e9partement\u00a0: CHETTI Boualem Pr b.chetti@univ-dbkm.dz DIAF Ahmed Pr a.diaf@univ-dbkm.dz BOUKABCHA Hocine MCA h.boukabcha@univ-dbkm.dz SADOUKI Mustapha MCA mustapha.sadouki@univ-dbkm.dz AYADI SOUAD MCA s.ayadi@univ-dbkm.dz BENTRIDI Salah Eddine MCA s.bentridi@univ-dbkm.dz DOUICI Mohamed MCA m.douici@unv-dbkm.dz FERMOUS Rachid MCA r.fermous@univ-dbkm.dz MODERRES Mourad MCA mourad.moderres@univ-dbkm.dz EL BAA Mohamed MCB m.elbaa@univ-dbkm.dz SLIMANE Leila MCB l.slimane@univ-dbkm.dz MAZOUZ Amel MCB a.mazouz@univ-dbkm.dz ZAOUI Sanaa MCB s.zaoui@univ-dbkm.dz REDAOUIA Keltoum MCB k.redaouia@univ-dbkm.dz OULDARAB Halima MAA h.ouldarab@univ-dbkm.dz KOUIDER AKIL Souad MAA s.kouider-akil@univ-dbkm.dz SID Mohamed MAA mohamed.sid@univ-dbkm.dz BENHADJ TAHAR Yacine MAA y.benhadjtahar@univ-dbkm.dz \u0643\u0644\u064a\u0629 \u0639\u0644\u0648\u0645 \u0627\u0644\u0645\u0627\u062f\u0629 \u0648 \u0627\u0644\u0627\u0639\u0644\u0627\u0645 \u0627\u0644\u0627\u0644\u064a \u0627\u0644\u0628\u0631\u064a\u062f \u0627\u0644\u0627\u0643\u062a\u0631\u0648\u0646\u064a : \u0627\u0644\u0647\u0627\u062a\u0641\/ \u0627\u0644\u0641\u0627\u0643\u0633 : \u0627\u0644\u0639\u0646\u0648\u0627\u0646 : \u0637\u0631\u064a\u0642 \u062b\u0646\u064a\u0629 \u0627\u0644\u0627\u062d\u062f \u062e\u0645\u064a\u0633 \u0645\u0644\u064a\u0627\u0646\u0629 &#8211; 44225 &#8211; \u0648\u0644\u0627\u064a\u0629 \u0639\u064a\u0646 \u0627\u0644\u062f\u0641\u0644\u0649 &#8211; \u0627\u0644\u062c\u0632\u0627\u0626\u0631<\/p>\n","protected":false},"author":1,"featured_media":0,"parent":0,"menu_order":0,"comment_status":"closed","ping_status":"closed","template":"","meta":{"_uag_custom_page_level_css":"","site-sidebar-layout":"no-sidebar","site-content-layout":"page-builder","ast-site-content-layout":"full-width-container","site-content-style":"unboxed","site-sidebar-style":"unboxed","ast-global-header-display":"","ast-banner-title-visibility":"","ast-main-header-display":"","ast-hfb-above-header-display":"","ast-hfb-below-header-display":"","ast-hfb-mobile-header-display":"","site-post-title":"disabled","ast-breadcrumbs-content":"","ast-featured-img":"disabled","footer-sml-layout":"","theme-transparent-header-meta":"","adv-header-id-meta":"","stick-header-meta":"","header-above-stick-meta":"","header-main-stick-meta":"","header-below-stick-meta":"","astra-migrate-meta-layouts":"set","ast-page-background-enabled":"default","ast-page-background-meta":{"desktop":{"background-color":"var(--ast-global-color-4)","background-image":"","background-repeat":"repeat","background-position":"center center","background-size":"auto","background-attachment":"scroll","background-type":"","background-media":"","overlay-type":"","overlay-color":"","overlay-gradient":""},"tablet":{"background-color":"","background-image":"","background-repeat":"repeat","background-position":"center center","background-size":"auto","background-attachment":"scroll","background-type":"","background-media":"","overlay-type":"","overlay-color":"","overlay-gradient":""},"mobile":{"background-color":"","background-image":"","background-repeat":"repeat","background-position":"center center","background-size":"auto","background-attachment":"scroll","background-type":"","background-media":"","overlay-type":"","overlay-color":"","overlay-gradient":""}},"ast-content-background-meta":{"desktop":{"background-color":"var(--ast-global-color-5)","background-image":"","background-repeat":"repeat","background-position":"center center","background-size":"auto","background-attachment":"scroll","background-type":"","background-media":"","overlay-type":"","overlay-color":"","overlay-gradient":""},"tablet":{"background-color":"var(--ast-global-color-5)","background-image":"","background-repeat":"repeat","background-position":"center center","background-size":"auto","background-attachment":"scroll","background-type":"","background-media":"","overlay-type":"","overlay-color":"","overlay-gradient":""},"mobile":{"background-color":"var(--ast-global-color-5)","background-image":"","background-repeat":"repeat","background-position":"center center","background-size":"auto","background-attachment":"scroll","background-type":"","background-media":"","overlay-type":"","overlay-color":"","overlay-gradient":""}},"footnotes":""},"class_list":["post-4926","page","type-page","status-publish","hentry"],"uagb_featured_image_src":{"full":false,"thumbnail":false,"medium":false,"medium_large":false,"large":false,"1536x1536":false,"2048x2048":false},"uagb_author_info":{"display_name":"fsminfo","author_link":"http:\/\/www.univ-dbkm.dz\/fsminfo\/author\/fsminfo\/"},"uagb_comment_info":0,"uagb_excerpt":"D\u00e9partement de physique Chef D\u00e9partement de physique \u00a0DR.Douici Mohamed\u00a0 E-Mail Professionnel :\u00a0 dep.physique@univ-dbkm.dz Adjoint chef de d\u00e9partement charg\u00e9 de la P\u00e9dagogie\u00a0: Dr. FERMOUS Rachid Adjoint chef de d\u00e9partement Charg\u00e9 de la PGRS et RE\u00a0: Dr. AYADI Souad Responsables p\u00e9dagogiques\u00a0: Responsable du Domaine\u00a0: Dr. BOUKABCHA Hocine Responsable du Fili\u00e8re\u00a0: Dr. MAZOUZ Amel Responsable du sp\u00e9cialit\u00e9 Master\u2026","_links":{"self":[{"href":"http:\/\/www.univ-dbkm.dz\/fsminfo\/wp-json\/wp\/v2\/pages\/4926","targetHints":{"allow":["GET"]}}],"collection":[{"href":"http:\/\/www.univ-dbkm.dz\/fsminfo\/wp-json\/wp\/v2\/pages"}],"about":[{"href":"http:\/\/www.univ-dbkm.dz\/fsminfo\/wp-json\/wp\/v2\/types\/page"}],"author":[{"embeddable":true,"href":"http:\/\/www.univ-dbkm.dz\/fsminfo\/wp-json\/wp\/v2\/users\/1"}],"replies":[{"embeddable":true,"href":"http:\/\/www.univ-dbkm.dz\/fsminfo\/wp-json\/wp\/v2\/comments?post=4926"}],"version-history":[{"count":10,"href":"http:\/\/www.univ-dbkm.dz\/fsminfo\/wp-json\/wp\/v2\/pages\/4926\/revisions"}],"predecessor-version":[{"id":6221,"href":"http:\/\/www.univ-dbkm.dz\/fsminfo\/wp-json\/wp\/v2\/pages\/4926\/revisions\/6221"}],"wp:attachment":[{"href":"http:\/\/www.univ-dbkm.dz\/fsminfo\/wp-json\/wp\/v2\/media?parent=4926"}],"curies":[{"name":"wp","href":"https:\/\/api.w.org\/{rel}","templated":true}]}}