{"id":4944,"date":"2024-05-15T12:06:04","date_gmt":"2024-05-15T10:06:04","guid":{"rendered":"http:\/\/www.univ-dbkm.dz\/fsminfo\/?page_id=4944"},"modified":"2025-03-16T14:32:55","modified_gmt":"2025-03-16T13:32:55","slug":"departement-de-linformatique-2","status":"publish","type":"page","link":"http:\/\/www.univ-dbkm.dz\/fsminfo\/fr\/departement-de-linformatique-2\/","title":{"rendered":"D\u00e9partement de l&rsquo;informatique"},"content":{"rendered":"\t\t<div data-elementor-type=\"wp-page\" data-elementor-id=\"4944\" class=\"elementor elementor-4944\">\n\t\t\t\t<div class=\"elementor-element elementor-element-59fead9d e-flex e-con-boxed wpr-particle-no wpr-jarallax-no wpr-parallax-no wpr-sticky-section-no e-con e-parent\" data-id=\"59fead9d\" data-element_type=\"container\" data-settings=\"{&quot;background_background&quot;:&quot;classic&quot;}\">\n\t\t\t\t\t<div class=\"e-con-inner\">\n\t\t\t\t<div class=\"elementor-element elementor-element-70c904d3 elementor-widget elementor-widget-heading\" data-id=\"70c904d3\" data-element_type=\"widget\" data-widget_type=\"heading.default\">\n\t\t\t\t<div class=\"elementor-widget-container\">\n\t\t\t\t\t<h1 class=\"elementor-heading-title elementor-size-default\">D\u00e9partement de l'informatique<\/h1>\t\t\t\t<\/div>\n\t\t\t\t<\/div>\n\t\t\t\t\t<\/div>\n\t\t\t\t<\/div>\n\t\t<div class=\"elementor-element elementor-element-b761aba e-flex e-con-boxed wpr-particle-no wpr-jarallax-no wpr-parallax-no wpr-sticky-section-no e-con e-parent\" data-id=\"b761aba\" data-element_type=\"container\">\n\t\t\t\t\t<div class=\"e-con-inner\">\n\t\t\t\t<div class=\"elementor-element elementor-element-75d000aa elementor-invisible elementor-widget elementor-widget-text-editor\" data-id=\"75d000aa\" data-element_type=\"widget\" data-settings=\"{&quot;_animation&quot;:&quot;fadeInLeft&quot;}\" data-widget_type=\"text-editor.default\">\n\t\t\t\t<div class=\"elementor-widget-container\">\n\t\t\t\t\t\t\t\t\t<h3><strong>Chef de d\u00e9partement de l&rsquo;informatique :<\/strong><\/h3><h3><strong>Mr.<\/strong>\u00a0Haniche Fay\u00e7al<\/h3><h3><strong>E-Mail Professionnel\u00a0 :<\/strong><\/h3><h3><strong><a href=\"mailto:dep.informatique@univ-dbkm.dz\">dep.informatique@univ-dbkm.dz<\/a><\/strong><\/h3>\t\t\t\t\t\t\t\t<\/div>\n\t\t\t\t<\/div>\n\t\t\t\t\t<\/div>\n\t\t\t\t<\/div>\n\t\t<div class=\"elementor-element elementor-element-45c5d5d e-flex e-con-boxed wpr-particle-no wpr-jarallax-no wpr-parallax-no wpr-sticky-section-no e-con e-parent\" data-id=\"45c5d5d\" data-element_type=\"container\">\n\t\t\t\t\t<div class=\"e-con-inner\">\n\t\t<div class=\"elementor-element elementor-element-50f268a e-con-full e-flex wpr-particle-no wpr-jarallax-no wpr-parallax-no wpr-sticky-section-no e-con e-child\" data-id=\"50f268a\" data-element_type=\"container\">\n\t\t\t\t<div class=\"elementor-element elementor-element-bedc139 elementor-invisible elementor-widget elementor-widget-text-editor\" data-id=\"bedc139\" data-element_type=\"widget\" data-settings=\"{&quot;_animation&quot;:&quot;fadeInLeft&quot;}\" data-widget_type=\"text-editor.default\">\n\t\t\t\t<div class=\"elementor-widget-container\">\n\t\t\t\t\t\t\t\t\t<h3><span style=\"text-decoration: underline;\"><strong>Adjoint chef de d\u00e9partement charg\u00e9 de la P\u00e9dagogie<\/strong><\/span>\u00a0:<\/h3><h3>Mr. Khalfi Ali<\/h3><h3><span style=\"text-decoration: underline;\"><strong>Adjoint chef de d\u00e9partement Charg\u00e9 de la PGRS et RE<\/strong>\u00a0<\/span>:<\/h3><h3>Dr. AIT ABDERRAHIM Im\u00e8ne<\/h3>\t\t\t\t\t\t\t\t<\/div>\n\t\t\t\t<\/div>\n\t\t\t\t<\/div>\n\t\t\t\t\t<\/div>\n\t\t\t\t<\/div>\n\t\t<div class=\"elementor-element elementor-element-4c08a94 e-flex e-con-boxed wpr-particle-no wpr-jarallax-no wpr-parallax-no wpr-sticky-section-no e-con e-parent\" data-id=\"4c08a94\" data-element_type=\"container\">\n\t\t\t\t\t<div class=\"e-con-inner\">\n\t\t<div class=\"elementor-element elementor-element-e89d4cc e-con-full e-flex wpr-particle-no wpr-jarallax-no wpr-parallax-no wpr-sticky-section-no e-con e-child\" data-id=\"e89d4cc\" data-element_type=\"container\">\n\t\t<div class=\"elementor-element elementor-element-5a845d4 e-con-full e-flex wpr-particle-no wpr-jarallax-no wpr-parallax-no wpr-sticky-section-no e-con e-child\" data-id=\"5a845d4\" data-element_type=\"container\">\n\t\t\t\t<div class=\"elementor-element elementor-element-780ecb9 elementor-invisible elementor-widget elementor-widget-text-editor\" data-id=\"780ecb9\" data-element_type=\"widget\" data-settings=\"{&quot;_animation&quot;:&quot;fadeInLeft&quot;}\" data-widget_type=\"text-editor.default\">\n\t\t\t\t<div class=\"elementor-widget-container\">\n\t\t\t\t\t\t\t\t\t<h4><strong><u>Responsables p\u00e9dagogiques<\/u><\/strong><strong>\u00a0:<\/strong><\/h4><h4><strong>Responsable du Domaine\u00a0: <\/strong>Dr. SADAOUI Boualem<\/h4><h4><strong>Responsable du Fili\u00e8re<\/strong>\u00a0: Mr. BOUKADOUM Omar<\/h4><h4><strong>Responsable de Sp\u00e9cialit\u00e9 Licence Syst\u00e8mes Informatique<\/strong>\u00a0: Dr. GOUDJIL Mohamed<\/h4><h4><strong>Responsable du sp\u00e9cialit\u00e9 Master G\u00e9nie de Logiciel et Systemes Distribues<\/strong>\u00a0: Mr. MOHAMED BOUZIANE Ilyes.<\/h4><h4><strong><u>Liste des enseignants de d\u00e9partement<\/u><\/strong>\u00a0:<\/h4><table><tbody><tr><td width=\"255\"><h4>HACHICHI Hiba<\/h4><\/td><td width=\"76\"><h4>MCA<\/h4><\/td><td width=\"274\"><h4>h.hachichi@univ-dbkm.dz<\/h4><\/td><\/tr><tr><td width=\"255\"><h4>AIT ABDERHIM im\u00e8ne<\/h4><\/td><td width=\"76\"><h4>MCB<\/h4><\/td><td width=\"274\"><h4><a href=\"mailto:i.aitabderrahim@univ-dbkm.dz\">i.aitabderrahim@univ-dbkm.dz<\/a><\/h4><\/td><\/tr><tr><td width=\"255\"><h4>GOUDJIL Mohamed<\/h4><\/td><td width=\"76\"><h4>MCB<\/h4><\/td><td width=\"274\"><h4>m.goudjil@univ-dbkm.dz<\/h4><\/td><\/tr><tr><td width=\"255\"><h4>HARICHE Abdelhamid<\/h4><\/td><td width=\"76\"><h4>MCB<\/h4><\/td><td width=\"274\"><h4><a href=\"mailto:a.hariche@univ-dbkm.dz\">a.hariche@univ-dbkm.dz<\/a><\/h4><\/td><\/tr><tr><td width=\"255\"><h4>MAHROUG RABIAA<\/h4><\/td><td width=\"76\"><h4>MCB<\/h4><\/td><td width=\"274\"><h4><a href=\"mailto:r.mahroug@univ-dbkm.dz\">r.mahroug@univ-dbkm.dz<\/a><\/h4><\/td><\/tr><tr><td width=\"255\"><h4>BOUKADOUM Omar<\/h4><\/td><td width=\"76\"><h4>MAA<\/h4><\/td><td width=\"274\"><h4><a href=\"mailto:o.boukadoum@univ-dbkm.dz\">o.boukadoum@univ-dbkm.dz<\/a><\/h4><\/td><\/tr><tr><td width=\"255\"><h4>HARBOUCHE Oussama<\/h4><\/td><td width=\"76\"><h4>MAA<\/h4><\/td><td width=\"274\"><h4><a href=\"mailto:o.harbouche@univ-dbkm.dz\">o.harbouche@univ-dbkm.dz<\/a><\/h4><\/td><\/tr><tr><td width=\"255\"><h4>HANICHE Fay\u00e7al<\/h4><\/td><td width=\"76\"><h4>MAA<\/h4><\/td><td width=\"274\"><h4><a href=\"mailto:f.haniche@univ-dbkm.dz\">f.haniche@univ-dbkm.dz<\/a><\/h4><\/td><\/tr><tr><td width=\"255\"><h4>HADJ-SADOK Salah Eddine<\/h4><\/td><td width=\"76\"><h4>MAA<\/h4><\/td><td width=\"274\"><h4><a href=\"mailto:s.hadj-sadok@univ-dbkm.dz\">s.hadj-sadok@univ-dbkm.dz<\/a><\/h4><\/td><\/tr><tr><td width=\"255\"><h4>MOHAMMED BOUZIANE Ilyes<\/h4><\/td><td width=\"76\"><h4>MAA<\/h4><\/td><td width=\"274\"><h4><a href=\"mailto:i.mohammed-bouziane@univ-dbkm.dz\">i.mohammed-bouziane@univ-dbkm.dz<\/a><\/h4><\/td><\/tr><tr><td width=\"255\"><h4>BOUDALI Fatiha<\/h4><\/td><td width=\"76\"><h4>MAA<\/h4><\/td><td width=\"274\"><h4><a href=\"mailto:f.boudali@univ-dbkm.dz\">f.boudali@univ-dbkm.dz<\/a><\/h4><\/td><\/tr><tr><td width=\"255\"><h4>KHALFI Ali<\/h4><\/td><td width=\"76\"><h4>MAA<\/h4><\/td><td width=\"274\"><h4><a href=\"mailto:a.khalfi@univ-dbkm.dz\">a.khalfi@univ-dbkm.dz<\/a><\/h4><\/td><\/tr><tr><td width=\"255\"><h4>BENZOUAK Amina<\/h4><\/td><td width=\"76\"><h4>MAB<\/h4><\/td><td width=\"274\"><h4><a href=\"mailto:a.benzouak@univ-dbkm.dz\">a.benzouak@univ-dbkm.dz<\/a><\/h4><\/td><\/tr><tr><td width=\"144\"><h4>KOUADRI HABBAZE Horiya<\/h4><\/td><td width=\"120\"><h4>MAB<\/h4><\/td><td width=\"251\"><h4><a href=\"mailto:w.miloud-dahmane@univ-dbkm.dz\">w.miloud-dahmane@univ-dbkm.dz<\/a><\/h4><\/td><\/tr><tr><td width=\"144\"><h4>MILOUD DAHMANE Walid<\/h4><\/td><td width=\"120\"><h4>MAB<\/h4><\/td><td width=\"251\"><h4><a href=\"mailto:w.miloud-dahmane@univ-dbkm.dz\">w.miloud-dahmane@univ-dbkm.dz<\/a><\/h4><\/td><\/tr><\/tbody><\/table><h4>\u00a0<\/h4>\t\t\t\t\t\t\t\t<\/div>\n\t\t\t\t<\/div>\n\t\t\t\t<\/div>\n\t\t\t\t<\/div>\n\t\t\t\t\t<\/div>\n\t\t\t\t<\/div>\n\t\t<div class=\"elementor-element elementor-element-78e944f7 e-flex e-con-boxed wpr-particle-no wpr-jarallax-no wpr-parallax-no wpr-sticky-section-no e-con e-parent\" data-id=\"78e944f7\" data-element_type=\"container\" data-settings=\"{&quot;background_background&quot;:&quot;classic&quot;}\">\n\t\t\t\t\t<div class=\"e-con-inner\">\n\t\t\t\t<div class=\"elementor-element elementor-element-5851c28e elementor-widget-divider--separator-type-pattern elementor-widget-divider--view-line elementor-widget elementor-widget-divider\" data-id=\"5851c28e\" data-element_type=\"widget\" data-widget_type=\"divider.default\">\n\t\t\t\t<div class=\"elementor-widget-container\">\n\t\t\t\t\t\t\t<div class=\"elementor-divider\" style=\"--divider-pattern-url: url(&quot;data:image\/svg+xml,%3Csvg xmlns=&#039;http:\/\/www.w3.org\/2000\/svg&#039; preserveAspectRatio=&#039;none&#039; overflow=&#039;visible&#039; height=&#039;100%&#039; viewBox=&#039;0 0 24 24&#039; fill=&#039;black&#039; stroke=&#039;none&#039;%3E%3Cpath d=&#039;M12.7,2.3c-0.4-0.4-1.1-0.4-1.5,0l-8,9.1c-0.3,0.4-0.3,0.9,0,1.2l8,9.1c0.4,0.4,1.1,0.4,1.5,0l8-9.1c0.3-0.4,0.3-0.9,0-1.2L12.7,2.3z&#039;\/%3E%3C\/svg%3E&quot;);\">\n\t\t\t<span class=\"elementor-divider-separator\">\n\t\t\t\t\t\t<\/span>\n\t\t<\/div>\n\t\t\t\t\t\t<\/div>\n\t\t\t\t<\/div>\n\t\t\t\t<div class=\"elementor-element elementor-element-ffa0937 elementor-widget elementor-widget-heading\" data-id=\"ffa0937\" data-element_type=\"widget\" data-widget_type=\"heading.default\">\n\t\t\t\t<div class=\"elementor-widget-container\">\n\t\t\t\t\t<h3 class=\"elementor-heading-title elementor-size-default\">\u0643\u0644\u064a\u0629 \u0639\u0644\u0648\u0645 \u0627\u0644\u0645\u0627\u062f\u0629 \u0648 \u0627\u0644\u0627\u0639\u0644\u0627\u0645 \u0627\u0644\u0627\u0644\u064a<br>\n\u0627\u0644\u0628\u0631\u064a\u062f \u0627\u0644\u0627\u0643\u062a\u0631\u0648\u0646\u064a :<br><br> \u0627\u0644\u0647\u0627\u062a\u0641\/ \u0627\u0644\u0641\u0627\u0643\u0633 :<br>\n<br>\u0627\u0644\u0639\u0646\u0648\u0627\u0646 : \u0637\u0631\u064a\u0642 \u062b\u0646\u064a\u0629 \u0627\u0644\u0627\u062d\u062f \u062e\u0645\u064a\u0633 \u0645\u0644\u064a\u0627\u0646\u0629 - 44225 -\n\u0648\u0644\u0627\u064a\u0629 \u0639\u064a\u0646 \u0627\u0644\u062f\u0641\u0644\u0649 - \u0627\u0644\u062c\u0632\u0627\u0626\u0631<\/h3>\t\t\t\t<\/div>\n\t\t\t\t<\/div>\n\t\t\t\t<div class=\"elementor-element elementor-element-50ab210c elementor-widget-divider--separator-type-pattern elementor-widget-divider--view-line elementor-widget elementor-widget-divider\" data-id=\"50ab210c\" data-element_type=\"widget\" data-widget_type=\"divider.default\">\n\t\t\t\t<div class=\"elementor-widget-container\">\n\t\t\t\t\t\t\t<div class=\"elementor-divider\" style=\"--divider-pattern-url: url(&quot;data:image\/svg+xml,%3Csvg xmlns=&#039;http:\/\/www.w3.org\/2000\/svg&#039; preserveAspectRatio=&#039;none&#039; overflow=&#039;visible&#039; height=&#039;100%&#039; viewBox=&#039;0 0 24 24&#039; fill=&#039;black&#039; stroke=&#039;none&#039;%3E%3Cpath d=&#039;M12.7,2.3c-0.4-0.4-1.1-0.4-1.5,0l-8,9.1c-0.3,0.4-0.3,0.9,0,1.2l8,9.1c0.4,0.4,1.1,0.4,1.5,0l8-9.1c0.3-0.4,0.3-0.9,0-1.2L12.7,2.3z&#039;\/%3E%3C\/svg%3E&quot;);\">\n\t\t\t<span class=\"elementor-divider-separator\">\n\t\t\t\t\t\t<\/span>\n\t\t<\/div>\n\t\t\t\t\t\t<\/div>\n\t\t\t\t<\/div>\n\t\t\t\t\t<\/div>\n\t\t\t\t<\/div>\n\t\t\t\t<\/div>\n\t\t","protected":false},"excerpt":{"rendered":"<p>D\u00e9partement de l&rsquo;informatique Chef de d\u00e9partement de l&rsquo;informatique : Mr.\u00a0Haniche Fay\u00e7al E-Mail Professionnel\u00a0 : dep.informatique@univ-dbkm.dz Adjoint chef de d\u00e9partement charg\u00e9 de la P\u00e9dagogie\u00a0: Mr. Khalfi Ali Adjoint chef de d\u00e9partement Charg\u00e9 de la PGRS et RE\u00a0: Dr. AIT ABDERRAHIM Im\u00e8ne Responsables p\u00e9dagogiques\u00a0: Responsable du Domaine\u00a0: Dr. SADAOUI Boualem Responsable du Fili\u00e8re\u00a0: Mr. BOUKADOUM Omar Responsable de Sp\u00e9cialit\u00e9 Licence Syst\u00e8mes Informatique\u00a0: Dr. GOUDJIL Mohamed Responsable du sp\u00e9cialit\u00e9 Master G\u00e9nie de Logiciel et Systemes Distribues\u00a0: Mr. MOHAMED BOUZIANE Ilyes. Liste des enseignants de d\u00e9partement\u00a0: HACHICHI Hiba MCA h.hachichi@univ-dbkm.dz AIT ABDERHIM im\u00e8ne MCB i.aitabderrahim@univ-dbkm.dz GOUDJIL Mohamed MCB m.goudjil@univ-dbkm.dz HARICHE Abdelhamid MCB a.hariche@univ-dbkm.dz MAHROUG RABIAA MCB r.mahroug@univ-dbkm.dz BOUKADOUM Omar MAA o.boukadoum@univ-dbkm.dz HARBOUCHE Oussama MAA o.harbouche@univ-dbkm.dz HANICHE Fay\u00e7al MAA f.haniche@univ-dbkm.dz HADJ-SADOK Salah Eddine MAA s.hadj-sadok@univ-dbkm.dz MOHAMMED BOUZIANE Ilyes MAA i.mohammed-bouziane@univ-dbkm.dz BOUDALI Fatiha MAA f.boudali@univ-dbkm.dz KHALFI Ali MAA a.khalfi@univ-dbkm.dz BENZOUAK Amina MAB a.benzouak@univ-dbkm.dz KOUADRI HABBAZE Horiya MAB w.miloud-dahmane@univ-dbkm.dz MILOUD DAHMANE Walid MAB w.miloud-dahmane@univ-dbkm.dz \u00a0 \u0643\u0644\u064a\u0629 \u0639\u0644\u0648\u0645 \u0627\u0644\u0645\u0627\u062f\u0629 \u0648 \u0627\u0644\u0627\u0639\u0644\u0627\u0645 \u0627\u0644\u0627\u0644\u064a \u0627\u0644\u0628\u0631\u064a\u062f \u0627\u0644\u0627\u0643\u062a\u0631\u0648\u0646\u064a : \u0627\u0644\u0647\u0627\u062a\u0641\/ \u0627\u0644\u0641\u0627\u0643\u0633 : \u0627\u0644\u0639\u0646\u0648\u0627\u0646 : \u0637\u0631\u064a\u0642 \u062b\u0646\u064a\u0629 \u0627\u0644\u0627\u062d\u062f \u062e\u0645\u064a\u0633 \u0645\u0644\u064a\u0627\u0646\u0629 &#8211; 44225 &#8211; \u0648\u0644\u0627\u064a\u0629 \u0639\u064a\u0646 \u0627\u0644\u062f\u0641\u0644\u0649 &#8211; \u0627\u0644\u062c\u0632\u0627\u0626\u0631<\/p>\n","protected":false},"author":1,"featured_media":0,"parent":0,"menu_order":0,"comment_status":"closed","ping_status":"closed","template":"","meta":{"_uag_custom_page_level_css":"","site-sidebar-layout":"no-sidebar","site-content-layout":"page-builder","ast-site-content-layout":"full-width-container","site-content-style":"unboxed","site-sidebar-style":"unboxed","ast-global-header-display":"","ast-banner-title-visibility":"","ast-main-header-display":"","ast-hfb-above-header-display":"","ast-hfb-below-header-display":"","ast-hfb-mobile-header-display":"","site-post-title":"disabled","ast-breadcrumbs-content":"","ast-featured-img":"disabled","footer-sml-layout":"","theme-transparent-header-meta":"","adv-header-id-meta":"","stick-header-meta":"","header-above-stick-meta":"","header-main-stick-meta":"","header-below-stick-meta":"","astra-migrate-meta-layouts":"set","ast-page-background-enabled":"default","ast-page-background-meta":{"desktop":{"background-color":"var(--ast-global-color-4)","background-image":"","background-repeat":"repeat","background-position":"center center","background-size":"auto","background-attachment":"scroll","background-type":"","background-media":"","overlay-type":"","overlay-color":"","overlay-gradient":""},"tablet":{"background-color":"","background-image":"","background-repeat":"repeat","background-position":"center center","background-size":"auto","background-attachment":"scroll","background-type":"","background-media":"","overlay-type":"","overlay-color":"","overlay-gradient":""},"mobile":{"background-color":"","background-image":"","background-repeat":"repeat","background-position":"center center","background-size":"auto","background-attachment":"scroll","background-type":"","background-media":"","overlay-type":"","overlay-color":"","overlay-gradient":""}},"ast-content-background-meta":{"desktop":{"background-color":"var(--ast-global-color-5)","background-image":"","background-repeat":"repeat","background-position":"center center","background-size":"auto","background-attachment":"scroll","background-type":"","background-media":"","overlay-type":"","overlay-color":"","overlay-gradient":""},"tablet":{"background-color":"var(--ast-global-color-5)","background-image":"","background-repeat":"repeat","background-position":"center center","background-size":"auto","background-attachment":"scroll","background-type":"","background-media":"","overlay-type":"","overlay-color":"","overlay-gradient":""},"mobile":{"background-color":"var(--ast-global-color-5)","background-image":"","background-repeat":"repeat","background-position":"center center","background-size":"auto","background-attachment":"scroll","background-type":"","background-media":"","overlay-type":"","overlay-color":"","overlay-gradient":""}},"footnotes":""},"class_list":["post-4944","page","type-page","status-publish","hentry"],"uagb_featured_image_src":{"full":false,"thumbnail":false,"medium":false,"medium_large":false,"large":false,"1536x1536":false,"2048x2048":false},"uagb_author_info":{"display_name":"fsminfo","author_link":"http:\/\/www.univ-dbkm.dz\/fsminfo\/author\/fsminfo\/"},"uagb_comment_info":0,"uagb_excerpt":"D\u00e9partement de l&rsquo;informatique Chef de d\u00e9partement de l&rsquo;informatique : Mr.\u00a0Haniche Fay\u00e7al E-Mail Professionnel\u00a0 : dep.informatique@univ-dbkm.dz Adjoint chef de d\u00e9partement charg\u00e9 de la P\u00e9dagogie\u00a0: Mr. Khalfi Ali Adjoint chef de d\u00e9partement Charg\u00e9 de la PGRS et RE\u00a0: Dr. AIT ABDERRAHIM Im\u00e8ne Responsables p\u00e9dagogiques\u00a0: Responsable du Domaine\u00a0: Dr. SADAOUI Boualem Responsable du Fili\u00e8re\u00a0: Mr. BOUKADOUM Omar Responsable\u2026","_links":{"self":[{"href":"http:\/\/www.univ-dbkm.dz\/fsminfo\/wp-json\/wp\/v2\/pages\/4944","targetHints":{"allow":["GET"]}}],"collection":[{"href":"http:\/\/www.univ-dbkm.dz\/fsminfo\/wp-json\/wp\/v2\/pages"}],"about":[{"href":"http:\/\/www.univ-dbkm.dz\/fsminfo\/wp-json\/wp\/v2\/types\/page"}],"author":[{"embeddable":true,"href":"http:\/\/www.univ-dbkm.dz\/fsminfo\/wp-json\/wp\/v2\/users\/1"}],"replies":[{"embeddable":true,"href":"http:\/\/www.univ-dbkm.dz\/fsminfo\/wp-json\/wp\/v2\/comments?post=4944"}],"version-history":[{"count":19,"href":"http:\/\/www.univ-dbkm.dz\/fsminfo\/wp-json\/wp\/v2\/pages\/4944\/revisions"}],"predecessor-version":[{"id":7130,"href":"http:\/\/www.univ-dbkm.dz\/fsminfo\/wp-json\/wp\/v2\/pages\/4944\/revisions\/7130"}],"wp:attachment":[{"href":"http:\/\/www.univ-dbkm.dz\/fsminfo\/wp-json\/wp\/v2\/media?parent=4944"}],"curies":[{"name":"wp","href":"https:\/\/api.w.org\/{rel}","templated":true}]}}