{"id":4979,"date":"2024-05-22T12:02:22","date_gmt":"2024-05-22T10:02:22","guid":{"rendered":"http:\/\/www.univ-dbkm.dz\/fsminfo\/?page_id=4979"},"modified":"2024-12-25T14:09:22","modified_gmt":"2024-12-25T13:09:22","slug":"departement-de-chimie","status":"publish","type":"page","link":"http:\/\/www.univ-dbkm.dz\/fsminfo\/fr\/departement-de-chimie\/","title":{"rendered":"D\u00e9partement de Chimie"},"content":{"rendered":"\t\t<div data-elementor-type=\"wp-page\" data-elementor-id=\"4979\" class=\"elementor elementor-4979\">\n\t\t\t\t<div class=\"elementor-element elementor-element-31fea939 e-flex e-con-boxed wpr-particle-no wpr-jarallax-no wpr-parallax-no wpr-sticky-section-no e-con e-parent\" data-id=\"31fea939\" data-element_type=\"container\" data-settings=\"{&quot;background_background&quot;:&quot;classic&quot;}\">\n\t\t\t\t\t<div class=\"e-con-inner\">\n\t\t\t\t<div class=\"elementor-element elementor-element-5492a5ff elementor-widget elementor-widget-heading\" data-id=\"5492a5ff\" data-element_type=\"widget\" data-widget_type=\"heading.default\">\n\t\t\t\t<div class=\"elementor-widget-container\">\n\t\t\t\t\t<h1 class=\"elementor-heading-title elementor-size-default\">D\u00e9partement de Chimie<\/h1>\t\t\t\t<\/div>\n\t\t\t\t<\/div>\n\t\t\t\t\t<\/div>\n\t\t\t\t<\/div>\n\t\t<div class=\"elementor-element elementor-element-19361a7 e-flex e-con-boxed wpr-particle-no wpr-jarallax-no wpr-parallax-no wpr-sticky-section-no e-con e-parent\" data-id=\"19361a7\" data-element_type=\"container\">\n\t\t\t\t\t<div class=\"e-con-inner\">\n\t\t\t\t<div class=\"elementor-element elementor-element-27cffa8 elementor-invisible elementor-widget elementor-widget-text-editor\" data-id=\"27cffa8\" data-element_type=\"widget\" data-settings=\"{&quot;_animation&quot;:&quot;fadeInLeft&quot;}\" data-widget_type=\"text-editor.default\">\n\t\t\t\t<div class=\"elementor-widget-container\">\n\t\t\t\t\t\t\t\t\t<h3>Chef du d\u00e9partement de chimie :<br \/>Dr. Boudjamaa Fatiha<br \/>E-mail professionnel\u00a0:<\/h3><h3><a href=\"mailto:dep.chimie@univ-dbkm.dz\">dep.chimie@univ-dbkm.dz<\/a><\/h3>\t\t\t\t\t\t\t\t<\/div>\n\t\t\t\t<\/div>\n\t\t\t\t\t<\/div>\n\t\t\t\t<\/div>\n\t\t<div class=\"elementor-element elementor-element-d3930ba e-flex e-con-boxed wpr-particle-no wpr-jarallax-no wpr-parallax-no wpr-sticky-section-no e-con e-parent\" data-id=\"d3930ba\" data-element_type=\"container\">\n\t\t\t\t\t<div class=\"e-con-inner\">\n\t\t<div class=\"elementor-element elementor-element-78de1d8 e-con-full e-flex wpr-particle-no wpr-jarallax-no wpr-parallax-no wpr-sticky-section-no e-con e-child\" data-id=\"78de1d8\" data-element_type=\"container\">\n\t\t\t\t<div class=\"elementor-element elementor-element-54baebd elementor-invisible elementor-widget elementor-widget-text-editor\" data-id=\"54baebd\" data-element_type=\"widget\" data-settings=\"{&quot;_animation&quot;:&quot;fadeInLeft&quot;}\" data-widget_type=\"text-editor.default\">\n\t\t\t\t<div class=\"elementor-widget-container\">\n\t\t\t\t\t\t\t\t\t<h3><span style=\"text-decoration: underline;\"><strong>Adjoint chef de d\u00e9partement charg\u00e9 de la P\u00e9dagogie<\/strong>\u00a0: <\/span><\/h3><h3>Dr. DOUBA Houda<\/h3><h3><span style=\"text-decoration: underline;\"><strong>Adjoint chef de d\u00e9partement Charg\u00e9 de la PGRS et RE<\/strong>\u00a0: <\/span><\/h3><h3>Dr. HALAIMI Fatma Zohra<\/h3>\t\t\t\t\t\t\t\t<\/div>\n\t\t\t\t<\/div>\n\t\t\t\t<\/div>\n\t\t\t\t\t<\/div>\n\t\t\t\t<\/div>\n\t\t<div class=\"elementor-element elementor-element-85fbd15 e-flex e-con-boxed wpr-particle-no wpr-jarallax-no wpr-parallax-no wpr-sticky-section-no e-con e-parent\" data-id=\"85fbd15\" data-element_type=\"container\">\n\t\t\t\t\t<div class=\"e-con-inner\">\n\t\t<div class=\"elementor-element elementor-element-12742f7 e-con-full e-flex wpr-particle-no wpr-jarallax-no wpr-parallax-no wpr-sticky-section-no e-con e-child\" data-id=\"12742f7\" data-element_type=\"container\">\n\t\t\t\t<div class=\"elementor-element elementor-element-f737f9e elementor-invisible elementor-widget elementor-widget-text-editor\" data-id=\"f737f9e\" data-element_type=\"widget\" data-settings=\"{&quot;_animation&quot;:&quot;fadeInLeft&quot;}\" data-widget_type=\"text-editor.default\">\n\t\t\t\t<div class=\"elementor-widget-container\">\n\t\t\t\t\t\t\t\t\t<h3><strong><u>Responsables p\u00e9dagogiques<\/u><\/strong><strong>\u00a0:<\/strong><\/h3><h3><strong>Responsable du Domaine\u00a0: <\/strong>Dr. BOUKABCHA Hocine<\/h3><h3><strong>Responsable du Fili\u00e8re<\/strong>\u00a0: Dr. TOUFRI Lasnouni<\/h3><h3><strong>Responsable du sp\u00e9cialit\u00e9 Master Chimie Pharmaceutique<\/strong>\u00a0: Dr. HAMMOUDI Mounir<\/h3><h3><strong><u>Liste des enseignants de d\u00e9partement<\/u><\/strong>\u00a0:<\/h3><table><tbody><tr><td width=\"302\"><h3><strong>Nom et pr\u00e9nom<\/strong><\/h3><\/td><td width=\"61\"><h3><strong>Grade<\/strong><\/h3><\/td><td width=\"241\"><h3><strong>Email<\/strong><\/h3><\/td><\/tr><tr><td width=\"302\"><h3>TOUAFRI Lasnouni<\/h3><\/td><td width=\"61\"><h3>MCA<\/h3><\/td><td width=\"241\"><h3><a href=\"mailto:t.lasnouni@univ-dbkm.dz\">t.lasnouni@univ-dbkm.dz<\/a><\/h3><\/td><\/tr><tr><td width=\"302\"><h3>FIZIR Meriem<\/h3><\/td><td width=\"61\"><h3>MCA<\/h3><\/td><td width=\"241\"><h3><a href=\"mailto:m.fizir@univ-dbkm.dz\">m.fizir@univ-dbkm.dz<\/a><\/h3><\/td><\/tr><tr><td width=\"302\"><h3>HAMMOUDI Mounir<\/h3><\/td><td width=\"61\"><h3>MCA<\/h3><\/td><td width=\"241\"><h3><a href=\"mailto:m.hammoudi@univ-dbkm.dz\">m.hammoudi@univ-dbkm.dz<\/a><\/h3><\/td><\/tr><tr><td width=\"302\"><h3>BOUKHATEM Hourya<\/h3><\/td><td width=\"61\"><h3>MCA<\/h3><\/td><td width=\"241\"><h3><a href=\"mailto:h.boukhatem@univ-dbkm.dz\">h.boukhatem@univ-dbkm.dz<\/a><\/h3><\/td><\/tr><tr><td width=\"302\"><h3>HAMIDI Moussa<\/h3><\/td><td width=\"61\"><h3>MCB<\/h3><\/td><td width=\"241\"><h3><a href=\"mailto:m.hamidi@univ-dbkm.dz\">m.hamidi@univ-dbkm.dz<\/a><\/h3><\/td><\/tr><tr><td width=\"302\"><h3>BOUDJEMAA Fatiha<\/h3><\/td><td width=\"61\"><h3>MCB<\/h3><\/td><td width=\"241\"><h3><a href=\"mailto:f.boudjemaa@univ-dbkm.dz\">f.boudjemaa@univ-dbkm.dz<\/a><\/h3><\/td><\/tr><tr><td width=\"302\"><h3>ITATAHINE Asma<\/h3><\/td><td width=\"61\"><h3>MCB<\/h3><\/td><td width=\"241\"><h3><a href=\"mailto:a.itatahine@univ-dbkm.dz\">a.itatahine@univ-dbkm.dz<\/a><\/h3><\/td><\/tr><tr><td width=\"302\"><h3>DOUBA Houda<\/h3><\/td><td width=\"61\"><h3>MCB<\/h3><\/td><td width=\"241\"><h3><a href=\"mailto:h.douba@univ-dbkm.dz\">h.douba@univ-dbkm.dz<\/a><\/h3><\/td><\/tr><tr><td width=\"302\"><h3>SASSOUI Dallal<\/h3><\/td><td width=\"61\"><h3>MCB<\/h3><\/td><td width=\"241\"><h3><a href=\"mailto:d.sassoui@univ-dbkm.dz\">d.sassoui@univ-dbkm.dz<\/a><\/h3><\/td><\/tr><tr><td width=\"302\"><h3>DJEMOUI Djamila<\/h3><\/td><td width=\"61\"><h3>MCB<\/h3><\/td><td width=\"241\"><h3><a href=\"mailto:d.djemoui@univ-dbkm.dz\">d.djemoui@univ-dbkm.dz<\/a><\/h3><\/td><\/tr><tr><td width=\"302\"><h3>HALAIMI Fatma Zohra<\/h3><\/td><td width=\"61\"><h3>MAA<\/h3><\/td><td width=\"241\"><h3><a href=\"mailto:f.halaimi@univ-dbkm.dz\">f.halaimi@univ-dbkm.dz<\/a><\/h3><\/td><\/tr><tr><td width=\"302\"><h3>CHERIFI Souaad<\/h3><\/td><td width=\"61\"><h3>MAA<\/h3><\/td><td width=\"241\"><h3><a href=\"mailto:s.cherifi@univ-dbkm.dz\">s.cherifi@univ-dbkm.dz<\/a><\/h3><\/td><\/tr><tr><td width=\"302\"><h3>KHERROUBI Seddik<\/h3><\/td><td width=\"61\"><h3>MAB<\/h3><\/td><td width=\"241\"><h3><a href=\"mailto:s.kherroubi@univ-dbkm.dz\">s.kherroubi@univ-dbkm.dz<\/a><\/h3><\/td><\/tr><\/tbody><\/table><h3>\u00a0<\/h3>\t\t\t\t\t\t\t\t<\/div>\n\t\t\t\t<\/div>\n\t\t\t\t<\/div>\n\t\t\t\t\t<\/div>\n\t\t\t\t<\/div>\n\t\t<div class=\"elementor-element elementor-element-4b9d3667 e-flex e-con-boxed wpr-particle-no wpr-jarallax-no wpr-parallax-no wpr-sticky-section-no e-con e-parent\" data-id=\"4b9d3667\" data-element_type=\"container\" data-settings=\"{&quot;background_background&quot;:&quot;classic&quot;}\">\n\t\t\t\t\t<div class=\"e-con-inner\">\n\t\t\t\t<div class=\"elementor-element elementor-element-46f84bbd elementor-widget-divider--separator-type-pattern elementor-widget-divider--view-line elementor-widget elementor-widget-divider\" data-id=\"46f84bbd\" data-element_type=\"widget\" data-widget_type=\"divider.default\">\n\t\t\t\t<div class=\"elementor-widget-container\">\n\t\t\t\t\t\t\t<div class=\"elementor-divider\" style=\"--divider-pattern-url: url(&quot;data:image\/svg+xml,%3Csvg xmlns=&#039;http:\/\/www.w3.org\/2000\/svg&#039; preserveAspectRatio=&#039;none&#039; overflow=&#039;visible&#039; height=&#039;100%&#039; viewBox=&#039;0 0 24 24&#039; fill=&#039;black&#039; stroke=&#039;none&#039;%3E%3Cpath d=&#039;M12.7,2.3c-0.4-0.4-1.1-0.4-1.5,0l-8,9.1c-0.3,0.4-0.3,0.9,0,1.2l8,9.1c0.4,0.4,1.1,0.4,1.5,0l8-9.1c0.3-0.4,0.3-0.9,0-1.2L12.7,2.3z&#039;\/%3E%3C\/svg%3E&quot;);\">\n\t\t\t<span class=\"elementor-divider-separator\">\n\t\t\t\t\t\t<\/span>\n\t\t<\/div>\n\t\t\t\t\t\t<\/div>\n\t\t\t\t<\/div>\n\t\t\t\t<div class=\"elementor-element elementor-element-5db47f97 elementor-widget elementor-widget-heading\" data-id=\"5db47f97\" data-element_type=\"widget\" data-widget_type=\"heading.default\">\n\t\t\t\t<div class=\"elementor-widget-container\">\n\t\t\t\t\t<h3 class=\"elementor-heading-title elementor-size-default\">\u0643\u0644\u064a\u0629 \u0639\u0644\u0648\u0645 \u0627\u0644\u0645\u0627\u062f\u0629 \u0648 \u0627\u0644\u0627\u0639\u0644\u0627\u0645 \u0627\u0644\u0627\u0644\u064a<br>\n\u0627\u0644\u0628\u0631\u064a\u062f \u0627\u0644\u0627\u0643\u062a\u0631\u0648\u0646\u064a :<br><br> \u0627\u0644\u0647\u0627\u062a\u0641\/ \u0627\u0644\u0641\u0627\u0643\u0633 :<br>\n<br>\u0627\u0644\u0639\u0646\u0648\u0627\u0646 : \u0637\u0631\u064a\u0642 \u062b\u0646\u064a\u0629 \u0627\u0644\u0627\u062d\u062f \u062e\u0645\u064a\u0633 \u0645\u0644\u064a\u0627\u0646\u0629 - 44225 -\n\u0648\u0644\u0627\u064a\u0629 \u0639\u064a\u0646 \u0627\u0644\u062f\u0641\u0644\u0649 - \u0627\u0644\u062c\u0632\u0627\u0626\u0631<\/h3>\t\t\t\t<\/div>\n\t\t\t\t<\/div>\n\t\t\t\t<div class=\"elementor-element elementor-element-7e18eb3a elementor-widget-divider--separator-type-pattern elementor-widget-divider--view-line elementor-widget elementor-widget-divider\" data-id=\"7e18eb3a\" data-element_type=\"widget\" data-widget_type=\"divider.default\">\n\t\t\t\t<div class=\"elementor-widget-container\">\n\t\t\t\t\t\t\t<div class=\"elementor-divider\" style=\"--divider-pattern-url: url(&quot;data:image\/svg+xml,%3Csvg xmlns=&#039;http:\/\/www.w3.org\/2000\/svg&#039; preserveAspectRatio=&#039;none&#039; overflow=&#039;visible&#039; height=&#039;100%&#039; viewBox=&#039;0 0 24 24&#039; fill=&#039;black&#039; stroke=&#039;none&#039;%3E%3Cpath d=&#039;M12.7,2.3c-0.4-0.4-1.1-0.4-1.5,0l-8,9.1c-0.3,0.4-0.3,0.9,0,1.2l8,9.1c0.4,0.4,1.1,0.4,1.5,0l8-9.1c0.3-0.4,0.3-0.9,0-1.2L12.7,2.3z&#039;\/%3E%3C\/svg%3E&quot;);\">\n\t\t\t<span class=\"elementor-divider-separator\">\n\t\t\t\t\t\t<\/span>\n\t\t<\/div>\n\t\t\t\t\t\t<\/div>\n\t\t\t\t<\/div>\n\t\t\t\t\t<\/div>\n\t\t\t\t<\/div>\n\t\t\t\t<\/div>\n\t\t","protected":false},"excerpt":{"rendered":"<p>D\u00e9partement de Chimie Chef du d\u00e9partement de chimie :Dr. Boudjamaa FatihaE-mail professionnel\u00a0: dep.chimie@univ-dbkm.dz Adjoint chef de d\u00e9partement charg\u00e9 de la P\u00e9dagogie\u00a0: Dr. DOUBA Houda Adjoint chef de d\u00e9partement Charg\u00e9 de la PGRS et RE\u00a0: Dr. HALAIMI Fatma Zohra Responsables p\u00e9dagogiques\u00a0: Responsable du Domaine\u00a0: Dr. BOUKABCHA Hocine Responsable du Fili\u00e8re\u00a0: Dr. TOUFRI Lasnouni Responsable du sp\u00e9cialit\u00e9 Master Chimie Pharmaceutique\u00a0: Dr. HAMMOUDI Mounir Liste des enseignants de d\u00e9partement\u00a0: Nom et pr\u00e9nom Grade Email TOUAFRI Lasnouni MCA t.lasnouni@univ-dbkm.dz FIZIR Meriem MCA m.fizir@univ-dbkm.dz HAMMOUDI Mounir MCA m.hammoudi@univ-dbkm.dz BOUKHATEM Hourya MCA h.boukhatem@univ-dbkm.dz HAMIDI Moussa MCB m.hamidi@univ-dbkm.dz BOUDJEMAA Fatiha MCB f.boudjemaa@univ-dbkm.dz ITATAHINE Asma MCB a.itatahine@univ-dbkm.dz DOUBA Houda MCB h.douba@univ-dbkm.dz SASSOUI Dallal MCB d.sassoui@univ-dbkm.dz DJEMOUI Djamila MCB d.djemoui@univ-dbkm.dz HALAIMI Fatma Zohra MAA f.halaimi@univ-dbkm.dz CHERIFI Souaad MAA s.cherifi@univ-dbkm.dz KHERROUBI Seddik MAB s.kherroubi@univ-dbkm.dz \u00a0 \u0643\u0644\u064a\u0629 \u0639\u0644\u0648\u0645 \u0627\u0644\u0645\u0627\u062f\u0629 \u0648 \u0627\u0644\u0627\u0639\u0644\u0627\u0645 \u0627\u0644\u0627\u0644\u064a \u0627\u0644\u0628\u0631\u064a\u062f \u0627\u0644\u0627\u0643\u062a\u0631\u0648\u0646\u064a : \u0627\u0644\u0647\u0627\u062a\u0641\/ \u0627\u0644\u0641\u0627\u0643\u0633 : \u0627\u0644\u0639\u0646\u0648\u0627\u0646 : \u0637\u0631\u064a\u0642 \u062b\u0646\u064a\u0629 \u0627\u0644\u0627\u062d\u062f \u062e\u0645\u064a\u0633 \u0645\u0644\u064a\u0627\u0646\u0629 &#8211; 44225 &#8211; \u0648\u0644\u0627\u064a\u0629 \u0639\u064a\u0646 \u0627\u0644\u062f\u0641\u0644\u0649 &#8211; \u0627\u0644\u062c\u0632\u0627\u0626\u0631<\/p>\n","protected":false},"author":1,"featured_media":0,"parent":0,"menu_order":0,"comment_status":"closed","ping_status":"closed","template":"","meta":{"_uag_custom_page_level_css":"","site-sidebar-layout":"no-sidebar","site-content-layout":"page-builder","ast-site-content-layout":"full-width-container","site-content-style":"unboxed","site-sidebar-style":"unboxed","ast-global-header-display":"","ast-banner-title-visibility":"","ast-main-header-display":"","ast-hfb-above-header-display":"","ast-hfb-below-header-display":"","ast-hfb-mobile-header-display":"","site-post-title":"disabled","ast-breadcrumbs-content":"","ast-featured-img":"disabled","footer-sml-layout":"","theme-transparent-header-meta":"","adv-header-id-meta":"","stick-header-meta":"","header-above-stick-meta":"","header-main-stick-meta":"","header-below-stick-meta":"","astra-migrate-meta-layouts":"set","ast-page-background-enabled":"default","ast-page-background-meta":{"desktop":{"background-color":"var(--ast-global-color-4)","background-image":"","background-repeat":"repeat","background-position":"center center","background-size":"auto","background-attachment":"scroll","background-type":"","background-media":"","overlay-type":"","overlay-color":"","overlay-gradient":""},"tablet":{"background-color":"","background-image":"","background-repeat":"repeat","background-position":"center center","background-size":"auto","background-attachment":"scroll","background-type":"","background-media":"","overlay-type":"","overlay-color":"","overlay-gradient":""},"mobile":{"background-color":"","background-image":"","background-repeat":"repeat","background-position":"center center","background-size":"auto","background-attachment":"scroll","background-type":"","background-media":"","overlay-type":"","overlay-color":"","overlay-gradient":""}},"ast-content-background-meta":{"desktop":{"background-color":"var(--ast-global-color-5)","background-image":"","background-repeat":"repeat","background-position":"center center","background-size":"auto","background-attachment":"scroll","background-type":"","background-media":"","overlay-type":"","overlay-color":"","overlay-gradient":""},"tablet":{"background-color":"var(--ast-global-color-5)","background-image":"","background-repeat":"repeat","background-position":"center center","background-size":"auto","background-attachment":"scroll","background-type":"","background-media":"","overlay-type":"","overlay-color":"","overlay-gradient":""},"mobile":{"background-color":"var(--ast-global-color-5)","background-image":"","background-repeat":"repeat","background-position":"center center","background-size":"auto","background-attachment":"scroll","background-type":"","background-media":"","overlay-type":"","overlay-color":"","overlay-gradient":""}},"footnotes":""},"class_list":["post-4979","page","type-page","status-publish","hentry"],"uagb_featured_image_src":{"full":false,"thumbnail":false,"medium":false,"medium_large":false,"large":false,"1536x1536":false,"2048x2048":false},"uagb_author_info":{"display_name":"fsminfo","author_link":"http:\/\/www.univ-dbkm.dz\/fsminfo\/author\/fsminfo\/"},"uagb_comment_info":0,"uagb_excerpt":"D\u00e9partement de Chimie Chef du d\u00e9partement de chimie :Dr. Boudjamaa FatihaE-mail professionnel\u00a0: dep.chimie@univ-dbkm.dz Adjoint chef de d\u00e9partement charg\u00e9 de la P\u00e9dagogie\u00a0: Dr. DOUBA Houda Adjoint chef de d\u00e9partement Charg\u00e9 de la PGRS et RE\u00a0: Dr. HALAIMI Fatma Zohra Responsables p\u00e9dagogiques\u00a0: Responsable du Domaine\u00a0: Dr. BOUKABCHA Hocine Responsable du Fili\u00e8re\u00a0: Dr. TOUFRI Lasnouni Responsable du sp\u00e9cialit\u00e9\u2026","_links":{"self":[{"href":"http:\/\/www.univ-dbkm.dz\/fsminfo\/wp-json\/wp\/v2\/pages\/4979","targetHints":{"allow":["GET"]}}],"collection":[{"href":"http:\/\/www.univ-dbkm.dz\/fsminfo\/wp-json\/wp\/v2\/pages"}],"about":[{"href":"http:\/\/www.univ-dbkm.dz\/fsminfo\/wp-json\/wp\/v2\/types\/page"}],"author":[{"embeddable":true,"href":"http:\/\/www.univ-dbkm.dz\/fsminfo\/wp-json\/wp\/v2\/users\/1"}],"replies":[{"embeddable":true,"href":"http:\/\/www.univ-dbkm.dz\/fsminfo\/wp-json\/wp\/v2\/comments?post=4979"}],"version-history":[{"count":11,"href":"http:\/\/www.univ-dbkm.dz\/fsminfo\/wp-json\/wp\/v2\/pages\/4979\/revisions"}],"predecessor-version":[{"id":6943,"href":"http:\/\/www.univ-dbkm.dz\/fsminfo\/wp-json\/wp\/v2\/pages\/4979\/revisions\/6943"}],"wp:attachment":[{"href":"http:\/\/www.univ-dbkm.dz\/fsminfo\/wp-json\/wp\/v2\/media?parent=4979"}],"curies":[{"name":"wp","href":"https:\/\/api.w.org\/{rel}","templated":true}]}}