{"id":4994,"date":"2024-05-22T12:09:51","date_gmt":"2024-05-22T10:09:51","guid":{"rendered":"http:\/\/www.univ-dbkm.dz\/fsminfo\/?page_id=4994"},"modified":"2025-01-15T15:46:03","modified_gmt":"2025-01-15T14:46:03","slug":"doyen-de-la-faculte","status":"publish","type":"page","link":"http:\/\/www.univ-dbkm.dz\/fsminfo\/fr\/doyen-de-la-faculte\/","title":{"rendered":"Doyen de la Facult\u00e9"},"content":{"rendered":"\t\t<div data-elementor-type=\"wp-page\" data-elementor-id=\"4994\" class=\"elementor elementor-4994\">\n\t\t\t\t<div class=\"elementor-element elementor-element-16aa27c3 e-flex e-con-boxed wpr-particle-no wpr-jarallax-no wpr-parallax-no wpr-sticky-section-no e-con e-parent\" data-id=\"16aa27c3\" data-element_type=\"container\" data-settings=\"{&quot;background_background&quot;:&quot;classic&quot;}\">\n\t\t\t\t\t<div class=\"e-con-inner\">\n\t\t\t\t<div class=\"elementor-element elementor-element-6816d12f elementor-widget elementor-widget-heading\" data-id=\"6816d12f\" data-element_type=\"widget\" data-widget_type=\"heading.default\">\n\t\t\t\t<div class=\"elementor-widget-container\">\n\t\t\t\t\t<h1 class=\"elementor-heading-title elementor-size-default\">Doyen de la Facult\u00e9<\/h1>\t\t\t\t<\/div>\n\t\t\t\t<\/div>\n\t\t\t\t\t<\/div>\n\t\t\t\t<\/div>\n\t\t<div data-wpr-particles=\"{&quot;particles&quot;:{&quot;number&quot;:{&quot;value&quot;:80,&quot;density&quot;:{&quot;enable&quot;:true,&quot;value_area&quot;:800}},&quot;color&quot;:{&quot;value&quot;:&quot;#000000&quot;},&quot;shape&quot;:{&quot;type&quot;:&quot;circle&quot;,&quot;stroke&quot;:{&quot;width&quot;:0,&quot;color&quot;:&quot;#000000&quot;},&quot;polygon&quot;:{&quot;nb_sides&quot;:5},&quot;image&quot;:{&quot;src&quot;:&quot;img\/github.svg&quot;,&quot;width&quot;:100,&quot;height&quot;:100}},&quot;opacity&quot;:{&quot;value&quot;:0.5,&quot;random&quot;:false,&quot;anim&quot;:{&quot;enable&quot;:false,&quot;speed&quot;:1,&quot;opacity_min&quot;:0.1,&quot;sync&quot;:false}},&quot;size&quot;:{&quot;value&quot;:3,&quot;random&quot;:true,&quot;anim&quot;:{&quot;enable&quot;:false,&quot;speed&quot;:40,&quot;size_min&quot;:0.1,&quot;sync&quot;:false}},&quot;line_linked&quot;:{&quot;enable&quot;:true,&quot;distance&quot;:150,&quot;color&quot;:&quot;#000000&quot;,&quot;opacity&quot;:0.4,&quot;width&quot;:1},&quot;move&quot;:{&quot;enable&quot;:true,&quot;speed&quot;:6,&quot;direction&quot;:&quot;none&quot;,&quot;random&quot;:false,&quot;straight&quot;:false,&quot;out_mode&quot;:&quot;out&quot;,&quot;bounce&quot;:false,&quot;attract&quot;:{&quot;enable&quot;:false,&quot;rotateX&quot;:600,&quot;rotateY&quot;:1200}}},&quot;interactivity&quot;:{&quot;detect_on&quot;:&quot;window&quot;,&quot;events&quot;:{&quot;onhover&quot;:{&quot;enable&quot;:true,&quot;mode&quot;:&quot;repulse&quot;},&quot;onclick&quot;:{&quot;enable&quot;:true,&quot;mode&quot;:&quot;push&quot;},&quot;resize&quot;:true},&quot;modes&quot;:{&quot;grab&quot;:{&quot;distance&quot;:400,&quot;line_linked&quot;:{&quot;opacity&quot;:1}},&quot;bubble&quot;:{&quot;distance&quot;:400,&quot;size&quot;:40,&quot;duration&quot;:2,&quot;opacity&quot;:8,&quot;speed&quot;:3},&quot;repulse&quot;:{&quot;distance&quot;:200,&quot;duration&quot;:0.4},&quot;push&quot;:{&quot;particles_nb&quot;:4},&quot;remove&quot;:{&quot;particles_nb&quot;:2}}},&quot;retina_detect&quot;:true}\" particle-source=\"wpr_particle_json_custom\" class=\"elementor-element elementor-element-f1c183b wpr-particle-yes e-flex e-con-boxed wpr-jarallax-no wpr-parallax-no wpr-sticky-section-no e-con e-parent\" data-id=\"f1c183b\" data-element_type=\"container\">\n\t\t\t\t\t<div class=\"e-con-inner\">\n\t\t<div class=\"elementor-element elementor-element-38a9ce0 e-con-full e-flex wpr-particle-no wpr-jarallax-no wpr-parallax-no wpr-sticky-section-no e-con e-child\" data-id=\"38a9ce0\" data-element_type=\"container\">\n\t\t<div class=\"elementor-element elementor-element-c9e6ea4 e-con-full e-flex wpr-particle-no wpr-jarallax-no wpr-parallax-no wpr-sticky-section-no e-con e-child\" data-id=\"c9e6ea4\" data-element_type=\"container\">\n\t\t\t\t<div class=\"elementor-element elementor-element-497e6547 elementor-widget elementor-widget-text-editor\" data-id=\"497e6547\" data-element_type=\"widget\" data-widget_type=\"text-editor.default\">\n\t\t\t\t<div class=\"elementor-widget-container\">\n\t\t\t\t\t\t\t\t\t<h3>\u00a0<\/h3><h3>Doyen de la Facult\u00e9 :<br \/>Prof. Chetti Boualem\u00a0\u00a0\u00a0<br \/>E-mail professionnel\u00a0:<\/h3><h3><strong><a href=\"mailto:doyen.fsmi@univ-dbkm.dz\">doyen.fsmi@univ-dbkm.dz<\/a><\/strong><\/h3><h3><strong>Tel:\u00a0+213 27 55 69 21<\/strong><\/h3>\t\t\t\t\t\t\t\t<\/div>\n\t\t\t\t<\/div>\n\t\t\t\t<\/div>\n\t\t<div class=\"elementor-element elementor-element-6d38d4a e-con-full e-flex wpr-particle-no wpr-jarallax-no wpr-parallax-no wpr-sticky-section-no e-con e-child\" data-id=\"6d38d4a\" data-element_type=\"container\">\n\t\t\t\t<div class=\"elementor-element elementor-element-8a91330 elementor-widget elementor-widget-text-editor\" data-id=\"8a91330\" data-element_type=\"widget\" data-widget_type=\"text-editor.default\">\n\t\t\t\t<div class=\"elementor-widget-container\">\n\t\t\t\t\t\t\t\t\t<h4><strong>Les taches du doyen de la facult\u00e9 sont les suivantes<\/strong> :<\/h4><ul><li><h6>Il est Ordonnateur des d\u00e9penses de gestion qui lui sont d\u00e9l\u00e9gu\u00e9s par le Pr\u00e9sident de l&rsquo;Universit\u00e9<\/h6><\/li><li><h6>Superviser la facult\u00e9 et \u00e9laborer des plans appropri\u00e9s pour son avancement<\/h6><\/li><li><h6>Coordonner avec les doyens \u00e0 l&rsquo;int\u00e9rieur et \u00e0 l&rsquo;ext\u00e9rieur de l&rsquo;universit\u00e9 pour servir la facult\u00e9 et la pousser \u00e0 progresser.<\/h6><\/li><li><h6>Nommer les employ\u00e9s de la facult\u00e9 pour lesquels une autre m\u00e9thode de nomination n&rsquo;a pas \u00e9t\u00e9 d\u00e9cid\u00e9e.<\/h6><\/li><li><h6>Diriger les chefs de d\u00e9partement pour servir le processus \u00e9ducatif<\/h6><\/li><li><h6>Travailler \u00e0 attirer et de nommer des membres du corps d\u2019enseignement exp\u00e9riment\u00e9s et qualifi\u00e9s.<\/h6><\/li><li><h6>Assumer et exercer une autorit\u00e9 pacifique sur tous les employ\u00e9s plac\u00e9s sous son autorit\u00e9.<\/h6><\/li><li><h6>\u00c9laborer des plans pour d\u00e9velopper les capacit\u00e9s des membres du corps d\u2019enseignement et du personnel<\/h6><\/li><li><h6>\u00c9laborer des programmes qui stimuleront l&rsquo;innovation et la cr\u00e9ativit\u00e9 chez les \u00e9tudiants affili\u00e9s \u00e0 la facult\u00e9.<\/h6><\/li><li><h6>Ex\u00e9cuter les d\u00e9cisions administratives pour les employ\u00e9s et les \u00e9tudiants de la facult\u00e9.<\/h6><\/li><li><h6>Pr\u00e9parer le rapport annuel des activit\u00e9s et le transmet au pr\u00e9sident de l&rsquo;Universit\u00e9 apr\u00e8s son approbation par le conseil de la facult\u00e9<\/h6><\/li><li><h6>Assister aux r\u00e9unions du conseil de la facult\u00e9<\/h6><\/li><li><h6>Repr\u00e9senter la facult\u00e9 au Conseil de l&rsquo;Universit\u00e9.<\/h6><\/li><li><h6>Se consacrer aux obligations acad\u00e9miques \u00e0 l&rsquo;universit\u00e9 et fournir le maximum d&rsquo;efforts pour promouvoir sa mission scientifique et sa position \u00e9lev\u00e9e dans les domaines de la recherche scientifique, de l&rsquo;enseignement et des relations avec la soci\u00e9t\u00e9.<\/h6><\/li><\/ul><h6>\u00a0<\/h6>\t\t\t\t\t\t\t\t<\/div>\n\t\t\t\t<\/div>\n\t\t\t\t<\/div>\n\t\t\t\t<\/div>\n\t\t\t\t\t<\/div>\n\t\t\t\t<\/div>\n\t\t<div class=\"elementor-element elementor-element-3e1a1af7 e-flex e-con-boxed wpr-particle-no wpr-jarallax-no wpr-parallax-no wpr-sticky-section-no e-con e-parent\" data-id=\"3e1a1af7\" data-element_type=\"container\" data-settings=\"{&quot;background_background&quot;:&quot;classic&quot;}\">\n\t\t\t\t\t<div class=\"e-con-inner\">\n\t\t\t\t<div class=\"elementor-element elementor-element-151a8c18 elementor-widget-divider--separator-type-pattern elementor-widget-divider--view-line elementor-widget elementor-widget-divider\" data-id=\"151a8c18\" data-element_type=\"widget\" data-widget_type=\"divider.default\">\n\t\t\t\t<div class=\"elementor-widget-container\">\n\t\t\t\t\t\t\t<div class=\"elementor-divider\" style=\"--divider-pattern-url: url(&quot;data:image\/svg+xml,%3Csvg xmlns=&#039;http:\/\/www.w3.org\/2000\/svg&#039; preserveAspectRatio=&#039;none&#039; overflow=&#039;visible&#039; height=&#039;100%&#039; viewBox=&#039;0 0 24 24&#039; fill=&#039;black&#039; stroke=&#039;none&#039;%3E%3Cpath d=&#039;M12.7,2.3c-0.4-0.4-1.1-0.4-1.5,0l-8,9.1c-0.3,0.4-0.3,0.9,0,1.2l8,9.1c0.4,0.4,1.1,0.4,1.5,0l8-9.1c0.3-0.4,0.3-0.9,0-1.2L12.7,2.3z&#039;\/%3E%3C\/svg%3E&quot;);\">\n\t\t\t<span class=\"elementor-divider-separator\">\n\t\t\t\t\t\t<\/span>\n\t\t<\/div>\n\t\t\t\t\t\t<\/div>\n\t\t\t\t<\/div>\n\t\t\t\t<div class=\"elementor-element elementor-element-4961bc24 elementor-widget elementor-widget-heading\" data-id=\"4961bc24\" data-element_type=\"widget\" data-widget_type=\"heading.default\">\n\t\t\t\t<div class=\"elementor-widget-container\">\n\t\t\t\t\t<h3 class=\"elementor-heading-title elementor-size-default\">\u0643\u0644\u064a\u0629 \u0639\u0644\u0648\u0645 \u0627\u0644\u0645\u0627\u062f\u0629 \u0648 \u0627\u0644\u0627\u0639\u0644\u0627\u0645 \u0627\u0644\u0627\u0644\u064a<br>\n\u0627\u0644\u0628\u0631\u064a\u062f \u0627\u0644\u0627\u0643\u062a\u0631\u0648\u0646\u064a :<br><br> \u0627\u0644\u0647\u0627\u062a\u0641\/ \u0627\u0644\u0641\u0627\u0643\u0633 :<br>\n<br>\u0627\u0644\u0639\u0646\u0648\u0627\u0646 : \u0637\u0631\u064a\u0642 \u062b\u0646\u064a\u0629 \u0627\u0644\u0627\u062d\u062f \u062e\u0645\u064a\u0633 \u0645\u0644\u064a\u0627\u0646\u0629 - 44225 -\n\u0648\u0644\u0627\u064a\u0629 \u0639\u064a\u0646 \u0627\u0644\u062f\u0641\u0644\u0649 - \u0627\u0644\u062c\u0632\u0627\u0626\u0631<\/h3>\t\t\t\t<\/div>\n\t\t\t\t<\/div>\n\t\t\t\t<div class=\"elementor-element elementor-element-16487061 elementor-widget-divider--separator-type-pattern elementor-widget-divider--view-line elementor-widget elementor-widget-divider\" data-id=\"16487061\" data-element_type=\"widget\" data-widget_type=\"divider.default\">\n\t\t\t\t<div class=\"elementor-widget-container\">\n\t\t\t\t\t\t\t<div class=\"elementor-divider\" style=\"--divider-pattern-url: url(&quot;data:image\/svg+xml,%3Csvg xmlns=&#039;http:\/\/www.w3.org\/2000\/svg&#039; preserveAspectRatio=&#039;none&#039; overflow=&#039;visible&#039; height=&#039;100%&#039; viewBox=&#039;0 0 24 24&#039; fill=&#039;black&#039; stroke=&#039;none&#039;%3E%3Cpath d=&#039;M12.7,2.3c-0.4-0.4-1.1-0.4-1.5,0l-8,9.1c-0.3,0.4-0.3,0.9,0,1.2l8,9.1c0.4,0.4,1.1,0.4,1.5,0l8-9.1c0.3-0.4,0.3-0.9,0-1.2L12.7,2.3z&#039;\/%3E%3C\/svg%3E&quot;);\">\n\t\t\t<span class=\"elementor-divider-separator\">\n\t\t\t\t\t\t<\/span>\n\t\t<\/div>\n\t\t\t\t\t\t<\/div>\n\t\t\t\t<\/div>\n\t\t\t\t\t<\/div>\n\t\t\t\t<\/div>\n\t\t\t\t<\/div>\n\t\t","protected":false},"excerpt":{"rendered":"<p>Doyen de la Facult\u00e9 \u00a0 Doyen de la Facult\u00e9 :Prof. Chetti Boualem\u00a0\u00a0\u00a0E-mail professionnel\u00a0: doyen.fsmi@univ-dbkm.dz Tel:\u00a0+213 27 55 69 21 Les taches du doyen de la facult\u00e9 sont les suivantes : Il est Ordonnateur des d\u00e9penses de gestion qui lui sont d\u00e9l\u00e9gu\u00e9s par le Pr\u00e9sident de l&rsquo;Universit\u00e9 Superviser la facult\u00e9 et \u00e9laborer des plans appropri\u00e9s pour son avancement Coordonner avec les doyens \u00e0 l&rsquo;int\u00e9rieur et \u00e0 l&rsquo;ext\u00e9rieur de l&rsquo;universit\u00e9 pour servir la facult\u00e9 et la pousser \u00e0 progresser. Nommer les employ\u00e9s de la facult\u00e9 pour lesquels une autre m\u00e9thode de nomination n&rsquo;a pas \u00e9t\u00e9 d\u00e9cid\u00e9e. Diriger les chefs de d\u00e9partement pour servir le processus \u00e9ducatif Travailler \u00e0 attirer et de nommer des membres du corps d\u2019enseignement exp\u00e9riment\u00e9s et qualifi\u00e9s. Assumer et exercer une autorit\u00e9 pacifique sur tous les employ\u00e9s plac\u00e9s sous son autorit\u00e9. \u00c9laborer des plans pour d\u00e9velopper les capacit\u00e9s des membres du corps d\u2019enseignement et du personnel \u00c9laborer des programmes qui stimuleront l&rsquo;innovation et la cr\u00e9ativit\u00e9 chez les \u00e9tudiants affili\u00e9s \u00e0 la facult\u00e9. Ex\u00e9cuter les d\u00e9cisions administratives pour les employ\u00e9s et les \u00e9tudiants de la facult\u00e9. Pr\u00e9parer le rapport annuel des activit\u00e9s et le transmet au pr\u00e9sident de l&rsquo;Universit\u00e9 apr\u00e8s son approbation par le conseil de la facult\u00e9 Assister aux r\u00e9unions du conseil de la facult\u00e9 Repr\u00e9senter la facult\u00e9 au Conseil de l&rsquo;Universit\u00e9. Se consacrer aux obligations acad\u00e9miques \u00e0 l&rsquo;universit\u00e9 et fournir le maximum d&rsquo;efforts pour promouvoir sa mission scientifique et sa position \u00e9lev\u00e9e dans les domaines de la recherche scientifique, de l&rsquo;enseignement et des relations avec la soci\u00e9t\u00e9. \u00a0 \u0643\u0644\u064a\u0629 \u0639\u0644\u0648\u0645 \u0627\u0644\u0645\u0627\u062f\u0629 \u0648 \u0627\u0644\u0627\u0639\u0644\u0627\u0645 \u0627\u0644\u0627\u0644\u064a \u0627\u0644\u0628\u0631\u064a\u062f \u0627\u0644\u0627\u0643\u062a\u0631\u0648\u0646\u064a : \u0627\u0644\u0647\u0627\u062a\u0641\/ \u0627\u0644\u0641\u0627\u0643\u0633 : \u0627\u0644\u0639\u0646\u0648\u0627\u0646 : \u0637\u0631\u064a\u0642 \u062b\u0646\u064a\u0629 \u0627\u0644\u0627\u062d\u062f \u062e\u0645\u064a\u0633 \u0645\u0644\u064a\u0627\u0646\u0629 &#8211; 44225 &#8211; \u0648\u0644\u0627\u064a\u0629 \u0639\u064a\u0646 \u0627\u0644\u062f\u0641\u0644\u0649 &#8211; \u0627\u0644\u062c\u0632\u0627\u0626\u0631<\/p>\n","protected":false},"author":1,"featured_media":0,"parent":0,"menu_order":0,"comment_status":"closed","ping_status":"closed","template":"","meta":{"_uag_custom_page_level_css":"","site-sidebar-layout":"no-sidebar","site-content-layout":"page-builder","ast-site-content-layout":"full-width-container","site-content-style":"unboxed","site-sidebar-style":"unboxed","ast-global-header-display":"","ast-banner-title-visibility":"","ast-main-header-display":"","ast-hfb-above-header-display":"","ast-hfb-below-header-display":"","ast-hfb-mobile-header-display":"","site-post-title":"disabled","ast-breadcrumbs-content":"","ast-featured-img":"disabled","footer-sml-layout":"","theme-transparent-header-meta":"","adv-header-id-meta":"","stick-header-meta":"","header-above-stick-meta":"","header-main-stick-meta":"","header-below-stick-meta":"","astra-migrate-meta-layouts":"set","ast-page-background-enabled":"default","ast-page-background-meta":{"desktop":{"background-color":"var(--ast-global-color-4)","background-image":"","background-repeat":"repeat","background-position":"center center","background-size":"auto","background-attachment":"scroll","background-type":"","background-media":"","overlay-type":"","overlay-color":"","overlay-gradient":""},"tablet":{"background-color":"","background-image":"","background-repeat":"repeat","background-position":"center center","background-size":"auto","background-attachment":"scroll","background-type":"","background-media":"","overlay-type":"","overlay-color":"","overlay-gradient":""},"mobile":{"background-color":"","background-image":"","background-repeat":"repeat","background-position":"center center","background-size":"auto","background-attachment":"scroll","background-type":"","background-media":"","overlay-type":"","overlay-color":"","overlay-gradient":""}},"ast-content-background-meta":{"desktop":{"background-color":"var(--ast-global-color-5)","background-image":"","background-repeat":"repeat","background-position":"center center","background-size":"auto","background-attachment":"scroll","background-type":"","background-media":"","overlay-type":"","overlay-color":"","overlay-gradient":""},"tablet":{"background-color":"var(--ast-global-color-5)","background-image":"","background-repeat":"repeat","background-position":"center center","background-size":"auto","background-attachment":"scroll","background-type":"","background-media":"","overlay-type":"","overlay-color":"","overlay-gradient":""},"mobile":{"background-color":"var(--ast-global-color-5)","background-image":"","background-repeat":"repeat","background-position":"center center","background-size":"auto","background-attachment":"scroll","background-type":"","background-media":"","overlay-type":"","overlay-color":"","overlay-gradient":""}},"footnotes":""},"class_list":["post-4994","page","type-page","status-publish","hentry"],"uagb_featured_image_src":{"full":false,"thumbnail":false,"medium":false,"medium_large":false,"large":false,"1536x1536":false,"2048x2048":false},"uagb_author_info":{"display_name":"fsminfo","author_link":"http:\/\/www.univ-dbkm.dz\/fsminfo\/author\/fsminfo\/"},"uagb_comment_info":0,"uagb_excerpt":"Doyen de la Facult\u00e9 \u00a0 Doyen de la Facult\u00e9 :Prof. Chetti Boualem\u00a0\u00a0\u00a0E-mail professionnel\u00a0: doyen.fsmi@univ-dbkm.dz Tel:\u00a0+213 27 55 69 21 Les taches du doyen de la facult\u00e9 sont les suivantes : Il est Ordonnateur des d\u00e9penses de gestion qui lui sont d\u00e9l\u00e9gu\u00e9s par le Pr\u00e9sident de l&rsquo;Universit\u00e9 Superviser la facult\u00e9 et \u00e9laborer des plans appropri\u00e9s pour\u2026","_links":{"self":[{"href":"http:\/\/www.univ-dbkm.dz\/fsminfo\/wp-json\/wp\/v2\/pages\/4994","targetHints":{"allow":["GET"]}}],"collection":[{"href":"http:\/\/www.univ-dbkm.dz\/fsminfo\/wp-json\/wp\/v2\/pages"}],"about":[{"href":"http:\/\/www.univ-dbkm.dz\/fsminfo\/wp-json\/wp\/v2\/types\/page"}],"author":[{"embeddable":true,"href":"http:\/\/www.univ-dbkm.dz\/fsminfo\/wp-json\/wp\/v2\/users\/1"}],"replies":[{"embeddable":true,"href":"http:\/\/www.univ-dbkm.dz\/fsminfo\/wp-json\/wp\/v2\/comments?post=4994"}],"version-history":[{"count":16,"href":"http:\/\/www.univ-dbkm.dz\/fsminfo\/wp-json\/wp\/v2\/pages\/4994\/revisions"}],"predecessor-version":[{"id":6129,"href":"http:\/\/www.univ-dbkm.dz\/fsminfo\/wp-json\/wp\/v2\/pages\/4994\/revisions\/6129"}],"wp:attachment":[{"href":"http:\/\/www.univ-dbkm.dz\/fsminfo\/wp-json\/wp\/v2\/media?parent=4994"}],"curies":[{"name":"wp","href":"https:\/\/api.w.org\/{rel}","templated":true}]}}