{"id":5004,"date":"2024-05-22T12:13:24","date_gmt":"2024-05-22T10:13:24","guid":{"rendered":"http:\/\/www.univ-dbkm.dz\/fsminfo\/?page_id=5004"},"modified":"2024-12-15T13:57:30","modified_gmt":"2024-12-15T12:57:30","slug":"vice-doyen-charge-des-etudes-et-des-questions-liees-aux-etudiants","status":"publish","type":"page","link":"http:\/\/www.univ-dbkm.dz\/fsminfo\/fr\/vice-doyen-charge-des-etudes-et-des-questions-liees-aux-etudiants\/","title":{"rendered":"Vice-doyen charg\u00e9 des \u00e9tudes et des questions li\u00e9es aux \u00e9tudiants"},"content":{"rendered":"\t\t<div data-elementor-type=\"wp-page\" data-elementor-id=\"5004\" class=\"elementor elementor-5004\">\n\t\t\t\t<div class=\"elementor-element elementor-element-24b1bdd3 e-flex e-con-boxed wpr-particle-no wpr-jarallax-no wpr-parallax-no wpr-sticky-section-no e-con e-parent\" data-id=\"24b1bdd3\" data-element_type=\"container\" data-settings=\"{&quot;background_background&quot;:&quot;classic&quot;}\">\n\t\t\t\t\t<div class=\"e-con-inner\">\n\t\t\t\t<div class=\"elementor-element elementor-element-1290e26e elementor-widget elementor-widget-heading\" data-id=\"1290e26e\" data-element_type=\"widget\" data-widget_type=\"heading.default\">\n\t\t\t\t<div class=\"elementor-widget-container\">\n\t\t\t\t\t<h1 class=\"elementor-heading-title elementor-size-default\">Vice-doyen charg\u00e9 des \u00e9tudes et des questions li\u00e9es aux \u00e9tudiants<\/h1>\t\t\t\t<\/div>\n\t\t\t\t<\/div>\n\t\t\t\t\t<\/div>\n\t\t\t\t<\/div>\n\t\t<div data-wpr-particles=\"{&quot;particles&quot;:{&quot;number&quot;:{&quot;value&quot;:80,&quot;density&quot;:{&quot;enable&quot;:true,&quot;value_area&quot;:800}},&quot;color&quot;:{&quot;value&quot;:&quot;#000000&quot;},&quot;shape&quot;:{&quot;type&quot;:&quot;circle&quot;,&quot;stroke&quot;:{&quot;width&quot;:0,&quot;color&quot;:&quot;#000000&quot;},&quot;polygon&quot;:{&quot;nb_sides&quot;:5},&quot;image&quot;:{&quot;src&quot;:&quot;img\/github.svg&quot;,&quot;width&quot;:100,&quot;height&quot;:100}},&quot;opacity&quot;:{&quot;value&quot;:0.5,&quot;random&quot;:false,&quot;anim&quot;:{&quot;enable&quot;:false,&quot;speed&quot;:1,&quot;opacity_min&quot;:0.1,&quot;sync&quot;:false}},&quot;size&quot;:{&quot;value&quot;:3,&quot;random&quot;:true,&quot;anim&quot;:{&quot;enable&quot;:false,&quot;speed&quot;:40,&quot;size_min&quot;:0.1,&quot;sync&quot;:false}},&quot;line_linked&quot;:{&quot;enable&quot;:true,&quot;distance&quot;:150,&quot;color&quot;:&quot;#000000&quot;,&quot;opacity&quot;:0.4,&quot;width&quot;:1},&quot;move&quot;:{&quot;enable&quot;:true,&quot;speed&quot;:6,&quot;direction&quot;:&quot;none&quot;,&quot;random&quot;:false,&quot;straight&quot;:false,&quot;out_mode&quot;:&quot;out&quot;,&quot;bounce&quot;:false,&quot;attract&quot;:{&quot;enable&quot;:false,&quot;rotateX&quot;:600,&quot;rotateY&quot;:1200}}},&quot;interactivity&quot;:{&quot;detect_on&quot;:&quot;window&quot;,&quot;events&quot;:{&quot;onhover&quot;:{&quot;enable&quot;:true,&quot;mode&quot;:&quot;repulse&quot;},&quot;onclick&quot;:{&quot;enable&quot;:true,&quot;mode&quot;:&quot;push&quot;},&quot;resize&quot;:true},&quot;modes&quot;:{&quot;grab&quot;:{&quot;distance&quot;:400,&quot;line_linked&quot;:{&quot;opacity&quot;:1}},&quot;bubble&quot;:{&quot;distance&quot;:400,&quot;size&quot;:40,&quot;duration&quot;:2,&quot;opacity&quot;:8,&quot;speed&quot;:3},&quot;repulse&quot;:{&quot;distance&quot;:200,&quot;duration&quot;:0.4},&quot;push&quot;:{&quot;particles_nb&quot;:4},&quot;remove&quot;:{&quot;particles_nb&quot;:2}}},&quot;retina_detect&quot;:true}\" particle-source=\"wpr_particle_json_custom\" class=\"elementor-element elementor-element-1597189 wpr-particle-yes e-flex e-con-boxed wpr-jarallax-no wpr-parallax-no wpr-sticky-section-no e-con e-parent\" data-id=\"1597189\" data-element_type=\"container\" data-settings=\"{&quot;background_background&quot;:&quot;classic&quot;}\">\n\t\t\t\t\t<div class=\"e-con-inner\">\n\t\t<div class=\"elementor-element elementor-element-623479ca e-con-full e-flex wpr-particle-no wpr-jarallax-no wpr-parallax-no wpr-sticky-section-no e-con e-child\" data-id=\"623479ca\" data-element_type=\"container\">\n\t\t\t\t<div class=\"elementor-element elementor-element-2273a42e elementor-widget elementor-widget-image\" data-id=\"2273a42e\" data-element_type=\"widget\" data-widget_type=\"image.default\">\n\t\t\t\t<div class=\"elementor-widget-container\">\n\t\t\t\t\t\t\t\t\t\t\t\t\t\t\t<img fetchpriority=\"high\" decoding=\"async\" width=\"800\" height=\"711\" src=\"http:\/\/www.univ-dbkm.dz\/fsminfo\/wp-content\/uploads\/2024\/04\/HD-wallpaper-polygonal-texture-abstract.jpg\" class=\"attachment-full size-full wp-image-4513\" alt=\"\" srcset=\"http:\/\/www.univ-dbkm.dz\/fsminfo\/wp-content\/uploads\/2024\/04\/HD-wallpaper-polygonal-texture-abstract.jpg 800w, http:\/\/www.univ-dbkm.dz\/fsminfo\/wp-content\/uploads\/2024\/04\/HD-wallpaper-polygonal-texture-abstract-300x267.jpg 300w, http:\/\/www.univ-dbkm.dz\/fsminfo\/wp-content\/uploads\/2024\/04\/HD-wallpaper-polygonal-texture-abstract-768x683.jpg 768w\" sizes=\"(max-width: 800px) 100vw, 800px\" \/>\t\t\t\t\t\t\t\t\t\t\t\t\t\t\t<\/div>\n\t\t\t\t<\/div>\n\t\t\t\t<\/div>\n\t\t<div class=\"elementor-element elementor-element-74bdf5c e-con-full e-flex wpr-particle-no wpr-jarallax-no wpr-parallax-no wpr-sticky-section-no e-con e-child\" data-id=\"74bdf5c\" data-element_type=\"container\">\n\t\t\t\t<div class=\"elementor-element elementor-element-29f8ac21 elementor-invisible elementor-widget elementor-widget-text-editor\" data-id=\"29f8ac21\" data-element_type=\"widget\" data-settings=\"{&quot;_animation&quot;:&quot;fadeInDown&quot;}\" data-widget_type=\"text-editor.default\">\n\t\t\t\t<div class=\"elementor-widget-container\">\n\t\t\t\t\t\t\t\t\t<h3>Dr.Houas Mohamed<\/h3><h3>E-mail professionnel<\/h3><h3><a href=\"mailto:de.fsmi@univ-dbkm.dz\">de.fsmi@univ-dbkm.dz<\/a><\/h3>\t\t\t\t\t\t\t\t<\/div>\n\t\t\t\t<\/div>\n\t\t\t\t<\/div>\n\t\t\t\t\t<\/div>\n\t\t\t\t<\/div>\n\t\t<div class=\"elementor-element elementor-element-eafd9aa e-flex e-con-boxed wpr-particle-no wpr-jarallax-no wpr-parallax-no wpr-sticky-section-no e-con e-parent\" data-id=\"eafd9aa\" data-element_type=\"container\">\n\t\t\t\t\t<div class=\"e-con-inner\">\n\t\t\t\t<div class=\"elementor-element elementor-element-027f662 elementor-invisible elementor-widget elementor-widget-text-editor\" data-id=\"027f662\" data-element_type=\"widget\" data-settings=\"{&quot;_animation&quot;:&quot;fadeInDown&quot;}\" data-widget_type=\"text-editor.default\">\n\t\t\t\t<div class=\"elementor-widget-container\">\n\t\t\t\t\t\t\t\t\t<h4><span style=\"text-decoration: underline;\"><strong>Les taches assur\u00e9es par le Vice Doyen charg\u00e9 des \u00e9tudes et des\u00a0questions li\u00e9es\u00a0aux \u00e9tudiants\u00a0:<\/strong><\/span><\/h4><ul><li><h5>D\u2019assurer la gestion et le suivi des inscriptions des \u00e9tudiants en graduation ;<\/h5><\/li><li><h5>De suivre le d\u00e9roulement des activit\u00e9s d\u2019enseignements au de prendre au proposer au doyen toute mesure en vue de leur am\u00e9lioration\u00a0;<\/h5><\/li><li><h5>De tenir le fichier nominatif et statistique des \u00e9tudiants\u00a0;<\/h5><\/li><li><h5>De recueillir, traiter et diffuser l\u2019information p\u00e9dagogique au profit des \u00e9tudiants\u00a0;<\/h5><\/li><\/ul><h4><strong>Le vice-doyen charg\u00e9 des \u00e9tudes et des\u00a0questions li\u00e9es\u00a0aux \u00e9tudiants est assist\u00e9 par\u00a0:<\/strong><\/h4><ul><li><h5>\u00a0Le chef de service de la scolarit\u00e9<\/h5><\/li><li><h5>\u00a0Le chef de service des enseignements et de\u00a0l\u2019\u00e9valuation<\/h5><\/li><li><h5>\u00a0Le chef de service des statistiques, de l\u2019information et\u00a0de l\u2019orientation<\/h5><\/li><\/ul>\t\t\t\t\t\t\t\t<\/div>\n\t\t\t\t<\/div>\n\t\t\t\t\t<\/div>\n\t\t\t\t<\/div>\n\t\t<div class=\"elementor-element elementor-element-4409cf61 e-flex e-con-boxed wpr-particle-no wpr-jarallax-no wpr-parallax-no wpr-sticky-section-no e-con e-parent\" data-id=\"4409cf61\" data-element_type=\"container\" data-settings=\"{&quot;background_background&quot;:&quot;classic&quot;}\">\n\t\t\t\t\t<div class=\"e-con-inner\">\n\t\t\t\t<div class=\"elementor-element elementor-element-7281e830 elementor-widget-divider--separator-type-pattern elementor-widget-divider--view-line elementor-widget elementor-widget-divider\" data-id=\"7281e830\" data-element_type=\"widget\" data-widget_type=\"divider.default\">\n\t\t\t\t<div class=\"elementor-widget-container\">\n\t\t\t\t\t\t\t<div class=\"elementor-divider\" style=\"--divider-pattern-url: url(&quot;data:image\/svg+xml,%3Csvg xmlns=&#039;http:\/\/www.w3.org\/2000\/svg&#039; preserveAspectRatio=&#039;none&#039; overflow=&#039;visible&#039; height=&#039;100%&#039; viewBox=&#039;0 0 24 24&#039; fill=&#039;black&#039; stroke=&#039;none&#039;%3E%3Cpath d=&#039;M12.7,2.3c-0.4-0.4-1.1-0.4-1.5,0l-8,9.1c-0.3,0.4-0.3,0.9,0,1.2l8,9.1c0.4,0.4,1.1,0.4,1.5,0l8-9.1c0.3-0.4,0.3-0.9,0-1.2L12.7,2.3z&#039;\/%3E%3C\/svg%3E&quot;);\">\n\t\t\t<span class=\"elementor-divider-separator\">\n\t\t\t\t\t\t<\/span>\n\t\t<\/div>\n\t\t\t\t\t\t<\/div>\n\t\t\t\t<\/div>\n\t\t\t\t<div class=\"elementor-element elementor-element-748a7c95 elementor-widget elementor-widget-heading\" data-id=\"748a7c95\" data-element_type=\"widget\" data-widget_type=\"heading.default\">\n\t\t\t\t<div class=\"elementor-widget-container\">\n\t\t\t\t\t<h3 class=\"elementor-heading-title elementor-size-default\">\u0643\u0644\u064a\u0629 \u0639\u0644\u0648\u0645 \u0627\u0644\u0645\u0627\u062f\u0629 \u0648 \u0627\u0644\u0627\u0639\u0644\u0627\u0645 \u0627\u0644\u0627\u0644\u064a<br>\n\u0627\u0644\u0628\u0631\u064a\u062f \u0627\u0644\u0627\u0643\u062a\u0631\u0648\u0646\u064a :<br><br> \u0627\u0644\u0647\u0627\u062a\u0641\/ \u0627\u0644\u0641\u0627\u0643\u0633 :<br>\n<br>\u0627\u0644\u0639\u0646\u0648\u0627\u0646 : \u0637\u0631\u064a\u0642 \u062b\u0646\u064a\u0629 \u0627\u0644\u0627\u062d\u062f \u062e\u0645\u064a\u0633 \u0645\u0644\u064a\u0627\u0646\u0629 - 44225 -\n\u0648\u0644\u0627\u064a\u0629 \u0639\u064a\u0646 \u0627\u0644\u062f\u0641\u0644\u0649 - \u0627\u0644\u062c\u0632\u0627\u0626\u0631<\/h3>\t\t\t\t<\/div>\n\t\t\t\t<\/div>\n\t\t\t\t<div class=\"elementor-element elementor-element-1a3c60e8 elementor-widget-divider--separator-type-pattern elementor-widget-divider--view-line elementor-widget elementor-widget-divider\" data-id=\"1a3c60e8\" data-element_type=\"widget\" data-widget_type=\"divider.default\">\n\t\t\t\t<div class=\"elementor-widget-container\">\n\t\t\t\t\t\t\t<div class=\"elementor-divider\" style=\"--divider-pattern-url: url(&quot;data:image\/svg+xml,%3Csvg xmlns=&#039;http:\/\/www.w3.org\/2000\/svg&#039; preserveAspectRatio=&#039;none&#039; overflow=&#039;visible&#039; height=&#039;100%&#039; viewBox=&#039;0 0 24 24&#039; fill=&#039;black&#039; stroke=&#039;none&#039;%3E%3Cpath d=&#039;M12.7,2.3c-0.4-0.4-1.1-0.4-1.5,0l-8,9.1c-0.3,0.4-0.3,0.9,0,1.2l8,9.1c0.4,0.4,1.1,0.4,1.5,0l8-9.1c0.3-0.4,0.3-0.9,0-1.2L12.7,2.3z&#039;\/%3E%3C\/svg%3E&quot;);\">\n\t\t\t<span class=\"elementor-divider-separator\">\n\t\t\t\t\t\t<\/span>\n\t\t<\/div>\n\t\t\t\t\t\t<\/div>\n\t\t\t\t<\/div>\n\t\t\t\t\t<\/div>\n\t\t\t\t<\/div>\n\t\t\t\t<\/div>\n\t\t","protected":false},"excerpt":{"rendered":"<p>Vice-doyen charg\u00e9 des \u00e9tudes et des questions li\u00e9es aux \u00e9tudiants Dr.Houas Mohamed E-mail professionnel de.fsmi@univ-dbkm.dz Les taches assur\u00e9es par le Vice Doyen charg\u00e9 des \u00e9tudes et des\u00a0questions li\u00e9es\u00a0aux \u00e9tudiants\u00a0: D\u2019assurer la gestion et le suivi des inscriptions des \u00e9tudiants en graduation ; De suivre le d\u00e9roulement des activit\u00e9s d\u2019enseignements au de prendre au proposer au doyen toute mesure en vue de leur am\u00e9lioration\u00a0; De tenir le fichier nominatif et statistique des \u00e9tudiants\u00a0; De recueillir, traiter et diffuser l\u2019information p\u00e9dagogique au profit des \u00e9tudiants\u00a0; Le vice-doyen charg\u00e9 des \u00e9tudes et des\u00a0questions li\u00e9es\u00a0aux \u00e9tudiants est assist\u00e9 par\u00a0: \u00a0Le chef de service de la scolarit\u00e9 \u00a0Le chef de service des enseignements et de\u00a0l\u2019\u00e9valuation \u00a0Le chef de service des statistiques, de l\u2019information et\u00a0de l\u2019orientation \u0643\u0644\u064a\u0629 \u0639\u0644\u0648\u0645 \u0627\u0644\u0645\u0627\u062f\u0629 \u0648 \u0627\u0644\u0627\u0639\u0644\u0627\u0645 \u0627\u0644\u0627\u0644\u064a \u0627\u0644\u0628\u0631\u064a\u062f \u0627\u0644\u0627\u0643\u062a\u0631\u0648\u0646\u064a : \u0627\u0644\u0647\u0627\u062a\u0641\/ \u0627\u0644\u0641\u0627\u0643\u0633 : \u0627\u0644\u0639\u0646\u0648\u0627\u0646 : \u0637\u0631\u064a\u0642 \u062b\u0646\u064a\u0629 \u0627\u0644\u0627\u062d\u062f \u062e\u0645\u064a\u0633 \u0645\u0644\u064a\u0627\u0646\u0629 &#8211; 44225 &#8211; \u0648\u0644\u0627\u064a\u0629 \u0639\u064a\u0646 \u0627\u0644\u062f\u0641\u0644\u0649 &#8211; \u0627\u0644\u062c\u0632\u0627\u0626\u0631<\/p>\n","protected":false},"author":1,"featured_media":0,"parent":0,"menu_order":0,"comment_status":"closed","ping_status":"closed","template":"","meta":{"_uag_custom_page_level_css":"","site-sidebar-layout":"no-sidebar","site-content-layout":"page-builder","ast-site-content-layout":"full-width-container","site-content-style":"unboxed","site-sidebar-style":"unboxed","ast-global-header-display":"","ast-banner-title-visibility":"","ast-main-header-display":"","ast-hfb-above-header-display":"","ast-hfb-below-header-display":"","ast-hfb-mobile-header-display":"","site-post-title":"disabled","ast-breadcrumbs-content":"","ast-featured-img":"disabled","footer-sml-layout":"","theme-transparent-header-meta":"","adv-header-id-meta":"","stick-header-meta":"","header-above-stick-meta":"","header-main-stick-meta":"","header-below-stick-meta":"","astra-migrate-meta-layouts":"set","ast-page-background-enabled":"default","ast-page-background-meta":{"desktop":{"background-color":"var(--ast-global-color-4)","background-image":"","background-repeat":"repeat","background-position":"center center","background-size":"auto","background-attachment":"scroll","background-type":"","background-media":"","overlay-type":"","overlay-color":"","overlay-gradient":""},"tablet":{"background-color":"","background-image":"","background-repeat":"repeat","background-position":"center center","background-size":"auto","background-attachment":"scroll","background-type":"","background-media":"","overlay-type":"","overlay-color":"","overlay-gradient":""},"mobile":{"background-color":"","background-image":"","background-repeat":"repeat","background-position":"center center","background-size":"auto","background-attachment":"scroll","background-type":"","background-media":"","overlay-type":"","overlay-color":"","overlay-gradient":""}},"ast-content-background-meta":{"desktop":{"background-color":"var(--ast-global-color-5)","background-image":"","background-repeat":"repeat","background-position":"center center","background-size":"auto","background-attachment":"scroll","background-type":"","background-media":"","overlay-type":"","overlay-color":"","overlay-gradient":""},"tablet":{"background-color":"var(--ast-global-color-5)","background-image":"","background-repeat":"repeat","background-position":"center center","background-size":"auto","background-attachment":"scroll","background-type":"","background-media":"","overlay-type":"","overlay-color":"","overlay-gradient":""},"mobile":{"background-color":"var(--ast-global-color-5)","background-image":"","background-repeat":"repeat","background-position":"center center","background-size":"auto","background-attachment":"scroll","background-type":"","background-media":"","overlay-type":"","overlay-color":"","overlay-gradient":""}},"footnotes":""},"class_list":["post-5004","page","type-page","status-publish","hentry"],"uagb_featured_image_src":{"full":false,"thumbnail":false,"medium":false,"medium_large":false,"large":false,"1536x1536":false,"2048x2048":false},"uagb_author_info":{"display_name":"fsminfo","author_link":"http:\/\/www.univ-dbkm.dz\/fsminfo\/author\/fsminfo\/"},"uagb_comment_info":0,"uagb_excerpt":"Vice-doyen charg\u00e9 des \u00e9tudes et des questions li\u00e9es aux \u00e9tudiants Dr.Houas Mohamed E-mail professionnel de.fsmi@univ-dbkm.dz Les taches assur\u00e9es par le Vice Doyen charg\u00e9 des \u00e9tudes et des\u00a0questions li\u00e9es\u00a0aux \u00e9tudiants\u00a0: D\u2019assurer la gestion et le suivi des inscriptions des \u00e9tudiants en graduation ; De suivre le d\u00e9roulement des activit\u00e9s d\u2019enseignements au de prendre au proposer au\u2026","_links":{"self":[{"href":"http:\/\/www.univ-dbkm.dz\/fsminfo\/wp-json\/wp\/v2\/pages\/5004","targetHints":{"allow":["GET"]}}],"collection":[{"href":"http:\/\/www.univ-dbkm.dz\/fsminfo\/wp-json\/wp\/v2\/pages"}],"about":[{"href":"http:\/\/www.univ-dbkm.dz\/fsminfo\/wp-json\/wp\/v2\/types\/page"}],"author":[{"embeddable":true,"href":"http:\/\/www.univ-dbkm.dz\/fsminfo\/wp-json\/wp\/v2\/users\/1"}],"replies":[{"embeddable":true,"href":"http:\/\/www.univ-dbkm.dz\/fsminfo\/wp-json\/wp\/v2\/comments?post=5004"}],"version-history":[{"count":11,"href":"http:\/\/www.univ-dbkm.dz\/fsminfo\/wp-json\/wp\/v2\/pages\/5004\/revisions"}],"predecessor-version":[{"id":6174,"href":"http:\/\/www.univ-dbkm.dz\/fsminfo\/wp-json\/wp\/v2\/pages\/5004\/revisions\/6174"}],"wp:attachment":[{"href":"http:\/\/www.univ-dbkm.dz\/fsminfo\/wp-json\/wp\/v2\/media?parent=5004"}],"curies":[{"name":"wp","href":"https:\/\/api.w.org\/{rel}","templated":true}]}}