{"id":5283,"date":"2024-12-18T13:15:50","date_gmt":"2024-12-18T12:15:50","guid":{"rendered":"http:\/\/www.univ-dbkm.dz\/fsminfo\/?page_id=5283"},"modified":"2024-12-19T14:46:47","modified_gmt":"2024-12-19T13:46:47","slug":"conseil-scientifique","status":"publish","type":"page","link":"http:\/\/www.univ-dbkm.dz\/fsminfo\/fr\/conseil-scientifique\/","title":{"rendered":"Conseil Scientifique"},"content":{"rendered":"\t\t<div data-elementor-type=\"wp-page\" data-elementor-id=\"5283\" class=\"elementor elementor-5283\">\n\t\t\t\t<div class=\"elementor-element elementor-element-13a08e4c e-flex e-con-boxed wpr-particle-no wpr-jarallax-no wpr-parallax-no wpr-sticky-section-no e-con e-parent\" data-id=\"13a08e4c\" data-element_type=\"container\" data-settings=\"{&quot;background_background&quot;:&quot;classic&quot;}\">\n\t\t\t\t\t<div class=\"e-con-inner\">\n\t\t\t\t<div class=\"elementor-element elementor-element-7ed7a961 elementor-widget elementor-widget-heading\" data-id=\"7ed7a961\" data-element_type=\"widget\" data-widget_type=\"heading.default\">\n\t\t\t\t<div class=\"elementor-widget-container\">\n\t\t\t\t\t<h1 class=\"elementor-heading-title elementor-size-default\">Conseil Scientifique<\/h1>\t\t\t\t<\/div>\n\t\t\t\t<\/div>\n\t\t\t\t\t<\/div>\n\t\t\t\t<\/div>\n\t\t<div class=\"elementor-element elementor-element-15e9b03 e-flex e-con-boxed wpr-particle-no wpr-jarallax-no wpr-parallax-no wpr-sticky-section-no e-con e-parent\" data-id=\"15e9b03\" data-element_type=\"container\">\n\t\t\t\t\t<div class=\"e-con-inner\">\n\t\t\t\t<div class=\"elementor-element elementor-element-d3bc4dc elementor-invisible elementor-widget elementor-widget-heading\" data-id=\"d3bc4dc\" data-element_type=\"widget\" data-settings=\"{&quot;_animation&quot;:&quot;fadeInLeft&quot;}\" data-widget_type=\"heading.default\">\n\t\t\t\t<div class=\"elementor-widget-container\">\n\t\t\t\t\t<h2 class=\"elementor-heading-title elementor-size-default\">Les membres du Conseil Scientifique de la Facult\u00e9<\/h2>\t\t\t\t<\/div>\n\t\t\t\t<\/div>\n\t\t\t\t\t<\/div>\n\t\t\t\t<\/div>\n\t\t<div class=\"elementor-element elementor-element-c5aab08 e-flex e-con-boxed wpr-particle-no wpr-jarallax-no wpr-parallax-no wpr-sticky-section-no e-con e-parent\" data-id=\"c5aab08\" data-element_type=\"container\">\n\t\t\t\t\t<div class=\"e-con-inner\">\n\t\t\t\t<div class=\"elementor-element elementor-element-ff19ddb elementor-invisible elementor-widget elementor-widget-text-editor\" data-id=\"ff19ddb\" data-element_type=\"widget\" data-settings=\"{&quot;_animation&quot;:&quot;fadeInLeft&quot;}\" data-widget_type=\"text-editor.default\">\n\t\t\t\t<div class=\"elementor-widget-container\">\n\t\t\t\t\t\t\t\t\t<h2><strong>Pr\u00e9sident\u00a0:<\/strong> BOUDERBALA Mihoub<\/h2><h5><strong>Membres :<\/strong><\/h5><table width=\"633\"><tbody><tr><td width=\"217\"><h5>CHETTI Boualem<\/h5><\/td><td width=\"416\"><h5>Doyen de la facult\u00e9<\/h5><\/td><\/tr><tr><td width=\"217\"><h5>EL BAA Mohamed<\/h5><\/td><td width=\"416\"><h5>Vice Doyen Charger de la PGRS et RE<\/h5><\/td><\/tr><tr><td width=\"217\"><h5>HOUAS Mohamed<\/h5><\/td><td width=\"416\"><h5>Vice Doyen Charg\u00e9 des \u00e9tudes et des question li\u00e9es au \u00e9tudiants<\/h5><\/td><\/tr><tr><td width=\"217\"><h5>KELLECHE Abdelkarim<\/h5><\/td><td width=\"416\"><h5>Chef de d\u00e9partement Math\u00e9matiques<\/h5><\/td><\/tr><tr><td width=\"217\"><h5>DOUICI Mohamed<\/h5><\/td><td width=\"416\"><h5>Chef de d\u00e9partement Physique<\/h5><\/td><\/tr><tr><td width=\"217\"><h5>BOUDJEMA Fatiha<\/h5><\/td><td width=\"416\"><h5>Chef de d\u00e9partement Chimie<\/h5><\/td><\/tr><tr><td width=\"217\"><h5>HANICHE Fai\u00e7al<\/h5><\/td><td width=\"416\"><h5>Chef de d\u00e9partement Informatique<\/h5><\/td><\/tr><tr><td width=\"217\"><h5>AZZOUZA Nour eddine<\/h5><\/td><td width=\"416\"><h5>Chef de d\u00e9partement Intelligence artificielle<\/h5><\/td><\/tr><tr><td width=\"217\"><h5>BEZZIOU Mohamed<\/h5><\/td><td width=\"416\"><h5>President de CSD Math\u00e9matiques<\/h5><\/td><\/tr><tr><td width=\"217\"><h5>DIAF Ahmed<\/h5><\/td><td width=\"416\"><h5>President de CSD Physique<\/h5><\/td><\/tr><tr><td width=\"217\"><h5>FIZIR Meriem<\/h5><\/td><td width=\"416\"><h5>President de CSD Chimie<\/h5><\/td><\/tr><tr><td width=\"217\"><h5>GOUJIL Mohamed<\/h5><\/td><td width=\"416\"><h5>President de CSD Informatique<\/h5><\/td><\/tr><tr><td width=\"217\"><h5>BOUKABCHA HOCINE<\/h5><\/td><td width=\"416\"><h5>Repr\u00e9sentant des enseignants du rang magistrale Physique<\/h5><\/td><\/tr><tr><td width=\"217\"><h5>TOUAFRI Lasnouni<\/h5><\/td><td width=\"416\"><h5>Repr\u00e9sentant des enseignants du rang magistrale Chimie<\/h5><\/td><\/tr><tr><td width=\"217\"><h5>KRELIFA Ali<\/h5><\/td><td width=\"416\"><h5>Repr\u00e9sentant des enseignants du rang magistrale Maths<\/h5><\/td><\/tr><tr><td width=\"217\"><h5>HARBOUCHE Oussama<\/h5><\/td><td width=\"416\"><h5>Repr\u00e9sentant des enseignants MA<\/h5><\/td><\/tr><tr><td width=\"217\"><h5>MEGHATRIA Riadh<\/h5><\/td><td width=\"416\"><h5>Repr\u00e9sentant des enseignants MA<\/h5><\/td><\/tr><tr><td width=\"217\"><h5>BERRABEH Ali<\/h5><\/td><td width=\"416\"><h5>Responsable de la Biblioth\u00e8que<\/h5><\/td><\/tr><\/tbody><\/table>\t\t\t\t\t\t\t\t<\/div>\n\t\t\t\t<\/div>\n\t\t\t\t\t<\/div>\n\t\t\t\t<\/div>\n\t\t<div class=\"elementor-element elementor-element-5d4a458 e-flex e-con-boxed wpr-particle-no wpr-jarallax-no wpr-parallax-no wpr-sticky-section-no e-con e-parent\" data-id=\"5d4a458\" data-element_type=\"container\">\n\t\t\t\t\t<div class=\"e-con-inner\">\n\t\t\t\t<div class=\"elementor-element elementor-element-fcd54b2 elementor-invisible elementor-widget elementor-widget-heading\" data-id=\"fcd54b2\" data-element_type=\"widget\" data-settings=\"{&quot;_animation&quot;:&quot;fadeInRight&quot;}\" data-widget_type=\"heading.default\">\n\t\t\t\t<div class=\"elementor-widget-container\">\n\t\t\t\t\t<h2 class=\"elementor-heading-title elementor-size-default\">Fonctions de CSF <\/h2>\t\t\t\t<\/div>\n\t\t\t\t<\/div>\n\t\t\t\t\t<\/div>\n\t\t\t\t<\/div>\n\t\t<div class=\"elementor-element elementor-element-9eac595 e-flex e-con-boxed wpr-particle-no wpr-jarallax-no wpr-parallax-no wpr-sticky-section-no e-con e-parent\" data-id=\"9eac595\" data-element_type=\"container\">\n\t\t\t\t\t<div class=\"e-con-inner\">\n\t\t\t\t<div class=\"elementor-element elementor-element-f827102 elementor-invisible elementor-widget elementor-widget-text-editor\" data-id=\"f827102\" data-element_type=\"widget\" data-settings=\"{&quot;_animation&quot;:&quot;fadeInRight&quot;}\" data-widget_type=\"text-editor.default\">\n\t\t\t\t<div class=\"elementor-widget-container\">\n\t\t\t\t\t\t\t\t\t<h4>Le CSF \u00e9met des avis et recommandations sur :<\/h4><ul><li><h4>L\u2019organisation et le contenu des enseignements,<\/h4><\/li><li><h4>L\u2019organisation des travaux de recherche,<\/h4><\/li><li><h4>Les propositions de programmes de recherche,<\/h4><\/li><li><h4>Les propositions de cr\u00e9ation et de suppression de d\u00e9partements et\/ou de fili\u00e8res et de laboratoires de recherche,<\/h4><\/li><li><h4>Les programmes d\u2019ouverture, de reconduction, gel et\/ou de fermeture des post-graduations,<\/h4><\/li><li><h4>Les profils et les besoins en enseignants.<\/h4><\/li><\/ul><h4>En outre, il est charg\u00e9 :<\/h4><ul><li><h4>D\u2019agr\u00e9er les sujets de recherche en post-graduation,<\/h4><\/li><\/ul><ul><li><h4>D\u2019examiner la proposition de la composition du jury de soutenance de P.G,<\/h4><\/li><li><h4>D\u2019examiner les jurys d\u2019habilitation universitaire, propos\u00e9s par le CSD,<\/h4><\/li><li><h4>D\u2019examiner les bilans d\u2019activit\u00e9s p\u00e9dagogiques et scientifiques de la facult\u00e9 qui sont transmis par le doyen de la facult\u00e9, accompagn\u00e9s des avis et recommandations du conseil, au recteur.<\/h4><\/li><li><h4>Il peut aussi \u00eatre saisi de toute autre question d\u2019ordre p\u00e9dagogique ou scientifique qui lui est soumise par le doyen.<\/h4><\/li><\/ul><h4>\u00a0<\/h4><h4>\u00a0<\/h4>\t\t\t\t\t\t\t\t<\/div>\n\t\t\t\t<\/div>\n\t\t\t\t\t<\/div>\n\t\t\t\t<\/div>\n\t\t<div class=\"elementor-element elementor-element-236f44e e-flex e-con-boxed wpr-particle-no wpr-jarallax-no wpr-parallax-no wpr-sticky-section-no e-con e-parent\" data-id=\"236f44e\" data-element_type=\"container\">\n\t\t\t\t\t<div class=\"e-con-inner\">\n\t\t\t\t<div class=\"elementor-element elementor-element-d1aa980 elementor-invisible elementor-widget elementor-widget-heading\" data-id=\"d1aa980\" data-element_type=\"widget\" data-settings=\"{&quot;_animation&quot;:&quot;fadeInRight&quot;}\" data-widget_type=\"heading.default\">\n\t\t\t\t<div class=\"elementor-widget-container\">\n\t\t\t\t\t<h3 class=\"elementor-heading-title elementor-size-default\">REGLEMENT INTERIEUR DU CONSEIL SCIENTIFIQUE DE LA FACULTE (CSF)<\/h3>\t\t\t\t<\/div>\n\t\t\t\t<\/div>\n\t\t\t\t\t<\/div>\n\t\t\t\t<\/div>\n\t\t<div class=\"elementor-element elementor-element-0352f09 e-flex e-con-boxed wpr-particle-no wpr-jarallax-no wpr-parallax-no wpr-sticky-section-no e-con e-parent\" data-id=\"0352f09\" data-element_type=\"container\">\n\t\t\t\t\t<div class=\"e-con-inner\">\n\t\t\t\t<div class=\"elementor-element elementor-element-cc9da72 elementor-invisible elementor-widget elementor-widget-text-editor\" data-id=\"cc9da72\" data-element_type=\"widget\" data-settings=\"{&quot;_animation&quot;:&quot;fadeInLeft&quot;}\" data-widget_type=\"text-editor.default\">\n\t\t\t\t<div class=\"elementor-widget-container\">\n\t\t\t\t\t\t\t\t\t<h2><strong><a href=\"http:\/\/www.univ-dbkm.dz\/fsminfo\/wp-content\/uploads\/2024\/12\/REGLEMENT-INTERIEUR-DU-CONSEIL-SCIENTIFIQUE-DE-LA-FACULTE-CSF.pdf\">T\u00e9l\u00e9charger ICI<\/a><\/strong><\/h2>\t\t\t\t\t\t\t\t<\/div>\n\t\t\t\t<\/div>\n\t\t\t\t\t<\/div>\n\t\t\t\t<\/div>\n\t\t<div class=\"elementor-element elementor-element-15fd9331 e-flex e-con-boxed wpr-particle-no wpr-jarallax-no wpr-parallax-no wpr-sticky-section-no e-con e-parent\" data-id=\"15fd9331\" data-element_type=\"container\" data-settings=\"{&quot;background_background&quot;:&quot;classic&quot;}\">\n\t\t\t\t\t<div class=\"e-con-inner\">\n\t\t\t\t<div class=\"elementor-element elementor-element-1dc43e29 elementor-widget-divider--separator-type-pattern elementor-widget-divider--view-line elementor-widget elementor-widget-divider\" data-id=\"1dc43e29\" data-element_type=\"widget\" data-widget_type=\"divider.default\">\n\t\t\t\t<div class=\"elementor-widget-container\">\n\t\t\t\t\t\t\t<div class=\"elementor-divider\" style=\"--divider-pattern-url: url(&quot;data:image\/svg+xml,%3Csvg xmlns=&#039;http:\/\/www.w3.org\/2000\/svg&#039; preserveAspectRatio=&#039;none&#039; overflow=&#039;visible&#039; height=&#039;100%&#039; viewBox=&#039;0 0 24 24&#039; fill=&#039;black&#039; stroke=&#039;none&#039;%3E%3Cpath d=&#039;M12.7,2.3c-0.4-0.4-1.1-0.4-1.5,0l-8,9.1c-0.3,0.4-0.3,0.9,0,1.2l8,9.1c0.4,0.4,1.1,0.4,1.5,0l8-9.1c0.3-0.4,0.3-0.9,0-1.2L12.7,2.3z&#039;\/%3E%3C\/svg%3E&quot;);\">\n\t\t\t<span class=\"elementor-divider-separator\">\n\t\t\t\t\t\t<\/span>\n\t\t<\/div>\n\t\t\t\t\t\t<\/div>\n\t\t\t\t<\/div>\n\t\t\t\t<div class=\"elementor-element elementor-element-1e267f7 elementor-widget elementor-widget-heading\" data-id=\"1e267f7\" data-element_type=\"widget\" data-widget_type=\"heading.default\">\n\t\t\t\t<div class=\"elementor-widget-container\">\n\t\t\t\t\t<h3 class=\"elementor-heading-title elementor-size-default\">\u0643\u0644\u064a\u0629 \u0639\u0644\u0648\u0645 \u0627\u0644\u0645\u0627\u062f\u0629 \u0648 \u0627\u0644\u0627\u0639\u0644\u0627\u0645 \u0627\u0644\u0627\u0644\u064a<br>\n\u0627\u0644\u0628\u0631\u064a\u062f \u0627\u0644\u0627\u0643\u062a\u0631\u0648\u0646\u064a :<br><br> \u0627\u0644\u0647\u0627\u062a\u0641\/ \u0627\u0644\u0641\u0627\u0643\u0633 :<br>\n<br>\u0627\u0644\u0639\u0646\u0648\u0627\u0646 : \u0637\u0631\u064a\u0642 \u062b\u0646\u064a\u0629 \u0627\u0644\u0627\u062d\u062f \u062e\u0645\u064a\u0633 \u0645\u0644\u064a\u0627\u0646\u0629 - 44225 -\n\u0648\u0644\u0627\u064a\u0629 \u0639\u064a\u0646 \u0627\u0644\u062f\u0641\u0644\u0649 - \u0627\u0644\u062c\u0632\u0627\u0626\u0631<\/h3>\t\t\t\t<\/div>\n\t\t\t\t<\/div>\n\t\t\t\t<div class=\"elementor-element elementor-element-10639429 elementor-widget-divider--separator-type-pattern elementor-widget-divider--view-line elementor-widget elementor-widget-divider\" data-id=\"10639429\" data-element_type=\"widget\" data-widget_type=\"divider.default\">\n\t\t\t\t<div class=\"elementor-widget-container\">\n\t\t\t\t\t\t\t<div class=\"elementor-divider\" style=\"--divider-pattern-url: url(&quot;data:image\/svg+xml,%3Csvg xmlns=&#039;http:\/\/www.w3.org\/2000\/svg&#039; preserveAspectRatio=&#039;none&#039; overflow=&#039;visible&#039; height=&#039;100%&#039; viewBox=&#039;0 0 24 24&#039; fill=&#039;black&#039; stroke=&#039;none&#039;%3E%3Cpath d=&#039;M12.7,2.3c-0.4-0.4-1.1-0.4-1.5,0l-8,9.1c-0.3,0.4-0.3,0.9,0,1.2l8,9.1c0.4,0.4,1.1,0.4,1.5,0l8-9.1c0.3-0.4,0.3-0.9,0-1.2L12.7,2.3z&#039;\/%3E%3C\/svg%3E&quot;);\">\n\t\t\t<span class=\"elementor-divider-separator\">\n\t\t\t\t\t\t<\/span>\n\t\t<\/div>\n\t\t\t\t\t\t<\/div>\n\t\t\t\t<\/div>\n\t\t\t\t\t<\/div>\n\t\t\t\t<\/div>\n\t\t\t\t<\/div>\n\t\t","protected":false},"excerpt":{"rendered":"<p>Conseil Scientifique Les membres du Conseil Scientifique de la Facult\u00e9 Pr\u00e9sident\u00a0: BOUDERBALA Mihoub Membres : CHETTI Boualem Doyen de la facult\u00e9 EL BAA Mohamed Vice Doyen Charger de la PGRS et RE HOUAS Mohamed Vice Doyen Charg\u00e9 des \u00e9tudes et des question li\u00e9es au \u00e9tudiants KELLECHE Abdelkarim Chef de d\u00e9partement Math\u00e9matiques DOUICI Mohamed Chef de d\u00e9partement Physique BOUDJEMA Fatiha Chef de d\u00e9partement Chimie HANICHE Fai\u00e7al Chef de d\u00e9partement Informatique AZZOUZA Nour eddine Chef de d\u00e9partement Intelligence artificielle BEZZIOU Mohamed President de CSD Math\u00e9matiques DIAF Ahmed President de CSD Physique FIZIR Meriem President de CSD Chimie GOUJIL Mohamed President de CSD Informatique BOUKABCHA HOCINE Repr\u00e9sentant des enseignants du rang magistrale Physique TOUAFRI Lasnouni Repr\u00e9sentant des enseignants du rang magistrale Chimie KRELIFA Ali Repr\u00e9sentant des enseignants du rang magistrale Maths HARBOUCHE Oussama Repr\u00e9sentant des enseignants MA MEGHATRIA Riadh Repr\u00e9sentant des enseignants MA BERRABEH Ali Responsable de la Biblioth\u00e8que Fonctions de CSF Le CSF \u00e9met des avis et recommandations sur : L\u2019organisation et le contenu des enseignements, L\u2019organisation des travaux de recherche, Les propositions de programmes de recherche, Les propositions de cr\u00e9ation et de suppression de d\u00e9partements et\/ou de fili\u00e8res et de laboratoires de recherche, Les programmes d\u2019ouverture, de reconduction, gel et\/ou de fermeture des post-graduations, Les profils et les besoins en enseignants. En outre, il est charg\u00e9 : D\u2019agr\u00e9er les sujets de recherche en post-graduation, D\u2019examiner la proposition de la composition du jury de soutenance de P.G, D\u2019examiner les jurys d\u2019habilitation universitaire, propos\u00e9s par le CSD, D\u2019examiner les bilans d\u2019activit\u00e9s p\u00e9dagogiques et scientifiques de la facult\u00e9 qui sont transmis par le doyen de la facult\u00e9, accompagn\u00e9s des avis et recommandations du conseil, au recteur. Il peut aussi \u00eatre saisi de toute autre question d\u2019ordre p\u00e9dagogique ou scientifique qui lui est soumise par le doyen. \u00a0 \u00a0 REGLEMENT INTERIEUR DU CONSEIL SCIENTIFIQUE DE LA FACULTE (CSF) T\u00e9l\u00e9charger ICI \u0643\u0644\u064a\u0629 \u0639\u0644\u0648\u0645 \u0627\u0644\u0645\u0627\u062f\u0629 \u0648 \u0627\u0644\u0627\u0639\u0644\u0627\u0645 \u0627\u0644\u0627\u0644\u064a \u0627\u0644\u0628\u0631\u064a\u062f \u0627\u0644\u0627\u0643\u062a\u0631\u0648\u0646\u064a : \u0627\u0644\u0647\u0627\u062a\u0641\/ \u0627\u0644\u0641\u0627\u0643\u0633 : \u0627\u0644\u0639\u0646\u0648\u0627\u0646 : \u0637\u0631\u064a\u0642 \u062b\u0646\u064a\u0629 \u0627\u0644\u0627\u062d\u062f \u062e\u0645\u064a\u0633 \u0645\u0644\u064a\u0627\u0646\u0629 &#8211; 44225 &#8211; \u0648\u0644\u0627\u064a\u0629 \u0639\u064a\u0646 \u0627\u0644\u062f\u0641\u0644\u0649 &#8211; \u0627\u0644\u062c\u0632\u0627\u0626\u0631<\/p>\n","protected":false},"author":1,"featured_media":0,"parent":0,"menu_order":0,"comment_status":"closed","ping_status":"closed","template":"","meta":{"_uag_custom_page_level_css":"","site-sidebar-layout":"no-sidebar","site-content-layout":"page-builder","ast-site-content-layout":"full-width-container","site-content-style":"unboxed","site-sidebar-style":"unboxed","ast-global-header-display":"","ast-banner-title-visibility":"","ast-main-header-display":"","ast-hfb-above-header-display":"","ast-hfb-below-header-display":"","ast-hfb-mobile-header-display":"","site-post-title":"disabled","ast-breadcrumbs-content":"","ast-featured-img":"disabled","footer-sml-layout":"","theme-transparent-header-meta":"","adv-header-id-meta":"","stick-header-meta":"","header-above-stick-meta":"","header-main-stick-meta":"","header-below-stick-meta":"","astra-migrate-meta-layouts":"set","ast-page-background-enabled":"default","ast-page-background-meta":{"desktop":{"background-color":"var(--ast-global-color-4)","background-image":"","background-repeat":"repeat","background-position":"center center","background-size":"auto","background-attachment":"scroll","background-type":"","background-media":"","overlay-type":"","overlay-color":"","overlay-gradient":""},"tablet":{"background-color":"","background-image":"","background-repeat":"repeat","background-position":"center center","background-size":"auto","background-attachment":"scroll","background-type":"","background-media":"","overlay-type":"","overlay-color":"","overlay-gradient":""},"mobile":{"background-color":"","background-image":"","background-repeat":"repeat","background-position":"center center","background-size":"auto","background-attachment":"scroll","background-type":"","background-media":"","overlay-type":"","overlay-color":"","overlay-gradient":""}},"ast-content-background-meta":{"desktop":{"background-color":"var(--ast-global-color-5)","background-image":"","background-repeat":"repeat","background-position":"center center","background-size":"auto","background-attachment":"scroll","background-type":"","background-media":"","overlay-type":"","overlay-color":"","overlay-gradient":""},"tablet":{"background-color":"var(--ast-global-color-5)","background-image":"","background-repeat":"repeat","background-position":"center center","background-size":"auto","background-attachment":"scroll","background-type":"","background-media":"","overlay-type":"","overlay-color":"","overlay-gradient":""},"mobile":{"background-color":"var(--ast-global-color-5)","background-image":"","background-repeat":"repeat","background-position":"center center","background-size":"auto","background-attachment":"scroll","background-type":"","background-media":"","overlay-type":"","overlay-color":"","overlay-gradient":""}},"footnotes":""},"class_list":["post-5283","page","type-page","status-publish","hentry"],"uagb_featured_image_src":{"full":false,"thumbnail":false,"medium":false,"medium_large":false,"large":false,"1536x1536":false,"2048x2048":false},"uagb_author_info":{"display_name":"fsminfo","author_link":"http:\/\/www.univ-dbkm.dz\/fsminfo\/author\/fsminfo\/"},"uagb_comment_info":0,"uagb_excerpt":"Conseil Scientifique Les membres du Conseil Scientifique de la Facult\u00e9 Pr\u00e9sident\u00a0: BOUDERBALA Mihoub Membres : CHETTI Boualem Doyen de la facult\u00e9 EL BAA Mohamed Vice Doyen Charger de la PGRS et RE HOUAS Mohamed Vice Doyen Charg\u00e9 des \u00e9tudes et des question li\u00e9es au \u00e9tudiants KELLECHE Abdelkarim Chef de d\u00e9partement Math\u00e9matiques DOUICI Mohamed Chef de\u2026","_links":{"self":[{"href":"http:\/\/www.univ-dbkm.dz\/fsminfo\/wp-json\/wp\/v2\/pages\/5283","targetHints":{"allow":["GET"]}}],"collection":[{"href":"http:\/\/www.univ-dbkm.dz\/fsminfo\/wp-json\/wp\/v2\/pages"}],"about":[{"href":"http:\/\/www.univ-dbkm.dz\/fsminfo\/wp-json\/wp\/v2\/types\/page"}],"author":[{"embeddable":true,"href":"http:\/\/www.univ-dbkm.dz\/fsminfo\/wp-json\/wp\/v2\/users\/1"}],"replies":[{"embeddable":true,"href":"http:\/\/www.univ-dbkm.dz\/fsminfo\/wp-json\/wp\/v2\/comments?post=5283"}],"version-history":[{"count":13,"href":"http:\/\/www.univ-dbkm.dz\/fsminfo\/wp-json\/wp\/v2\/pages\/5283\/revisions"}],"predecessor-version":[{"id":5559,"href":"http:\/\/www.univ-dbkm.dz\/fsminfo\/wp-json\/wp\/v2\/pages\/5283\/revisions\/5559"}],"wp:attachment":[{"href":"http:\/\/www.univ-dbkm.dz\/fsminfo\/wp-json\/wp\/v2\/media?parent=5283"}],"curies":[{"name":"wp","href":"https:\/\/api.w.org\/{rel}","templated":true}]}}