{"id":5308,"date":"2024-12-18T14:11:57","date_gmt":"2024-12-18T13:11:57","guid":{"rendered":"http:\/\/www.univ-dbkm.dz\/fsminfo\/?page_id=5308"},"modified":"2025-03-19T14:24:38","modified_gmt":"2025-03-19T13:24:38","slug":"departement-dinformatique","status":"publish","type":"page","link":"http:\/\/www.univ-dbkm.dz\/fsminfo\/fr\/departement-dinformatique\/","title":{"rendered":"D\u00e9partement d&rsquo;Informatique"},"content":{"rendered":"\t\t<div data-elementor-type=\"wp-page\" data-elementor-id=\"5308\" class=\"elementor elementor-5308\">\n\t\t\t\t<div class=\"elementor-element elementor-element-3c9c1372 e-flex e-con-boxed wpr-particle-no wpr-jarallax-no wpr-parallax-no wpr-sticky-section-no e-con e-parent\" data-id=\"3c9c1372\" data-element_type=\"container\" data-settings=\"{&quot;background_background&quot;:&quot;classic&quot;}\">\n\t\t\t\t\t<div class=\"e-con-inner\">\n\t\t\t\t<div class=\"elementor-element elementor-element-295f1429 elementor-widget elementor-widget-heading\" data-id=\"295f1429\" data-element_type=\"widget\" data-widget_type=\"heading.default\">\n\t\t\t\t<div class=\"elementor-widget-container\">\n\t\t\t\t\t<h1 class=\"elementor-heading-title elementor-size-default\">D\u00e9partement d'Informatique<\/h1>\t\t\t\t<\/div>\n\t\t\t\t<\/div>\n\t\t\t\t\t<\/div>\n\t\t\t\t<\/div>\n\t\t<div class=\"elementor-element elementor-element-a609be7 e-flex e-con-boxed wpr-particle-no wpr-jarallax-no wpr-parallax-no wpr-sticky-section-no e-con e-parent\" data-id=\"a609be7\" data-element_type=\"container\">\n\t\t\t\t\t<div class=\"e-con-inner\">\n\t\t\t\t<div class=\"elementor-element elementor-element-3329905 elementor-widget elementor-widget-text-editor\" data-id=\"3329905\" data-element_type=\"widget\" data-widget_type=\"text-editor.default\">\n\t\t\t\t<div class=\"elementor-widget-container\">\n\t\t\t\t\t\t\t\t\t<p style=\"text-align: center;\"><span style=\"color: #008080;\"><em><strong>24 novembre 2024<\/strong><\/em><\/span><\/p>\t\t\t\t\t\t\t\t<\/div>\n\t\t\t\t<\/div>\n\t\t\t\t\t<\/div>\n\t\t\t\t<\/div>\n\t\t<div class=\"elementor-element elementor-element-79e6239 e-flex e-con-boxed wpr-particle-no wpr-jarallax-no wpr-parallax-no wpr-sticky-section-no e-con e-parent\" data-id=\"79e6239\" data-element_type=\"container\">\n\t\t\t\t\t<div class=\"e-con-inner\">\n\t\t\t\t<div class=\"elementor-element elementor-element-eb69111 elementor-widget elementor-widget-text-editor\" data-id=\"eb69111\" data-element_type=\"widget\" data-widget_type=\"text-editor.default\">\n\t\t\t\t<div class=\"elementor-widget-container\">\n\t\t\t\t\t\t\t\t\t<table><tbody><tr><td width=\"121\"><h4>Domaine\u00a0<\/h4><\/td><td width=\"121\"><h4><strong>Fili\u00e8re\u00a0<\/strong><\/h4><\/td><td width=\"121\"><h4><strong>Licence<\/strong><\/h4><\/td><td width=\"121\"><h4><strong>Master<\/strong><\/h4><\/td><td width=\"121\"><h4><strong>Doctorat<\/strong><\/h4><\/td><\/tr><tr><td rowspan=\"2\" width=\"121\"><h4>Math\u00e9matique\u00a0 et informatique \u00a0<\/h4><\/td><td rowspan=\"2\" width=\"121\"><h4>Informatique<\/h4><\/td><td rowspan=\"2\" width=\"121\"><h4><a href=\"http:\/\/www.univ-dbkm.dz\/fsminfo\/wp-content\/uploads\/2024\/12\/Systeme-Informatique.pdf\">Syst\u00e8me Informatique<\/a><\/h4><h4>\u00a0<\/h4><h4>(<a href=\"http:\/\/www.univ-dbkm.dz\/fsminfo\/wp-content\/uploads\/2024\/12\/Systemes-Informatiques.pdf\">fiche descriptive<\/a>)<\/h4><\/td><td rowspan=\"2\" width=\"121\"><h4><a href=\"http:\/\/www.univ-dbkm.dz\/fsminfo\/wp-content\/uploads\/2024\/12\/Ingenierie-du-logiciel.pdf\">G\u00e9nie logiciel et <\/a><a href=\"http:\/\/www.univ-dbkm.dz\/fsminfo\/wp-content\/uploads\/2024\/12\/Ingenierie-du-logiciel.pdf\">syst\u00e8mes distribu\u00e9s<\/a><\/h4><h4>(<a href=\"http:\/\/www.univ-dbkm.dz\/fsminfo\/wp-content\/uploads\/2024\/12\/Ingenierie-du-logiciel-2.pdf\">fiche descriptive<\/a>)<\/h4><\/td><td width=\"121\">\u00a0<\/td><\/tr><tr><td width=\"121\">\u00a0<\/td><\/tr><\/tbody><\/table>\t\t\t\t\t\t\t\t<\/div>\n\t\t\t\t<\/div>\n\t\t\t\t\t<\/div>\n\t\t\t\t<\/div>\n\t\t<div class=\"elementor-element elementor-element-a42dab2 e-flex e-con-boxed wpr-particle-no wpr-jarallax-no wpr-parallax-no wpr-sticky-section-no e-con e-parent\" data-id=\"a42dab2\" data-element_type=\"container\">\n\t\t\t\t\t<div class=\"e-con-inner\">\n\t\t\t\t<div class=\"elementor-element elementor-element-b83ea78 elementor-invisible elementor-widget elementor-widget-image\" data-id=\"b83ea78\" data-element_type=\"widget\" data-settings=\"{&quot;_animation&quot;:&quot;fadeInLeft&quot;}\" data-widget_type=\"image.default\">\n\t\t\t\t<div class=\"elementor-widget-container\">\n\t\t\t\t\t\t\t\t\t\t\t\t\t\t\t<img fetchpriority=\"high\" decoding=\"async\" width=\"670\" height=\"707\" src=\"http:\/\/www.univ-dbkm.dz\/fsminfo\/wp-content\/uploads\/2025\/03\/math-fr.png\" class=\"attachment-large size-large wp-image-7376\" alt=\"\" srcset=\"http:\/\/www.univ-dbkm.dz\/fsminfo\/wp-content\/uploads\/2025\/03\/math-fr.png 670w, http:\/\/www.univ-dbkm.dz\/fsminfo\/wp-content\/uploads\/2025\/03\/math-fr-284x300.png 284w\" sizes=\"(max-width: 670px) 100vw, 670px\" \/>\t\t\t\t\t\t\t\t\t\t\t\t\t\t\t<\/div>\n\t\t\t\t<\/div>\n\t\t\t\t\t<\/div>\n\t\t\t\t<\/div>\n\t\t<div class=\"elementor-element elementor-element-360317a e-flex e-con-boxed wpr-particle-no wpr-jarallax-no wpr-parallax-no wpr-sticky-section-no e-con e-parent\" data-id=\"360317a\" data-element_type=\"container\">\n\t\t\t\t\t<div class=\"e-con-inner\">\n\t\t\t\t<div class=\"elementor-element elementor-element-c9721bf elementor-widget elementor-widget-heading\" data-id=\"c9721bf\" data-element_type=\"widget\" data-widget_type=\"heading.default\">\n\t\t\t\t<div class=\"elementor-widget-container\">\n\t\t\t\t\t<h3 class=\"elementor-heading-title elementor-size-default\">d\u00e9bouch\u00e9s des dipl\u00f4m\u00e9s du d\u00e9partement<\/h3>\t\t\t\t<\/div>\n\t\t\t\t<\/div>\n\t\t\t\t\t<\/div>\n\t\t\t\t<\/div>\n\t\t<div class=\"elementor-element elementor-element-4931556 e-flex e-con-boxed wpr-particle-no wpr-jarallax-no wpr-parallax-no wpr-sticky-section-no e-con e-parent\" data-id=\"4931556\" data-element_type=\"container\">\n\t\t\t\t\t<div class=\"e-con-inner\">\n\t\t<div class=\"elementor-element elementor-element-c2f2e35 e-con-full e-flex wpr-particle-no wpr-jarallax-no wpr-parallax-no wpr-sticky-section-no e-con e-child\" data-id=\"c2f2e35\" data-element_type=\"container\">\n\t\t\t\t<div class=\"elementor-element elementor-element-602b982 elementor-widget elementor-widget-text-editor\" data-id=\"602b982\" data-element_type=\"widget\" data-widget_type=\"text-editor.default\">\n\t\t\t\t<div class=\"elementor-widget-container\">\n\t\t\t\t\t\t\t\t\t<h5><b>FICHE TECHNIQUE INFORMATIQUE:<\/b><\/h5><p><b>Domaine<\/b> :Mathematique et Informatique<br \/><b>Sp\u00e9cialit\u00e9<\/b> : Informatique<br \/><b>Niveau<\/b>\u00a0: Licence, Master, Doctorat<\/p>\t\t\t\t\t\t\t\t<\/div>\n\t\t\t\t<\/div>\n\t\t\t\t<\/div>\n\t\t<div class=\"elementor-element elementor-element-a82c0bc e-con-full e-flex wpr-particle-no wpr-jarallax-no wpr-parallax-no wpr-sticky-section-no e-con e-child\" data-id=\"a82c0bc\" data-element_type=\"container\">\n\t\t\t\t<div class=\"elementor-element elementor-element-6bccd0d elementor-widget elementor-widget-text-editor\" data-id=\"6bccd0d\" data-element_type=\"widget\" data-widget_type=\"text-editor.default\">\n\t\t\t\t<div class=\"elementor-widget-container\">\n\t\t\t\t\t\t\t\t\t<ul><li><strong><span lang=\"FR\">\u00a0<\/span><span lang=\"FR\">Secteur Publique\u00a0:<\/span><\/strong><\/li><\/ul><p><span lang=\"FR\">o\u00a0\u00a0\u00a0<\/span><span lang=\"FR\">Ing\u00e9nieur d\u2019\u00e9tat en informatique<\/span><\/p><p><span lang=\"FR\">o\u00a0\u00a0\u00a0<\/span><span lang=\"FR\">Ing\u00e9nieur de d\u00e9veloppement<\/span><\/p><p><span lang=\"FR\">o\u00a0\u00a0\u00a0<\/span><span lang=\"FR\">Ing\u00e9nieur syst\u00e8me<\/span><\/p><ul><li><strong><span lang=\"FR\">Secteur Priv\u00e9e<\/span><\/strong><\/li><\/ul><p>o\u00a0\u00a0\u00a0<span lang=\"FR\" style=\"font-size: 16px;\">Ing\u00e9nieur en informatique<\/span><\/p><p><span lang=\"FR\">o\u00a0\u00a0\u00a0<\/span><span lang=\"FR\">Responsable du syst\u00e8me informatique<\/span><\/p><p><span lang=\"FR\">o\u00a0\u00a0\u00a0<\/span><span lang=\"FR\">Ing\u00e9nieur de d\u00e9veloppement<\/span><\/p><p><span lang=\"FR\">o\u00a0\u00a0\u00a0<\/span><span lang=\"FR\">Ingenieur DevOps<\/span><\/p><p><span lang=\"FR\">o\u00a0\u00a0\u00a0<\/span><span lang=\"FR\">Responsable du syst\u00e8me d\u2019information<\/span><\/p><p><span lang=\"FR\">o\u00a0\u00a0\u00a0<\/span><span lang=\"FR\">Responsable de s\u00e9curit\u00e9 informatique<\/span><\/p><p><span lang=\"FR\">o\u00a0\u00a0\u00a0<\/span><span lang=\"FR\">Ing\u00e9nieur d\u00e9ploiement<\/span><\/p><p><span lang=\"FR\">o\u00a0\u00a0\u00a0<\/span><span lang=\"FR\">Gestionnaire des projets informatique<\/span><\/p><p><span lang=\"FR\">o\u00a0\u00a0\u00a0<\/span><span lang=\"FR\">Administrateur de Base de donn\u00e9es<\/span><\/p><p><span lang=\"FR\">o\u00a0\u00a0\u00a0<\/span><span lang=\"FR\">Administrateur du serveur et r\u00e9seau d\u2019entreprise (windows et linux)<\/span><\/p>\t\t\t\t\t\t\t\t<\/div>\n\t\t\t\t<\/div>\n\t\t\t\t<\/div>\n\t\t\t\t\t<\/div>\n\t\t\t\t<\/div>\n\t\t\t\t<\/div>\n\t\t","protected":false},"excerpt":{"rendered":"<p>D\u00e9partement d&rsquo;Informatique 24 novembre 2024 Domaine\u00a0 Fili\u00e8re\u00a0 Licence Master Doctorat Math\u00e9matique\u00a0 et informatique \u00a0 Informatique Syst\u00e8me Informatique \u00a0 (fiche descriptive) G\u00e9nie logiciel et syst\u00e8mes distribu\u00e9s (fiche descriptive) \u00a0 \u00a0 d\u00e9bouch\u00e9s des dipl\u00f4m\u00e9s du d\u00e9partement FICHE TECHNIQUE INFORMATIQUE: Domaine :Mathematique et InformatiqueSp\u00e9cialit\u00e9 : InformatiqueNiveau\u00a0: Licence, Master, Doctorat \u00a0Secteur Publique\u00a0: o\u00a0\u00a0\u00a0Ing\u00e9nieur d\u2019\u00e9tat en informatique o\u00a0\u00a0\u00a0Ing\u00e9nieur de d\u00e9veloppement o\u00a0\u00a0\u00a0Ing\u00e9nieur syst\u00e8me Secteur Priv\u00e9e o\u00a0\u00a0\u00a0Ing\u00e9nieur en informatique o\u00a0\u00a0\u00a0Responsable du syst\u00e8me informatique o\u00a0\u00a0\u00a0Ing\u00e9nieur de d\u00e9veloppement o\u00a0\u00a0\u00a0Ingenieur DevOps o\u00a0\u00a0\u00a0Responsable du syst\u00e8me d\u2019information o\u00a0\u00a0\u00a0Responsable de s\u00e9curit\u00e9 informatique o\u00a0\u00a0\u00a0Ing\u00e9nieur d\u00e9ploiement o\u00a0\u00a0\u00a0Gestionnaire des projets informatique o\u00a0\u00a0\u00a0Administrateur de Base de donn\u00e9es o\u00a0\u00a0\u00a0Administrateur du serveur et r\u00e9seau d\u2019entreprise (windows et linux)<\/p>\n","protected":false},"author":1,"featured_media":0,"parent":0,"menu_order":0,"comment_status":"closed","ping_status":"closed","template":"","meta":{"_uag_custom_page_level_css":"","site-sidebar-layout":"no-sidebar","site-content-layout":"page-builder","ast-site-content-layout":"full-width-container","site-content-style":"unboxed","site-sidebar-style":"unboxed","ast-global-header-display":"","ast-banner-title-visibility":"","ast-main-header-display":"","ast-hfb-above-header-display":"","ast-hfb-below-header-display":"","ast-hfb-mobile-header-display":"","site-post-title":"disabled","ast-breadcrumbs-content":"","ast-featured-img":"disabled","footer-sml-layout":"","theme-transparent-header-meta":"","adv-header-id-meta":"","stick-header-meta":"","header-above-stick-meta":"","header-main-stick-meta":"","header-below-stick-meta":"","astra-migrate-meta-layouts":"set","ast-page-background-enabled":"default","ast-page-background-meta":{"desktop":{"background-color":"var(--ast-global-color-4)","background-image":"","background-repeat":"repeat","background-position":"center center","background-size":"auto","background-attachment":"scroll","background-type":"","background-media":"","overlay-type":"","overlay-color":"","overlay-gradient":""},"tablet":{"background-color":"","background-image":"","background-repeat":"repeat","background-position":"center center","background-size":"auto","background-attachment":"scroll","background-type":"","background-media":"","overlay-type":"","overlay-color":"","overlay-gradient":""},"mobile":{"background-color":"","background-image":"","background-repeat":"repeat","background-position":"center center","background-size":"auto","background-attachment":"scroll","background-type":"","background-media":"","overlay-type":"","overlay-color":"","overlay-gradient":""}},"ast-content-background-meta":{"desktop":{"background-color":"var(--ast-global-color-5)","background-image":"","background-repeat":"repeat","background-position":"center center","background-size":"auto","background-attachment":"scroll","background-type":"","background-media":"","overlay-type":"","overlay-color":"","overlay-gradient":""},"tablet":{"background-color":"var(--ast-global-color-5)","background-image":"","background-repeat":"repeat","background-position":"center center","background-size":"auto","background-attachment":"scroll","background-type":"","background-media":"","overlay-type":"","overlay-color":"","overlay-gradient":""},"mobile":{"background-color":"var(--ast-global-color-5)","background-image":"","background-repeat":"repeat","background-position":"center center","background-size":"auto","background-attachment":"scroll","background-type":"","background-media":"","overlay-type":"","overlay-color":"","overlay-gradient":""}},"footnotes":""},"class_list":["post-5308","page","type-page","status-publish","hentry"],"uagb_featured_image_src":{"full":false,"thumbnail":false,"medium":false,"medium_large":false,"large":false,"1536x1536":false,"2048x2048":false},"uagb_author_info":{"display_name":"fsminfo","author_link":"http:\/\/www.univ-dbkm.dz\/fsminfo\/author\/fsminfo\/"},"uagb_comment_info":0,"uagb_excerpt":"D\u00e9partement d&rsquo;Informatique 24 novembre 2024 Domaine\u00a0 Fili\u00e8re\u00a0 Licence Master Doctorat Math\u00e9matique\u00a0 et informatique \u00a0 Informatique Syst\u00e8me Informatique \u00a0 (fiche descriptive) G\u00e9nie logiciel et syst\u00e8mes distribu\u00e9s (fiche descriptive) \u00a0 \u00a0 d\u00e9bouch\u00e9s des dipl\u00f4m\u00e9s du d\u00e9partement FICHE TECHNIQUE INFORMATIQUE: Domaine :Mathematique et InformatiqueSp\u00e9cialit\u00e9 : InformatiqueNiveau\u00a0: Licence, Master, Doctorat \u00a0Secteur Publique\u00a0: o\u00a0\u00a0\u00a0Ing\u00e9nieur d\u2019\u00e9tat en informatique o\u00a0\u00a0\u00a0Ing\u00e9nieur de d\u00e9veloppement\u2026","_links":{"self":[{"href":"http:\/\/www.univ-dbkm.dz\/fsminfo\/wp-json\/wp\/v2\/pages\/5308","targetHints":{"allow":["GET"]}}],"collection":[{"href":"http:\/\/www.univ-dbkm.dz\/fsminfo\/wp-json\/wp\/v2\/pages"}],"about":[{"href":"http:\/\/www.univ-dbkm.dz\/fsminfo\/wp-json\/wp\/v2\/types\/page"}],"author":[{"embeddable":true,"href":"http:\/\/www.univ-dbkm.dz\/fsminfo\/wp-json\/wp\/v2\/users\/1"}],"replies":[{"embeddable":true,"href":"http:\/\/www.univ-dbkm.dz\/fsminfo\/wp-json\/wp\/v2\/comments?post=5308"}],"version-history":[{"count":52,"href":"http:\/\/www.univ-dbkm.dz\/fsminfo\/wp-json\/wp\/v2\/pages\/5308\/revisions"}],"predecessor-version":[{"id":7455,"href":"http:\/\/www.univ-dbkm.dz\/fsminfo\/wp-json\/wp\/v2\/pages\/5308\/revisions\/7455"}],"wp:attachment":[{"href":"http:\/\/www.univ-dbkm.dz\/fsminfo\/wp-json\/wp\/v2\/media?parent=5308"}],"curies":[{"name":"wp","href":"https:\/\/api.w.org\/{rel}","templated":true}]}}