{"id":5329,"date":"2024-12-18T14:25:30","date_gmt":"2024-12-18T13:25:30","guid":{"rendered":"http:\/\/www.univ-dbkm.dz\/fsminfo\/?page_id=5329"},"modified":"2025-03-23T11:37:39","modified_gmt":"2025-03-23T10:37:39","slug":"departement-de-physique-2","status":"publish","type":"page","link":"http:\/\/www.univ-dbkm.dz\/fsminfo\/fr\/departement-de-physique-2\/","title":{"rendered":"D\u00e9partement de Physique"},"content":{"rendered":"\t\t<div data-elementor-type=\"wp-page\" data-elementor-id=\"5329\" class=\"elementor elementor-5329\">\n\t\t\t\t<div class=\"elementor-element elementor-element-4a9729e e-con-full e-flex wpr-particle-no wpr-jarallax-no wpr-parallax-no wpr-sticky-section-no e-con e-parent\" data-id=\"4a9729e\" data-element_type=\"container\">\n\t\t<div class=\"elementor-element elementor-element-0cbd173 e-con-full e-flex wpr-particle-no wpr-jarallax-no wpr-parallax-no wpr-sticky-section-no e-con e-child\" data-id=\"0cbd173\" data-element_type=\"container\" data-settings=\"{&quot;background_background&quot;:&quot;classic&quot;}\">\n\t\t\t\t<div class=\"elementor-element elementor-element-8900865 elementor-widget elementor-widget-heading\" data-id=\"8900865\" data-element_type=\"widget\" data-widget_type=\"heading.default\">\n\t\t\t\t<div class=\"elementor-widget-container\">\n\t\t\t\t\t<h1 class=\"elementor-heading-title elementor-size-default\">D\u00e9partement de Physique<\/h1>\t\t\t\t<\/div>\n\t\t\t\t<\/div>\n\t\t\t\t<\/div>\n\t\t\t\t<\/div>\n\t\t<div class=\"elementor-element elementor-element-3785d0d e-flex e-con-boxed wpr-particle-no wpr-jarallax-no wpr-parallax-no wpr-sticky-section-no e-con e-parent\" data-id=\"3785d0d\" data-element_type=\"container\">\n\t\t\t\t\t<div class=\"e-con-inner\">\n\t\t\t\t<div class=\"elementor-element elementor-element-b1f031c elementor-widget elementor-widget-text-editor\" data-id=\"b1f031c\" data-element_type=\"widget\" data-widget_type=\"text-editor.default\">\n\t\t\t\t<div class=\"elementor-widget-container\">\n\t\t\t\t\t\t\t\t\t<p style=\"text-align: center;\"><span style=\"color: #008080;\"><em><strong>24 novembre 2024<\/strong><\/em><\/span><\/p>\t\t\t\t\t\t\t\t<\/div>\n\t\t\t\t<\/div>\n\t\t\t\t\t<\/div>\n\t\t\t\t<\/div>\n\t\t<div class=\"elementor-element elementor-element-cf01afe e-flex e-con-boxed wpr-particle-no wpr-jarallax-no wpr-parallax-no wpr-sticky-section-no e-con e-parent\" data-id=\"cf01afe\" data-element_type=\"container\">\n\t\t\t\t\t<div class=\"e-con-inner\">\n\t\t\t\t<div class=\"elementor-element elementor-element-c753b14 elementor-widget elementor-widget-text-editor\" data-id=\"c753b14\" data-element_type=\"widget\" data-widget_type=\"text-editor.default\">\n\t\t\t\t<div class=\"elementor-widget-container\">\n\t\t\t\t\t\t\t\t\t<p>\u00a0<\/p><table><tbody><tr><td width=\"121\"><h5><strong>Domaine<\/strong><\/h5><\/td><td width=\"121\"><h5><strong>Fili\u00e8re<\/strong><\/h5><\/td><td width=\"121\"><h5><strong>Licence<\/strong><\/h5><\/td><td width=\"121\"><h5><strong>Master<\/strong><\/h5><\/td><td width=\"121\"><h5><strong>Doctorat<\/strong><\/h5><\/td><\/tr><tr><td rowspan=\"3\" width=\"121\"><h5>Science de la mati\u00e8re\u00a0 \u00a0<\/h5><\/td><td rowspan=\"3\" width=\"121\"><h5>Physique<\/h5><\/td><td rowspan=\"3\" width=\"121\"><h5><a href=\"http:\/\/www.univ-dbkm.dz\/fsminfo\/wp-content\/uploads\/2024\/12\/Physique-Fondamentale.pdf\">Physique Fondamentale\u00a0<\/a><\/h5><\/td><td rowspan=\"2\" width=\"121\"><h5><a href=\"http:\/\/www.univ-dbkm.dz\/fsminfo\/wp-content\/uploads\/2024\/12\/Physique-Theorique.pdf\">Physique Th\u00e9orique\u00a0<\/a><\/h5><h5>(<a href=\"http:\/\/www.univ-dbkm.dz\/fsminfo\/wp-content\/uploads\/2025\/03\/fd-fr-ph-th.pdf\">fiche descriptive<\/a>)<\/h5><\/td><td width=\"121\"><h5>Physique des mat\u00e9riaux<\/h5><\/td><\/tr><tr><td width=\"121\"><h5>Physique th\u00e9orique<\/h5><\/td><\/tr><tr><td width=\"121\"><h5><a href=\"http:\/\/www.univ-dbkm.dz\/fsminfo\/wp-content\/uploads\/2024\/12\/Physique-Applique.pdf\">Physique Appliqu\u00e9<\/a><\/h5><h5>(<a href=\"http:\/\/www.univ-dbkm.dz\/fsminfo\/wp-content\/uploads\/2025\/03\/fd-fr-ph-app.pdf\">fiche descriptive<\/a>)<\/h5><\/td><td width=\"121\"><h5>G\u00e9ophysique<\/h5><\/td><\/tr><\/tbody><\/table>\t\t\t\t\t\t\t\t<\/div>\n\t\t\t\t<\/div>\n\t\t\t\t\t<\/div>\n\t\t\t\t<\/div>\n\t\t<div class=\"elementor-element elementor-element-7a224a4 e-flex e-con-boxed wpr-particle-no wpr-jarallax-no wpr-parallax-no wpr-sticky-section-no e-con e-parent\" data-id=\"7a224a4\" data-element_type=\"container\">\n\t\t\t\t\t<div class=\"e-con-inner\">\n\t\t\t\t<div class=\"elementor-element elementor-element-c305d8f elementor-widget elementor-widget-image\" data-id=\"c305d8f\" data-element_type=\"widget\" data-widget_type=\"image.default\">\n\t\t\t\t<div class=\"elementor-widget-container\">\n\t\t\t\t\t\t\t\t\t\t\t\t\t\t\t<img fetchpriority=\"high\" decoding=\"async\" width=\"788\" height=\"743\" src=\"http:\/\/www.univ-dbkm.dz\/fsminfo\/wp-content\/uploads\/2024\/12\/\u0645\u062e\u0637\u0637-\u0627\u0644\u0641\u064a\u0632\u064a\u0627\u0621-\u0641\u0631\u0646\u0633\u064a\u0629.png\" class=\"attachment-large size-large wp-image-5391\" alt=\"\" srcset=\"http:\/\/www.univ-dbkm.dz\/fsminfo\/wp-content\/uploads\/2024\/12\/\u0645\u062e\u0637\u0637-\u0627\u0644\u0641\u064a\u0632\u064a\u0627\u0621-\u0641\u0631\u0646\u0633\u064a\u0629.png 788w, http:\/\/www.univ-dbkm.dz\/fsminfo\/wp-content\/uploads\/2024\/12\/\u0645\u062e\u0637\u0637-\u0627\u0644\u0641\u064a\u0632\u064a\u0627\u0621-\u0641\u0631\u0646\u0633\u064a\u0629-300x283.png 300w, http:\/\/www.univ-dbkm.dz\/fsminfo\/wp-content\/uploads\/2024\/12\/\u0645\u062e\u0637\u0637-\u0627\u0644\u0641\u064a\u0632\u064a\u0627\u0621-\u0641\u0631\u0646\u0633\u064a\u0629-768x724.png 768w\" sizes=\"(max-width: 788px) 100vw, 788px\" \/>\t\t\t\t\t\t\t\t\t\t\t\t\t\t\t<\/div>\n\t\t\t\t<\/div>\n\t\t\t\t\t<\/div>\n\t\t\t\t<\/div>\n\t\t<div class=\"elementor-element elementor-element-7a5e436 e-flex e-con-boxed wpr-particle-no wpr-jarallax-no wpr-parallax-no wpr-sticky-section-no e-con e-parent\" data-id=\"7a5e436\" data-element_type=\"container\">\n\t\t\t\t\t<div class=\"e-con-inner\">\n\t\t<div class=\"elementor-element elementor-element-af92252 e-con-full e-flex wpr-particle-no wpr-jarallax-no wpr-parallax-no wpr-sticky-section-no e-con e-child\" data-id=\"af92252\" data-element_type=\"container\">\n\t\t<div class=\"elementor-element elementor-element-260a1f0 e-con-full e-flex wpr-particle-no wpr-jarallax-no wpr-parallax-no wpr-sticky-section-no e-con e-child\" data-id=\"260a1f0\" data-element_type=\"container\">\n\t\t\t\t<div class=\"elementor-element elementor-element-b5376e7 elementor-widget elementor-widget-heading\" data-id=\"b5376e7\" data-element_type=\"widget\" data-widget_type=\"heading.default\">\n\t\t\t\t<div class=\"elementor-widget-container\">\n\t\t\t\t\t<h3 class=\"elementor-heading-title elementor-size-default\">D\u00e9bouch\u00e9s professionnels<\/h3>\t\t\t\t<\/div>\n\t\t\t\t<\/div>\n\t\t\t\t<\/div>\n\t\t<div class=\"elementor-element elementor-element-064be32 e-con-full e-flex wpr-particle-no wpr-jarallax-no wpr-parallax-no wpr-sticky-section-no e-con e-child\" data-id=\"064be32\" data-element_type=\"container\">\n\t\t<div class=\"elementor-element elementor-element-c74158e e-con-full e-flex wpr-particle-no wpr-jarallax-no wpr-parallax-no wpr-sticky-section-no e-con e-child\" data-id=\"c74158e\" data-element_type=\"container\">\n\t\t\t\t<div class=\"elementor-element elementor-element-c7b73a0 elementor-widget elementor-widget-text-editor\" data-id=\"c7b73a0\" data-element_type=\"widget\" data-widget_type=\"text-editor.default\">\n\t\t\t\t<div class=\"elementor-widget-container\">\n\t\t\t\t\t\t\t\t\t<h5><b>FICHE TECHNIQUE <\/b>PHYSIQUE <b><\/b><b>:<\/b><\/h5><p><b>Domaine<\/b> : Science de la mati\u00e8re <b>Sp\u00e9cialit\u00e9<\/b> : Physique<\/p><p><b>Niveau<\/b> : Master, Doctorat<\/p>\t\t\t\t\t\t\t\t<\/div>\n\t\t\t\t<\/div>\n\t\t\t\t<\/div>\n\t\t<div class=\"elementor-element elementor-element-b3f7c36 e-con-full e-flex wpr-particle-no wpr-jarallax-no wpr-parallax-no wpr-sticky-section-no e-con e-child\" data-id=\"b3f7c36\" data-element_type=\"container\">\n\t\t\t\t<div class=\"elementor-element elementor-element-540d224 elementor-widget elementor-widget-text-editor\" data-id=\"540d224\" data-element_type=\"widget\" data-widget_type=\"text-editor.default\">\n\t\t\t\t<div class=\"elementor-widget-container\">\n\t\t\t\t\t\t\t\t\t<p><strong>Enseignement et \u00e9ducation:<\/strong><\/p><ul><li>PEM(professeur d&rsquo;enseignement moyen).<\/li><li>PES(professeur d&rsquo;enseignement secondaire).<\/li><\/ul>\t\t\t\t\t\t\t\t<\/div>\n\t\t\t\t<\/div>\n\t\t\t\t<\/div>\n\t\t\t\t<\/div>\n\t\t\t\t<\/div>\n\t\t\t\t\t<\/div>\n\t\t\t\t<\/div>\n\t\t\t\t<\/div>\n\t\t","protected":false},"excerpt":{"rendered":"<p>D\u00e9partement de Physique 24 novembre 2024 \u00a0 Domaine Fili\u00e8re Licence Master Doctorat Science de la mati\u00e8re\u00a0 \u00a0 Physique Physique Fondamentale\u00a0 Physique Th\u00e9orique\u00a0 (fiche descriptive) Physique des mat\u00e9riaux Physique th\u00e9orique Physique Appliqu\u00e9 (fiche descriptive) G\u00e9ophysique D\u00e9bouch\u00e9s professionnels FICHE TECHNIQUE PHYSIQUE : Domaine : Science de la mati\u00e8re Sp\u00e9cialit\u00e9 : Physique Niveau : Master, Doctorat Enseignement et \u00e9ducation: PEM(professeur d&rsquo;enseignement moyen). PES(professeur d&rsquo;enseignement secondaire).<\/p>\n","protected":false},"author":1,"featured_media":0,"parent":0,"menu_order":0,"comment_status":"closed","ping_status":"closed","template":"","meta":{"_uag_custom_page_level_css":"","site-sidebar-layout":"no-sidebar","site-content-layout":"page-builder","ast-site-content-layout":"full-width-container","site-content-style":"unboxed","site-sidebar-style":"unboxed","ast-global-header-display":"","ast-banner-title-visibility":"","ast-main-header-display":"","ast-hfb-above-header-display":"","ast-hfb-below-header-display":"","ast-hfb-mobile-header-display":"","site-post-title":"disabled","ast-breadcrumbs-content":"","ast-featured-img":"disabled","footer-sml-layout":"","theme-transparent-header-meta":"","adv-header-id-meta":"","stick-header-meta":"","header-above-stick-meta":"","header-main-stick-meta":"","header-below-stick-meta":"","astra-migrate-meta-layouts":"set","ast-page-background-enabled":"default","ast-page-background-meta":{"desktop":{"background-color":"var(--ast-global-color-4)","background-image":"","background-repeat":"repeat","background-position":"center center","background-size":"auto","background-attachment":"scroll","background-type":"","background-media":"","overlay-type":"","overlay-color":"","overlay-gradient":""},"tablet":{"background-color":"","background-image":"","background-repeat":"repeat","background-position":"center center","background-size":"auto","background-attachment":"scroll","background-type":"","background-media":"","overlay-type":"","overlay-color":"","overlay-gradient":""},"mobile":{"background-color":"","background-image":"","background-repeat":"repeat","background-position":"center center","background-size":"auto","background-attachment":"scroll","background-type":"","background-media":"","overlay-type":"","overlay-color":"","overlay-gradient":""}},"ast-content-background-meta":{"desktop":{"background-color":"var(--ast-global-color-5)","background-image":"","background-repeat":"repeat","background-position":"center center","background-size":"auto","background-attachment":"scroll","background-type":"","background-media":"","overlay-type":"","overlay-color":"","overlay-gradient":""},"tablet":{"background-color":"var(--ast-global-color-5)","background-image":"","background-repeat":"repeat","background-position":"center center","background-size":"auto","background-attachment":"scroll","background-type":"","background-media":"","overlay-type":"","overlay-color":"","overlay-gradient":""},"mobile":{"background-color":"var(--ast-global-color-5)","background-image":"","background-repeat":"repeat","background-position":"center center","background-size":"auto","background-attachment":"scroll","background-type":"","background-media":"","overlay-type":"","overlay-color":"","overlay-gradient":""}},"footnotes":""},"class_list":["post-5329","page","type-page","status-publish","hentry"],"uagb_featured_image_src":{"full":false,"thumbnail":false,"medium":false,"medium_large":false,"large":false,"1536x1536":false,"2048x2048":false},"uagb_author_info":{"display_name":"fsminfo","author_link":"http:\/\/www.univ-dbkm.dz\/fsminfo\/author\/fsminfo\/"},"uagb_comment_info":0,"uagb_excerpt":"D\u00e9partement de Physique 24 novembre 2024 \u00a0 Domaine Fili\u00e8re Licence Master Doctorat Science de la mati\u00e8re\u00a0 \u00a0 Physique Physique Fondamentale\u00a0 Physique Th\u00e9orique\u00a0 (fiche descriptive) Physique des mat\u00e9riaux Physique th\u00e9orique Physique Appliqu\u00e9 (fiche descriptive) G\u00e9ophysique D\u00e9bouch\u00e9s professionnels FICHE TECHNIQUE PHYSIQUE : Domaine : Science de la mati\u00e8re Sp\u00e9cialit\u00e9 : Physique Niveau : Master, Doctorat Enseignement et\u2026","_links":{"self":[{"href":"http:\/\/www.univ-dbkm.dz\/fsminfo\/wp-json\/wp\/v2\/pages\/5329","targetHints":{"allow":["GET"]}}],"collection":[{"href":"http:\/\/www.univ-dbkm.dz\/fsminfo\/wp-json\/wp\/v2\/pages"}],"about":[{"href":"http:\/\/www.univ-dbkm.dz\/fsminfo\/wp-json\/wp\/v2\/types\/page"}],"author":[{"embeddable":true,"href":"http:\/\/www.univ-dbkm.dz\/fsminfo\/wp-json\/wp\/v2\/users\/1"}],"replies":[{"embeddable":true,"href":"http:\/\/www.univ-dbkm.dz\/fsminfo\/wp-json\/wp\/v2\/comments?post=5329"}],"version-history":[{"count":31,"href":"http:\/\/www.univ-dbkm.dz\/fsminfo\/wp-json\/wp\/v2\/pages\/5329\/revisions"}],"predecessor-version":[{"id":7548,"href":"http:\/\/www.univ-dbkm.dz\/fsminfo\/wp-json\/wp\/v2\/pages\/5329\/revisions\/7548"}],"wp:attachment":[{"href":"http:\/\/www.univ-dbkm.dz\/fsminfo\/wp-json\/wp\/v2\/media?parent=5329"}],"curies":[{"name":"wp","href":"https:\/\/api.w.org\/{rel}","templated":true}]}}