{"id":5342,"date":"2024-12-18T14:35:59","date_gmt":"2024-12-18T13:35:59","guid":{"rendered":"http:\/\/www.univ-dbkm.dz\/fsminfo\/?page_id=5342"},"modified":"2025-03-19T14:22:56","modified_gmt":"2025-03-19T13:22:56","slug":"departement-de-chimie-2","status":"publish","type":"page","link":"http:\/\/www.univ-dbkm.dz\/fsminfo\/fr\/departement-de-chimie-2\/","title":{"rendered":"D\u00e9partement de Chimie"},"content":{"rendered":"\t\t<div data-elementor-type=\"wp-page\" data-elementor-id=\"5342\" class=\"elementor elementor-5342\">\n\t\t\t\t<div class=\"elementor-element elementor-element-1b2e60ca e-flex e-con-boxed wpr-particle-no wpr-jarallax-no wpr-parallax-no wpr-sticky-section-no e-con e-parent\" data-id=\"1b2e60ca\" data-element_type=\"container\" data-settings=\"{&quot;background_background&quot;:&quot;classic&quot;}\">\n\t\t\t\t\t<div class=\"e-con-inner\">\n\t\t\t\t<div class=\"elementor-element elementor-element-358225a6 elementor-widget elementor-widget-heading\" data-id=\"358225a6\" data-element_type=\"widget\" data-widget_type=\"heading.default\">\n\t\t\t\t<div class=\"elementor-widget-container\">\n\t\t\t\t\t<h1 class=\"elementor-heading-title elementor-size-default\">D\u00e9partement de Chimie<\/h1>\t\t\t\t<\/div>\n\t\t\t\t<\/div>\n\t\t\t\t\t<\/div>\n\t\t\t\t<\/div>\n\t\t<div class=\"elementor-element elementor-element-6e6d967 e-flex e-con-boxed wpr-particle-no wpr-jarallax-no wpr-parallax-no wpr-sticky-section-no e-con e-parent\" data-id=\"6e6d967\" data-element_type=\"container\">\n\t\t\t\t\t<div class=\"e-con-inner\">\n\t\t\t\t<div class=\"elementor-element elementor-element-9bd572f elementor-widget elementor-widget-text-editor\" data-id=\"9bd572f\" data-element_type=\"widget\" data-widget_type=\"text-editor.default\">\n\t\t\t\t<div class=\"elementor-widget-container\">\n\t\t\t\t\t\t\t\t\t<p style=\"text-align: center;\"><span style=\"color: #008080;\"><em><strong>24 novembre 2024<\/strong><\/em><\/span><\/p>\t\t\t\t\t\t\t\t<\/div>\n\t\t\t\t<\/div>\n\t\t\t\t\t<\/div>\n\t\t\t\t<\/div>\n\t\t<div class=\"elementor-element elementor-element-ed6f1e8 e-flex e-con-boxed wpr-particle-no wpr-jarallax-no wpr-parallax-no wpr-sticky-section-no e-con e-parent\" data-id=\"ed6f1e8\" data-element_type=\"container\">\n\t\t\t\t\t<div class=\"e-con-inner\">\n\t\t\t\t<div class=\"elementor-element elementor-element-e9f4d2f elementor-widget elementor-widget-text-editor\" data-id=\"e9f4d2f\" data-element_type=\"widget\" data-widget_type=\"text-editor.default\">\n\t\t\t\t<div class=\"elementor-widget-container\">\n\t\t\t\t\t\t\t\t\t<table><tbody><tr><td width=\"121\"><h4><strong>Domaine<\/strong><\/h4><\/td><td width=\"121\"><h4><strong>Fili\u00e8re\u00a0<\/strong><\/h4><\/td><td width=\"121\"><h4><strong>Licence<\/strong><\/h4><\/td><td width=\"121\"><h4><strong>Master<\/strong><\/h4><\/td><td width=\"121\"><h4><strong>Doctorat<\/strong><\/h4><\/td><\/tr><tr><td width=\"121\"><h4>Science de la mati\u00e8re\u00a0 \u00a0<\/h4><\/td><td width=\"121\"><h4>Chimie<\/h4><\/td><td width=\"121\"><h4><a href=\"http:\/\/www.univ-dbkm.dz\/fsminfo\/wp-content\/uploads\/2024\/12\/Chimie-Fondamentale.pdf\">Chimie Fondamentale<\/a><\/h4><h4>(<a href=\"http:\/\/www.univ-dbkm.dz\/fsminfo\/wp-content\/uploads\/2025\/03\/Chimie-Fondamentale.pdf\">fiche descriptive<\/a>)<\/h4><\/td><td width=\"121\"><h4><a href=\"http:\/\/www.univ-dbkm.dz\/fsminfo\/wp-content\/uploads\/2024\/12\/Chimie-Pharmaceutique.pdf\">Chimie Pharmaceutique<\/a><\/h4><h4>(<a href=\"http:\/\/www.univ-dbkm.dz\/fsminfo\/wp-content\/uploads\/2025\/03\/Chimie-Pharmaceutique.pdf\">fiche descriptive<\/a>)<\/h4><\/td><td width=\"121\"><h4>Chimie<\/h4><\/td><\/tr><\/tbody><\/table>\t\t\t\t\t\t\t\t<\/div>\n\t\t\t\t<\/div>\n\t\t\t\t\t<\/div>\n\t\t\t\t<\/div>\n\t\t<div class=\"elementor-element elementor-element-21fdfe1 e-flex e-con-boxed wpr-particle-no wpr-jarallax-no wpr-parallax-no wpr-sticky-section-no e-con e-parent\" data-id=\"21fdfe1\" data-element_type=\"container\">\n\t\t\t\t\t<div class=\"e-con-inner\">\n\t\t\t\t<div class=\"elementor-element elementor-element-5dc9da2 elementor-invisible elementor-widget elementor-widget-image\" data-id=\"5dc9da2\" data-element_type=\"widget\" data-settings=\"{&quot;_animation&quot;:&quot;fadeInDown&quot;}\" data-widget_type=\"image.default\">\n\t\t\t\t<div class=\"elementor-widget-container\">\n\t\t\t\t\t\t\t\t\t\t\t\t\t\t\t<img fetchpriority=\"high\" decoding=\"async\" width=\"809\" height=\"678\" src=\"http:\/\/www.univ-dbkm.dz\/fsminfo\/wp-content\/uploads\/2024\/12\/\u0645\u062e\u0637\u0637-\u0627\u0644\u0643\u064a\u0645\u064a\u0627\u0621-\u0641\u0631\u0646\u0633\u064a\u0629.png\" class=\"attachment-large size-large wp-image-5418\" alt=\"\" srcset=\"http:\/\/www.univ-dbkm.dz\/fsminfo\/wp-content\/uploads\/2024\/12\/\u0645\u062e\u0637\u0637-\u0627\u0644\u0643\u064a\u0645\u064a\u0627\u0621-\u0641\u0631\u0646\u0633\u064a\u0629.png 809w, http:\/\/www.univ-dbkm.dz\/fsminfo\/wp-content\/uploads\/2024\/12\/\u0645\u062e\u0637\u0637-\u0627\u0644\u0643\u064a\u0645\u064a\u0627\u0621-\u0641\u0631\u0646\u0633\u064a\u0629-300x251.png 300w, http:\/\/www.univ-dbkm.dz\/fsminfo\/wp-content\/uploads\/2024\/12\/\u0645\u062e\u0637\u0637-\u0627\u0644\u0643\u064a\u0645\u064a\u0627\u0621-\u0641\u0631\u0646\u0633\u064a\u0629-768x644.png 768w\" sizes=\"(max-width: 809px) 100vw, 809px\" \/>\t\t\t\t\t\t\t\t\t\t\t\t\t\t\t<\/div>\n\t\t\t\t<\/div>\n\t\t\t\t\t<\/div>\n\t\t\t\t<\/div>\n\t\t<div class=\"elementor-element elementor-element-12a467a e-flex e-con-boxed wpr-particle-no wpr-jarallax-no wpr-parallax-no wpr-sticky-section-no e-con e-parent\" data-id=\"12a467a\" data-element_type=\"container\">\n\t\t\t\t\t<div class=\"e-con-inner\">\n\t\t<div class=\"elementor-element elementor-element-58982ed e-con-full e-flex wpr-particle-no wpr-jarallax-no wpr-parallax-no wpr-sticky-section-no e-con e-child\" data-id=\"58982ed\" data-element_type=\"container\">\n\t\t<div class=\"elementor-element elementor-element-4965574 e-con-full e-flex wpr-particle-no wpr-jarallax-no wpr-parallax-no wpr-sticky-section-no e-con e-child\" data-id=\"4965574\" data-element_type=\"container\">\n\t\t\t\t<div class=\"elementor-element elementor-element-6882c4f elementor-widget elementor-widget-heading\" data-id=\"6882c4f\" data-element_type=\"widget\" data-widget_type=\"heading.default\">\n\t\t\t\t<div class=\"elementor-widget-container\">\n\t\t\t\t\t<h3 class=\"elementor-heading-title elementor-size-default\">D\u00e9bouch\u00e9s professionnels<\/h3>\t\t\t\t<\/div>\n\t\t\t\t<\/div>\n\t\t\t\t<\/div>\n\t\t<div class=\"elementor-element elementor-element-b7e35b2 e-con-full e-flex wpr-particle-no wpr-jarallax-no wpr-parallax-no wpr-sticky-section-no e-con e-child\" data-id=\"b7e35b2\" data-element_type=\"container\">\n\t\t<div class=\"elementor-element elementor-element-ca21662 e-con-full e-flex wpr-particle-no wpr-jarallax-no wpr-parallax-no wpr-sticky-section-no e-con e-child\" data-id=\"ca21662\" data-element_type=\"container\">\n\t\t\t\t<div class=\"elementor-element elementor-element-5935544 elementor-widget elementor-widget-text-editor\" data-id=\"5935544\" data-element_type=\"widget\" data-widget_type=\"text-editor.default\">\n\t\t\t\t<div class=\"elementor-widget-container\">\n\t\t\t\t\t\t\t\t\t<h5><b>FICHE TECHNIQUE CHIMIE<\/b><b>:<\/b><\/h5><p><b>Domaine<\/b> : Science de la mati\u00e8re <b>Sp\u00e9cialit\u00e9<\/b> :Chimie<\/p><p><b>Niveau<\/b> : Master, Doctorat<\/p>\t\t\t\t\t\t\t\t<\/div>\n\t\t\t\t<\/div>\n\t\t\t\t<\/div>\n\t\t<div class=\"elementor-element elementor-element-312c6f4 e-con-full e-flex wpr-particle-no wpr-jarallax-no wpr-parallax-no wpr-sticky-section-no e-con e-child\" data-id=\"312c6f4\" data-element_type=\"container\">\n\t\t\t\t<div class=\"elementor-element elementor-element-2374029 elementor-widget elementor-widget-text-editor\" data-id=\"2374029\" data-element_type=\"widget\" data-widget_type=\"text-editor.default\">\n\t\t\t\t<div class=\"elementor-widget-container\">\n\t\t\t\t\t\t\t\t\t<p>&#8211; <strong>L\u2019industrie pharmaceutique, priv\u00e9e ou publique :<\/strong>production et analyse des m\u00e9dicaments.<\/p><p>&#8211;<strong> Laboratoires d\u2019analyses m\u00e9dicales :<\/strong> priv\u00e9 ou public (H\u00f4pitaux).<\/p><p>&#8211; <strong>Laboratoires de contr\u00f4le de qualit\u00e9 de diff\u00e9rents produits :<\/strong><\/p><p>\u00a0 \u00a0 \u00a0 -de l&rsquo;eau : ADE, ONID et ANRH.<\/p><p>\u00a0 \u00a0 \u00a0 -des mat\u00e9riaux solides, liquides et gaz : Douanes, S\u00fbret\u00e9s nationales, les APC et agences de l&rsquo;environnement.<\/p><p>&#8211; <strong>Enseignement et \u00e9ducation:<\/strong><\/p><p>\u00a0 \u00a0 \u00a0 -PEM(professeur d&rsquo;enseignement moyen).<\/p><p>\u00a0 \u00a0 \u00a0 -PES(professeur d&rsquo;enseignement secondaire).<\/p>\t\t\t\t\t\t\t\t<\/div>\n\t\t\t\t<\/div>\n\t\t\t\t<\/div>\n\t\t\t\t<\/div>\n\t\t\t\t<\/div>\n\t\t\t\t\t<\/div>\n\t\t\t\t<\/div>\n\t\t\t\t<\/div>\n\t\t","protected":false},"excerpt":{"rendered":"<p>D\u00e9partement de Chimie 24 novembre 2024 Domaine Fili\u00e8re\u00a0 Licence Master Doctorat Science de la mati\u00e8re\u00a0 \u00a0 Chimie Chimie Fondamentale (fiche descriptive) Chimie Pharmaceutique (fiche descriptive) Chimie D\u00e9bouch\u00e9s professionnels FICHE TECHNIQUE CHIMIE: Domaine : Science de la mati\u00e8re Sp\u00e9cialit\u00e9 :Chimie Niveau : Master, Doctorat &#8211; L\u2019industrie pharmaceutique, priv\u00e9e ou publique :production et analyse des m\u00e9dicaments. &#8211; Laboratoires d\u2019analyses m\u00e9dicales : priv\u00e9 ou public (H\u00f4pitaux). &#8211; Laboratoires de contr\u00f4le de qualit\u00e9 de diff\u00e9rents produits : \u00a0 \u00a0 \u00a0 -de l&rsquo;eau : ADE, ONID et ANRH. \u00a0 \u00a0 \u00a0 -des mat\u00e9riaux solides, liquides et gaz : Douanes, S\u00fbret\u00e9s nationales, les APC et agences de l&rsquo;environnement. &#8211; Enseignement et \u00e9ducation: \u00a0 \u00a0 \u00a0 -PEM(professeur d&rsquo;enseignement moyen). \u00a0 \u00a0 \u00a0 -PES(professeur d&rsquo;enseignement secondaire).<\/p>\n","protected":false},"author":1,"featured_media":0,"parent":0,"menu_order":0,"comment_status":"closed","ping_status":"closed","template":"","meta":{"_uag_custom_page_level_css":"","site-sidebar-layout":"no-sidebar","site-content-layout":"page-builder","ast-site-content-layout":"full-width-container","site-content-style":"unboxed","site-sidebar-style":"unboxed","ast-global-header-display":"","ast-banner-title-visibility":"","ast-main-header-display":"","ast-hfb-above-header-display":"","ast-hfb-below-header-display":"","ast-hfb-mobile-header-display":"","site-post-title":"disabled","ast-breadcrumbs-content":"","ast-featured-img":"disabled","footer-sml-layout":"","theme-transparent-header-meta":"","adv-header-id-meta":"","stick-header-meta":"","header-above-stick-meta":"","header-main-stick-meta":"","header-below-stick-meta":"","astra-migrate-meta-layouts":"set","ast-page-background-enabled":"default","ast-page-background-meta":{"desktop":{"background-color":"var(--ast-global-color-4)","background-image":"","background-repeat":"repeat","background-position":"center center","background-size":"auto","background-attachment":"scroll","background-type":"","background-media":"","overlay-type":"","overlay-color":"","overlay-gradient":""},"tablet":{"background-color":"","background-image":"","background-repeat":"repeat","background-position":"center center","background-size":"auto","background-attachment":"scroll","background-type":"","background-media":"","overlay-type":"","overlay-color":"","overlay-gradient":""},"mobile":{"background-color":"","background-image":"","background-repeat":"repeat","background-position":"center center","background-size":"auto","background-attachment":"scroll","background-type":"","background-media":"","overlay-type":"","overlay-color":"","overlay-gradient":""}},"ast-content-background-meta":{"desktop":{"background-color":"var(--ast-global-color-5)","background-image":"","background-repeat":"repeat","background-position":"center center","background-size":"auto","background-attachment":"scroll","background-type":"","background-media":"","overlay-type":"","overlay-color":"","overlay-gradient":""},"tablet":{"background-color":"var(--ast-global-color-5)","background-image":"","background-repeat":"repeat","background-position":"center center","background-size":"auto","background-attachment":"scroll","background-type":"","background-media":"","overlay-type":"","overlay-color":"","overlay-gradient":""},"mobile":{"background-color":"var(--ast-global-color-5)","background-image":"","background-repeat":"repeat","background-position":"center center","background-size":"auto","background-attachment":"scroll","background-type":"","background-media":"","overlay-type":"","overlay-color":"","overlay-gradient":""}},"footnotes":""},"class_list":["post-5342","page","type-page","status-publish","hentry"],"uagb_featured_image_src":{"full":false,"thumbnail":false,"medium":false,"medium_large":false,"large":false,"1536x1536":false,"2048x2048":false},"uagb_author_info":{"display_name":"fsminfo","author_link":"http:\/\/www.univ-dbkm.dz\/fsminfo\/author\/fsminfo\/"},"uagb_comment_info":0,"uagb_excerpt":"D\u00e9partement de Chimie 24 novembre 2024 Domaine Fili\u00e8re\u00a0 Licence Master Doctorat Science de la mati\u00e8re\u00a0 \u00a0 Chimie Chimie Fondamentale (fiche descriptive) Chimie Pharmaceutique (fiche descriptive) Chimie D\u00e9bouch\u00e9s professionnels FICHE TECHNIQUE CHIMIE: Domaine : Science de la mati\u00e8re Sp\u00e9cialit\u00e9 :Chimie Niveau : Master, Doctorat &#8211; L\u2019industrie pharmaceutique, priv\u00e9e ou publique :production et analyse des m\u00e9dicaments. &#8211;\u2026","_links":{"self":[{"href":"http:\/\/www.univ-dbkm.dz\/fsminfo\/wp-json\/wp\/v2\/pages\/5342","targetHints":{"allow":["GET"]}}],"collection":[{"href":"http:\/\/www.univ-dbkm.dz\/fsminfo\/wp-json\/wp\/v2\/pages"}],"about":[{"href":"http:\/\/www.univ-dbkm.dz\/fsminfo\/wp-json\/wp\/v2\/types\/page"}],"author":[{"embeddable":true,"href":"http:\/\/www.univ-dbkm.dz\/fsminfo\/wp-json\/wp\/v2\/users\/1"}],"replies":[{"embeddable":true,"href":"http:\/\/www.univ-dbkm.dz\/fsminfo\/wp-json\/wp\/v2\/comments?post=5342"}],"version-history":[{"count":22,"href":"http:\/\/www.univ-dbkm.dz\/fsminfo\/wp-json\/wp\/v2\/pages\/5342\/revisions"}],"predecessor-version":[{"id":7452,"href":"http:\/\/www.univ-dbkm.dz\/fsminfo\/wp-json\/wp\/v2\/pages\/5342\/revisions\/7452"}],"wp:attachment":[{"href":"http:\/\/www.univ-dbkm.dz\/fsminfo\/wp-json\/wp\/v2\/media?parent=5342"}],"curies":[{"name":"wp","href":"https:\/\/api.w.org\/{rel}","templated":true}]}}