{"id":5445,"date":"2024-12-19T13:18:16","date_gmt":"2024-12-19T12:18:16","guid":{"rendered":"http:\/\/www.univ-dbkm.dz\/fsminfo\/?page_id=5445"},"modified":"2025-03-24T10:41:09","modified_gmt":"2025-03-24T09:41:09","slug":"department-of-mathematics-2","status":"publish","type":"page","link":"http:\/\/www.univ-dbkm.dz\/fsminfo\/fr\/department-of-mathematics-2\/","title":{"rendered":"Department of Mathematics"},"content":{"rendered":"\t\t<div data-elementor-type=\"wp-page\" data-elementor-id=\"5445\" class=\"elementor elementor-5445\">\n\t\t\t\t<div class=\"elementor-element elementor-element-6890a77 e-con-full e-flex wpr-particle-no wpr-jarallax-no wpr-parallax-no wpr-sticky-section-no e-con e-parent\" data-id=\"6890a77\" data-element_type=\"container\">\n\t\t<div class=\"elementor-element elementor-element-507007a e-con-full e-flex wpr-particle-no wpr-jarallax-no wpr-parallax-no wpr-sticky-section-no e-con e-child\" data-id=\"507007a\" data-element_type=\"container\" data-settings=\"{&quot;background_background&quot;:&quot;classic&quot;}\">\n\t\t\t\t<div class=\"elementor-element elementor-element-4ce63bd elementor-widget elementor-widget-heading\" data-id=\"4ce63bd\" data-element_type=\"widget\" data-widget_type=\"heading.default\">\n\t\t\t\t<div class=\"elementor-widget-container\">\n\t\t\t\t\t<h1 class=\"elementor-heading-title elementor-size-default\">D\u00e9partement de Math\u00e9matiques\n\n\n\n\n\n\n<\/h1>\t\t\t\t<\/div>\n\t\t\t\t<\/div>\n\t\t\t\t<\/div>\n\t\t\t\t<\/div>\n\t\t<div class=\"elementor-element elementor-element-f931ceb e-flex e-con-boxed wpr-particle-no wpr-jarallax-no wpr-parallax-no wpr-sticky-section-no e-con e-parent\" data-id=\"f931ceb\" data-element_type=\"container\">\n\t\t\t\t\t<div class=\"e-con-inner\">\n\t\t\t\t<div class=\"elementor-element elementor-element-6ebb628 elementor-widget elementor-widget-text-editor\" data-id=\"6ebb628\" data-element_type=\"widget\" data-widget_type=\"text-editor.default\">\n\t\t\t\t<div class=\"elementor-widget-container\">\n\t\t\t\t\t\t\t\t\t<p style=\"text-align: center;\"><span style=\"color: #008080;\"><em><strong>24 novembre 2024<\/strong><\/em><\/span><\/p>\t\t\t\t\t\t\t\t<\/div>\n\t\t\t\t<\/div>\n\t\t\t\t\t<\/div>\n\t\t\t\t<\/div>\n\t\t<div class=\"elementor-element elementor-element-0c92fe6 e-flex e-con-boxed wpr-particle-no wpr-jarallax-no wpr-parallax-no wpr-sticky-section-no e-con e-parent\" data-id=\"0c92fe6\" data-element_type=\"container\">\n\t\t\t\t\t<div class=\"e-con-inner\">\n\t\t\t\t<div class=\"elementor-element elementor-element-50668bc elementor-invisible elementor-widget elementor-widget-text-editor\" data-id=\"50668bc\" data-element_type=\"widget\" data-settings=\"{&quot;_animation&quot;:&quot;fadeInDown&quot;}\" data-widget_type=\"text-editor.default\">\n\t\t\t\t<div class=\"elementor-widget-container\">\n\t\t\t\t\t\t\t\t\t<p>\u00a0<\/p><table><tbody><tr><td width=\"121\"><h4>Domaine<\/h4><\/td><td width=\"121\"><h4><strong>Fili\u00e8re\u00a0<\/strong><\/h4><\/td><td width=\"121\"><h4><strong>Licence<\/strong><\/h4><\/td><td width=\"121\"><h4><strong>Master<\/strong><\/h4><\/td><td width=\"121\"><h4><strong>Doctorat<\/strong><\/h4><\/td><\/tr><tr><td rowspan=\"2\" width=\"121\"><h4>Math\u00e9matiques et Informatique\u00a0<\/h4><\/td><td rowspan=\"2\" width=\"121\"><h4>Math\u00e9matiques\u00a0<\/h4><\/td><td rowspan=\"2\" width=\"121\"><h4><a href=\"http:\/\/www.univ-dbkm.dz\/fsminfo\/wp-content\/uploads\/2024\/12\/Mathematiques.pdf\">Math\u00e9matiques<\/a><\/h4><\/td><td rowspan=\"2\" width=\"121\"><h4><a href=\"http:\/\/www.univ-dbkm.dz\/fsminfo\/wp-content\/uploads\/2024\/12\/Analyse-Mathematique-et-Applications.pdf\">Analyse Math\u00e9matique et Applications\u00a0<\/a><\/h4><h4 style=\"font-style: normal;\">(<a style=\"transition-property: all;\" href=\"http:\/\/www.univ-dbkm.dz\/fsminfo\/wp-content\/uploads\/2025\/03\/fd-fr-math.pdf\">fiche descriptive<\/a>)<\/h4><\/td><td width=\"121\"><h4>Alg\u00e8bre et Math\u00e9matiques Discr\u00e8tes<\/h4><h4>\u00a0<\/h4><\/td><\/tr><tr><td width=\"121\"><h4>Analyse Math\u00e9matiques<\/h4><\/td><\/tr><\/tbody><\/table>\t\t\t\t\t\t\t\t<\/div>\n\t\t\t\t<\/div>\n\t\t\t\t\t<\/div>\n\t\t\t\t<\/div>\n\t\t<div class=\"elementor-element elementor-element-f13adc5 e-flex e-con-boxed wpr-particle-no wpr-jarallax-no wpr-parallax-no wpr-sticky-section-no e-con e-parent\" data-id=\"f13adc5\" data-element_type=\"container\">\n\t\t\t\t\t<div class=\"e-con-inner\">\n\t\t<div class=\"elementor-element elementor-element-30bf7ec e-con-full e-flex wpr-particle-no wpr-jarallax-no wpr-parallax-no wpr-sticky-section-no e-con e-child\" data-id=\"30bf7ec\" data-element_type=\"container\">\n\t\t\t\t<div class=\"elementor-element elementor-element-5ff040f elementor-invisible elementor-widget elementor-widget-image\" data-id=\"5ff040f\" data-element_type=\"widget\" data-settings=\"{&quot;_animation&quot;:&quot;fadeInLeft&quot;}\" data-widget_type=\"image.default\">\n\t\t\t\t<div class=\"elementor-widget-container\">\n\t\t\t\t\t\t\t\t\t\t\t\t\t\t\t<img fetchpriority=\"high\" decoding=\"async\" width=\"670\" height=\"707\" src=\"http:\/\/www.univ-dbkm.dz\/fsminfo\/wp-content\/uploads\/2025\/03\/math-fr.png\" class=\"attachment-large size-large wp-image-7376\" alt=\"\" srcset=\"http:\/\/www.univ-dbkm.dz\/fsminfo\/wp-content\/uploads\/2025\/03\/math-fr.png 670w, http:\/\/www.univ-dbkm.dz\/fsminfo\/wp-content\/uploads\/2025\/03\/math-fr-284x300.png 284w\" sizes=\"(max-width: 670px) 100vw, 670px\" \/>\t\t\t\t\t\t\t\t\t\t\t\t\t\t\t<\/div>\n\t\t\t\t<\/div>\n\t\t\t\t<\/div>\n\t\t\t\t\t<\/div>\n\t\t\t\t<\/div>\n\t\t<div class=\"elementor-element elementor-element-74620e0 e-flex e-con-boxed wpr-particle-no wpr-jarallax-no wpr-parallax-no wpr-sticky-section-no e-con e-parent\" data-id=\"74620e0\" data-element_type=\"container\">\n\t\t\t\t\t<div class=\"e-con-inner\">\n\t\t<div class=\"elementor-element elementor-element-99bc6df e-con-full e-flex wpr-particle-no wpr-jarallax-no wpr-parallax-no wpr-sticky-section-no e-con e-child\" data-id=\"99bc6df\" data-element_type=\"container\">\n\t\t<div class=\"elementor-element elementor-element-8612324 e-con-full e-flex wpr-particle-no wpr-jarallax-no wpr-parallax-no wpr-sticky-section-no e-con e-child\" data-id=\"8612324\" data-element_type=\"container\">\n\t\t\t\t<div class=\"elementor-element elementor-element-aa0b936 elementor-widget elementor-widget-heading\" data-id=\"aa0b936\" data-element_type=\"widget\" data-widget_type=\"heading.default\">\n\t\t\t\t<div class=\"elementor-widget-container\">\n\t\t\t\t\t<h3 class=\"elementor-heading-title elementor-size-default\">D\u00e9bouch\u00e9s professionnels<\/h3>\t\t\t\t<\/div>\n\t\t\t\t<\/div>\n\t\t\t\t<\/div>\n\t\t<div class=\"elementor-element elementor-element-1314867 e-con-full e-flex wpr-particle-no wpr-jarallax-no wpr-parallax-no wpr-sticky-section-no e-con e-child\" data-id=\"1314867\" data-element_type=\"container\">\n\t\t<div class=\"elementor-element elementor-element-ff4b8c8 e-con-full e-flex wpr-particle-no wpr-jarallax-no wpr-parallax-no wpr-sticky-section-no e-con e-child\" data-id=\"ff4b8c8\" data-element_type=\"container\">\n\t\t\t\t<div class=\"elementor-element elementor-element-3a6cc1a elementor-widget elementor-widget-text-editor\" data-id=\"3a6cc1a\" data-element_type=\"widget\" data-widget_type=\"text-editor.default\">\n\t\t\t\t<div class=\"elementor-widget-container\">\n\t\t\t\t\t\t\t\t\t<h5><b>FICHE TECHNIQUE MATHEMATIQUES <\/b><b>:<\/b><\/h5><p><b>Domaine<\/b> : Math\u00e9matiques et Informatique<\/p><p><b>Sp\u00e9cialit\u00e9<\/b> : Math\u00e9matiques<\/p><p><b>Niveau<\/b> : Master, Doctorat<\/p>\t\t\t\t\t\t\t\t<\/div>\n\t\t\t\t<\/div>\n\t\t\t\t<\/div>\n\t\t<div class=\"elementor-element elementor-element-975360a e-con-full e-flex wpr-particle-no wpr-jarallax-no wpr-parallax-no wpr-sticky-section-no e-con e-child\" data-id=\"975360a\" data-element_type=\"container\">\n\t\t\t\t<div class=\"elementor-element elementor-element-01f4c55 elementor-widget elementor-widget-text-editor\" data-id=\"01f4c55\" data-element_type=\"widget\" data-widget_type=\"text-editor.default\">\n\t\t\t\t<div class=\"elementor-widget-container\">\n\t\t\t\t\t\t\t\t\t<p><strong>Enseignement et \u00e9ducation:<\/strong><\/p><ul><li>PEM(professeur d&rsquo;enseignement moyen).<\/li><li>PES(professeur d&rsquo;enseignement secondaire).<\/li><\/ul><p><strong>Centres de recherche<\/strong><\/p>\t\t\t\t\t\t\t\t<\/div>\n\t\t\t\t<\/div>\n\t\t\t\t<\/div>\n\t\t\t\t<\/div>\n\t\t\t\t<\/div>\n\t\t\t\t\t<\/div>\n\t\t\t\t<\/div>\n\t\t\t\t<\/div>\n\t\t","protected":false},"excerpt":{"rendered":"<p>D\u00e9partement de Math\u00e9matiques 24 novembre 2024 \u00a0 Domaine Fili\u00e8re\u00a0 Licence Master Doctorat Math\u00e9matiques et Informatique\u00a0 Math\u00e9matiques\u00a0 Math\u00e9matiques Analyse Math\u00e9matique et Applications\u00a0 (fiche descriptive) Alg\u00e8bre et Math\u00e9matiques Discr\u00e8tes \u00a0 Analyse Math\u00e9matiques D\u00e9bouch\u00e9s professionnels FICHE TECHNIQUE MATHEMATIQUES : Domaine : Math\u00e9matiques et Informatique Sp\u00e9cialit\u00e9 : Math\u00e9matiques Niveau : Master, Doctorat Enseignement et \u00e9ducation: PEM(professeur d&rsquo;enseignement moyen). PES(professeur d&rsquo;enseignement secondaire). Centres de recherche<\/p>\n","protected":false},"author":1,"featured_media":0,"parent":0,"menu_order":0,"comment_status":"closed","ping_status":"closed","template":"","meta":{"_uag_custom_page_level_css":"","site-sidebar-layout":"no-sidebar","site-content-layout":"page-builder","ast-site-content-layout":"full-width-container","site-content-style":"default","site-sidebar-style":"default","ast-global-header-display":"","ast-banner-title-visibility":"","ast-main-header-display":"","ast-hfb-above-header-display":"","ast-hfb-below-header-display":"","ast-hfb-mobile-header-display":"","site-post-title":"disabled","ast-breadcrumbs-content":"","ast-featured-img":"disabled","footer-sml-layout":"","theme-transparent-header-meta":"","adv-header-id-meta":"","stick-header-meta":"","header-above-stick-meta":"","header-main-stick-meta":"","header-below-stick-meta":"","astra-migrate-meta-layouts":"set","ast-page-background-enabled":"default","ast-page-background-meta":{"desktop":{"background-color":"var(--ast-global-color-4)","background-image":"","background-repeat":"repeat","background-position":"center center","background-size":"auto","background-attachment":"scroll","background-type":"","background-media":"","overlay-type":"","overlay-color":"","overlay-gradient":""},"tablet":{"background-color":"","background-image":"","background-repeat":"repeat","background-position":"center center","background-size":"auto","background-attachment":"scroll","background-type":"","background-media":"","overlay-type":"","overlay-color":"","overlay-gradient":""},"mobile":{"background-color":"","background-image":"","background-repeat":"repeat","background-position":"center center","background-size":"auto","background-attachment":"scroll","background-type":"","background-media":"","overlay-type":"","overlay-color":"","overlay-gradient":""}},"ast-content-background-meta":{"desktop":{"background-color":"var(--ast-global-color-5)","background-image":"","background-repeat":"repeat","background-position":"center center","background-size":"auto","background-attachment":"scroll","background-type":"","background-media":"","overlay-type":"","overlay-color":"","overlay-gradient":""},"tablet":{"background-color":"var(--ast-global-color-5)","background-image":"","background-repeat":"repeat","background-position":"center center","background-size":"auto","background-attachment":"scroll","background-type":"","background-media":"","overlay-type":"","overlay-color":"","overlay-gradient":""},"mobile":{"background-color":"var(--ast-global-color-5)","background-image":"","background-repeat":"repeat","background-position":"center center","background-size":"auto","background-attachment":"scroll","background-type":"","background-media":"","overlay-type":"","overlay-color":"","overlay-gradient":""}},"footnotes":""},"class_list":["post-5445","page","type-page","status-publish","hentry"],"uagb_featured_image_src":{"full":false,"thumbnail":false,"medium":false,"medium_large":false,"large":false,"1536x1536":false,"2048x2048":false},"uagb_author_info":{"display_name":"fsminfo","author_link":"http:\/\/www.univ-dbkm.dz\/fsminfo\/author\/fsminfo\/"},"uagb_comment_info":0,"uagb_excerpt":"D\u00e9partement de Math\u00e9matiques 24 novembre 2024 \u00a0 Domaine Fili\u00e8re\u00a0 Licence Master Doctorat Math\u00e9matiques et Informatique\u00a0 Math\u00e9matiques\u00a0 Math\u00e9matiques Analyse Math\u00e9matique et Applications\u00a0 (fiche descriptive) Alg\u00e8bre et Math\u00e9matiques Discr\u00e8tes \u00a0 Analyse Math\u00e9matiques D\u00e9bouch\u00e9s professionnels FICHE TECHNIQUE MATHEMATIQUES : Domaine : Math\u00e9matiques et Informatique Sp\u00e9cialit\u00e9 : Math\u00e9matiques Niveau : Master, Doctorat Enseignement et \u00e9ducation: PEM(professeur d&rsquo;enseignement moyen). PES(professeur\u2026","_links":{"self":[{"href":"http:\/\/www.univ-dbkm.dz\/fsminfo\/wp-json\/wp\/v2\/pages\/5445","targetHints":{"allow":["GET"]}}],"collection":[{"href":"http:\/\/www.univ-dbkm.dz\/fsminfo\/wp-json\/wp\/v2\/pages"}],"about":[{"href":"http:\/\/www.univ-dbkm.dz\/fsminfo\/wp-json\/wp\/v2\/types\/page"}],"author":[{"embeddable":true,"href":"http:\/\/www.univ-dbkm.dz\/fsminfo\/wp-json\/wp\/v2\/users\/1"}],"replies":[{"embeddable":true,"href":"http:\/\/www.univ-dbkm.dz\/fsminfo\/wp-json\/wp\/v2\/comments?post=5445"}],"version-history":[{"count":31,"href":"http:\/\/www.univ-dbkm.dz\/fsminfo\/wp-json\/wp\/v2\/pages\/5445\/revisions"}],"predecessor-version":[{"id":7587,"href":"http:\/\/www.univ-dbkm.dz\/fsminfo\/wp-json\/wp\/v2\/pages\/5445\/revisions\/7587"}],"wp:attachment":[{"href":"http:\/\/www.univ-dbkm.dz\/fsminfo\/wp-json\/wp\/v2\/media?parent=5445"}],"curies":[{"name":"wp","href":"https:\/\/api.w.org\/{rel}","templated":true}]}}