{"id":5483,"date":"2024-12-19T13:34:54","date_gmt":"2024-12-19T12:34:54","guid":{"rendered":"http:\/\/www.univ-dbkm.dz\/fsminfo\/?page_id=5483"},"modified":"2025-03-17T10:59:31","modified_gmt":"2025-03-17T09:59:31","slug":"departement-dintelligence-artificielle-2","status":"publish","type":"page","link":"http:\/\/www.univ-dbkm.dz\/fsminfo\/fr\/departement-dintelligence-artificielle-2\/","title":{"rendered":"D\u00e9partement d&rsquo;Intelligence Artificielle"},"content":{"rendered":"\t\t<div data-elementor-type=\"wp-page\" data-elementor-id=\"5483\" class=\"elementor elementor-5483\">\n\t\t\t\t<div class=\"elementor-element elementor-element-f116ae7 e-flex e-con-boxed wpr-particle-no wpr-jarallax-no wpr-parallax-no wpr-sticky-section-no e-con e-parent\" data-id=\"f116ae7\" data-element_type=\"container\" data-settings=\"{&quot;background_background&quot;:&quot;classic&quot;}\">\n\t\t\t\t\t<div class=\"e-con-inner\">\n\t\t\t\t<div class=\"elementor-element elementor-element-621fbf7 elementor-widget elementor-widget-heading\" data-id=\"621fbf7\" data-element_type=\"widget\" data-widget_type=\"heading.default\">\n\t\t\t\t<div class=\"elementor-widget-container\">\n\t\t\t\t\t<h1 class=\"elementor-heading-title elementor-size-default\">D\u00e9partement d'Intelligence Artificielle\n\n\n\n\n\n\n<\/h1>\t\t\t\t<\/div>\n\t\t\t\t<\/div>\n\t\t\t\t\t<\/div>\n\t\t\t\t<\/div>\n\t\t<div class=\"elementor-element elementor-element-60bcebb e-flex e-con-boxed wpr-particle-no wpr-jarallax-no wpr-parallax-no wpr-sticky-section-no e-con e-parent\" data-id=\"60bcebb\" data-element_type=\"container\">\n\t\t\t\t\t<div class=\"e-con-inner\">\n\t\t\t\t<div class=\"elementor-element elementor-element-0276145 elementor-widget elementor-widget-text-editor\" data-id=\"0276145\" data-element_type=\"widget\" data-widget_type=\"text-editor.default\">\n\t\t\t\t<div class=\"elementor-widget-container\">\n\t\t\t\t\t\t\t\t\t<p style=\"text-align: center;\"><span style=\"color: #008080;\"><em><strong>24 novembre 2024<\/strong><\/em><\/span><\/p>\t\t\t\t\t\t\t\t<\/div>\n\t\t\t\t<\/div>\n\t\t\t\t\t<\/div>\n\t\t\t\t<\/div>\n\t\t<div class=\"elementor-element elementor-element-43b6519 e-flex e-con-boxed wpr-particle-no wpr-jarallax-no wpr-parallax-no wpr-sticky-section-no e-con e-parent\" data-id=\"43b6519\" data-element_type=\"container\">\n\t\t\t\t\t<div class=\"e-con-inner\">\n\t\t\t\t<div class=\"elementor-element elementor-element-436eb44 elementor-invisible elementor-widget elementor-widget-text-editor\" data-id=\"436eb44\" data-element_type=\"widget\" data-settings=\"{&quot;_animation&quot;:&quot;fadeInDown&quot;}\" data-widget_type=\"text-editor.default\">\n\t\t\t\t<div class=\"elementor-widget-container\">\n\t\t\t\t\t\t\t\t\t<table><tbody><tr><td width=\"121\"><h4><strong>Domaine<\/strong><\/h4><\/td><td width=\"121\"><h4><strong>Fili\u00e8re\u00a0<\/strong><\/h4><\/td><td width=\"121\"><h4><strong>Licence<\/strong><\/h4><\/td><td width=\"121\"><h4><strong>Master<\/strong><\/h4><\/td><td width=\"121\"><h4><strong>Doctorat<\/strong><\/h4><\/td><\/tr><tr><td rowspan=\"2\" width=\"121\"><h4>Math\u00e9matiques\u00a0 et informatique\u00a0<\/h4><\/td><td rowspan=\"2\" width=\"121\"><h4>informatique\u00a0<\/h4><\/td><td rowspan=\"2\" width=\"121\">\u00a0<\/td><td rowspan=\"2\" width=\"121\"><h4><a href=\"http:\/\/www.univ-dbkm.dz\/fsminfo\/wp-content\/uploads\/2024\/12\/Canevas-masters-Fr-IABD-1.pdf\">Intelligence Artificielle et Big Data (IABD)\u00a0<\/a><\/h4><h4>.. <a href=\"http:\/\/www.univ-dbkm.dz\/fsminfo\/wp-content\/uploads\/2024\/12\/Intelligence-Artificielle-et-Big-Data.pdf\">fiche descriptive<\/a><\/h4><\/td><td width=\"121\">\u00a0<\/td><\/tr><tr><td width=\"121\">\u00a0<\/td><\/tr><\/tbody><\/table>\t\t\t\t\t\t\t\t<\/div>\n\t\t\t\t<\/div>\n\t\t\t\t\t<\/div>\n\t\t\t\t<\/div>\n\t\t<div class=\"elementor-element elementor-element-c362681 e-flex e-con-boxed wpr-particle-no wpr-jarallax-no wpr-parallax-no wpr-sticky-section-no e-con e-parent\" data-id=\"c362681\" data-element_type=\"container\">\n\t\t\t\t\t<div class=\"e-con-inner\">\n\t\t\t\t<div class=\"elementor-element elementor-element-9b26385 elementor-invisible elementor-widget elementor-widget-image\" data-id=\"9b26385\" data-element_type=\"widget\" data-settings=\"{&quot;_animation&quot;:&quot;fadeInRight&quot;}\" data-widget_type=\"image.default\">\n\t\t\t\t<div class=\"elementor-widget-container\">\n\t\t\t\t\t\t\t\t\t\t\t\t\t\t\t<img fetchpriority=\"high\" decoding=\"async\" width=\"817\" height=\"652\" src=\"http:\/\/www.univ-dbkm.dz\/fsminfo\/wp-content\/uploads\/2024\/12\/\u0645\u062e\u0637\u0637-\u0627\u0644\u0630\u0643\u0627\u0621-\u0627\u0644\u0627\u0635\u0637\u0646\u0627\u0639\u064a-\u0641\u0631\u0646\u0633\u064a\u0629.png\" class=\"attachment-large size-large wp-image-5505\" alt=\"\" srcset=\"http:\/\/www.univ-dbkm.dz\/fsminfo\/wp-content\/uploads\/2024\/12\/\u0645\u062e\u0637\u0637-\u0627\u0644\u0630\u0643\u0627\u0621-\u0627\u0644\u0627\u0635\u0637\u0646\u0627\u0639\u064a-\u0641\u0631\u0646\u0633\u064a\u0629.png 817w, http:\/\/www.univ-dbkm.dz\/fsminfo\/wp-content\/uploads\/2024\/12\/\u0645\u062e\u0637\u0637-\u0627\u0644\u0630\u0643\u0627\u0621-\u0627\u0644\u0627\u0635\u0637\u0646\u0627\u0639\u064a-\u0641\u0631\u0646\u0633\u064a\u0629-300x239.png 300w, http:\/\/www.univ-dbkm.dz\/fsminfo\/wp-content\/uploads\/2024\/12\/\u0645\u062e\u0637\u0637-\u0627\u0644\u0630\u0643\u0627\u0621-\u0627\u0644\u0627\u0635\u0637\u0646\u0627\u0639\u064a-\u0641\u0631\u0646\u0633\u064a\u0629-768x613.png 768w\" sizes=\"(max-width: 817px) 100vw, 817px\" \/>\t\t\t\t\t\t\t\t\t\t\t\t\t\t\t<\/div>\n\t\t\t\t<\/div>\n\t\t\t\t\t<\/div>\n\t\t\t\t<\/div>\n\t\t<div class=\"elementor-element elementor-element-18064e8 e-flex e-con-boxed wpr-particle-no wpr-jarallax-no wpr-parallax-no wpr-sticky-section-no e-con e-parent\" data-id=\"18064e8\" data-element_type=\"container\">\n\t\t\t\t\t<div class=\"e-con-inner\">\n\t\t<div class=\"elementor-element elementor-element-ade0d5a e-con-full e-flex wpr-particle-no wpr-jarallax-no wpr-parallax-no wpr-sticky-section-no e-con e-child\" data-id=\"ade0d5a\" data-element_type=\"container\">\n\t\t\t\t<div class=\"elementor-element elementor-element-4adf618 elementor-widget elementor-widget-heading\" data-id=\"4adf618\" data-element_type=\"widget\" data-widget_type=\"heading.default\">\n\t\t\t\t<div class=\"elementor-widget-container\">\n\t\t\t\t\t<h3 class=\"elementor-heading-title elementor-size-default\">d\u00e9bouch\u00e9s des dipl\u00f4m\u00e9s du d\u00e9partement<\/h3>\t\t\t\t<\/div>\n\t\t\t\t<\/div>\n\t\t\t\t<\/div>\n\t\t<div class=\"elementor-element elementor-element-3c6e7a8 e-con-full e-flex wpr-particle-no wpr-jarallax-no wpr-parallax-no wpr-sticky-section-no e-con e-child\" data-id=\"3c6e7a8\" data-element_type=\"container\">\n\t\t<div class=\"elementor-element elementor-element-886f970 e-con-full e-flex wpr-particle-no wpr-jarallax-no wpr-parallax-no wpr-sticky-section-no e-con e-child\" data-id=\"886f970\" data-element_type=\"container\">\n\t\t\t\t<div class=\"elementor-element elementor-element-0be2217 elementor-widget elementor-widget-text-editor\" data-id=\"0be2217\" data-element_type=\"widget\" data-widget_type=\"text-editor.default\">\n\t\t\t\t<div class=\"elementor-widget-container\">\n\t\t\t\t\t\t\t\t\t<h5><b>FICHE TECHNIQUE INTELLIGENCE ARTIFICIELLE<\/b><b>:<\/b><\/h5><p><b>Domaine<\/b> :Mathematique et Informatique<br \/><b>Sp\u00e9cialit\u00e9<\/b> : Informatique<br \/><b>Niveau<\/b>\u00a0: Licence, Master, Doctorat<\/p>\t\t\t\t\t\t\t\t<\/div>\n\t\t\t\t<\/div>\n\t\t\t\t<\/div>\n\t\t<div class=\"elementor-element elementor-element-50c97da e-con-full e-flex wpr-particle-no wpr-jarallax-no wpr-parallax-no wpr-sticky-section-no e-con e-child\" data-id=\"50c97da\" data-element_type=\"container\">\n\t\t\t\t<div class=\"elementor-element elementor-element-55ced41 elementor-widget elementor-widget-text-editor\" data-id=\"55ced41\" data-element_type=\"widget\" data-widget_type=\"text-editor.default\">\n\t\t\t\t<div class=\"elementor-widget-container\">\n\t\t\t\t\t\t\t\t\t<ul><li><strong><span lang=\"FR\">\u00a0<\/span><span lang=\"FR\">Secteur Publique\u00a0:<\/span><\/strong><\/li><\/ul><p><span lang=\"FR\">o\u00a0\u00a0\u00a0<\/span><span lang=\"FR\">Ing\u00e9nieur d\u2019\u00e9tat en informatique<\/span><\/p><p><span lang=\"FR\">o\u00a0\u00a0\u00a0<\/span><span lang=\"FR\">Ing\u00e9nieur de d\u00e9veloppement<\/span><\/p><ul><li><strong><span lang=\"FR\">Secteur Priv\u00e9e<\/span><\/strong><\/li><\/ul><div><p><span lang=\"FR\">o\u00a0\u00a0\u00a0<\/span><span lang=\"FR\">Data scientist<\/span><\/p><p><span lang=\"FR\">o\u00a0\u00a0\u00a0<\/span><span lang=\"FR\">Data analyst<\/span><\/p><p><span lang=\"FR\">o\u00a0\u00a0\u00a0<\/span><span lang=\"FR\">Ing\u00e9nieur Intelligence artificielle<\/span><\/p><p><span lang=\"FR\">o\u00a0\u00a0\u00a0<\/span><span lang=\"FR\">Business analyst<\/span><\/p><p><span lang=\"FR\">o\u00a0\u00a0\u00a0<\/span><span lang=\"FR\">Responsable commercial et marketing (apr\u00e8s exp\u00e9rience)<\/span><\/p><p><span lang=\"FR\">o\u00a0\u00a0\u00a0<\/span><span lang=\"FR\">Architecte de donn\u00e9es (gestion, optimisation et s\u00e9curit\u00e9 des donn\u00e9es)<\/span><\/p><p><span lang=\"FR\">o\u00a0\u00a0\u00a0<\/span>D\u00e9veloppeur en Machine Learning<\/p><\/div>\t\t\t\t\t\t\t\t<\/div>\n\t\t\t\t<\/div>\n\t\t\t\t<\/div>\n\t\t\t\t<\/div>\n\t\t\t\t\t<\/div>\n\t\t\t\t<\/div>\n\t\t\t\t<\/div>\n\t\t","protected":false},"excerpt":{"rendered":"<p>D\u00e9partement d&rsquo;Intelligence Artificielle 24 novembre 2024 Domaine Fili\u00e8re\u00a0 Licence Master Doctorat Math\u00e9matiques\u00a0 et informatique\u00a0 informatique\u00a0 \u00a0 Intelligence Artificielle et Big Data (IABD)\u00a0 .. fiche descriptive \u00a0 \u00a0 d\u00e9bouch\u00e9s des dipl\u00f4m\u00e9s du d\u00e9partement FICHE TECHNIQUE INTELLIGENCE ARTIFICIELLE: Domaine :Mathematique et InformatiqueSp\u00e9cialit\u00e9 : InformatiqueNiveau\u00a0: Licence, Master, Doctorat \u00a0Secteur Publique\u00a0: o\u00a0\u00a0\u00a0Ing\u00e9nieur d\u2019\u00e9tat en informatique o\u00a0\u00a0\u00a0Ing\u00e9nieur de d\u00e9veloppement Secteur Priv\u00e9e o\u00a0\u00a0\u00a0Data scientist o\u00a0\u00a0\u00a0Data analyst o\u00a0\u00a0\u00a0Ing\u00e9nieur Intelligence artificielle o\u00a0\u00a0\u00a0Business analyst o\u00a0\u00a0\u00a0Responsable commercial et marketing (apr\u00e8s exp\u00e9rience) o\u00a0\u00a0\u00a0Architecte de donn\u00e9es (gestion, optimisation et s\u00e9curit\u00e9 des donn\u00e9es) o\u00a0\u00a0\u00a0D\u00e9veloppeur en Machine Learning<\/p>\n","protected":false},"author":1,"featured_media":0,"parent":0,"menu_order":0,"comment_status":"closed","ping_status":"closed","template":"","meta":{"_uag_custom_page_level_css":"","site-sidebar-layout":"no-sidebar","site-content-layout":"page-builder","ast-site-content-layout":"full-width-container","site-content-style":"unboxed","site-sidebar-style":"unboxed","ast-global-header-display":"","ast-banner-title-visibility":"","ast-main-header-display":"","ast-hfb-above-header-display":"","ast-hfb-below-header-display":"","ast-hfb-mobile-header-display":"","site-post-title":"disabled","ast-breadcrumbs-content":"","ast-featured-img":"disabled","footer-sml-layout":"","theme-transparent-header-meta":"","adv-header-id-meta":"","stick-header-meta":"","header-above-stick-meta":"","header-main-stick-meta":"","header-below-stick-meta":"","astra-migrate-meta-layouts":"set","ast-page-background-enabled":"default","ast-page-background-meta":{"desktop":{"background-color":"var(--ast-global-color-4)","background-image":"","background-repeat":"repeat","background-position":"center center","background-size":"auto","background-attachment":"scroll","background-type":"","background-media":"","overlay-type":"","overlay-color":"","overlay-gradient":""},"tablet":{"background-color":"","background-image":"","background-repeat":"repeat","background-position":"center center","background-size":"auto","background-attachment":"scroll","background-type":"","background-media":"","overlay-type":"","overlay-color":"","overlay-gradient":""},"mobile":{"background-color":"","background-image":"","background-repeat":"repeat","background-position":"center center","background-size":"auto","background-attachment":"scroll","background-type":"","background-media":"","overlay-type":"","overlay-color":"","overlay-gradient":""}},"ast-content-background-meta":{"desktop":{"background-color":"var(--ast-global-color-5)","background-image":"","background-repeat":"repeat","background-position":"center center","background-size":"auto","background-attachment":"scroll","background-type":"","background-media":"","overlay-type":"","overlay-color":"","overlay-gradient":""},"tablet":{"background-color":"var(--ast-global-color-5)","background-image":"","background-repeat":"repeat","background-position":"center center","background-size":"auto","background-attachment":"scroll","background-type":"","background-media":"","overlay-type":"","overlay-color":"","overlay-gradient":""},"mobile":{"background-color":"var(--ast-global-color-5)","background-image":"","background-repeat":"repeat","background-position":"center center","background-size":"auto","background-attachment":"scroll","background-type":"","background-media":"","overlay-type":"","overlay-color":"","overlay-gradient":""}},"footnotes":""},"class_list":["post-5483","page","type-page","status-publish","hentry"],"uagb_featured_image_src":{"full":false,"thumbnail":false,"medium":false,"medium_large":false,"large":false,"1536x1536":false,"2048x2048":false},"uagb_author_info":{"display_name":"fsminfo","author_link":"http:\/\/www.univ-dbkm.dz\/fsminfo\/author\/fsminfo\/"},"uagb_comment_info":0,"uagb_excerpt":"D\u00e9partement d&rsquo;Intelligence Artificielle 24 novembre 2024 Domaine Fili\u00e8re\u00a0 Licence Master Doctorat Math\u00e9matiques\u00a0 et informatique\u00a0 informatique\u00a0 \u00a0 Intelligence Artificielle et Big Data (IABD)\u00a0 .. fiche descriptive \u00a0 \u00a0 d\u00e9bouch\u00e9s des dipl\u00f4m\u00e9s du d\u00e9partement FICHE TECHNIQUE INTELLIGENCE ARTIFICIELLE: Domaine :Mathematique et InformatiqueSp\u00e9cialit\u00e9 : InformatiqueNiveau\u00a0: Licence, Master, Doctorat \u00a0Secteur Publique\u00a0: o\u00a0\u00a0\u00a0Ing\u00e9nieur d\u2019\u00e9tat en informatique o\u00a0\u00a0\u00a0Ing\u00e9nieur de d\u00e9veloppement Secteur\u2026","_links":{"self":[{"href":"http:\/\/www.univ-dbkm.dz\/fsminfo\/wp-json\/wp\/v2\/pages\/5483","targetHints":{"allow":["GET"]}}],"collection":[{"href":"http:\/\/www.univ-dbkm.dz\/fsminfo\/wp-json\/wp\/v2\/pages"}],"about":[{"href":"http:\/\/www.univ-dbkm.dz\/fsminfo\/wp-json\/wp\/v2\/types\/page"}],"author":[{"embeddable":true,"href":"http:\/\/www.univ-dbkm.dz\/fsminfo\/wp-json\/wp\/v2\/users\/1"}],"replies":[{"embeddable":true,"href":"http:\/\/www.univ-dbkm.dz\/fsminfo\/wp-json\/wp\/v2\/comments?post=5483"}],"version-history":[{"count":19,"href":"http:\/\/www.univ-dbkm.dz\/fsminfo\/wp-json\/wp\/v2\/pages\/5483\/revisions"}],"predecessor-version":[{"id":7346,"href":"http:\/\/www.univ-dbkm.dz\/fsminfo\/wp-json\/wp\/v2\/pages\/5483\/revisions\/7346"}],"wp:attachment":[{"href":"http:\/\/www.univ-dbkm.dz\/fsminfo\/wp-json\/wp\/v2\/media?parent=5483"}],"curies":[{"name":"wp","href":"https:\/\/api.w.org\/{rel}","templated":true}]}}