{"id":5485,"date":"2024-12-19T13:35:15","date_gmt":"2024-12-19T12:35:15","guid":{"rendered":"http:\/\/www.univ-dbkm.dz\/fsminfo\/?page_id=5485"},"modified":"2025-03-24T10:43:23","modified_gmt":"2025-03-24T09:43:23","slug":"department-of-artificial-intelligence-3","status":"publish","type":"page","link":"http:\/\/www.univ-dbkm.dz\/fsminfo\/fr\/department-of-artificial-intelligence-3\/","title":{"rendered":"Department of Artificial Intelligence"},"content":{"rendered":"\t\t<div data-elementor-type=\"wp-page\" data-elementor-id=\"5485\" class=\"elementor elementor-5485\">\n\t\t\t\t<div class=\"elementor-element elementor-element-df80121 e-flex e-con-boxed wpr-particle-no wpr-jarallax-no wpr-parallax-no wpr-sticky-section-no e-con e-parent\" data-id=\"df80121\" data-element_type=\"container\">\n\t\t\t\t\t<div class=\"e-con-inner\">\n\t\t<div class=\"elementor-element elementor-element-6ad93ad e-con-full e-flex wpr-particle-no wpr-jarallax-no wpr-parallax-no wpr-sticky-section-no e-con e-child\" data-id=\"6ad93ad\" data-element_type=\"container\" data-settings=\"{&quot;background_background&quot;:&quot;classic&quot;}\">\n\t\t\t\t<div class=\"elementor-element elementor-element-1f914e4 elementor-widget elementor-widget-heading\" data-id=\"1f914e4\" data-element_type=\"widget\" data-widget_type=\"heading.default\">\n\t\t\t\t<div class=\"elementor-widget-container\">\n\t\t\t\t\t<h1 class=\"elementor-heading-title elementor-size-default\">D\u00e9partement d'Intelligence Artificielle\n\n\n\n\n\n\n<\/h1>\t\t\t\t<\/div>\n\t\t\t\t<\/div>\n\t\t\t\t<\/div>\n\t\t<div class=\"elementor-element elementor-element-a124d94 e-con-full e-flex wpr-particle-no wpr-jarallax-no wpr-parallax-no wpr-sticky-section-no e-con e-child\" data-id=\"a124d94\" data-element_type=\"container\">\n\t\t<div class=\"elementor-element elementor-element-9cccde4 e-con-full e-flex wpr-particle-no wpr-jarallax-no wpr-parallax-no wpr-sticky-section-no e-con e-child\" data-id=\"9cccde4\" data-element_type=\"container\">\n\t\t<div class=\"elementor-element elementor-element-3f3db80 e-con-full e-flex wpr-particle-no wpr-jarallax-no wpr-parallax-no wpr-sticky-section-no e-con e-child\" data-id=\"3f3db80\" data-element_type=\"container\">\n\t\t<div class=\"elementor-element elementor-element-81d3704 e-con-full e-flex wpr-particle-no wpr-jarallax-no wpr-parallax-no wpr-sticky-section-no e-con e-child\" data-id=\"81d3704\" data-element_type=\"container\">\n\t\t\t\t<div class=\"elementor-element elementor-element-feddda8 elementor-invisible elementor-widget elementor-widget-heading\" data-id=\"feddda8\" data-element_type=\"widget\" data-settings=\"{&quot;_animation&quot;:&quot;fadeInLeft&quot;}\" data-widget_type=\"heading.default\">\n\t\t\t\t<div class=\"elementor-widget-container\">\n\t\t\t\t\t<h2 class=\"elementor-heading-title elementor-size-default\">D\u00e9partement d'Intelligence Artificielle<\/h2>\t\t\t\t<\/div>\n\t\t\t\t<\/div>\n\t\t\t\t<\/div>\n\t\t\t\t<\/div>\n\t\t\t\t<\/div>\n\t\t\t\t<\/div>\n\t\t<div class=\"elementor-element elementor-element-e1cde9b e-con-full e-flex wpr-particle-no wpr-jarallax-no wpr-parallax-no wpr-sticky-section-no e-con e-child\" data-id=\"e1cde9b\" data-element_type=\"container\">\n\t\t\t\t<div class=\"elementor-element elementor-element-2e8dda1 elementor-invisible elementor-widget elementor-widget-text-editor\" data-id=\"2e8dda1\" data-element_type=\"widget\" data-settings=\"{&quot;_animation&quot;:&quot;fadeInDown&quot;}\" data-widget_type=\"text-editor.default\">\n\t\t\t\t<div class=\"elementor-widget-container\">\n\t\t\t\t\t\t\t\t\t<table><tbody><tr><td width=\"121\"><h4><strong>Domaine<\/strong><\/h4><\/td><td width=\"121\"><h4><strong>Fili\u00e8re\u00a0<\/strong><\/h4><\/td><td width=\"121\"><h4><strong>Licence<\/strong><\/h4><\/td><td width=\"121\"><h4><strong>Master<\/strong><\/h4><\/td><td width=\"121\"><h4><strong>Doctorat<\/strong><\/h4><\/td><\/tr><tr><td rowspan=\"2\" width=\"121\"><h4>Math\u00e9matiques\u00a0 et informatique\u00a0<\/h4><\/td><td rowspan=\"2\" width=\"121\"><h4>informatique\u00a0<\/h4><\/td><td rowspan=\"2\" width=\"121\">\u00a0<\/td><td rowspan=\"2\" width=\"121\"><h4><a href=\"http:\/\/www.univ-dbkm.dz\/fsminfo\/wp-content\/uploads\/2024\/12\/Canevas-masters-Fr-IABD-1.pdf\">Intelligence Artificielle et Big Data (IABD)<\/a><\/h4><h4>(<a href=\"http:\/\/www.univ-dbkm.dz\/fsminfo\/wp-content\/uploads\/2025\/03\/fd-fr-iabd.pdf\">fiche descriptive<\/a>)<\/h4><\/td><td width=\"121\">\u00a0<\/td><\/tr><tr><td width=\"121\">\u00a0<\/td><\/tr><\/tbody><\/table>\t\t\t\t\t\t\t\t<\/div>\n\t\t\t\t<\/div>\n\t\t\t\t<\/div>\n\t\t<div class=\"elementor-element elementor-element-45c9ddd e-con-full e-flex wpr-particle-no wpr-jarallax-no wpr-parallax-no wpr-sticky-section-no e-con e-child\" data-id=\"45c9ddd\" data-element_type=\"container\">\n\t\t\t\t<div class=\"elementor-element elementor-element-aee4bcd elementor-invisible elementor-widget elementor-widget-image\" data-id=\"aee4bcd\" data-element_type=\"widget\" data-settings=\"{&quot;_animation&quot;:&quot;fadeInRight&quot;}\" data-widget_type=\"image.default\">\n\t\t\t\t<div class=\"elementor-widget-container\">\n\t\t\t\t\t\t\t\t\t\t\t\t\t\t\t<img fetchpriority=\"high\" decoding=\"async\" width=\"817\" height=\"652\" src=\"http:\/\/www.univ-dbkm.dz\/fsminfo\/wp-content\/uploads\/2024\/12\/\u0645\u062e\u0637\u0637-\u0627\u0644\u0630\u0643\u0627\u0621-\u0627\u0644\u0627\u0635\u0637\u0646\u0627\u0639\u064a-\u0641\u0631\u0646\u0633\u064a\u0629.png\" class=\"attachment-large size-large wp-image-5505\" alt=\"\" srcset=\"http:\/\/www.univ-dbkm.dz\/fsminfo\/wp-content\/uploads\/2024\/12\/\u0645\u062e\u0637\u0637-\u0627\u0644\u0630\u0643\u0627\u0621-\u0627\u0644\u0627\u0635\u0637\u0646\u0627\u0639\u064a-\u0641\u0631\u0646\u0633\u064a\u0629.png 817w, http:\/\/www.univ-dbkm.dz\/fsminfo\/wp-content\/uploads\/2024\/12\/\u0645\u062e\u0637\u0637-\u0627\u0644\u0630\u0643\u0627\u0621-\u0627\u0644\u0627\u0635\u0637\u0646\u0627\u0639\u064a-\u0641\u0631\u0646\u0633\u064a\u0629-300x239.png 300w, http:\/\/www.univ-dbkm.dz\/fsminfo\/wp-content\/uploads\/2024\/12\/\u0645\u062e\u0637\u0637-\u0627\u0644\u0630\u0643\u0627\u0621-\u0627\u0644\u0627\u0635\u0637\u0646\u0627\u0639\u064a-\u0641\u0631\u0646\u0633\u064a\u0629-768x613.png 768w\" sizes=\"(max-width: 817px) 100vw, 817px\" \/>\t\t\t\t\t\t\t\t\t\t\t\t\t\t\t<\/div>\n\t\t\t\t<\/div>\n\t\t\t\t<\/div>\n\t\t<div class=\"elementor-element elementor-element-e4e1524 e-con-full e-flex wpr-particle-no wpr-jarallax-no wpr-parallax-no wpr-sticky-section-no e-con e-child\" data-id=\"e4e1524\" data-element_type=\"container\">\n\t\t<div class=\"elementor-element elementor-element-1cab1b2 e-con-full e-flex wpr-particle-no wpr-jarallax-no wpr-parallax-no wpr-sticky-section-no e-con e-child\" data-id=\"1cab1b2\" data-element_type=\"container\">\n\t\t\t\t<div class=\"elementor-element elementor-element-52f7055 elementor-widget elementor-widget-heading\" data-id=\"52f7055\" data-element_type=\"widget\" data-widget_type=\"heading.default\">\n\t\t\t\t<div class=\"elementor-widget-container\">\n\t\t\t\t\t<h3 class=\"elementor-heading-title elementor-size-default\"><h3 data-elementor-setting-key=\"title\" data-pen-placeholder=\"\u00c9crivez ici...\" style=\"font-style: normal;\">D\u00e9bouch\u00e9s professionnels<span style=\"color: var(--ast-global-color-2); font-size: 2.25rem; font-style: inherit; background-color: var(--ast-global-color-4);\"><\/span><\/h3><\/h3>\t\t\t\t<\/div>\n\t\t\t\t<\/div>\n\t\t\t\t<\/div>\n\t\t<div class=\"elementor-element elementor-element-491e0a0 e-con-full e-flex wpr-particle-no wpr-jarallax-no wpr-parallax-no wpr-sticky-section-no e-con e-child\" data-id=\"491e0a0\" data-element_type=\"container\">\n\t\t<div class=\"elementor-element elementor-element-eb87efe e-con-full e-flex wpr-particle-no wpr-jarallax-no wpr-parallax-no wpr-sticky-section-no e-con e-child\" data-id=\"eb87efe\" data-element_type=\"container\">\n\t\t\t\t<div class=\"elementor-element elementor-element-12fdb16 elementor-widget elementor-widget-text-editor\" data-id=\"12fdb16\" data-element_type=\"widget\" data-widget_type=\"text-editor.default\">\n\t\t\t\t<div class=\"elementor-widget-container\">\n\t\t\t\t\t\t\t\t\t<h5><b>FICHE TECHNIQUE INTELLIGENCE ARTIFICIELLE<\/b><b>:<\/b><\/h5><p><b>Domaine<\/b> :Mathematique et Informatique<br \/><b>Sp\u00e9cialit\u00e9<\/b> : Informatique<br \/><b>Niveau<\/b> : Master, Doctorat<\/p>\t\t\t\t\t\t\t\t<\/div>\n\t\t\t\t<\/div>\n\t\t\t\t<\/div>\n\t\t<div class=\"elementor-element elementor-element-9678f2d e-con-full e-flex wpr-particle-no wpr-jarallax-no wpr-parallax-no wpr-sticky-section-no e-con e-child\" data-id=\"9678f2d\" data-element_type=\"container\">\n\t\t\t\t<div class=\"elementor-element elementor-element-f069bce elementor-widget elementor-widget-text-editor\" data-id=\"f069bce\" data-element_type=\"widget\" data-widget_type=\"text-editor.default\">\n\t\t\t\t<div class=\"elementor-widget-container\">\n\t\t\t\t\t\t\t\t\t<ul><li><strong><span lang=\"FR\">\u00a0<\/span><span lang=\"FR\">Secteur Publique\u00a0:<\/span><\/strong><\/li><\/ul><p><span lang=\"FR\">o\u00a0\u00a0\u00a0<\/span><span lang=\"FR\">Ing\u00e9nieur d\u2019\u00e9tat en informatique<\/span><\/p><p><span lang=\"FR\">o\u00a0\u00a0\u00a0<\/span><span lang=\"FR\">Ing\u00e9nieur de d\u00e9veloppement<\/span><\/p><ul><li><strong><span lang=\"FR\">Secteur Priv\u00e9e<\/span><\/strong><\/li><\/ul><div><p><span lang=\"FR\">o\u00a0\u00a0\u00a0<\/span><span lang=\"FR\">Data scientist<\/span><\/p><p><span lang=\"FR\">o\u00a0\u00a0\u00a0<\/span><span lang=\"FR\">Data analyst<\/span><\/p><p><span lang=\"FR\">o\u00a0\u00a0\u00a0<\/span><span lang=\"FR\">Ing\u00e9nieur Intelligence artificielle<\/span><\/p><p><span lang=\"FR\">o\u00a0\u00a0\u00a0<\/span><span lang=\"FR\">Business analyst<\/span><\/p><p><span lang=\"FR\">o\u00a0\u00a0\u00a0<\/span><span lang=\"FR\">Responsable commercial et marketing (apr\u00e8s exp\u00e9rience)<\/span><\/p><p><span lang=\"FR\">o\u00a0\u00a0\u00a0<\/span><span lang=\"FR\">Architecte de donn\u00e9es (gestion, optimisation et s\u00e9curit\u00e9 des donn\u00e9es)<\/span><\/p><p><span lang=\"FR\">o\u00a0\u00a0\u00a0<\/span>D\u00e9veloppeur en Machine Learning<\/p><\/div>\t\t\t\t\t\t\t\t<\/div>\n\t\t\t\t<\/div>\n\t\t\t\t<\/div>\n\t\t\t\t<\/div>\n\t\t\t\t<\/div>\n\t\t\t\t\t<\/div>\n\t\t\t\t<\/div>\n\t\t\t\t<\/div>\n\t\t","protected":false},"excerpt":{"rendered":"<p>D\u00e9partement d&rsquo;Intelligence Artificielle D\u00e9partement d&rsquo;Intelligence Artificielle Domaine Fili\u00e8re\u00a0 Licence Master Doctorat Math\u00e9matiques\u00a0 et informatique\u00a0 informatique\u00a0 \u00a0 Intelligence Artificielle et Big Data (IABD) (fiche descriptive) \u00a0 \u00a0 D\u00e9bouch\u00e9s professionnels FICHE TECHNIQUE INTELLIGENCE ARTIFICIELLE: Domaine :Mathematique et InformatiqueSp\u00e9cialit\u00e9 : InformatiqueNiveau : Master, Doctorat \u00a0Secteur Publique\u00a0: o\u00a0\u00a0\u00a0Ing\u00e9nieur d\u2019\u00e9tat en informatique o\u00a0\u00a0\u00a0Ing\u00e9nieur de d\u00e9veloppement Secteur Priv\u00e9e o\u00a0\u00a0\u00a0Data scientist o\u00a0\u00a0\u00a0Data analyst o\u00a0\u00a0\u00a0Ing\u00e9nieur Intelligence artificielle o\u00a0\u00a0\u00a0Business analyst o\u00a0\u00a0\u00a0Responsable commercial et marketing (apr\u00e8s exp\u00e9rience) o\u00a0\u00a0\u00a0Architecte de donn\u00e9es (gestion, optimisation et s\u00e9curit\u00e9 des donn\u00e9es) o\u00a0\u00a0\u00a0D\u00e9veloppeur en Machine Learning<\/p>\n","protected":false},"author":1,"featured_media":0,"parent":0,"menu_order":0,"comment_status":"closed","ping_status":"closed","template":"","meta":{"_uag_custom_page_level_css":"","site-sidebar-layout":"no-sidebar","site-content-layout":"page-builder","ast-site-content-layout":"full-width-container","site-content-style":"unboxed","site-sidebar-style":"unboxed","ast-global-header-display":"","ast-banner-title-visibility":"","ast-main-header-display":"","ast-hfb-above-header-display":"","ast-hfb-below-header-display":"","ast-hfb-mobile-header-display":"","site-post-title":"disabled","ast-breadcrumbs-content":"","ast-featured-img":"disabled","footer-sml-layout":"","theme-transparent-header-meta":"","adv-header-id-meta":"","stick-header-meta":"","header-above-stick-meta":"","header-main-stick-meta":"","header-below-stick-meta":"","astra-migrate-meta-layouts":"set","ast-page-background-enabled":"default","ast-page-background-meta":{"desktop":{"background-color":"var(--ast-global-color-4)","background-image":"","background-repeat":"repeat","background-position":"center center","background-size":"auto","background-attachment":"scroll","background-type":"","background-media":"","overlay-type":"","overlay-color":"","overlay-gradient":""},"tablet":{"background-color":"","background-image":"","background-repeat":"repeat","background-position":"center center","background-size":"auto","background-attachment":"scroll","background-type":"","background-media":"","overlay-type":"","overlay-color":"","overlay-gradient":""},"mobile":{"background-color":"","background-image":"","background-repeat":"repeat","background-position":"center center","background-size":"auto","background-attachment":"scroll","background-type":"","background-media":"","overlay-type":"","overlay-color":"","overlay-gradient":""}},"ast-content-background-meta":{"desktop":{"background-color":"var(--ast-global-color-5)","background-image":"","background-repeat":"repeat","background-position":"center center","background-size":"auto","background-attachment":"scroll","background-type":"","background-media":"","overlay-type":"","overlay-color":"","overlay-gradient":""},"tablet":{"background-color":"var(--ast-global-color-5)","background-image":"","background-repeat":"repeat","background-position":"center center","background-size":"auto","background-attachment":"scroll","background-type":"","background-media":"","overlay-type":"","overlay-color":"","overlay-gradient":""},"mobile":{"background-color":"var(--ast-global-color-5)","background-image":"","background-repeat":"repeat","background-position":"center center","background-size":"auto","background-attachment":"scroll","background-type":"","background-media":"","overlay-type":"","overlay-color":"","overlay-gradient":""}},"footnotes":""},"class_list":["post-5485","page","type-page","status-publish","hentry"],"uagb_featured_image_src":{"full":false,"thumbnail":false,"medium":false,"medium_large":false,"large":false,"1536x1536":false,"2048x2048":false},"uagb_author_info":{"display_name":"fsminfo","author_link":"http:\/\/www.univ-dbkm.dz\/fsminfo\/author\/fsminfo\/"},"uagb_comment_info":0,"uagb_excerpt":"D\u00e9partement d&rsquo;Intelligence Artificielle D\u00e9partement d&rsquo;Intelligence Artificielle Domaine Fili\u00e8re\u00a0 Licence Master Doctorat Math\u00e9matiques\u00a0 et informatique\u00a0 informatique\u00a0 \u00a0 Intelligence Artificielle et Big Data (IABD) (fiche descriptive) \u00a0 \u00a0 D\u00e9bouch\u00e9s professionnels FICHE TECHNIQUE INTELLIGENCE ARTIFICIELLE: Domaine :Mathematique et InformatiqueSp\u00e9cialit\u00e9 : InformatiqueNiveau : Master, Doctorat \u00a0Secteur Publique\u00a0: o\u00a0\u00a0\u00a0Ing\u00e9nieur d\u2019\u00e9tat en informatique o\u00a0\u00a0\u00a0Ing\u00e9nieur de d\u00e9veloppement Secteur Priv\u00e9e o\u00a0\u00a0\u00a0Data scientist o\u00a0\u00a0\u00a0Data\u2026","_links":{"self":[{"href":"http:\/\/www.univ-dbkm.dz\/fsminfo\/wp-json\/wp\/v2\/pages\/5485","targetHints":{"allow":["GET"]}}],"collection":[{"href":"http:\/\/www.univ-dbkm.dz\/fsminfo\/wp-json\/wp\/v2\/pages"}],"about":[{"href":"http:\/\/www.univ-dbkm.dz\/fsminfo\/wp-json\/wp\/v2\/types\/page"}],"author":[{"embeddable":true,"href":"http:\/\/www.univ-dbkm.dz\/fsminfo\/wp-json\/wp\/v2\/users\/1"}],"replies":[{"embeddable":true,"href":"http:\/\/www.univ-dbkm.dz\/fsminfo\/wp-json\/wp\/v2\/comments?post=5485"}],"version-history":[{"count":16,"href":"http:\/\/www.univ-dbkm.dz\/fsminfo\/wp-json\/wp\/v2\/pages\/5485\/revisions"}],"predecessor-version":[{"id":7591,"href":"http:\/\/www.univ-dbkm.dz\/fsminfo\/wp-json\/wp\/v2\/pages\/5485\/revisions\/7591"}],"wp:attachment":[{"href":"http:\/\/www.univ-dbkm.dz\/fsminfo\/wp-json\/wp\/v2\/media?parent=5485"}],"curies":[{"name":"wp","href":"https:\/\/api.w.org\/{rel}","templated":true}]}}