{"id":5776,"date":"2025-01-07T12:00:05","date_gmt":"2025-01-07T11:00:05","guid":{"rendered":"http:\/\/www.univ-dbkm.dz\/fsminfo\/?page_id=5776"},"modified":"2025-01-16T10:33:27","modified_gmt":"2025-01-16T09:33:27","slug":"list-of-employees-and-administrators","status":"publish","type":"page","link":"http:\/\/www.univ-dbkm.dz\/fsminfo\/en\/list-of-employees-and-administrators\/","title":{"rendered":"List of Employees and Administrators"},"content":{"rendered":"\t\t<div data-elementor-type=\"wp-page\" data-elementor-id=\"5776\" class=\"elementor elementor-5776\">\n\t\t\t\t<div class=\"elementor-element elementor-element-6e3b8ed6 e-flex e-con-boxed wpr-particle-no wpr-jarallax-no wpr-parallax-no wpr-sticky-section-no e-con e-parent\" data-id=\"6e3b8ed6\" data-element_type=\"container\" data-settings=\"{&quot;background_background&quot;:&quot;classic&quot;}\">\n\t\t\t\t\t<div class=\"e-con-inner\">\n\t\t\t\t<div class=\"elementor-element elementor-element-6314d387 elementor-widget elementor-widget-heading\" data-id=\"6314d387\" data-element_type=\"widget\" data-widget_type=\"heading.default\">\n\t\t\t\t<div class=\"elementor-widget-container\">\n\t\t\t\t\t<h1 class=\"elementor-heading-title elementor-size-default\">List of Employees and Administrators\n\n\n\n\n\n\n<\/h1>\t\t\t\t<\/div>\n\t\t\t\t<\/div>\n\t\t\t\t\t<\/div>\n\t\t\t\t<\/div>\n\t\t<div class=\"elementor-element elementor-element-c1f70d3 e-flex e-con-boxed wpr-particle-no wpr-jarallax-no wpr-parallax-no wpr-sticky-section-no e-con e-parent\" data-id=\"c1f70d3\" data-element_type=\"container\">\n\t\t\t\t\t<div class=\"e-con-inner\">\n\t\t\t\t<div class=\"elementor-element elementor-element-2e9d52d elementor-widget elementor-widget-text-editor\" data-id=\"2e9d52d\" data-element_type=\"widget\" data-widget_type=\"text-editor.default\">\n\t\t\t\t<div class=\"elementor-widget-container\">\n\t\t\t\t\t\t\t\t\t<table><tbody><tr><td colspan=\"2\" width=\"536\"><h4><strong>List of Employees and Administrators<\/strong><\/h4><\/td><\/tr><tr><td width=\"381\"><h4><strong>Benzerhouda Hichem<\/strong><\/h4><\/td><td width=\"155\"><h4><strong>Administrateur principal<\/strong><\/h4><\/td><\/tr><tr><td width=\"381\"><h4><strong>Saidani Amhamed<\/strong><\/h4><\/td><td width=\"155\"><h4><strong>Administrateur analyste<\/strong><\/h4><\/td><\/tr><tr><td width=\"381\"><h4><strong>Maaarouf Araibi Amine<\/strong><\/h4><\/td><td width=\"155\"><h4><strong>Administrateur<\/strong><\/h4><\/td><\/tr><tr><td width=\"381\"><h4><strong>Said Errahmani Ghania<\/strong><\/h4><\/td><td width=\"155\"><h4><strong>Administrateur<\/strong><\/h4><\/td><\/tr><tr><td width=\"381\"><h4><strong>Tahi Fethi<\/strong><\/h4><\/td><td width=\"155\"><h4><strong>Ing\u00e9nieur principal de l&rsquo;habitat et de l&rsquo;urbanisme<\/strong><\/h4><\/td><\/tr><tr><td width=\"381\"><h4><strong>Allab Siham<\/strong><\/h4><\/td><td width=\"155\"><h4><strong>Ing\u00e9nieur d&rsquo;\u00e9tat des laboratoires universitaires<\/strong><\/h4><\/td><\/tr><tr><td width=\"381\"><h4><strong>Kahil Fatma<\/strong><\/h4><\/td><td width=\"155\"><h4><strong>Assistant administrateur<\/strong><\/h4><\/td><\/tr><tr><td width=\"381\"><h4><strong>Tahenni Rachid<\/strong><\/h4><\/td><td width=\"155\"><h4><strong>Attach\u00e9 principal d&rsquo;administration<\/strong><\/h4><\/td><\/tr><tr><td width=\"381\"><h4><strong>Mellah Wahiba<\/strong><\/h4><\/td><td width=\"155\"><h4><strong>Attach\u00e9 principal d&rsquo;administration<\/strong><\/h4><\/td><\/tr><tr><td width=\"381\"><h4><strong>Horri Nabila<\/strong><\/h4><\/td><td width=\"155\"><h4><strong>Attach\u00e9 principal d&rsquo;administration<\/strong><\/h4><\/td><\/tr><tr><td width=\"381\"><h4><strong>Meghatria Amel<\/strong><\/h4><\/td><td width=\"155\"><h4><strong>Technicien sup\u00e9rieur de l&rsquo;habitat et de l&rsquo;urbanisme<\/strong><\/h4><\/td><\/tr><tr><td width=\"381\"><h4><strong>Azizou Kheira<\/strong><\/h4><\/td><td width=\"155\"><h4><strong>Attach\u00e9 des laboratoires universitaires<\/strong><\/h4><\/td><\/tr><tr><td width=\"381\"><h4><strong>Merzoug Fatiha<\/strong><\/h4><\/td><td width=\"155\"><h4><strong>Assistant ing\u00e9nieur de niveau 1 en Informatique<\/strong><\/h4><\/td><\/tr><tr><td width=\"381\"><h4><strong>Guemana Hadjer<\/strong><\/h4><\/td><td width=\"155\"><h4><strong>Secr\u00e9taire<\/strong><\/h4><\/td><\/tr><tr><td width=\"381\"><h4><strong>Benrabah Ali<\/strong><\/h4><\/td><td width=\"155\"><h4><strong>Documentaliste-archiviste<\/strong><\/h4><\/td><\/tr><tr><td width=\"381\"><h4><strong>Bedrani Fatiha<\/strong><\/h4><\/td><td width=\"155\"><h4><strong>Animateur universitaire de niveau 1<\/strong><\/h4><\/td><\/tr><tr><td width=\"381\"><h4><strong>Bouchakor Errahman Soumia<\/strong><\/h4><\/td><td width=\"155\"><h4><strong>Ing\u00e9nieur d&rsquo;Etat en Statistiques<\/strong><\/h4><\/td><\/tr><tr><td width=\"381\"><h4><strong>Selmane Mohammed Ayyoub<\/strong><\/h4><\/td><td width=\"155\"><h4><strong>Ing\u00e9nieur d&rsquo;Etat en Informatique<\/strong><\/h4><\/td><\/tr><\/tbody><\/table>\t\t\t\t\t\t\t\t<\/div>\n\t\t\t\t<\/div>\n\t\t\t\t\t<\/div>\n\t\t\t\t<\/div>\n\t\t<div class=\"elementor-element elementor-element-5f13ef33 e-flex e-con-boxed wpr-particle-no wpr-jarallax-no wpr-parallax-no wpr-sticky-section-no e-con e-parent\" data-id=\"5f13ef33\" data-element_type=\"container\" data-settings=\"{&quot;background_background&quot;:&quot;classic&quot;}\">\n\t\t\t\t\t<div class=\"e-con-inner\">\n\t\t\t\t<div class=\"elementor-element elementor-element-682b7a5d elementor-widget-divider--separator-type-pattern elementor-widget-divider--view-line elementor-widget elementor-widget-divider\" data-id=\"682b7a5d\" data-element_type=\"widget\" data-widget_type=\"divider.default\">\n\t\t\t\t<div class=\"elementor-widget-container\">\n\t\t\t\t\t\t\t<div class=\"elementor-divider\" style=\"--divider-pattern-url: url(&quot;data:image\/svg+xml,%3Csvg xmlns=&#039;http:\/\/www.w3.org\/2000\/svg&#039; preserveAspectRatio=&#039;none&#039; overflow=&#039;visible&#039; height=&#039;100%&#039; viewBox=&#039;0 0 24 24&#039; fill=&#039;black&#039; stroke=&#039;none&#039;%3E%3Cpath d=&#039;M12.7,2.3c-0.4-0.4-1.1-0.4-1.5,0l-8,9.1c-0.3,0.4-0.3,0.9,0,1.2l8,9.1c0.4,0.4,1.1,0.4,1.5,0l8-9.1c0.3-0.4,0.3-0.9,0-1.2L12.7,2.3z&#039;\/%3E%3C\/svg%3E&quot;);\">\n\t\t\t<span class=\"elementor-divider-separator\">\n\t\t\t\t\t\t<\/span>\n\t\t<\/div>\n\t\t\t\t\t\t<\/div>\n\t\t\t\t<\/div>\n\t\t\t\t<div class=\"elementor-element elementor-element-2ec1bb86 elementor-widget elementor-widget-heading\" data-id=\"2ec1bb86\" data-element_type=\"widget\" data-widget_type=\"heading.default\">\n\t\t\t\t<div class=\"elementor-widget-container\">\n\t\t\t\t\t<h3 class=\"elementor-heading-title elementor-size-default\">\u0643\u0644\u064a\u0629 \u0639\u0644\u0648\u0645 \u0627\u0644\u0645\u0627\u062f\u0629 \u0648 \u0627\u0644\u0627\u0639\u0644\u0627\u0645 \u0627\u0644\u0627\u0644\u064a<br>\n\u0627\u0644\u0628\u0631\u064a\u062f \u0627\u0644\u0627\u0643\u062a\u0631\u0648\u0646\u064a :<br><br> \u0627\u0644\u0647\u0627\u062a\u0641\/ \u0627\u0644\u0641\u0627\u0643\u0633 :<br>\n<br>\u0627\u0644\u0639\u0646\u0648\u0627\u0646 : \u0637\u0631\u064a\u0642 \u062b\u0646\u064a\u0629 \u0627\u0644\u0627\u062d\u062f \u062e\u0645\u064a\u0633 \u0645\u0644\u064a\u0627\u0646\u0629 - 44225 -\n\u0648\u0644\u0627\u064a\u0629 \u0639\u064a\u0646 \u0627\u0644\u062f\u0641\u0644\u0649 - \u0627\u0644\u062c\u0632\u0627\u0626\u0631<\/h3>\t\t\t\t<\/div>\n\t\t\t\t<\/div>\n\t\t\t\t<div class=\"elementor-element elementor-element-10ca6c32 elementor-widget-divider--separator-type-pattern elementor-widget-divider--view-line elementor-widget elementor-widget-divider\" data-id=\"10ca6c32\" data-element_type=\"widget\" data-widget_type=\"divider.default\">\n\t\t\t\t<div class=\"elementor-widget-container\">\n\t\t\t\t\t\t\t<div class=\"elementor-divider\" style=\"--divider-pattern-url: url(&quot;data:image\/svg+xml,%3Csvg xmlns=&#039;http:\/\/www.w3.org\/2000\/svg&#039; preserveAspectRatio=&#039;none&#039; overflow=&#039;visible&#039; height=&#039;100%&#039; viewBox=&#039;0 0 24 24&#039; fill=&#039;black&#039; stroke=&#039;none&#039;%3E%3Cpath d=&#039;M12.7,2.3c-0.4-0.4-1.1-0.4-1.5,0l-8,9.1c-0.3,0.4-0.3,0.9,0,1.2l8,9.1c0.4,0.4,1.1,0.4,1.5,0l8-9.1c0.3-0.4,0.3-0.9,0-1.2L12.7,2.3z&#039;\/%3E%3C\/svg%3E&quot;);\">\n\t\t\t<span class=\"elementor-divider-separator\">\n\t\t\t\t\t\t<\/span>\n\t\t<\/div>\n\t\t\t\t\t\t<\/div>\n\t\t\t\t<\/div>\n\t\t\t\t\t<\/div>\n\t\t\t\t<\/div>\n\t\t\t\t<\/div>\n\t\t","protected":false},"excerpt":{"rendered":"<p>List of Employees and Administrators List of Employees and Administrators Benzerhouda Hichem Administrateur principal Saidani Amhamed Administrateur analyste Maaarouf Araibi Amine Administrateur Said Errahmani Ghania Administrateur Tahi Fethi Ing\u00e9nieur principal de l&rsquo;habitat et de l&rsquo;urbanisme Allab Siham Ing\u00e9nieur d&rsquo;\u00e9tat des laboratoires universitaires Kahil Fatma Assistant administrateur Tahenni Rachid Attach\u00e9 principal d&rsquo;administration Mellah Wahiba Attach\u00e9 principal d&rsquo;administration Horri Nabila Attach\u00e9 principal d&rsquo;administration Meghatria Amel Technicien sup\u00e9rieur de l&rsquo;habitat et de l&rsquo;urbanisme Azizou Kheira Attach\u00e9 des laboratoires universitaires Merzoug Fatiha Assistant ing\u00e9nieur de niveau 1 en Informatique Guemana Hadjer Secr\u00e9taire Benrabah Ali Documentaliste-archiviste Bedrani Fatiha Animateur universitaire de niveau 1 Bouchakor Errahman Soumia Ing\u00e9nieur d&rsquo;Etat en Statistiques Selmane Mohammed Ayyoub Ing\u00e9nieur d&rsquo;Etat en Informatique \u0643\u0644\u064a\u0629 \u0639\u0644\u0648\u0645 \u0627\u0644\u0645\u0627\u062f\u0629 \u0648 \u0627\u0644\u0627\u0639\u0644\u0627\u0645 \u0627\u0644\u0627\u0644\u064a \u0627\u0644\u0628\u0631\u064a\u062f \u0627\u0644\u0627\u0643\u062a\u0631\u0648\u0646\u064a : \u0627\u0644\u0647\u0627\u062a\u0641\/ \u0627\u0644\u0641\u0627\u0643\u0633 : \u0627\u0644\u0639\u0646\u0648\u0627\u0646 : \u0637\u0631\u064a\u0642 \u062b\u0646\u064a\u0629 \u0627\u0644\u0627\u062d\u062f \u062e\u0645\u064a\u0633 \u0645\u0644\u064a\u0627\u0646\u0629 &#8211; 44225 &#8211; \u0648\u0644\u0627\u064a\u0629 \u0639\u064a\u0646 \u0627\u0644\u062f\u0641\u0644\u0649 &#8211; \u0627\u0644\u062c\u0632\u0627\u0626\u0631<\/p>\n","protected":false},"author":1,"featured_media":0,"parent":0,"menu_order":0,"comment_status":"closed","ping_status":"closed","template":"","meta":{"_uag_custom_page_level_css":"","site-sidebar-layout":"no-sidebar","site-content-layout":"page-builder","ast-site-content-layout":"full-width-container","site-content-style":"unboxed","site-sidebar-style":"unboxed","ast-global-header-display":"","ast-banner-title-visibility":"","ast-main-header-display":"","ast-hfb-above-header-display":"","ast-hfb-below-header-display":"","ast-hfb-mobile-header-display":"","site-post-title":"disabled","ast-breadcrumbs-content":"","ast-featured-img":"disabled","footer-sml-layout":"","theme-transparent-header-meta":"","adv-header-id-meta":"","stick-header-meta":"","header-above-stick-meta":"","header-main-stick-meta":"","header-below-stick-meta":"","astra-migrate-meta-layouts":"set","ast-page-background-enabled":"default","ast-page-background-meta":{"desktop":{"background-color":"var(--ast-global-color-4)","background-image":"","background-repeat":"repeat","background-position":"center center","background-size":"auto","background-attachment":"scroll","background-type":"","background-media":"","overlay-type":"","overlay-color":"","overlay-gradient":""},"tablet":{"background-color":"","background-image":"","background-repeat":"repeat","background-position":"center center","background-size":"auto","background-attachment":"scroll","background-type":"","background-media":"","overlay-type":"","overlay-color":"","overlay-gradient":""},"mobile":{"background-color":"","background-image":"","background-repeat":"repeat","background-position":"center center","background-size":"auto","background-attachment":"scroll","background-type":"","background-media":"","overlay-type":"","overlay-color":"","overlay-gradient":""}},"ast-content-background-meta":{"desktop":{"background-color":"var(--ast-global-color-5)","background-image":"","background-repeat":"repeat","background-position":"center center","background-size":"auto","background-attachment":"scroll","background-type":"","background-media":"","overlay-type":"","overlay-color":"","overlay-gradient":""},"tablet":{"background-color":"var(--ast-global-color-5)","background-image":"","background-repeat":"repeat","background-position":"center center","background-size":"auto","background-attachment":"scroll","background-type":"","background-media":"","overlay-type":"","overlay-color":"","overlay-gradient":""},"mobile":{"background-color":"var(--ast-global-color-5)","background-image":"","background-repeat":"repeat","background-position":"center center","background-size":"auto","background-attachment":"scroll","background-type":"","background-media":"","overlay-type":"","overlay-color":"","overlay-gradient":""}},"footnotes":""},"class_list":["post-5776","page","type-page","status-publish","hentry"],"uagb_featured_image_src":{"full":false,"thumbnail":false,"medium":false,"medium_large":false,"large":false,"1536x1536":false,"2048x2048":false},"uagb_author_info":{"display_name":"fsminfo","author_link":"http:\/\/www.univ-dbkm.dz\/fsminfo\/author\/fsminfo\/"},"uagb_comment_info":0,"uagb_excerpt":"List of Employees and Administrators List of Employees and Administrators Benzerhouda Hichem Administrateur principal Saidani Amhamed Administrateur analyste Maaarouf Araibi Amine Administrateur Said Errahmani Ghania Administrateur Tahi Fethi Ing\u00e9nieur principal de l&rsquo;habitat et de l&rsquo;urbanisme Allab Siham Ing\u00e9nieur d&rsquo;\u00e9tat des laboratoires universitaires Kahil Fatma Assistant administrateur Tahenni Rachid Attach\u00e9 principal d&rsquo;administration Mellah Wahiba Attach\u00e9 principal\u2026","_links":{"self":[{"href":"http:\/\/www.univ-dbkm.dz\/fsminfo\/wp-json\/wp\/v2\/pages\/5776","targetHints":{"allow":["GET"]}}],"collection":[{"href":"http:\/\/www.univ-dbkm.dz\/fsminfo\/wp-json\/wp\/v2\/pages"}],"about":[{"href":"http:\/\/www.univ-dbkm.dz\/fsminfo\/wp-json\/wp\/v2\/types\/page"}],"author":[{"embeddable":true,"href":"http:\/\/www.univ-dbkm.dz\/fsminfo\/wp-json\/wp\/v2\/users\/1"}],"replies":[{"embeddable":true,"href":"http:\/\/www.univ-dbkm.dz\/fsminfo\/wp-json\/wp\/v2\/comments?post=5776"}],"version-history":[{"count":13,"href":"http:\/\/www.univ-dbkm.dz\/fsminfo\/wp-json\/wp\/v2\/pages\/5776\/revisions"}],"predecessor-version":[{"id":6173,"href":"http:\/\/www.univ-dbkm.dz\/fsminfo\/wp-json\/wp\/v2\/pages\/5776\/revisions\/6173"}],"wp:attachment":[{"href":"http:\/\/www.univ-dbkm.dz\/fsminfo\/wp-json\/wp\/v2\/media?parent=5776"}],"curies":[{"name":"wp","href":"https:\/\/api.w.org\/{rel}","templated":true}]}}