{"id":5931,"date":"2025-01-13T12:29:35","date_gmt":"2025-01-13T11:29:35","guid":{"rendered":"http:\/\/www.univ-dbkm.dz\/fsminfo\/?page_id=5931"},"modified":"2025-03-17T09:27:56","modified_gmt":"2025-03-17T08:27:56","slug":"lenseignement-a-distance","status":"publish","type":"page","link":"http:\/\/www.univ-dbkm.dz\/fsminfo\/fr\/lenseignement-a-distance\/","title":{"rendered":"L&rsquo;enseignement \u00e0 distance"},"content":{"rendered":"\t\t<div data-elementor-type=\"wp-page\" data-elementor-id=\"5931\" class=\"elementor elementor-5931\">\n\t\t\t\t<div class=\"elementor-element elementor-element-311ea0ba e-flex e-con-boxed wpr-particle-no wpr-jarallax-no wpr-parallax-no wpr-sticky-section-no e-con e-parent\" data-id=\"311ea0ba\" data-element_type=\"container\" data-settings=\"{&quot;background_background&quot;:&quot;classic&quot;}\">\n\t\t\t\t\t<div class=\"e-con-inner\">\n\t\t\t\t<div class=\"elementor-element elementor-element-68fc182b elementor-widget elementor-widget-heading\" data-id=\"68fc182b\" data-element_type=\"widget\" data-widget_type=\"heading.default\">\n\t\t\t\t<div class=\"elementor-widget-container\">\n\t\t\t\t\t<h1 class=\"elementor-heading-title elementor-size-default\">Plateforme d'enseignement \u00e0 distance<\/h1>\t\t\t\t<\/div>\n\t\t\t\t<\/div>\n\t\t\t\t\t<\/div>\n\t\t\t\t<\/div>\n\t\t\t\t<section class=\"elementor-section elementor-top-section elementor-element elementor-element-d469cee elementor-section-boxed elementor-section-height-default elementor-section-height-default wpr-particle-no wpr-jarallax-no wpr-parallax-no wpr-sticky-section-no\" data-id=\"d469cee\" data-element_type=\"section\">\n\t\t\t\t\t\t<div class=\"elementor-container elementor-column-gap-default\">\n\t\t\t\t\t<div class=\"elementor-column elementor-col-100 elementor-top-column elementor-element elementor-element-e71d8c5\" data-id=\"e71d8c5\" data-element_type=\"column\">\n\t\t\t<div class=\"elementor-widget-wrap elementor-element-populated\">\n\t\t\t\t\t\t<div class=\"elementor-element elementor-element-733f968 elementor-invisible elementor-widget elementor-widget-heading\" data-id=\"733f968\" data-element_type=\"widget\" data-settings=\"{&quot;_animation&quot;:&quot;fadeInDown&quot;}\" data-widget_type=\"heading.default\">\n\t\t\t\t<div class=\"elementor-widget-container\">\n\t\t\t\t\t<h2 class=\"elementor-heading-title elementor-size-default\"><h2 class=\"text-center text-success\" style=\"margin-bottom: 0.5rem; font-weight: 500; line-height: 1.2; font-size: 2rem; font-family: amiri; font-style: normal; text-transform: none; white-space: normal; color: rgb(40, 167, 69) !important;\"><span class=\"fa fa-laptop\"><\/span><\/h2><span style=\"color: rgb(40, 167, 69); font-family: amiri; font-size: 2rem; font-weight: 500; text-transform: none; white-space: normal; background-color: var(--ast-global-color-4);\">&nbsp;<\/span><span style=\"color: rgb(40, 167, 69); font-family: amiri; font-size: 2rem; font-weight: 500; text-transform: none; white-space: normal; background-color: var(--ast-global-color-4);\">Plateforme d'enseignement \u00e0 distance<\/span><\/h2>\t\t\t\t<\/div>\n\t\t\t\t<\/div>\n\t\t\t\t\t<\/div>\n\t\t<\/div>\n\t\t\t\t\t<\/div>\n\t\t<\/section>\n\t\t\t\t<section class=\"elementor-section elementor-top-section elementor-element elementor-element-bed2735 elementor-section-boxed elementor-section-height-default elementor-section-height-default wpr-particle-no wpr-jarallax-no wpr-parallax-no wpr-sticky-section-no\" data-id=\"bed2735\" data-element_type=\"section\">\n\t\t\t\t\t\t<div class=\"elementor-container elementor-column-gap-default\">\n\t\t\t\t\t<div class=\"elementor-column elementor-col-100 elementor-top-column elementor-element elementor-element-e3df200\" data-id=\"e3df200\" data-element_type=\"column\">\n\t\t\t<div class=\"elementor-widget-wrap elementor-element-populated\">\n\t\t\t\t\t\t<div class=\"elementor-element elementor-element-60cc047 elementor-widget elementor-widget-text-editor\" data-id=\"60cc047\" data-element_type=\"widget\" data-widget_type=\"text-editor.default\">\n\t\t\t\t<div class=\"elementor-widget-container\">\n\t\t\t\t\t\t\t\t\t<h4 style=\"text-align: center;\">La Facult\u00e9 des Sciences de la Mati\u00e8re et d&rsquo;Informatique de l&rsquo;Universit\u00e9 de DJilali BOUNAAMA Khemis Miliana reconna\u00eet l&rsquo;importance d&rsquo;int\u00e9grer la technologie dans l&rsquo;\u00e9ducation, et a adopt\u00e9 la m\u00e9thode d&rsquo;enseignement \u00e0 distance comme deuxi\u00e8me outil apr\u00e8s l&rsquo;enseignement en pr\u00e9sentiel pour am\u00e9liorer l&rsquo;exp\u00e9rience des \u00e9tudiants dans le domaine de l&rsquo;enseignement et de l&rsquo;apprentissage.<br \/>\u00a0 \u00a0 \u00a0 L&rsquo;apprentissage en ligne ou e-learning fait r\u00e9f\u00e9rence \u00e0 l&rsquo;utilisation des technologies num\u00e9riques (MOODLE) pour fournir du contenu \u00e9ducatif et faciliter plus d&rsquo;interactions. Vous pouvez acc\u00e9der au site web :<\/h4><h4 style=\"text-align: center;\"><a href=\"http:\/\/moodle.univ-dbkm.dz\">http:\/\/moodle.univ-dbkm.dz<\/a><\/h4><h4 style=\"text-align: center;\">Ou contactez le responsable de la cellule de suivi et d&rsquo;enseignement \u00e0 distance au niveau de la facult\u00e9\u00a0:<\/h4><h4 style=\"text-align: center;\">Dr. FIZIR <strong>Meriem <\/strong><\/h4><h4 style=\"text-align: center;\">Email professionnel : m.fizir@univ-dbkm.dz<\/h4><h4 style=\"text-align: center;\">\u00a0<\/h4>\t\t\t\t\t\t\t\t<\/div>\n\t\t\t\t<\/div>\n\t\t\t\t\t<\/div>\n\t\t<\/div>\n\t\t\t\t\t<\/div>\n\t\t<\/section>\n\t\t\t\t<\/div>\n\t\t","protected":false},"excerpt":{"rendered":"<p>Plateforme d&rsquo;enseignement \u00e0 distance &nbsp;Plateforme d&rsquo;enseignement \u00e0 distance La Facult\u00e9 des Sciences de la Mati\u00e8re et d&rsquo;Informatique de l&rsquo;Universit\u00e9 de DJilali BOUNAAMA Khemis Miliana reconna\u00eet l&rsquo;importance d&rsquo;int\u00e9grer la technologie dans l&rsquo;\u00e9ducation, et a adopt\u00e9 la m\u00e9thode d&rsquo;enseignement \u00e0 distance comme deuxi\u00e8me outil apr\u00e8s l&rsquo;enseignement en pr\u00e9sentiel pour am\u00e9liorer l&rsquo;exp\u00e9rience des \u00e9tudiants dans le domaine de l&rsquo;enseignement et de l&rsquo;apprentissage.\u00a0 \u00a0 \u00a0 L&rsquo;apprentissage en ligne ou e-learning fait r\u00e9f\u00e9rence \u00e0 l&rsquo;utilisation des technologies num\u00e9riques (MOODLE) pour fournir du contenu \u00e9ducatif et faciliter plus d&rsquo;interactions. Vous pouvez acc\u00e9der au site web : http:\/\/moodle.univ-dbkm.dz Ou contactez le responsable de la cellule de suivi et d&rsquo;enseignement \u00e0 distance au niveau de la facult\u00e9\u00a0: Dr. FIZIR Meriem Email professionnel : m.fizir@univ-dbkm.dz \u00a0<\/p>\n","protected":false},"author":1,"featured_media":0,"parent":0,"menu_order":0,"comment_status":"closed","ping_status":"closed","template":"","meta":{"_uag_custom_page_level_css":"","site-sidebar-layout":"no-sidebar","site-content-layout":"page-builder","ast-site-content-layout":"full-width-container","site-content-style":"unboxed","site-sidebar-style":"unboxed","ast-global-header-display":"","ast-banner-title-visibility":"","ast-main-header-display":"","ast-hfb-above-header-display":"","ast-hfb-below-header-display":"","ast-hfb-mobile-header-display":"","site-post-title":"disabled","ast-breadcrumbs-content":"","ast-featured-img":"disabled","footer-sml-layout":"","theme-transparent-header-meta":"","adv-header-id-meta":"","stick-header-meta":"","header-above-stick-meta":"","header-main-stick-meta":"","header-below-stick-meta":"","astra-migrate-meta-layouts":"set","ast-page-background-enabled":"default","ast-page-background-meta":{"desktop":{"background-color":"var(--ast-global-color-4)","background-image":"","background-repeat":"repeat","background-position":"center center","background-size":"auto","background-attachment":"scroll","background-type":"","background-media":"","overlay-type":"","overlay-color":"","overlay-gradient":""},"tablet":{"background-color":"","background-image":"","background-repeat":"repeat","background-position":"center center","background-size":"auto","background-attachment":"scroll","background-type":"","background-media":"","overlay-type":"","overlay-color":"","overlay-gradient":""},"mobile":{"background-color":"","background-image":"","background-repeat":"repeat","background-position":"center center","background-size":"auto","background-attachment":"scroll","background-type":"","background-media":"","overlay-type":"","overlay-color":"","overlay-gradient":""}},"ast-content-background-meta":{"desktop":{"background-color":"var(--ast-global-color-5)","background-image":"","background-repeat":"repeat","background-position":"center center","background-size":"auto","background-attachment":"scroll","background-type":"","background-media":"","overlay-type":"","overlay-color":"","overlay-gradient":""},"tablet":{"background-color":"var(--ast-global-color-5)","background-image":"","background-repeat":"repeat","background-position":"center center","background-size":"auto","background-attachment":"scroll","background-type":"","background-media":"","overlay-type":"","overlay-color":"","overlay-gradient":""},"mobile":{"background-color":"var(--ast-global-color-5)","background-image":"","background-repeat":"repeat","background-position":"center center","background-size":"auto","background-attachment":"scroll","background-type":"","background-media":"","overlay-type":"","overlay-color":"","overlay-gradient":""}},"footnotes":""},"class_list":["post-5931","page","type-page","status-publish","hentry"],"uagb_featured_image_src":{"full":false,"thumbnail":false,"medium":false,"medium_large":false,"large":false,"1536x1536":false,"2048x2048":false},"uagb_author_info":{"display_name":"fsminfo","author_link":"http:\/\/www.univ-dbkm.dz\/fsminfo\/author\/fsminfo\/"},"uagb_comment_info":0,"uagb_excerpt":"Plateforme d&rsquo;enseignement \u00e0 distance &nbsp;Plateforme d&rsquo;enseignement \u00e0 distance La Facult\u00e9 des Sciences de la Mati\u00e8re et d&rsquo;Informatique de l&rsquo;Universit\u00e9 de DJilali BOUNAAMA Khemis Miliana reconna\u00eet l&rsquo;importance d&rsquo;int\u00e9grer la technologie dans l&rsquo;\u00e9ducation, et a adopt\u00e9 la m\u00e9thode d&rsquo;enseignement \u00e0 distance comme deuxi\u00e8me outil apr\u00e8s l&rsquo;enseignement en pr\u00e9sentiel pour am\u00e9liorer l&rsquo;exp\u00e9rience des \u00e9tudiants dans le domaine de\u2026","_links":{"self":[{"href":"http:\/\/www.univ-dbkm.dz\/fsminfo\/wp-json\/wp\/v2\/pages\/5931","targetHints":{"allow":["GET"]}}],"collection":[{"href":"http:\/\/www.univ-dbkm.dz\/fsminfo\/wp-json\/wp\/v2\/pages"}],"about":[{"href":"http:\/\/www.univ-dbkm.dz\/fsminfo\/wp-json\/wp\/v2\/types\/page"}],"author":[{"embeddable":true,"href":"http:\/\/www.univ-dbkm.dz\/fsminfo\/wp-json\/wp\/v2\/users\/1"}],"replies":[{"embeddable":true,"href":"http:\/\/www.univ-dbkm.dz\/fsminfo\/wp-json\/wp\/v2\/comments?post=5931"}],"version-history":[{"count":16,"href":"http:\/\/www.univ-dbkm.dz\/fsminfo\/wp-json\/wp\/v2\/pages\/5931\/revisions"}],"predecessor-version":[{"id":7214,"href":"http:\/\/www.univ-dbkm.dz\/fsminfo\/wp-json\/wp\/v2\/pages\/5931\/revisions\/7214"}],"wp:attachment":[{"href":"http:\/\/www.univ-dbkm.dz\/fsminfo\/wp-json\/wp\/v2\/media?parent=5931"}],"curies":[{"name":"wp","href":"https:\/\/api.w.org\/{rel}","templated":true}]}}