{"id":6613,"date":"2025-02-12T15:31:54","date_gmt":"2025-02-12T14:31:54","guid":{"rendered":"http:\/\/www.univ-dbkm.dz\/fsminfo\/?page_id=6613"},"modified":"2025-03-06T10:26:17","modified_gmt":"2025-03-06T09:26:17","slug":"referrent","status":"publish","type":"page","link":"http:\/\/www.univ-dbkm.dz\/fsminfo\/fr\/referrent\/","title":{"rendered":"referrent"},"content":{"rendered":"\t\t<div data-elementor-type=\"wp-page\" data-elementor-id=\"6613\" class=\"elementor elementor-6613\">\n\t\t\t\t<div class=\"elementor-element elementor-element-28025ccc e-flex e-con-boxed wpr-particle-no wpr-jarallax-no wpr-parallax-no wpr-sticky-section-no e-con e-parent\" data-id=\"28025ccc\" data-element_type=\"container\" data-settings=\"{&quot;background_background&quot;:&quot;classic&quot;}\">\n\t\t\t\t\t<div class=\"e-con-inner\">\n\t\t\t\t<div class=\"elementor-element elementor-element-3a5adcf3 elementor-widget elementor-widget-heading\" data-id=\"3a5adcf3\" data-element_type=\"widget\" data-widget_type=\"heading.default\">\n\t\t\t\t<div class=\"elementor-widget-container\">\n\t\t\t\t\t<h1 class=\"elementor-heading-title elementor-size-default\">Enseignant et \u00c9tudiant r\u00e9f\u00e9r\u00e9<\/h1>\t\t\t\t<\/div>\n\t\t\t\t<\/div>\n\t\t\t\t\t<\/div>\n\t\t\t\t<\/div>\n\t\t<div class=\"elementor-element elementor-element-c55c400 e-flex e-con-boxed wpr-particle-no wpr-jarallax-no wpr-parallax-no wpr-sticky-section-no e-con e-parent\" data-id=\"c55c400\" data-element_type=\"container\">\n\t\t\t\t\t<div class=\"e-con-inner\">\n\t\t<div class=\"elementor-element elementor-element-a9f7c22 e-con-full e-flex wpr-particle-no wpr-jarallax-no wpr-parallax-no wpr-sticky-section-no e-con e-child\" data-id=\"a9f7c22\" data-element_type=\"container\">\n\t\t<div class=\"elementor-element elementor-element-85d0399 e-con-full e-flex wpr-particle-no wpr-jarallax-no wpr-parallax-no wpr-sticky-section-no e-con e-child\" data-id=\"85d0399\" data-element_type=\"container\">\n\t\t\t\t<div class=\"elementor-element elementor-element-d05309f elementor-invisible elementor-widget elementor-widget-heading\" data-id=\"d05309f\" data-element_type=\"widget\" data-settings=\"{&quot;_animation&quot;:&quot;fadeInDown&quot;}\" data-widget_type=\"heading.default\">\n\t\t\t\t<div class=\"elementor-widget-container\">\n\t\t\t\t\t<h3 class=\"elementor-heading-title elementor-size-default\">Enseignant r\u00e9f\u00e9r\u00e9:<\/h3>\t\t\t\t<\/div>\n\t\t\t\t<\/div>\n\t\t\t\t<\/div>\n\t\t\t\t<\/div>\n\t\t\t\t\t<\/div>\n\t\t\t\t<\/div>\n\t\t\t\t<section class=\"elementor-section elementor-top-section elementor-element elementor-element-585a7e5 elementor-section-boxed elementor-section-height-default elementor-section-height-default wpr-particle-no wpr-jarallax-no wpr-parallax-no wpr-sticky-section-no\" data-id=\"585a7e5\" data-element_type=\"section\">\n\t\t\t\t\t\t<div class=\"elementor-container elementor-column-gap-default\">\n\t\t\t\t\t<div class=\"elementor-column elementor-col-100 elementor-top-column elementor-element elementor-element-8e29690\" data-id=\"8e29690\" data-element_type=\"column\">\n\t\t\t<div class=\"elementor-widget-wrap elementor-element-populated\">\n\t\t\t\t<div class=\"elementor-element elementor-element-a203834 e-flex e-con-boxed wpr-particle-no wpr-jarallax-no wpr-parallax-no wpr-sticky-section-no e-con e-parent\" data-id=\"a203834\" data-element_type=\"container\">\n\t\t\t\t\t<div class=\"e-con-inner\">\n\t\t<div class=\"elementor-element elementor-element-f35ab9b e-con-full e-flex wpr-particle-no wpr-jarallax-no wpr-parallax-no wpr-sticky-section-no e-con e-child\" data-id=\"f35ab9b\" data-element_type=\"container\">\n\t\t\t\t<div class=\"elementor-element elementor-element-fd13d95 elementor-widget__width-initial elementor-invisible elementor-widget elementor-widget-text-editor\" data-id=\"fd13d95\" data-element_type=\"widget\" data-settings=\"{&quot;_animation&quot;:&quot;fadeInDown&quot;}\" data-widget_type=\"text-editor.default\">\n\t\t\t\t<div class=\"elementor-widget-container\">\n\t\t\t\t\t\t\t\t\t<h4>Nom et Pr\u00e9nom: BENTRIDI Salah Eddine<strong>\u00a0\u00a0<\/strong><\/h4><h4><strong>Grade<\/strong><strong>\u00a0: <\/strong>Ma\u00eetre de conf\u00e9rences\u00a0 en Physique Nucl\u00e9aire<\/h4><h4><strong>Adresse professionnelle: <\/strong>Facult\u00e9 des Sciences de la Mati\u00e8re et Informatique, Universit\u00e9 Djilali Bounaama Khemis Miliana, Route de Th\u00e9nial\u00a0Elhad, 44250 , Khemis Miliana Ain Defla.<\/h4><h4><strong>\u00a0<\/strong><strong>Email:\u00a0<\/strong><strong><a href=\"mailto:s.bentridi@univ-dbkm.dz\">s.bentridi@univ-dbkm.dz<\/a><\/strong><\/h4>\t\t\t\t\t\t\t\t<\/div>\n\t\t\t\t<\/div>\n\t\t\t\t<\/div>\n\t\t<div class=\"elementor-element elementor-element-7ae16ae e-con-full e-flex wpr-particle-no wpr-jarallax-no wpr-parallax-no wpr-sticky-section-no e-con e-child\" data-id=\"7ae16ae\" data-element_type=\"container\">\n\t\t\t\t<div class=\"elementor-element elementor-element-d288cea elementor-widget__width-initial elementor-widget elementor-widget-image\" data-id=\"d288cea\" data-element_type=\"widget\" data-widget_type=\"image.default\">\n\t\t\t\t<div class=\"elementor-widget-container\">\n\t\t\t\t\t\t\t\t\t\t\t\t\t\t\t<img fetchpriority=\"high\" decoding=\"async\" width=\"288\" height=\"300\" src=\"http:\/\/www.univ-dbkm.dz\/fsminfo\/wp-content\/uploads\/2025\/03\/bentrdi-288x300.jpg\" class=\"attachment-medium size-medium wp-image-6836\" alt=\"\" srcset=\"http:\/\/www.univ-dbkm.dz\/fsminfo\/wp-content\/uploads\/2025\/03\/bentrdi-288x300.jpg 288w, http:\/\/www.univ-dbkm.dz\/fsminfo\/wp-content\/uploads\/2025\/03\/bentrdi.jpg 557w\" sizes=\"(max-width: 288px) 100vw, 288px\" \/>\t\t\t\t\t\t\t\t\t\t\t\t\t\t\t<\/div>\n\t\t\t\t<\/div>\n\t\t\t\t<\/div>\n\t\t\t\t\t<\/div>\n\t\t\t\t<\/div>\n\t\t\t\t\t<\/div>\n\t\t<\/div>\n\t\t\t\t\t<\/div>\n\t\t<\/section>\n\t\t<div class=\"elementor-element elementor-element-4c92173 e-flex e-con-boxed wpr-particle-no wpr-jarallax-no wpr-parallax-no wpr-sticky-section-no e-con e-parent\" data-id=\"4c92173\" data-element_type=\"container\">\n\t\t\t\t\t<div class=\"e-con-inner\">\n\t\t<div class=\"elementor-element elementor-element-5d4eff1 e-con-full e-flex wpr-particle-no wpr-jarallax-no wpr-parallax-no wpr-sticky-section-no e-con e-child\" data-id=\"5d4eff1\" data-element_type=\"container\">\n\t\t<div class=\"elementor-element elementor-element-d195d71 e-con-full e-flex wpr-particle-no wpr-jarallax-no wpr-parallax-no wpr-sticky-section-no e-con e-child\" data-id=\"d195d71\" data-element_type=\"container\">\n\t\t\t\t<div class=\"elementor-element elementor-element-a757da5 elementor-invisible elementor-widget elementor-widget-heading\" data-id=\"a757da5\" data-element_type=\"widget\" data-settings=\"{&quot;_animation&quot;:&quot;fadeInDown&quot;}\" data-widget_type=\"heading.default\">\n\t\t\t\t<div class=\"elementor-widget-container\">\n\t\t\t\t\t<h3 class=\"elementor-heading-title elementor-size-default\">Etudiant r\u00e9f\u00e9r\u00e9:<\/h3>\t\t\t\t<\/div>\n\t\t\t\t<\/div>\n\t\t\t\t<\/div>\n\t\t\t\t<\/div>\n\t\t\t\t\t<\/div>\n\t\t\t\t<\/div>\n\t\t\t\t<section class=\"elementor-section elementor-top-section elementor-element elementor-element-c80109f elementor-section-boxed elementor-section-height-default elementor-section-height-default wpr-particle-no wpr-jarallax-no wpr-parallax-no wpr-sticky-section-no\" data-id=\"c80109f\" data-element_type=\"section\">\n\t\t\t\t\t\t<div class=\"elementor-container elementor-column-gap-default\">\n\t\t\t\t\t<div class=\"elementor-column elementor-col-100 elementor-top-column elementor-element elementor-element-801f46d\" data-id=\"801f46d\" data-element_type=\"column\">\n\t\t\t<div class=\"elementor-widget-wrap elementor-element-populated\">\n\t\t\t\t<div class=\"elementor-element elementor-element-2919c15 e-flex e-con-boxed wpr-particle-no wpr-jarallax-no wpr-parallax-no wpr-sticky-section-no e-con e-parent\" data-id=\"2919c15\" data-element_type=\"container\">\n\t\t\t\t\t<div class=\"e-con-inner\">\n\t\t<div class=\"elementor-element elementor-element-a33e961 e-con-full e-flex wpr-particle-no wpr-jarallax-no wpr-parallax-no wpr-sticky-section-no e-con e-child\" data-id=\"a33e961\" data-element_type=\"container\">\n\t\t\t\t<div class=\"elementor-element elementor-element-12a0853 elementor-widget__width-initial elementor-invisible elementor-widget elementor-widget-text-editor\" data-id=\"12a0853\" data-element_type=\"widget\" data-settings=\"{&quot;_animation&quot;:&quot;fadeInDown&quot;}\" data-widget_type=\"text-editor.default\">\n\t\t\t\t<div class=\"elementor-widget-container\">\n\t\t\t\t\t\t\t\t\t<h4>Nom et Pr\u00e9nom: YAHIA BACHIRI Ahmed<\/h4><h4>Nationalit\u00e9: Saharienne Occidentale<\/h4><h4>Niveau:\u00a01\u00e8re ann\u00e9e licence LMD<\/h4><h4>Fili\u00e8re: Informatique.<\/h4>\t\t\t\t\t\t\t\t<\/div>\n\t\t\t\t<\/div>\n\t\t\t\t<\/div>\n\t\t<div class=\"elementor-element elementor-element-e67bf2a e-con-full e-flex wpr-particle-no wpr-jarallax-no wpr-parallax-no wpr-sticky-section-no e-con e-child\" data-id=\"e67bf2a\" data-element_type=\"container\">\n\t\t\t\t<div class=\"elementor-element elementor-element-61e2af2 elementor-widget__width-initial elementor-widget elementor-widget-image\" data-id=\"61e2af2\" data-element_type=\"widget\" data-widget_type=\"image.default\">\n\t\t\t\t<div class=\"elementor-widget-container\">\n\t\t\t\t\t\t\t\t\t\t\t\t\t\t\t<img decoding=\"async\" width=\"254\" height=\"300\" src=\"http:\/\/www.univ-dbkm.dz\/fsminfo\/wp-content\/uploads\/2025\/03\/IAHIA-BECHRI-Ahmed-254x300.jpg\" class=\"attachment-medium size-medium wp-image-6838\" alt=\"\" srcset=\"http:\/\/www.univ-dbkm.dz\/fsminfo\/wp-content\/uploads\/2025\/03\/IAHIA-BECHRI-Ahmed-254x300.jpg 254w, http:\/\/www.univ-dbkm.dz\/fsminfo\/wp-content\/uploads\/2025\/03\/IAHIA-BECHRI-Ahmed.jpg 390w\" sizes=\"(max-width: 254px) 100vw, 254px\" \/>\t\t\t\t\t\t\t\t\t\t\t\t\t\t\t<\/div>\n\t\t\t\t<\/div>\n\t\t\t\t<\/div>\n\t\t\t\t\t<\/div>\n\t\t\t\t<\/div>\n\t\t\t\t\t<\/div>\n\t\t<\/div>\n\t\t\t\t\t<\/div>\n\t\t<\/section>\n\t\t<div class=\"elementor-element elementor-element-4429cfab e-flex e-con-boxed wpr-particle-no wpr-jarallax-no wpr-parallax-no wpr-sticky-section-no e-con e-parent\" data-id=\"4429cfab\" data-element_type=\"container\" data-settings=\"{&quot;background_background&quot;:&quot;classic&quot;}\">\n\t\t\t\t\t<div class=\"e-con-inner\">\n\t\t\t\t<div class=\"elementor-element elementor-element-20879e6 elementor-widget-divider--separator-type-pattern elementor-widget-divider--view-line elementor-widget elementor-widget-divider\" data-id=\"20879e6\" data-element_type=\"widget\" data-widget_type=\"divider.default\">\n\t\t\t\t<div class=\"elementor-widget-container\">\n\t\t\t\t\t\t\t<div class=\"elementor-divider\" style=\"--divider-pattern-url: url(&quot;data:image\/svg+xml,%3Csvg xmlns=&#039;http:\/\/www.w3.org\/2000\/svg&#039; preserveAspectRatio=&#039;none&#039; overflow=&#039;visible&#039; height=&#039;100%&#039; viewBox=&#039;0 0 24 24&#039; fill=&#039;black&#039; stroke=&#039;none&#039;%3E%3Cpath d=&#039;M12.7,2.3c-0.4-0.4-1.1-0.4-1.5,0l-8,9.1c-0.3,0.4-0.3,0.9,0,1.2l8,9.1c0.4,0.4,1.1,0.4,1.5,0l8-9.1c0.3-0.4,0.3-0.9,0-1.2L12.7,2.3z&#039;\/%3E%3C\/svg%3E&quot;);\">\n\t\t\t<span class=\"elementor-divider-separator\">\n\t\t\t\t\t\t<\/span>\n\t\t<\/div>\n\t\t\t\t\t\t<\/div>\n\t\t\t\t<\/div>\n\t\t\t\t<div class=\"elementor-element elementor-element-168ecb04 elementor-widget elementor-widget-heading\" data-id=\"168ecb04\" data-element_type=\"widget\" data-widget_type=\"heading.default\">\n\t\t\t\t<div class=\"elementor-widget-container\">\n\t\t\t\t\t<h3 class=\"elementor-heading-title elementor-size-default\">\u0643\u0644\u064a\u0629 \u0639\u0644\u0648\u0645 \u0627\u0644\u0645\u0627\u062f\u0629 \u0648 \u0627\u0644\u0627\u0639\u0644\u0627\u0645 \u0627\u0644\u0627\u0644\u064a<br>\n\u0627\u0644\u0628\u0631\u064a\u062f \u0627\u0644\u0627\u0643\u062a\u0631\u0648\u0646\u064a :<br><br> \u0627\u0644\u0647\u0627\u062a\u0641\/ \u0627\u0644\u0641\u0627\u0643\u0633 :<br>\n<br>\u0627\u0644\u0639\u0646\u0648\u0627\u0646 : \u0637\u0631\u064a\u0642 \u062b\u0646\u064a\u0629 \u0627\u0644\u0627\u062d\u062f \u062e\u0645\u064a\u0633 \u0645\u0644\u064a\u0627\u0646\u0629 - 44225 -\n\u0648\u0644\u0627\u064a\u0629 \u0639\u064a\u0646 \u0627\u0644\u062f\u0641\u0644\u0649 - \u0627\u0644\u062c\u0632\u0627\u0626\u0631<\/h3>\t\t\t\t<\/div>\n\t\t\t\t<\/div>\n\t\t\t\t<div class=\"elementor-element elementor-element-6e41a121 elementor-widget-divider--separator-type-pattern elementor-widget-divider--view-line elementor-widget elementor-widget-divider\" data-id=\"6e41a121\" data-element_type=\"widget\" data-widget_type=\"divider.default\">\n\t\t\t\t<div class=\"elementor-widget-container\">\n\t\t\t\t\t\t\t<div class=\"elementor-divider\" style=\"--divider-pattern-url: url(&quot;data:image\/svg+xml,%3Csvg xmlns=&#039;http:\/\/www.w3.org\/2000\/svg&#039; preserveAspectRatio=&#039;none&#039; overflow=&#039;visible&#039; height=&#039;100%&#039; viewBox=&#039;0 0 24 24&#039; fill=&#039;black&#039; stroke=&#039;none&#039;%3E%3Cpath d=&#039;M12.7,2.3c-0.4-0.4-1.1-0.4-1.5,0l-8,9.1c-0.3,0.4-0.3,0.9,0,1.2l8,9.1c0.4,0.4,1.1,0.4,1.5,0l8-9.1c0.3-0.4,0.3-0.9,0-1.2L12.7,2.3z&#039;\/%3E%3C\/svg%3E&quot;);\">\n\t\t\t<span class=\"elementor-divider-separator\">\n\t\t\t\t\t\t<\/span>\n\t\t<\/div>\n\t\t\t\t\t\t<\/div>\n\t\t\t\t<\/div>\n\t\t\t\t\t<\/div>\n\t\t\t\t<\/div>\n\t\t\t\t<\/div>\n\t\t","protected":false},"excerpt":{"rendered":"<p>Enseignant et \u00c9tudiant r\u00e9f\u00e9r\u00e9 Enseignant r\u00e9f\u00e9r\u00e9: Nom et Pr\u00e9nom: BENTRIDI Salah Eddine\u00a0\u00a0 Grade\u00a0: Ma\u00eetre de conf\u00e9rences\u00a0 en Physique Nucl\u00e9aire Adresse professionnelle: Facult\u00e9 des Sciences de la Mati\u00e8re et Informatique, Universit\u00e9 Djilali Bounaama Khemis Miliana, Route de Th\u00e9nial\u00a0Elhad, 44250 , Khemis Miliana Ain Defla. \u00a0Email:\u00a0s.bentridi@univ-dbkm.dz Etudiant r\u00e9f\u00e9r\u00e9: Nom et Pr\u00e9nom: YAHIA BACHIRI Ahmed Nationalit\u00e9: Saharienne Occidentale Niveau:\u00a01\u00e8re ann\u00e9e licence LMD Fili\u00e8re: Informatique. \u0643\u0644\u064a\u0629 \u0639\u0644\u0648\u0645 \u0627\u0644\u0645\u0627\u062f\u0629 \u0648 \u0627\u0644\u0627\u0639\u0644\u0627\u0645 \u0627\u0644\u0627\u0644\u064a \u0627\u0644\u0628\u0631\u064a\u062f \u0627\u0644\u0627\u0643\u062a\u0631\u0648\u0646\u064a : \u0627\u0644\u0647\u0627\u062a\u0641\/ \u0627\u0644\u0641\u0627\u0643\u0633 : \u0627\u0644\u0639\u0646\u0648\u0627\u0646 : \u0637\u0631\u064a\u0642 \u062b\u0646\u064a\u0629 \u0627\u0644\u0627\u062d\u062f \u062e\u0645\u064a\u0633 \u0645\u0644\u064a\u0627\u0646\u0629 &#8211; 44225 &#8211; \u0648\u0644\u0627\u064a\u0629 \u0639\u064a\u0646 \u0627\u0644\u062f\u0641\u0644\u0649 &#8211; \u0627\u0644\u062c\u0632\u0627\u0626\u0631<\/p>\n","protected":false},"author":1,"featured_media":0,"parent":0,"menu_order":0,"comment_status":"closed","ping_status":"closed","template":"","meta":{"_uag_custom_page_level_css":"","site-sidebar-layout":"no-sidebar","site-content-layout":"page-builder","ast-site-content-layout":"full-width-container","site-content-style":"default","site-sidebar-style":"default","ast-global-header-display":"","ast-banner-title-visibility":"","ast-main-header-display":"","ast-hfb-above-header-display":"","ast-hfb-below-header-display":"","ast-hfb-mobile-header-display":"","site-post-title":"disabled","ast-breadcrumbs-content":"","ast-featured-img":"disabled","footer-sml-layout":"","theme-transparent-header-meta":"","adv-header-id-meta":"","stick-header-meta":"","header-above-stick-meta":"","header-main-stick-meta":"","header-below-stick-meta":"","astra-migrate-meta-layouts":"set","ast-page-background-enabled":"default","ast-page-background-meta":{"desktop":{"background-color":"var(--ast-global-color-4)","background-image":"","background-repeat":"repeat","background-position":"center center","background-size":"auto","background-attachment":"scroll","background-type":"","background-media":"","overlay-type":"","overlay-color":"","overlay-gradient":""},"tablet":{"background-color":"","background-image":"","background-repeat":"repeat","background-position":"center center","background-size":"auto","background-attachment":"scroll","background-type":"","background-media":"","overlay-type":"","overlay-color":"","overlay-gradient":""},"mobile":{"background-color":"","background-image":"","background-repeat":"repeat","background-position":"center center","background-size":"auto","background-attachment":"scroll","background-type":"","background-media":"","overlay-type":"","overlay-color":"","overlay-gradient":""}},"ast-content-background-meta":{"desktop":{"background-color":"var(--ast-global-color-5)","background-image":"","background-repeat":"repeat","background-position":"center center","background-size":"auto","background-attachment":"scroll","background-type":"","background-media":"","overlay-type":"","overlay-color":"","overlay-gradient":""},"tablet":{"background-color":"var(--ast-global-color-5)","background-image":"","background-repeat":"repeat","background-position":"center center","background-size":"auto","background-attachment":"scroll","background-type":"","background-media":"","overlay-type":"","overlay-color":"","overlay-gradient":""},"mobile":{"background-color":"var(--ast-global-color-5)","background-image":"","background-repeat":"repeat","background-position":"center center","background-size":"auto","background-attachment":"scroll","background-type":"","background-media":"","overlay-type":"","overlay-color":"","overlay-gradient":""}},"footnotes":""},"class_list":["post-6613","page","type-page","status-publish","hentry"],"uagb_featured_image_src":{"full":false,"thumbnail":false,"medium":false,"medium_large":false,"large":false,"1536x1536":false,"2048x2048":false},"uagb_author_info":{"display_name":"fsminfo","author_link":"http:\/\/www.univ-dbkm.dz\/fsminfo\/author\/fsminfo\/"},"uagb_comment_info":0,"uagb_excerpt":"Enseignant et \u00c9tudiant r\u00e9f\u00e9r\u00e9 Enseignant r\u00e9f\u00e9r\u00e9: Nom et Pr\u00e9nom: BENTRIDI Salah Eddine\u00a0\u00a0 Grade\u00a0: Ma\u00eetre de conf\u00e9rences\u00a0 en Physique Nucl\u00e9aire Adresse professionnelle: Facult\u00e9 des Sciences de la Mati\u00e8re et Informatique, Universit\u00e9 Djilali Bounaama Khemis Miliana, Route de Th\u00e9nial\u00a0Elhad, 44250 , Khemis Miliana Ain Defla. \u00a0Email:\u00a0s.bentridi@univ-dbkm.dz Etudiant r\u00e9f\u00e9r\u00e9: Nom et Pr\u00e9nom: YAHIA BACHIRI Ahmed Nationalit\u00e9: Saharienne Occidentale\u2026","_links":{"self":[{"href":"http:\/\/www.univ-dbkm.dz\/fsminfo\/wp-json\/wp\/v2\/pages\/6613","targetHints":{"allow":["GET"]}}],"collection":[{"href":"http:\/\/www.univ-dbkm.dz\/fsminfo\/wp-json\/wp\/v2\/pages"}],"about":[{"href":"http:\/\/www.univ-dbkm.dz\/fsminfo\/wp-json\/wp\/v2\/types\/page"}],"author":[{"embeddable":true,"href":"http:\/\/www.univ-dbkm.dz\/fsminfo\/wp-json\/wp\/v2\/users\/1"}],"replies":[{"embeddable":true,"href":"http:\/\/www.univ-dbkm.dz\/fsminfo\/wp-json\/wp\/v2\/comments?post=6613"}],"version-history":[{"count":10,"href":"http:\/\/www.univ-dbkm.dz\/fsminfo\/wp-json\/wp\/v2\/pages\/6613\/revisions"}],"predecessor-version":[{"id":6867,"href":"http:\/\/www.univ-dbkm.dz\/fsminfo\/wp-json\/wp\/v2\/pages\/6613\/revisions\/6867"}],"wp:attachment":[{"href":"http:\/\/www.univ-dbkm.dz\/fsminfo\/wp-json\/wp\/v2\/media?parent=6613"}],"curies":[{"name":"wp","href":"https:\/\/api.w.org\/{rel}","templated":true}]}}