{"id":1790,"date":"2023-05-23T16:36:02","date_gmt":"2023-05-23T13:36:02","guid":{"rendered":"http:\/\/www.univ-dbkm.dz\/fsnvst1\/?page_id=1790"},"modified":"2024-12-15T14:19:21","modified_gmt":"2024-12-15T11:19:21","slug":"vd-pgrs-snv","status":"publish","type":"page","link":"http:\/\/www.univ-dbkm.dz\/fsnvst1\/fr\/vd-pgrs-snv\/","title":{"rendered":"Vice-Doyen du Coll\u00e8ge en charge de la post-dipl\u00f4me, de la recherche scientifique et des relations ext\u00e9rieures"},"content":{"rendered":"\t\t<div data-elementor-type=\"wp-page\" data-elementor-id=\"1790\" class=\"elementor elementor-1790\">\n\t\t\t\t\t\t<section class=\"elementor-section elementor-top-section elementor-element elementor-element-a9f0e29 elementor-section-boxed elementor-section-height-default elementor-section-height-default wpr-particle-no wpr-jarallax-no wpr-parallax-no wpr-sticky-section-no\" data-id=\"a9f0e29\" data-element_type=\"section\">\n\t\t\t\t\t\t<div class=\"elementor-container elementor-column-gap-default\">\n\t\t\t\t\t<div class=\"elementor-column elementor-col-100 elementor-top-column elementor-element elementor-element-048b7c2\" data-id=\"048b7c2\" data-element_type=\"column\">\n\t\t\t<div class=\"elementor-widget-wrap elementor-element-populated\">\n\t\t\t\t\t\t<div class=\"elementor-element elementor-element-5320204 elementor-invisible elementor-widget elementor-widget-heading\" data-id=\"5320204\" data-element_type=\"widget\" data-settings=\"{&quot;_animation&quot;:&quot;fadeInDown&quot;}\" data-widget_type=\"heading.default\">\n\t\t\t\t<div class=\"elementor-widget-container\">\n\t\t\t\t\t<h2 class=\"elementor-heading-title elementor-size-default\">Vice-Doyen du Facult\u00e9 en charge de la post-dipl\u00f4me, de la recherche scientifique et des relations ext\u00e9rieures<\/h2>\t\t\t\t<\/div>\n\t\t\t\t<\/div>\n\t\t\t\t\t<\/div>\n\t\t<\/div>\n\t\t\t\t\t<\/div>\n\t\t<\/section>\n\t\t\t\t<section class=\"elementor-section elementor-top-section elementor-element elementor-element-e7d9dfa elementor-section-boxed elementor-section-height-default elementor-section-height-default wpr-particle-no wpr-jarallax-no wpr-parallax-no wpr-sticky-section-no\" data-id=\"e7d9dfa\" data-element_type=\"section\">\n\t\t\t\t\t\t<div class=\"elementor-container elementor-column-gap-default\">\n\t\t\t\t\t<div class=\"elementor-column elementor-col-50 elementor-top-column elementor-element elementor-element-6d3285b\" data-id=\"6d3285b\" data-element_type=\"column\">\n\t\t\t<div class=\"elementor-widget-wrap elementor-element-populated\">\n\t\t\t\t\t\t<div class=\"elementor-element elementor-element-b8d261e elementor-invisible elementor-widget elementor-widget-text-editor\" data-id=\"b8d261e\" data-element_type=\"widget\" data-settings=\"{&quot;_animation&quot;:&quot;fadeInDown&quot;}\" data-widget_type=\"text-editor.default\">\n\t\t\t\t<div class=\"elementor-widget-container\">\n\t\t\t\t\t\t\t\t\t<h2><strong>Dr. Kaci Zakia<\/strong><\/h2><h2><strong><a class=\"rABsFf RffVmb AL18ce\" href=\"mailto:z.kaci@univ-dbkm.dz\" target=\"_blank\" rel=\"noopener\" aria-label=\"z.kaci@univ-dbkm.dz Informations issues de vos contacts Google\" data-tooltip=\"Informations issues de vos contacts Google\" data-tooltip-position=\"top\">z.kaci@univ-dbkm.dz<\/a><\/strong><\/h2><h2><strong>Phone\u00a0:<\/strong> 05 60 96 75 65<\/h2>\t\t\t\t\t\t\t\t<\/div>\n\t\t\t\t<\/div>\n\t\t\t\t\t<\/div>\n\t\t<\/div>\n\t\t\t\t<div class=\"elementor-column elementor-col-50 elementor-top-column elementor-element elementor-element-b9abd6c\" data-id=\"b9abd6c\" data-element_type=\"column\">\n\t\t\t<div class=\"elementor-widget-wrap elementor-element-populated\">\n\t\t\t\t\t\t<div class=\"elementor-element elementor-element-0119800 elementor-widget__width-initial elementor-invisible elementor-widget elementor-widget-image\" data-id=\"0119800\" data-element_type=\"widget\" data-settings=\"{&quot;_animation&quot;:&quot;fadeInDown&quot;}\" data-widget_type=\"image.default\">\n\t\t\t\t<div class=\"elementor-widget-container\">\n\t\t\t\t\t\t\t\t\t\t\t\t\t\t\t<img decoding=\"async\" src=\"http:\/\/www.univ-dbkm.dz\/fsnvst1\/wp-content\/uploads\/2023\/04\/femme.png\" title=\"femme.png\" alt=\"femme.png\" loading=\"lazy\" \/>\t\t\t\t\t\t\t\t\t\t\t\t\t\t\t<\/div>\n\t\t\t\t<\/div>\n\t\t\t\t\t<\/div>\n\t\t<\/div>\n\t\t\t\t\t<\/div>\n\t\t<\/section>\n\t\t\t\t<section class=\"elementor-section elementor-top-section elementor-element elementor-element-1d67214 elementor-section-boxed elementor-section-height-default elementor-section-height-default wpr-particle-no wpr-jarallax-no wpr-parallax-no wpr-sticky-section-no\" data-id=\"1d67214\" data-element_type=\"section\">\n\t\t\t\t\t\t<div class=\"elementor-container elementor-column-gap-default\">\n\t\t\t\t\t<div class=\"elementor-column elementor-col-100 elementor-top-column elementor-element elementor-element-970ec62\" data-id=\"970ec62\" data-element_type=\"column\">\n\t\t\t<div class=\"elementor-widget-wrap elementor-element-populated\">\n\t\t\t\t\t\t<div class=\"elementor-element elementor-element-65bea65 elementor-invisible elementor-widget elementor-widget-heading\" data-id=\"65bea65\" data-element_type=\"widget\" data-settings=\"{&quot;_animation&quot;:&quot;fadeInDown&quot;}\" data-widget_type=\"heading.default\">\n\t\t\t\t<div class=\"elementor-widget-container\">\n\t\t\t\t\t<h2 class=\"elementor-heading-title elementor-size-xl\">Missions<\/h2>\t\t\t\t<\/div>\n\t\t\t\t<\/div>\n\t\t\t\t\t<\/div>\n\t\t<\/div>\n\t\t\t\t\t<\/div>\n\t\t<\/section>\n\t\t\t\t<section class=\"elementor-section elementor-top-section elementor-element elementor-element-fb3af63 elementor-section-boxed elementor-section-height-default elementor-section-height-default wpr-particle-no wpr-jarallax-no wpr-parallax-no wpr-sticky-section-no\" data-id=\"fb3af63\" data-element_type=\"section\">\n\t\t\t\t\t\t<div class=\"elementor-container elementor-column-gap-default\">\n\t\t\t\t\t<div class=\"elementor-column elementor-col-100 elementor-top-column elementor-element elementor-element-660a55c\" data-id=\"660a55c\" data-element_type=\"column\">\n\t\t\t<div class=\"elementor-widget-wrap elementor-element-populated\">\n\t\t\t\t\t\t<div class=\"elementor-element elementor-element-01219dc elementor-widget-divider--view-line_icon elementor-view-default elementor-widget-divider--element-align-center elementor-invisible elementor-widget elementor-widget-divider\" data-id=\"01219dc\" data-element_type=\"widget\" data-settings=\"{&quot;_animation&quot;:&quot;fadeInDown&quot;}\" data-widget_type=\"divider.default\">\n\t\t\t\t<div class=\"elementor-widget-container\">\n\t\t\t\t\t\t\t<div class=\"elementor-divider\">\n\t\t\t<span class=\"elementor-divider-separator\">\n\t\t\t\t\t\t\t<div class=\"elementor-icon elementor-divider__element\">\n\t\t\t\t\t<i aria-hidden=\"true\" class=\"fas fa-arrow-circle-down\"><\/i><\/div>\n\t\t\t\t\t\t<\/span>\n\t\t<\/div>\n\t\t\t\t\t\t<\/div>\n\t\t\t\t<\/div>\n\t\t\t\t\t<\/div>\n\t\t<\/div>\n\t\t\t\t\t<\/div>\n\t\t<\/section>\n\t\t\t\t<section class=\"elementor-section elementor-top-section elementor-element elementor-element-5843085 elementor-section-boxed elementor-section-height-default elementor-section-height-default wpr-particle-no wpr-jarallax-no wpr-parallax-no wpr-sticky-section-no\" data-id=\"5843085\" data-element_type=\"section\">\n\t\t\t\t\t\t<div class=\"elementor-container elementor-column-gap-default\">\n\t\t\t\t\t<div class=\"elementor-column elementor-col-100 elementor-top-column elementor-element elementor-element-15655b3\" data-id=\"15655b3\" data-element_type=\"column\">\n\t\t\t<div class=\"elementor-widget-wrap elementor-element-populated\">\n\t\t\t\t\t\t<div class=\"elementor-element elementor-element-e2bd173 elementor-widget elementor-widget-text-editor\" data-id=\"e2bd173\" data-element_type=\"widget\" data-widget_type=\"text-editor.default\">\n\t\t\t\t<div class=\"elementor-widget-container\">\n\t\t\t\t\t\t\t\t\t<p><span style=\"color: #000000;\"><strong>Le vice-doyen charg\u00e9 de la post-graduation, de la recherche scientifique et des relations ext\u00e9rieures a pour t\u00e2ches :<\/strong><\/span><\/p><ul><li><span style=\"color: #000000;\">de suivre le d\u00e9roulement des concours d\u2019acc\u00e8s \u00e0 la post-graduation<\/span><\/li><li><span style=\"color: #000000;\">\u00a0de prendre ou proposer les mesures n\u00e9cessaires pour assurer le fonctionnement des formations de post-graduation<\/span><\/li><li><span style=\"color: #000000;\">\u00a0de veiller au d\u00e9roulement des soutenances de m\u00e9moires et th\u00e8ses de post-graduation<\/span><\/li><li><span style=\"color: #000000;\">\u00a0de suivre le d\u00e9roulement des activit\u00e9s de recherche scientifique<\/span><\/li><li><span style=\"color: #000000;\">d\u2019initier des actions de partenariat avec les secteurs socio-\u00e9conomiques<\/span><\/li><li><span style=\"color: #000000;\">\u00a0d\u2019initier des actions en vue de dynamiser et de renforcer la coop\u00e9ration interuniversitaire nationale et internationale<\/span><\/li><li><span style=\"color: #000000;\">\u00a0de mettre en \u0153uvre les programmes de perfectionnement et de recyclage des enseignants<\/span><\/li><li><span style=\"color: #000000;\">de suivre le fonctionnement du conseil scientifique de la facult\u00e9 et conserver ses archives<\/span><\/li><\/ul><p><span style=\"color: #000000;\"><strong>Le vice-doyen charg\u00e9 de la post-graduation, de la\u00a0recherche scientifique et des relations ext\u00e9rieures est\u00a0assist\u00e9 par :<\/strong><\/span><\/p><ul><li><span style=\"color: #000000;\">Le chef de service du suivi de la formation de post-graduation<\/span><\/li><li><span style=\"color: #000000;\">Le chef de service du suivi des activit\u00e9s de recherche<\/span><\/li><li><span style=\"color: #000000;\">\u00a0Le chef de service de la coop\u00e9ration et des relations ext\u00e9rieures<\/span><\/li><\/ul>\t\t\t\t\t\t\t\t<\/div>\n\t\t\t\t<\/div>\n\t\t\t\t\t<\/div>\n\t\t<\/div>\n\t\t\t\t\t<\/div>\n\t\t<\/section>\n\t\t\t\t<section class=\"elementor-section elementor-top-section elementor-element elementor-element-6e7fe0b elementor-section-boxed elementor-section-height-default elementor-section-height-default wpr-particle-no wpr-jarallax-no wpr-parallax-no wpr-sticky-section-no\" data-id=\"6e7fe0b\" data-element_type=\"section\">\n\t\t\t\t\t\t<div class=\"elementor-container elementor-column-gap-default\">\n\t\t\t\t\t<div class=\"elementor-column elementor-col-100 elementor-top-column elementor-element elementor-element-9dc3d33\" data-id=\"9dc3d33\" data-element_type=\"column\">\n\t\t\t<div class=\"elementor-widget-wrap elementor-element-populated\">\n\t\t\t\t\t\t<div class=\"elementor-element elementor-element-d92838a elementor-widget-divider--view-line_icon elementor-view-default elementor-widget-divider--element-align-center elementor-invisible elementor-widget elementor-widget-divider\" data-id=\"d92838a\" data-element_type=\"widget\" data-settings=\"{&quot;_animation&quot;:&quot;fadeInDown&quot;}\" data-widget_type=\"divider.default\">\n\t\t\t\t<div class=\"elementor-widget-container\">\n\t\t\t\t\t\t\t<div class=\"elementor-divider\">\n\t\t\t<span class=\"elementor-divider-separator\">\n\t\t\t\t\t\t\t<div class=\"elementor-icon elementor-divider__element\">\n\t\t\t\t\t<i aria-hidden=\"true\" class=\"fas fa-arrow-circle-down\"><\/i><\/div>\n\t\t\t\t\t\t<\/span>\n\t\t<\/div>\n\t\t\t\t\t\t<\/div>\n\t\t\t\t<\/div>\n\t\t\t\t\t<\/div>\n\t\t<\/div>\n\t\t\t\t\t<\/div>\n\t\t<\/section>\n\t\t\t\t<\/div>\n\t\t","protected":false},"excerpt":{"rendered":"<p>Vice-Doyen du Facult\u00e9 en charge de la post-dipl\u00f4me, de la recherche scientifique et des relations ext\u00e9rieures Dr. Kaci Zakia z.kaci@univ-dbkm.dz Phone\u00a0: 05 60 96 75 65 Missions Le vice-doyen charg\u00e9 de la post-graduation, de la recherche scientifique et des relations ext\u00e9rieures a pour t\u00e2ches : de suivre le d\u00e9roulement des concours d\u2019acc\u00e8s \u00e0 la post-graduation \u00a0de prendre ou proposer les mesures n\u00e9cessaires pour assurer le fonctionnement des formations de post-graduation \u00a0de veiller au d\u00e9roulement des soutenances de m\u00e9moires et th\u00e8ses de post-graduation \u00a0de suivre le d\u00e9roulement des activit\u00e9s de recherche scientifique d\u2019initier des actions de partenariat avec les secteurs socio-\u00e9conomiques \u00a0d\u2019initier des actions en vue de dynamiser et de renforcer la coop\u00e9ration interuniversitaire nationale et internationale \u00a0de mettre en \u0153uvre les programmes de perfectionnement et de recyclage des enseignants de suivre le fonctionnement du conseil scientifique de la facult\u00e9 et conserver ses archives Le vice-doyen charg\u00e9 de la post-graduation, de la\u00a0recherche scientifique et des relations ext\u00e9rieures est\u00a0assist\u00e9 par : Le chef de service du suivi de la formation de post-graduation Le chef de service du suivi des activit\u00e9s de recherche \u00a0Le chef de service de la coop\u00e9ration et des relations ext\u00e9rieures<\/p>\n","protected":false},"author":1,"featured_media":0,"parent":0,"menu_order":0,"comment_status":"closed","ping_status":"closed","template":"","meta":{"site-sidebar-layout":"no-sidebar","site-content-layout":"page-builder","ast-global-header-display":"","ast-main-header-display":"","ast-hfb-above-header-display":"","ast-hfb-below-header-display":"","ast-hfb-mobile-header-display":"","site-post-title":"disabled","ast-breadcrumbs-content":"","ast-featured-img":"disabled","footer-sml-layout":"","theme-transparent-header-meta":"","adv-header-id-meta":"","stick-header-meta":"","header-above-stick-meta":"","header-main-stick-meta":"","header-below-stick-meta":"","footnotes":""},"class_list":["post-1790","page","type-page","status-publish","hentry"],"rttpg_featured_image_url":null,"rttpg_author":{"display_name":"fsnvst1","author_link":"http:\/\/www.univ-dbkm.dz\/fsnvst1\/author\/fsnvst1\/"},"rttpg_comment":0,"rttpg_category":" <a href=\"http:\/\/www.univ-dbkm.dz\/fsnvst1\/fr\/\" rel=\"tag\">Fran\u00e7ais<\/a>","rttpg_excerpt":"Vice-Doyen du Facult\u00e9 en charge de la post-dipl\u00f4me, de la recherche scientifique et des relations ext\u00e9rieures Dr. Kaci Zakia z.kaci@univ-dbkm.dz Phone\u00a0: 05 60 96 75 65 Missions Le vice-doyen charg\u00e9 de la post-graduation, de la recherche scientifique et des relations ext\u00e9rieures a pour t\u00e2ches : de suivre le d\u00e9roulement des concours d\u2019acc\u00e8s \u00e0 la post-graduation&hellip;","_links":{"self":[{"href":"http:\/\/www.univ-dbkm.dz\/fsnvst1\/wp-json\/wp\/v2\/pages\/1790","targetHints":{"allow":["GET"]}}],"collection":[{"href":"http:\/\/www.univ-dbkm.dz\/fsnvst1\/wp-json\/wp\/v2\/pages"}],"about":[{"href":"http:\/\/www.univ-dbkm.dz\/fsnvst1\/wp-json\/wp\/v2\/types\/page"}],"author":[{"embeddable":true,"href":"http:\/\/www.univ-dbkm.dz\/fsnvst1\/wp-json\/wp\/v2\/users\/1"}],"replies":[{"embeddable":true,"href":"http:\/\/www.univ-dbkm.dz\/fsnvst1\/wp-json\/wp\/v2\/comments?post=1790"}],"version-history":[{"count":18,"href":"http:\/\/www.univ-dbkm.dz\/fsnvst1\/wp-json\/wp\/v2\/pages\/1790\/revisions"}],"predecessor-version":[{"id":2920,"href":"http:\/\/www.univ-dbkm.dz\/fsnvst1\/wp-json\/wp\/v2\/pages\/1790\/revisions\/2920"}],"wp:attachment":[{"href":"http:\/\/www.univ-dbkm.dz\/fsnvst1\/wp-json\/wp\/v2\/media?parent=1790"}],"curies":[{"name":"wp","href":"https:\/\/api.w.org\/{rel}","templated":true}]}}